{"id":15578,"date":"2022-08-23T15:55:42","date_gmt":"2022-08-23T13:55:42","guid":{"rendered":"https:\/\/hundtgroup.com\/produkt\/grignoteuse-trumpf-trutool-n-700\/"},"modified":"2025-07-29T10:20:05","modified_gmt":"2025-07-29T08:20:05","slug":"grignoteuse-trumpf-trutool-n-700","status":"publish","type":"product","link":"https:\/\/hundtgroup.com\/fr\/produkt\/grignoteuse-trumpf-trutool-n-700\/","title":{"rendered":"Grignoteuse TRUMPF TruTool N 700"},"content":{"rendered":"<p>Poin\u00e7on carr\u00e9 : grande capacit\u00e9 de profilage gr\u00e2ce \u00e0 la forme \u00e9troite du poin\u00e7on<br \/>\n4 directions de coupe<br \/>\nR\u00e9glage sans outil de la direction de coupe<br \/>\nId\u00e9al pour les coupes sur les bords, les cordons de soudure et les t\u00f4les doubl\u00e9es<br \/>\nDeux poign\u00e9es diff\u00e9rentes pour un travail personnalis\u00e9<br \/>\nConvient \u00e9galement pour les zones difficiles d&rsquo;acc\u00e8s et \u00e9troites<br \/>\nGrand confort d&rsquo;utilisation gr\u00e2ce \u00e0 la poign\u00e9e r\u00e9glable du moteur<\/p>\n","protected":false},"excerpt":{"rendered":"<p>Poin\u00e7on carr\u00e9 : grande capacit\u00e9 de profilage gr\u00e2ce \u00e0 la forme \u00e9troite du poin\u00e7on 4 directions de coupe R\u00e9glage sans outil de la direction de coupe Id\u00e9al pour les coupes sur les bords, les cordons de soudure et les t\u00f4les doubl\u00e9es Deux poign\u00e9es diff\u00e9rentes pour un travail personnalis\u00e9 Convient \u00e9galement pour les zones difficiles d&rsquo;acc\u00e8s [&hellip;]<\/p>\n","protected":false},"featured_media":15579,"template":"","meta":{"_acf_changed":false,"inline_featured_image":false},"product_cat":[680,670],"product_tag":[],"class_list":{"0":"post-15578","1":"product","2":"type-product","3":"status-publish","4":"has-post-thumbnail","6":"brand-trumpf","7":"product_cat-grignoteuse","8":"product_cat-outils-electriques","10":"first","11":"instock","12":"sale","13":"taxable","14":"shipping-taxable","15":"purchasable","16":"product-type-simple","17":"add-to-wishlist-before_image"},"acf":[],"yoast_head":"<!-- This site is optimized with the Yoast SEO plugin v27.3 - https:\/\/yoast.com\/product\/yoast-seo-wordpress\/ -->\n<title>Grignoteuse TRUMPF TruTool N 700 - Wilhelm Hundt GmbH<\/title>\n<meta name=\"robots\" content=\"index, follow, max-snippet:-1, max-image-preview:large, max-video-preview:-1\" \/>\n<link rel=\"canonical\" href=\"https:\/\/hundtgroup.com\/fr\/produkt\/grignoteuse-trumpf-trutool-n-700\/\" \/>\n<meta property=\"og:locale\" content=\"fr_FR\" \/>\n<meta property=\"og:type\" content=\"article\" \/>\n<meta property=\"og:title\" content=\"Grignoteuse TRUMPF TruTool N 700 - Wilhelm Hundt GmbH\" \/>\n<meta property=\"og:description\" content=\"Poin\u00e7on carr\u00e9 : grande capacit\u00e9 de profilage gr\u00e2ce \u00e0 la forme \u00e9troite du poin\u00e7on 4 directions de coupe R\u00e9glage sans outil de la direction de coupe Id\u00e9al pour les coupes sur les bords, les cordons de soudure et les t\u00f4les doubl\u00e9es Deux poign\u00e9es diff\u00e9rentes pour un travail personnalis\u00e9 Convient \u00e9galement pour les zones difficiles d&rsquo;acc\u00e8s [&hellip;]\" \/>\n<meta property=\"og:url\" content=\"https:\/\/hundtgroup.com\/fr\/produkt\/grignoteuse-trumpf-trutool-n-700\/\" \/>\n<meta property=\"og:site_name\" content=\"Wilhelm Hundt GmbH\" \/>\n<meta property=\"article:modified_time\" content=\"2025-07-29T08:20:05+00:00\" \/>\n<meta property=\"og:image\" content=\"https:\/\/hundtgroup.com\/wp-content\/uploads\/357000-scaled.jpg\" \/>\n\t<meta property=\"og:image:width\" content=\"2560\" \/>\n\t<meta property=\"og:image:height\" content=\"2560\" \/>\n\t<meta property=\"og:image:type\" content=\"image\/jpeg\" \/>\n<meta name=\"twitter:card\" content=\"summary_large_image\" \/>\n<script type=\"application\/ld+json\" class=\"yoast-schema-graph\">{\"@context\":\"https:\\\/\\\/schema.org\",\"@graph\":[{\"@type\":\"WebPage\",\"@id\":\"https:\\\/\\\/hundtgroup.com\\\/fr\\\/produkt\\\/grignoteuse-trumpf-trutool-n-700\\\/\",\"url\":\"https:\\\/\\\/hundtgroup.com\\\/fr\\\/produkt\\\/grignoteuse-trumpf-trutool-n-700\\\/\",\"name\":\"Grignoteuse TRUMPF TruTool N 700 - Wilhelm Hundt GmbH\",\"isPartOf\":{\"@id\":\"https:\\\/\\\/hundtgroup.com\\\/fr\\\/#website\"},\"primaryImageOfPage\":{\"@id\":\"https:\\\/\\\/hundtgroup.com\\\/fr\\\/produkt\\\/grignoteuse-trumpf-trutool-n-700\\\/#primaryimage\"},\"image\":{\"@id\":\"https:\\\/\\\/hundtgroup.com\\\/fr\\\/produkt\\\/grignoteuse-trumpf-trutool-n-700\\\/#primaryimage\"},\"thumbnailUrl\":\"https:\\\/\\\/hundtgroup.com\\\/wp-content\\\/uploads\\\/357000-scaled.jpg\",\"datePublished\":\"2022-08-23T13:55:42+00:00\",\"dateModified\":\"2025-07-29T08:20:05+00:00\",\"breadcrumb\":{\"@id\":\"https:\\\/\\\/hundtgroup.com\\\/fr\\\/produkt\\\/grignoteuse-trumpf-trutool-n-700\\\/#breadcrumb\"},\"inLanguage\":\"fr-FR\",\"potentialAction\":[{\"@type\":\"ReadAction\",\"target\":[\"https:\\\/\\\/hundtgroup.com\\\/fr\\\/produkt\\\/grignoteuse-trumpf-trutool-n-700\\\/\"]}]},{\"@type\":\"ImageObject\",\"inLanguage\":\"fr-FR\",\"@id\":\"https:\\\/\\\/hundtgroup.com\\\/fr\\\/produkt\\\/grignoteuse-trumpf-trutool-n-700\\\/#primaryimage\",\"url\":\"https:\\\/\\\/hundtgroup.com\\\/wp-content\\\/uploads\\\/357000-scaled.jpg\",\"contentUrl\":\"https:\\\/\\\/hundtgroup.com\\\/wp-content\\\/uploads\\\/357000-scaled.jpg\",\"width\":2560,\"height\":2560},{\"@type\":\"BreadcrumbList\",\"@id\":\"https:\\\/\\\/hundtgroup.com\\\/fr\\\/produkt\\\/grignoteuse-trumpf-trutool-n-700\\\/#breadcrumb\",\"itemListElement\":[{\"@type\":\"ListItem\",\"position\":1,\"name\":\"Startseite\",\"item\":\"https:\\\/\\\/hundtgroup.com\\\/fr\\\/accueil-nouveau\\\/\"},{\"@type\":\"ListItem\",\"position\":2,\"name\":\"Boutique\",\"item\":\"https:\\\/\\\/hundtgroup.com\\\/boutique\\\/\"},{\"@type\":\"ListItem\",\"position\":3,\"name\":\"Grignoteuse TRUMPF TruTool N 700\"}]},{\"@type\":\"WebSite\",\"@id\":\"https:\\\/\\\/hundtgroup.com\\\/fr\\\/#website\",\"url\":\"https:\\\/\\\/hundtgroup.com\\\/fr\\\/\",\"name\":\"Wilhelm Hundt GmbH\",\"description\":\"Votre sp\u00e9cialiste en machines et outils pour le travail de la t\u00f4le\",\"potentialAction\":[{\"@type\":\"SearchAction\",\"target\":{\"@type\":\"EntryPoint\",\"urlTemplate\":\"https:\\\/\\\/hundtgroup.com\\\/fr\\\/?s={search_term_string}\"},\"query-input\":{\"@type\":\"PropertyValueSpecification\",\"valueRequired\":true,\"valueName\":\"search_term_string\"}}],\"inLanguage\":\"fr-FR\"}]}<\/script>\n<!-- \/ Yoast SEO plugin. -->","yoast_head_json":{"title":"Grignoteuse TRUMPF TruTool N 700 - Wilhelm Hundt GmbH","robots":{"index":"index","follow":"follow","max-snippet":"max-snippet:-1","max-image-preview":"max-image-preview:large","max-video-preview":"max-video-preview:-1"},"canonical":"https:\/\/hundtgroup.com\/fr\/produkt\/grignoteuse-trumpf-trutool-n-700\/","og_locale":"fr_FR","og_type":"article","og_title":"Grignoteuse TRUMPF TruTool N 700 - Wilhelm Hundt GmbH","og_description":"Poin\u00e7on carr\u00e9 : grande capacit\u00e9 de profilage gr\u00e2ce \u00e0 la forme \u00e9troite du poin\u00e7on 4 directions de coupe R\u00e9glage sans outil de la direction de coupe Id\u00e9al pour les coupes sur les bords, les cordons de soudure et les t\u00f4les doubl\u00e9es Deux poign\u00e9es diff\u00e9rentes pour un travail personnalis\u00e9 Convient \u00e9galement pour les zones difficiles d&rsquo;acc\u00e8s [&hellip;]","og_url":"https:\/\/hundtgroup.com\/fr\/produkt\/grignoteuse-trumpf-trutool-n-700\/","og_site_name":"Wilhelm Hundt GmbH","article_modified_time":"2025-07-29T08:20:05+00:00","og_image":[{"width":2560,"height":2560,"url":"https:\/\/hundtgroup.com\/wp-content\/uploads\/357000-scaled.jpg","type":"image\/jpeg"}],"twitter_card":"summary_large_image","schema":{"@context":"https:\/\/schema.org","@graph":[{"@type":"WebPage","@id":"https:\/\/hundtgroup.com\/fr\/produkt\/grignoteuse-trumpf-trutool-n-700\/","url":"https:\/\/hundtgroup.com\/fr\/produkt\/grignoteuse-trumpf-trutool-n-700\/","name":"Grignoteuse TRUMPF TruTool N 700 - Wilhelm Hundt GmbH","isPartOf":{"@id":"https:\/\/hundtgroup.com\/fr\/#website"},"primaryImageOfPage":{"@id":"https:\/\/hundtgroup.com\/fr\/produkt\/grignoteuse-trumpf-trutool-n-700\/#primaryimage"},"image":{"@id":"https:\/\/hundtgroup.com\/fr\/produkt\/grignoteuse-trumpf-trutool-n-700\/#primaryimage"},"thumbnailUrl":"https:\/\/hundtgroup.com\/wp-content\/uploads\/357000-scaled.jpg","datePublished":"2022-08-23T13:55:42+00:00","dateModified":"2025-07-29T08:20:05+00:00","breadcrumb":{"@id":"https:\/\/hundtgroup.com\/fr\/produkt\/grignoteuse-trumpf-trutool-n-700\/#breadcrumb"},"inLanguage":"fr-FR","potentialAction":[{"@type":"ReadAction","target":["https:\/\/hundtgroup.com\/fr\/produkt\/grignoteuse-trumpf-trutool-n-700\/"]}]},{"@type":"ImageObject","inLanguage":"fr-FR","@id":"https:\/\/hundtgroup.com\/fr\/produkt\/grignoteuse-trumpf-trutool-n-700\/#primaryimage","url":"https:\/\/hundtgroup.com\/wp-content\/uploads\/357000-scaled.jpg","contentUrl":"https:\/\/hundtgroup.com\/wp-content\/uploads\/357000-scaled.jpg","width":2560,"height":2560},{"@type":"BreadcrumbList","@id":"https:\/\/hundtgroup.com\/fr\/produkt\/grignoteuse-trumpf-trutool-n-700\/#breadcrumb","itemListElement":[{"@type":"ListItem","position":1,"name":"Startseite","item":"https:\/\/hundtgroup.com\/fr\/accueil-nouveau\/"},{"@type":"ListItem","position":2,"name":"Boutique","item":"https:\/\/hundtgroup.com\/boutique\/"},{"@type":"ListItem","position":3,"name":"Grignoteuse TRUMPF TruTool N 700"}]},{"@type":"WebSite","@id":"https:\/\/hundtgroup.com\/fr\/#website","url":"https:\/\/hundtgroup.com\/fr\/","name":"Wilhelm Hundt GmbH","description":"Votre sp\u00e9cialiste en machines et outils pour le travail de la t\u00f4le","potentialAction":[{"@type":"SearchAction","target":{"@type":"EntryPoint","urlTemplate":"https:\/\/hundtgroup.com\/fr\/?s={search_term_string}"},"query-input":{"@type":"PropertyValueSpecification","valueRequired":true,"valueName":"search_term_string"}}],"inLanguage":"fr-FR"}]}},"_links":{"self":[{"href":"https:\/\/hundtgroup.com\/fr\/wp-json\/wp\/v2\/product\/15578","targetHints":{"allow":["GET"]}}],"collection":[{"href":"https:\/\/hundtgroup.com\/fr\/wp-json\/wp\/v2\/product"}],"about":[{"href":"https:\/\/hundtgroup.com\/fr\/wp-json\/wp\/v2\/types\/product"}],"wp:featuredmedia":[{"embeddable":true,"href":"https:\/\/hundtgroup.com\/fr\/wp-json\/wp\/v2\/media\/15579"}],"wp:attachment":[{"href":"https:\/\/hundtgroup.com\/fr\/wp-json\/wp\/v2\/media?parent=15578"}],"wp:term":[{"taxonomy":"product_cat","embeddable":true,"href":"https:\/\/hundtgroup.com\/fr\/wp-json\/wp\/v2\/product_cat?post=15578"},{"taxonomy":"product_tag","embeddable":true,"href":"https:\/\/hundtgroup.com\/fr\/wp-json\/wp\/v2\/product_tag?post=15578"}],"curies":[{"name":"wp","href":"https:\/\/api.w.org\/{rel}","templated":true}]}}