{"id":15606,"date":"2022-08-23T15:55:42","date_gmt":"2022-08-23T13:55:42","guid":{"rendered":"https:\/\/hundtgroup.com\/produkt\/grignoteuse-trumpf-trutool-n-350\/"},"modified":"2025-07-29T10:20:41","modified_gmt":"2025-07-29T08:20:41","slug":"grignoteuse-trumpf-trutool-n-350","status":"publish","type":"product","link":"https:\/\/hundtgroup.com\/fr\/produkt\/grignoteuse-trumpf-trutool-n-350\/","title":{"rendered":"Grignoteuse TRUMPF TruTool N 350"},"content":{"rendered":"<p>Rotation illimit\u00e9e \u00e0 360\u00b0 sur place<br \/>\nChangement de matrice et de poin\u00e7on facile \u00e0 utiliser et sans outil<br \/>\nGrignoteuse compacte et maniable<br \/>\nLimitation \u00e9lectronique du courant de d\u00e9marrage<br \/>\nErgonomie parfaite de la poign\u00e9e<br \/>\nR\u00e9gulation de la vitesse de rotation pour les travaux par tra\u00e7age et gabarit<\/p>\n","protected":false},"excerpt":{"rendered":"<p>Rotation illimit\u00e9e \u00e0 360\u00b0 sur place Changement de matrice et de poin\u00e7on facile \u00e0 utiliser et sans outil Grignoteuse compacte et maniable Limitation \u00e9lectronique du courant de d\u00e9marrage Ergonomie parfaite de la poign\u00e9e R\u00e9gulation de la vitesse de rotation pour les travaux par tra\u00e7age et gabarit<\/p>\n","protected":false},"featured_media":15608,"template":"","meta":{"_acf_changed":false,"inline_featured_image":false},"product_cat":[680,670],"product_tag":[],"class_list":{"0":"post-15606","1":"product","2":"type-product","3":"status-publish","4":"has-post-thumbnail","6":"brand-trumpf","7":"product_cat-grignoteuse","8":"product_cat-outils-electriques","10":"first","11":"instock","12":"sale","13":"taxable","14":"shipping-taxable","15":"purchasable","16":"product-type-simple","17":"add-to-wishlist-before_image"},"acf":[],"yoast_head":"<!-- This site is optimized with the Yoast SEO plugin v27.3 - https:\/\/yoast.com\/product\/yoast-seo-wordpress\/ -->\n<title>Grignoteuse TRUMPF TruTool N 350 - Wilhelm Hundt GmbH<\/title>\n<meta name=\"robots\" content=\"index, follow, max-snippet:-1, max-image-preview:large, max-video-preview:-1\" \/>\n<link rel=\"canonical\" href=\"https:\/\/hundtgroup.com\/fr\/produkt\/grignoteuse-trumpf-trutool-n-350\/\" \/>\n<meta property=\"og:locale\" content=\"fr_FR\" \/>\n<meta property=\"og:type\" content=\"article\" \/>\n<meta property=\"og:title\" content=\"Grignoteuse TRUMPF TruTool N 350 - Wilhelm Hundt GmbH\" \/>\n<meta property=\"og:description\" content=\"Rotation illimit\u00e9e \u00e0 360\u00b0 sur place Changement de matrice et de poin\u00e7on facile \u00e0 utiliser et sans outil Grignoteuse compacte et maniable Limitation \u00e9lectronique du courant de d\u00e9marrage Ergonomie parfaite de la poign\u00e9e R\u00e9gulation de la vitesse de rotation pour les travaux par tra\u00e7age et gabarit\" \/>\n<meta property=\"og:url\" content=\"https:\/\/hundtgroup.com\/fr\/produkt\/grignoteuse-trumpf-trutool-n-350\/\" \/>\n<meta property=\"og:site_name\" content=\"Wilhelm Hundt GmbH\" \/>\n<meta property=\"article:modified_time\" content=\"2025-07-29T08:20:41+00:00\" \/>\n<meta property=\"og:image\" content=\"https:\/\/hundtgroup.com\/wp-content\/uploads\/350200.png\" \/>\n\t<meta property=\"og:image:width\" content=\"750\" \/>\n\t<meta property=\"og:image:height\" content=\"600\" \/>\n\t<meta property=\"og:image:type\" content=\"image\/png\" \/>\n<meta name=\"twitter:card\" content=\"summary_large_image\" \/>\n<script type=\"application\/ld+json\" class=\"yoast-schema-graph\">{\"@context\":\"https:\\\/\\\/schema.org\",\"@graph\":[{\"@type\":\"WebPage\",\"@id\":\"https:\\\/\\\/hundtgroup.com\\\/fr\\\/produkt\\\/grignoteuse-trumpf-trutool-n-350\\\/\",\"url\":\"https:\\\/\\\/hundtgroup.com\\\/fr\\\/produkt\\\/grignoteuse-trumpf-trutool-n-350\\\/\",\"name\":\"Grignoteuse TRUMPF TruTool N 350 - Wilhelm Hundt GmbH\",\"isPartOf\":{\"@id\":\"https:\\\/\\\/hundtgroup.com\\\/fr\\\/#website\"},\"primaryImageOfPage\":{\"@id\":\"https:\\\/\\\/hundtgroup.com\\\/fr\\\/produkt\\\/grignoteuse-trumpf-trutool-n-350\\\/#primaryimage\"},\"image\":{\"@id\":\"https:\\\/\\\/hundtgroup.com\\\/fr\\\/produkt\\\/grignoteuse-trumpf-trutool-n-350\\\/#primaryimage\"},\"thumbnailUrl\":\"https:\\\/\\\/hundtgroup.com\\\/wp-content\\\/uploads\\\/350200.png\",\"datePublished\":\"2022-08-23T13:55:42+00:00\",\"dateModified\":\"2025-07-29T08:20:41+00:00\",\"breadcrumb\":{\"@id\":\"https:\\\/\\\/hundtgroup.com\\\/fr\\\/produkt\\\/grignoteuse-trumpf-trutool-n-350\\\/#breadcrumb\"},\"inLanguage\":\"fr-FR\",\"potentialAction\":[{\"@type\":\"ReadAction\",\"target\":[\"https:\\\/\\\/hundtgroup.com\\\/fr\\\/produkt\\\/grignoteuse-trumpf-trutool-n-350\\\/\"]}]},{\"@type\":\"ImageObject\",\"inLanguage\":\"fr-FR\",\"@id\":\"https:\\\/\\\/hundtgroup.com\\\/fr\\\/produkt\\\/grignoteuse-trumpf-trutool-n-350\\\/#primaryimage\",\"url\":\"https:\\\/\\\/hundtgroup.com\\\/wp-content\\\/uploads\\\/350200.png\",\"contentUrl\":\"https:\\\/\\\/hundtgroup.com\\\/wp-content\\\/uploads\\\/350200.png\",\"width\":750,\"height\":600},{\"@type\":\"BreadcrumbList\",\"@id\":\"https:\\\/\\\/hundtgroup.com\\\/fr\\\/produkt\\\/grignoteuse-trumpf-trutool-n-350\\\/#breadcrumb\",\"itemListElement\":[{\"@type\":\"ListItem\",\"position\":1,\"name\":\"Startseite\",\"item\":\"https:\\\/\\\/hundtgroup.com\\\/fr\\\/accueil-nouveau\\\/\"},{\"@type\":\"ListItem\",\"position\":2,\"name\":\"Boutique\",\"item\":\"https:\\\/\\\/hundtgroup.com\\\/boutique\\\/\"},{\"@type\":\"ListItem\",\"position\":3,\"name\":\"Grignoteuse TRUMPF TruTool N 350\"}]},{\"@type\":\"WebSite\",\"@id\":\"https:\\\/\\\/hundtgroup.com\\\/fr\\\/#website\",\"url\":\"https:\\\/\\\/hundtgroup.com\\\/fr\\\/\",\"name\":\"Wilhelm Hundt GmbH\",\"description\":\"Votre sp\u00e9cialiste en machines et outils pour le travail de la t\u00f4le\",\"potentialAction\":[{\"@type\":\"SearchAction\",\"target\":{\"@type\":\"EntryPoint\",\"urlTemplate\":\"https:\\\/\\\/hundtgroup.com\\\/fr\\\/?s={search_term_string}\"},\"query-input\":{\"@type\":\"PropertyValueSpecification\",\"valueRequired\":true,\"valueName\":\"search_term_string\"}}],\"inLanguage\":\"fr-FR\"}]}<\/script>\n<!-- \/ Yoast SEO plugin. -->","yoast_head_json":{"title":"Grignoteuse TRUMPF TruTool N 350 - Wilhelm Hundt GmbH","robots":{"index":"index","follow":"follow","max-snippet":"max-snippet:-1","max-image-preview":"max-image-preview:large","max-video-preview":"max-video-preview:-1"},"canonical":"https:\/\/hundtgroup.com\/fr\/produkt\/grignoteuse-trumpf-trutool-n-350\/","og_locale":"fr_FR","og_type":"article","og_title":"Grignoteuse TRUMPF TruTool N 350 - Wilhelm Hundt GmbH","og_description":"Rotation illimit\u00e9e \u00e0 360\u00b0 sur place Changement de matrice et de poin\u00e7on facile \u00e0 utiliser et sans outil Grignoteuse compacte et maniable Limitation \u00e9lectronique du courant de d\u00e9marrage Ergonomie parfaite de la poign\u00e9e R\u00e9gulation de la vitesse de rotation pour les travaux par tra\u00e7age et gabarit","og_url":"https:\/\/hundtgroup.com\/fr\/produkt\/grignoteuse-trumpf-trutool-n-350\/","og_site_name":"Wilhelm Hundt GmbH","article_modified_time":"2025-07-29T08:20:41+00:00","og_image":[{"width":750,"height":600,"url":"https:\/\/hundtgroup.com\/wp-content\/uploads\/350200.png","type":"image\/png"}],"twitter_card":"summary_large_image","schema":{"@context":"https:\/\/schema.org","@graph":[{"@type":"WebPage","@id":"https:\/\/hundtgroup.com\/fr\/produkt\/grignoteuse-trumpf-trutool-n-350\/","url":"https:\/\/hundtgroup.com\/fr\/produkt\/grignoteuse-trumpf-trutool-n-350\/","name":"Grignoteuse TRUMPF TruTool N 350 - Wilhelm Hundt GmbH","isPartOf":{"@id":"https:\/\/hundtgroup.com\/fr\/#website"},"primaryImageOfPage":{"@id":"https:\/\/hundtgroup.com\/fr\/produkt\/grignoteuse-trumpf-trutool-n-350\/#primaryimage"},"image":{"@id":"https:\/\/hundtgroup.com\/fr\/produkt\/grignoteuse-trumpf-trutool-n-350\/#primaryimage"},"thumbnailUrl":"https:\/\/hundtgroup.com\/wp-content\/uploads\/350200.png","datePublished":"2022-08-23T13:55:42+00:00","dateModified":"2025-07-29T08:20:41+00:00","breadcrumb":{"@id":"https:\/\/hundtgroup.com\/fr\/produkt\/grignoteuse-trumpf-trutool-n-350\/#breadcrumb"},"inLanguage":"fr-FR","potentialAction":[{"@type":"ReadAction","target":["https:\/\/hundtgroup.com\/fr\/produkt\/grignoteuse-trumpf-trutool-n-350\/"]}]},{"@type":"ImageObject","inLanguage":"fr-FR","@id":"https:\/\/hundtgroup.com\/fr\/produkt\/grignoteuse-trumpf-trutool-n-350\/#primaryimage","url":"https:\/\/hundtgroup.com\/wp-content\/uploads\/350200.png","contentUrl":"https:\/\/hundtgroup.com\/wp-content\/uploads\/350200.png","width":750,"height":600},{"@type":"BreadcrumbList","@id":"https:\/\/hundtgroup.com\/fr\/produkt\/grignoteuse-trumpf-trutool-n-350\/#breadcrumb","itemListElement":[{"@type":"ListItem","position":1,"name":"Startseite","item":"https:\/\/hundtgroup.com\/fr\/accueil-nouveau\/"},{"@type":"ListItem","position":2,"name":"Boutique","item":"https:\/\/hundtgroup.com\/boutique\/"},{"@type":"ListItem","position":3,"name":"Grignoteuse TRUMPF TruTool N 350"}]},{"@type":"WebSite","@id":"https:\/\/hundtgroup.com\/fr\/#website","url":"https:\/\/hundtgroup.com\/fr\/","name":"Wilhelm Hundt GmbH","description":"Votre sp\u00e9cialiste en machines et outils pour le travail de la t\u00f4le","potentialAction":[{"@type":"SearchAction","target":{"@type":"EntryPoint","urlTemplate":"https:\/\/hundtgroup.com\/fr\/?s={search_term_string}"},"query-input":{"@type":"PropertyValueSpecification","valueRequired":true,"valueName":"search_term_string"}}],"inLanguage":"fr-FR"}]}},"_links":{"self":[{"href":"https:\/\/hundtgroup.com\/fr\/wp-json\/wp\/v2\/product\/15606","targetHints":{"allow":["GET"]}}],"collection":[{"href":"https:\/\/hundtgroup.com\/fr\/wp-json\/wp\/v2\/product"}],"about":[{"href":"https:\/\/hundtgroup.com\/fr\/wp-json\/wp\/v2\/types\/product"}],"wp:featuredmedia":[{"embeddable":true,"href":"https:\/\/hundtgroup.com\/fr\/wp-json\/wp\/v2\/media\/15608"}],"wp:attachment":[{"href":"https:\/\/hundtgroup.com\/fr\/wp-json\/wp\/v2\/media?parent=15606"}],"wp:term":[{"taxonomy":"product_cat","embeddable":true,"href":"https:\/\/hundtgroup.com\/fr\/wp-json\/wp\/v2\/product_cat?post=15606"},{"taxonomy":"product_tag","embeddable":true,"href":"https:\/\/hundtgroup.com\/fr\/wp-json\/wp\/v2\/product_tag?post=15606"}],"curies":[{"name":"wp","href":"https:\/\/api.w.org\/{rel}","templated":true}]}}