{"id":15715,"date":"2022-08-23T15:55:42","date_gmt":"2022-08-23T13:55:42","guid":{"rendered":"https:\/\/hundtgroup.com\/produkt\/trumpf-cisaille-a-tole-sans-fil-trutool-s-160-12-v-40ah\/"},"modified":"2025-07-29T10:12:54","modified_gmt":"2025-07-29T08:12:54","slug":"trumpf-cisaille-a-tole-sans-fil-trutool-s-160-12-v-40ah","status":"publish","type":"product","link":"https:\/\/hundtgroup.com\/fr\/produkt\/trumpf-cisaille-a-tole-sans-fil-trutool-s-160-12-v-40ah\/","title":{"rendered":"TRUMPF Cisaille \u00e0 t\u00f4le sans fil TruTool S 160 12 V 4,0Ah"},"content":{"rendered":"<p>Tron\u00e7onnage sans bavures<br \/>\nVue d\u00e9gag\u00e9e sur la surface de travail et la ligne de coupe<br \/>\nCoupe pr\u00e9cise. Meilleure tenue dans les courbes<br \/>\nEffort minimal gr\u00e2ce \u00e0 une g\u00e9om\u00e9trie de coupe optimale<br \/>\nLongue dur\u00e9e de vie des outils gr\u00e2ce aux lames r\u00e9versibles \u00e0 4 positions <\/p>\n","protected":false},"excerpt":{"rendered":"<p>Tron\u00e7onnage sans bavures Vue d\u00e9gag\u00e9e sur la surface de travail et la ligne de coupe Coupe pr\u00e9cise. Meilleure tenue dans les courbes Effort minimal gr\u00e2ce \u00e0 une g\u00e9om\u00e9trie de coupe optimale Longue dur\u00e9e de vie des outils gr\u00e2ce aux lames r\u00e9versibles \u00e0 4 positions<\/p>\n","protected":false},"featured_media":15717,"template":"","meta":{"_acf_changed":false,"inline_featured_image":false},"product_cat":[712,658],"product_tag":[],"class_list":{"0":"post-15715","1":"product","2":"type-product","3":"status-publish","4":"has-post-thumbnail","6":"brand-trumpf","7":"product_cat-cisaille-a-tole-fr","8":"product_cat-outils-sans-fil","10":"first","11":"instock","12":"sale","13":"taxable","14":"shipping-taxable","15":"purchasable","16":"product-type-simple","17":"add-to-wishlist-before_image"},"acf":[],"yoast_head":"<!-- This site is optimized with the Yoast SEO plugin v27.3 - https:\/\/yoast.com\/product\/yoast-seo-wordpress\/ -->\n<title>TRUMPF Cisaille \u00e0 t\u00f4le sans fil TruTool S 160 12 V 4,0Ah - Wilhelm Hundt GmbH<\/title>\n<meta name=\"robots\" content=\"index, follow, max-snippet:-1, max-image-preview:large, max-video-preview:-1\" \/>\n<link rel=\"canonical\" href=\"https:\/\/hundtgroup.com\/fr\/produkt\/trumpf-cisaille-a-tole-sans-fil-trutool-s-160-12-v-40ah\/\" \/>\n<meta property=\"og:locale\" content=\"fr_FR\" \/>\n<meta property=\"og:type\" content=\"article\" \/>\n<meta property=\"og:title\" content=\"TRUMPF Cisaille \u00e0 t\u00f4le sans fil TruTool S 160 12 V 4,0Ah - Wilhelm Hundt GmbH\" \/>\n<meta property=\"og:description\" content=\"Tron\u00e7onnage sans bavures Vue d\u00e9gag\u00e9e sur la surface de travail et la ligne de coupe Coupe pr\u00e9cise. Meilleure tenue dans les courbes Effort minimal gr\u00e2ce \u00e0 une g\u00e9om\u00e9trie de coupe optimale Longue dur\u00e9e de vie des outils gr\u00e2ce aux lames r\u00e9versibles \u00e0 4 positions\" \/>\n<meta property=\"og:url\" content=\"https:\/\/hundtgroup.com\/fr\/produkt\/trumpf-cisaille-a-tole-sans-fil-trutool-s-160-12-v-40ah\/\" \/>\n<meta property=\"og:site_name\" content=\"Wilhelm Hundt GmbH\" \/>\n<meta property=\"article:modified_time\" content=\"2025-07-29T08:12:54+00:00\" \/>\n<meta name=\"twitter:card\" content=\"summary_large_image\" \/>\n<meta name=\"twitter:image\" content=\"https:\/\/hundtgroup.com\/wp-content\/uploads\/351111.jpg\" \/>\n<script type=\"application\/ld+json\" class=\"yoast-schema-graph\">{\"@context\":\"https:\\\/\\\/schema.org\",\"@graph\":[{\"@type\":\"WebPage\",\"@id\":\"https:\\\/\\\/hundtgroup.com\\\/fr\\\/produkt\\\/trumpf-cisaille-a-tole-sans-fil-trutool-s-160-12-v-40ah\\\/\",\"url\":\"https:\\\/\\\/hundtgroup.com\\\/fr\\\/produkt\\\/trumpf-cisaille-a-tole-sans-fil-trutool-s-160-12-v-40ah\\\/\",\"name\":\"TRUMPF Cisaille \u00e0 t\u00f4le sans fil TruTool S 160 12 V 4,0Ah - Wilhelm Hundt GmbH\",\"isPartOf\":{\"@id\":\"https:\\\/\\\/hundtgroup.com\\\/fr\\\/#website\"},\"primaryImageOfPage\":{\"@id\":\"https:\\\/\\\/hundtgroup.com\\\/fr\\\/produkt\\\/trumpf-cisaille-a-tole-sans-fil-trutool-s-160-12-v-40ah\\\/#primaryimage\"},\"image\":{\"@id\":\"https:\\\/\\\/hundtgroup.com\\\/fr\\\/produkt\\\/trumpf-cisaille-a-tole-sans-fil-trutool-s-160-12-v-40ah\\\/#primaryimage\"},\"thumbnailUrl\":\"https:\\\/\\\/hundtgroup.com\\\/wp-content\\\/uploads\\\/351111.jpg\",\"datePublished\":\"2022-08-23T13:55:42+00:00\",\"dateModified\":\"2025-07-29T08:12:54+00:00\",\"breadcrumb\":{\"@id\":\"https:\\\/\\\/hundtgroup.com\\\/fr\\\/produkt\\\/trumpf-cisaille-a-tole-sans-fil-trutool-s-160-12-v-40ah\\\/#breadcrumb\"},\"inLanguage\":\"fr-FR\",\"potentialAction\":[{\"@type\":\"ReadAction\",\"target\":[\"https:\\\/\\\/hundtgroup.com\\\/fr\\\/produkt\\\/trumpf-cisaille-a-tole-sans-fil-trutool-s-160-12-v-40ah\\\/\"]}]},{\"@type\":\"ImageObject\",\"inLanguage\":\"fr-FR\",\"@id\":\"https:\\\/\\\/hundtgroup.com\\\/fr\\\/produkt\\\/trumpf-cisaille-a-tole-sans-fil-trutool-s-160-12-v-40ah\\\/#primaryimage\",\"url\":\"https:\\\/\\\/hundtgroup.com\\\/wp-content\\\/uploads\\\/351111.jpg\",\"contentUrl\":\"https:\\\/\\\/hundtgroup.com\\\/wp-content\\\/uploads\\\/351111.jpg\",\"width\":2362,\"height\":2193},{\"@type\":\"BreadcrumbList\",\"@id\":\"https:\\\/\\\/hundtgroup.com\\\/fr\\\/produkt\\\/trumpf-cisaille-a-tole-sans-fil-trutool-s-160-12-v-40ah\\\/#breadcrumb\",\"itemListElement\":[{\"@type\":\"ListItem\",\"position\":1,\"name\":\"Startseite\",\"item\":\"https:\\\/\\\/hundtgroup.com\\\/fr\\\/accueil-nouveau\\\/\"},{\"@type\":\"ListItem\",\"position\":2,\"name\":\"Boutique\",\"item\":\"https:\\\/\\\/hundtgroup.com\\\/boutique\\\/\"},{\"@type\":\"ListItem\",\"position\":3,\"name\":\"TRUMPF Cisaille \u00e0 t\u00f4le sans fil TruTool S 160 12 V 4,0Ah\"}]},{\"@type\":\"WebSite\",\"@id\":\"https:\\\/\\\/hundtgroup.com\\\/fr\\\/#website\",\"url\":\"https:\\\/\\\/hundtgroup.com\\\/fr\\\/\",\"name\":\"Wilhelm Hundt GmbH\",\"description\":\"Votre sp\u00e9cialiste en machines et outils pour le travail de la t\u00f4le\",\"potentialAction\":[{\"@type\":\"SearchAction\",\"target\":{\"@type\":\"EntryPoint\",\"urlTemplate\":\"https:\\\/\\\/hundtgroup.com\\\/fr\\\/?s={search_term_string}\"},\"query-input\":{\"@type\":\"PropertyValueSpecification\",\"valueRequired\":true,\"valueName\":\"search_term_string\"}}],\"inLanguage\":\"fr-FR\"}]}<\/script>\n<!-- \/ Yoast SEO plugin. -->","yoast_head_json":{"title":"TRUMPF Cisaille \u00e0 t\u00f4le sans fil TruTool S 160 12 V 4,0Ah - Wilhelm Hundt GmbH","robots":{"index":"index","follow":"follow","max-snippet":"max-snippet:-1","max-image-preview":"max-image-preview:large","max-video-preview":"max-video-preview:-1"},"canonical":"https:\/\/hundtgroup.com\/fr\/produkt\/trumpf-cisaille-a-tole-sans-fil-trutool-s-160-12-v-40ah\/","og_locale":"fr_FR","og_type":"article","og_title":"TRUMPF Cisaille \u00e0 t\u00f4le sans fil TruTool S 160 12 V 4,0Ah - Wilhelm Hundt GmbH","og_description":"Tron\u00e7onnage sans bavures Vue d\u00e9gag\u00e9e sur la surface de travail et la ligne de coupe Coupe pr\u00e9cise. Meilleure tenue dans les courbes Effort minimal gr\u00e2ce \u00e0 une g\u00e9om\u00e9trie de coupe optimale Longue dur\u00e9e de vie des outils gr\u00e2ce aux lames r\u00e9versibles \u00e0 4 positions","og_url":"https:\/\/hundtgroup.com\/fr\/produkt\/trumpf-cisaille-a-tole-sans-fil-trutool-s-160-12-v-40ah\/","og_site_name":"Wilhelm Hundt GmbH","article_modified_time":"2025-07-29T08:12:54+00:00","twitter_card":"summary_large_image","twitter_image":"https:\/\/hundtgroup.com\/wp-content\/uploads\/351111.jpg","schema":{"@context":"https:\/\/schema.org","@graph":[{"@type":"WebPage","@id":"https:\/\/hundtgroup.com\/fr\/produkt\/trumpf-cisaille-a-tole-sans-fil-trutool-s-160-12-v-40ah\/","url":"https:\/\/hundtgroup.com\/fr\/produkt\/trumpf-cisaille-a-tole-sans-fil-trutool-s-160-12-v-40ah\/","name":"TRUMPF Cisaille \u00e0 t\u00f4le sans fil TruTool S 160 12 V 4,0Ah - Wilhelm Hundt GmbH","isPartOf":{"@id":"https:\/\/hundtgroup.com\/fr\/#website"},"primaryImageOfPage":{"@id":"https:\/\/hundtgroup.com\/fr\/produkt\/trumpf-cisaille-a-tole-sans-fil-trutool-s-160-12-v-40ah\/#primaryimage"},"image":{"@id":"https:\/\/hundtgroup.com\/fr\/produkt\/trumpf-cisaille-a-tole-sans-fil-trutool-s-160-12-v-40ah\/#primaryimage"},"thumbnailUrl":"https:\/\/hundtgroup.com\/wp-content\/uploads\/351111.jpg","datePublished":"2022-08-23T13:55:42+00:00","dateModified":"2025-07-29T08:12:54+00:00","breadcrumb":{"@id":"https:\/\/hundtgroup.com\/fr\/produkt\/trumpf-cisaille-a-tole-sans-fil-trutool-s-160-12-v-40ah\/#breadcrumb"},"inLanguage":"fr-FR","potentialAction":[{"@type":"ReadAction","target":["https:\/\/hundtgroup.com\/fr\/produkt\/trumpf-cisaille-a-tole-sans-fil-trutool-s-160-12-v-40ah\/"]}]},{"@type":"ImageObject","inLanguage":"fr-FR","@id":"https:\/\/hundtgroup.com\/fr\/produkt\/trumpf-cisaille-a-tole-sans-fil-trutool-s-160-12-v-40ah\/#primaryimage","url":"https:\/\/hundtgroup.com\/wp-content\/uploads\/351111.jpg","contentUrl":"https:\/\/hundtgroup.com\/wp-content\/uploads\/351111.jpg","width":2362,"height":2193},{"@type":"BreadcrumbList","@id":"https:\/\/hundtgroup.com\/fr\/produkt\/trumpf-cisaille-a-tole-sans-fil-trutool-s-160-12-v-40ah\/#breadcrumb","itemListElement":[{"@type":"ListItem","position":1,"name":"Startseite","item":"https:\/\/hundtgroup.com\/fr\/accueil-nouveau\/"},{"@type":"ListItem","position":2,"name":"Boutique","item":"https:\/\/hundtgroup.com\/boutique\/"},{"@type":"ListItem","position":3,"name":"TRUMPF Cisaille \u00e0 t\u00f4le sans fil TruTool S 160 12 V 4,0Ah"}]},{"@type":"WebSite","@id":"https:\/\/hundtgroup.com\/fr\/#website","url":"https:\/\/hundtgroup.com\/fr\/","name":"Wilhelm Hundt GmbH","description":"Votre sp\u00e9cialiste en machines et outils pour le travail de la t\u00f4le","potentialAction":[{"@type":"SearchAction","target":{"@type":"EntryPoint","urlTemplate":"https:\/\/hundtgroup.com\/fr\/?s={search_term_string}"},"query-input":{"@type":"PropertyValueSpecification","valueRequired":true,"valueName":"search_term_string"}}],"inLanguage":"fr-FR"}]}},"_links":{"self":[{"href":"https:\/\/hundtgroup.com\/fr\/wp-json\/wp\/v2\/product\/15715","targetHints":{"allow":["GET"]}}],"collection":[{"href":"https:\/\/hundtgroup.com\/fr\/wp-json\/wp\/v2\/product"}],"about":[{"href":"https:\/\/hundtgroup.com\/fr\/wp-json\/wp\/v2\/types\/product"}],"wp:featuredmedia":[{"embeddable":true,"href":"https:\/\/hundtgroup.com\/fr\/wp-json\/wp\/v2\/media\/15717"}],"wp:attachment":[{"href":"https:\/\/hundtgroup.com\/fr\/wp-json\/wp\/v2\/media?parent=15715"}],"wp:term":[{"taxonomy":"product_cat","embeddable":true,"href":"https:\/\/hundtgroup.com\/fr\/wp-json\/wp\/v2\/product_cat?post=15715"},{"taxonomy":"product_tag","embeddable":true,"href":"https:\/\/hundtgroup.com\/fr\/wp-json\/wp\/v2\/product_tag?post=15715"}],"curies":[{"name":"wp","href":"https:\/\/api.w.org\/{rel}","templated":true}]}}