{"id":16631,"date":"2025-07-11T14:58:21","date_gmt":"2025-07-11T12:58:21","guid":{"rendered":"https:\/\/hundtgroup.com\/produkt\/nettoyeur-de-baguettes-de-recouvrement-trutool-tsc-200\/"},"modified":"2025-08-05T16:43:04","modified_gmt":"2025-08-05T14:43:04","slug":"nettoyeur-de-baguettes-de-recouvrement-trutool-tsc-200","status":"publish","type":"product","link":"https:\/\/hundtgroup.com\/fr\/produkt\/nettoyeur-de-baguettes-de-recouvrement-trutool-tsc-200\/","title":{"rendered":"Nettoyeur de baguettes de recouvrement TruTool TSC 200"},"content":{"rendered":"<p>Le TruTool TSC 200 compact et robuste est con\u00e7u pour les lasers \u00e0 fibre avec une puissance laser \u00e9lev\u00e9e et des scories dures correspondantes jusqu&rsquo;\u00e0 25 mm. Et ce, ind\u00e9pendamment du mat\u00e9riau. Plusieurs facteurs sont d\u00e9cisifs pour une qualit\u00e9 de nettoyage et une performance \u00e9lev\u00e9es. Par exemple, la g\u00e9om\u00e9trie de l&rsquo;outil de nettoyage et l&rsquo;assistance \u00e0 l&rsquo;avancement. De plus, la r\u00e9partition \u00e9quilibr\u00e9e du poids du bo\u00eetier et du moteur assure un travail silencieux et ergonomique. La dur\u00e9e de nettoyage d&rsquo;une palette standard de 1500 mm x 3000 mm avec chargement partiel est d&rsquo;environ 15 minutes. Nous vous recommandons l&rsquo;assistance \u00e0 l&rsquo;avancement en option si vous nettoyez des scories d&rsquo;une \u00e9paisseur de &gt; 15 mm.      <\/p>\n","protected":false},"excerpt":{"rendered":"<p>Le TruTool TSC 200 compact et robuste est con\u00e7u pour les lasers \u00e0 fibre avec une puissance laser \u00e9lev\u00e9e et des scories dures correspondantes jusqu&rsquo;\u00e0 25 mm. Et ce, ind\u00e9pendamment du mat\u00e9riau. Plusieurs facteurs sont d\u00e9cisifs pour une qualit\u00e9 de nettoyage et une performance \u00e9lev\u00e9es. Par exemple, la g\u00e9om\u00e9trie de l&rsquo;outil de nettoyage et l&rsquo;assistance [&hellip;]<\/p>\n","protected":false},"featured_media":16571,"template":"","meta":{"_acf_changed":false,"inline_featured_image":false},"product_cat":[670,1259],"product_tag":[],"class_list":{"0":"post-16631","1":"product","2":"type-product","3":"status-publish","4":"has-post-thumbnail","6":"product_cat-outils-electriques","7":"product_cat-outils-speciaux","9":"first","10":"instock","11":"sale","12":"taxable","13":"shipping-taxable","14":"purchasable","15":"product-type-simple","16":"add-to-wishlist-before_image"},"acf":[],"yoast_head":"<!-- This site is optimized with the Yoast SEO plugin v27.3 - https:\/\/yoast.com\/product\/yoast-seo-wordpress\/ -->\n<title>Nettoyeur de baguettes de recouvrement TruTool TSC 200 - Wilhelm Hundt GmbH<\/title>\n<meta name=\"robots\" content=\"index, follow, max-snippet:-1, max-image-preview:large, max-video-preview:-1\" \/>\n<link rel=\"canonical\" href=\"https:\/\/hundtgroup.com\/fr\/produkt\/nettoyeur-de-baguettes-de-recouvrement-trutool-tsc-200\/\" \/>\n<meta property=\"og:locale\" content=\"fr_FR\" \/>\n<meta property=\"og:type\" content=\"article\" \/>\n<meta property=\"og:title\" content=\"Nettoyeur de baguettes de recouvrement TruTool TSC 200 - Wilhelm Hundt GmbH\" \/>\n<meta property=\"og:description\" content=\"Le TruTool TSC 200 compact et robuste est con\u00e7u pour les lasers \u00e0 fibre avec une puissance laser \u00e9lev\u00e9e et des scories dures correspondantes jusqu&rsquo;\u00e0 25 mm. Et ce, ind\u00e9pendamment du mat\u00e9riau. Plusieurs facteurs sont d\u00e9cisifs pour une qualit\u00e9 de nettoyage et une performance \u00e9lev\u00e9es. Par exemple, la g\u00e9om\u00e9trie de l&rsquo;outil de nettoyage et l&rsquo;assistance [&hellip;]\" \/>\n<meta property=\"og:url\" content=\"https:\/\/hundtgroup.com\/fr\/produkt\/nettoyeur-de-baguettes-de-recouvrement-trutool-tsc-200\/\" \/>\n<meta property=\"og:site_name\" content=\"Wilhelm Hundt GmbH\" \/>\n<meta property=\"article:modified_time\" content=\"2025-08-05T14:43:04+00:00\" \/>\n<meta property=\"og:image\" content=\"https:\/\/hundtgroup.com\/wp-content\/uploads\/TSC-200-3-e1752504167544.png\" \/>\n\t<meta property=\"og:image:width\" content=\"1024\" \/>\n\t<meta property=\"og:image:height\" content=\"650\" \/>\n\t<meta property=\"og:image:type\" content=\"image\/png\" \/>\n<meta name=\"twitter:card\" content=\"summary_large_image\" \/>\n<meta name=\"twitter:label1\" content=\"Dur\u00e9e de lecture estim\u00e9e\" \/>\n\t<meta name=\"twitter:data1\" content=\"1 minute\" \/>\n<script type=\"application\/ld+json\" class=\"yoast-schema-graph\">{\"@context\":\"https:\\\/\\\/schema.org\",\"@graph\":[{\"@type\":\"WebPage\",\"@id\":\"https:\\\/\\\/hundtgroup.com\\\/fr\\\/produkt\\\/nettoyeur-de-baguettes-de-recouvrement-trutool-tsc-200\\\/\",\"url\":\"https:\\\/\\\/hundtgroup.com\\\/fr\\\/produkt\\\/nettoyeur-de-baguettes-de-recouvrement-trutool-tsc-200\\\/\",\"name\":\"Nettoyeur de baguettes de recouvrement TruTool TSC 200 - Wilhelm Hundt GmbH\",\"isPartOf\":{\"@id\":\"https:\\\/\\\/hundtgroup.com\\\/fr\\\/#website\"},\"primaryImageOfPage\":{\"@id\":\"https:\\\/\\\/hundtgroup.com\\\/fr\\\/produkt\\\/nettoyeur-de-baguettes-de-recouvrement-trutool-tsc-200\\\/#primaryimage\"},\"image\":{\"@id\":\"https:\\\/\\\/hundtgroup.com\\\/fr\\\/produkt\\\/nettoyeur-de-baguettes-de-recouvrement-trutool-tsc-200\\\/#primaryimage\"},\"thumbnailUrl\":\"https:\\\/\\\/hundtgroup.com\\\/wp-content\\\/uploads\\\/TSC-200-3-e1752504167544.png\",\"datePublished\":\"2025-07-11T12:58:21+00:00\",\"dateModified\":\"2025-08-05T14:43:04+00:00\",\"breadcrumb\":{\"@id\":\"https:\\\/\\\/hundtgroup.com\\\/fr\\\/produkt\\\/nettoyeur-de-baguettes-de-recouvrement-trutool-tsc-200\\\/#breadcrumb\"},\"inLanguage\":\"fr-FR\",\"potentialAction\":[{\"@type\":\"ReadAction\",\"target\":[\"https:\\\/\\\/hundtgroup.com\\\/fr\\\/produkt\\\/nettoyeur-de-baguettes-de-recouvrement-trutool-tsc-200\\\/\"]}]},{\"@type\":\"ImageObject\",\"inLanguage\":\"fr-FR\",\"@id\":\"https:\\\/\\\/hundtgroup.com\\\/fr\\\/produkt\\\/nettoyeur-de-baguettes-de-recouvrement-trutool-tsc-200\\\/#primaryimage\",\"url\":\"https:\\\/\\\/hundtgroup.com\\\/wp-content\\\/uploads\\\/TSC-200-3-e1752504167544.png\",\"contentUrl\":\"https:\\\/\\\/hundtgroup.com\\\/wp-content\\\/uploads\\\/TSC-200-3-e1752504167544.png\",\"width\":1024,\"height\":650},{\"@type\":\"BreadcrumbList\",\"@id\":\"https:\\\/\\\/hundtgroup.com\\\/fr\\\/produkt\\\/nettoyeur-de-baguettes-de-recouvrement-trutool-tsc-200\\\/#breadcrumb\",\"itemListElement\":[{\"@type\":\"ListItem\",\"position\":1,\"name\":\"Startseite\",\"item\":\"https:\\\/\\\/hundtgroup.com\\\/fr\\\/accueil-nouveau\\\/\"},{\"@type\":\"ListItem\",\"position\":2,\"name\":\"Boutique\",\"item\":\"https:\\\/\\\/hundtgroup.com\\\/boutique\\\/\"},{\"@type\":\"ListItem\",\"position\":3,\"name\":\"Nettoyeur de baguettes de recouvrement TruTool TSC 200\"}]},{\"@type\":\"WebSite\",\"@id\":\"https:\\\/\\\/hundtgroup.com\\\/fr\\\/#website\",\"url\":\"https:\\\/\\\/hundtgroup.com\\\/fr\\\/\",\"name\":\"Wilhelm Hundt GmbH\",\"description\":\"Votre sp\u00e9cialiste en machines et outils pour le travail de la t\u00f4le\",\"potentialAction\":[{\"@type\":\"SearchAction\",\"target\":{\"@type\":\"EntryPoint\",\"urlTemplate\":\"https:\\\/\\\/hundtgroup.com\\\/fr\\\/?s={search_term_string}\"},\"query-input\":{\"@type\":\"PropertyValueSpecification\",\"valueRequired\":true,\"valueName\":\"search_term_string\"}}],\"inLanguage\":\"fr-FR\"}]}<\/script>\n<!-- \/ Yoast SEO plugin. -->","yoast_head_json":{"title":"Nettoyeur de baguettes de recouvrement TruTool TSC 200 - Wilhelm Hundt GmbH","robots":{"index":"index","follow":"follow","max-snippet":"max-snippet:-1","max-image-preview":"max-image-preview:large","max-video-preview":"max-video-preview:-1"},"canonical":"https:\/\/hundtgroup.com\/fr\/produkt\/nettoyeur-de-baguettes-de-recouvrement-trutool-tsc-200\/","og_locale":"fr_FR","og_type":"article","og_title":"Nettoyeur de baguettes de recouvrement TruTool TSC 200 - Wilhelm Hundt GmbH","og_description":"Le TruTool TSC 200 compact et robuste est con\u00e7u pour les lasers \u00e0 fibre avec une puissance laser \u00e9lev\u00e9e et des scories dures correspondantes jusqu&rsquo;\u00e0 25 mm. Et ce, ind\u00e9pendamment du mat\u00e9riau. Plusieurs facteurs sont d\u00e9cisifs pour une qualit\u00e9 de nettoyage et une performance \u00e9lev\u00e9es. Par exemple, la g\u00e9om\u00e9trie de l&rsquo;outil de nettoyage et l&rsquo;assistance [&hellip;]","og_url":"https:\/\/hundtgroup.com\/fr\/produkt\/nettoyeur-de-baguettes-de-recouvrement-trutool-tsc-200\/","og_site_name":"Wilhelm Hundt GmbH","article_modified_time":"2025-08-05T14:43:04+00:00","og_image":[{"width":1024,"height":650,"url":"https:\/\/hundtgroup.com\/wp-content\/uploads\/TSC-200-3-e1752504167544.png","type":"image\/png"}],"twitter_card":"summary_large_image","twitter_misc":{"Dur\u00e9e de lecture estim\u00e9e":"1 minute"},"schema":{"@context":"https:\/\/schema.org","@graph":[{"@type":"WebPage","@id":"https:\/\/hundtgroup.com\/fr\/produkt\/nettoyeur-de-baguettes-de-recouvrement-trutool-tsc-200\/","url":"https:\/\/hundtgroup.com\/fr\/produkt\/nettoyeur-de-baguettes-de-recouvrement-trutool-tsc-200\/","name":"Nettoyeur de baguettes de recouvrement TruTool TSC 200 - Wilhelm Hundt GmbH","isPartOf":{"@id":"https:\/\/hundtgroup.com\/fr\/#website"},"primaryImageOfPage":{"@id":"https:\/\/hundtgroup.com\/fr\/produkt\/nettoyeur-de-baguettes-de-recouvrement-trutool-tsc-200\/#primaryimage"},"image":{"@id":"https:\/\/hundtgroup.com\/fr\/produkt\/nettoyeur-de-baguettes-de-recouvrement-trutool-tsc-200\/#primaryimage"},"thumbnailUrl":"https:\/\/hundtgroup.com\/wp-content\/uploads\/TSC-200-3-e1752504167544.png","datePublished":"2025-07-11T12:58:21+00:00","dateModified":"2025-08-05T14:43:04+00:00","breadcrumb":{"@id":"https:\/\/hundtgroup.com\/fr\/produkt\/nettoyeur-de-baguettes-de-recouvrement-trutool-tsc-200\/#breadcrumb"},"inLanguage":"fr-FR","potentialAction":[{"@type":"ReadAction","target":["https:\/\/hundtgroup.com\/fr\/produkt\/nettoyeur-de-baguettes-de-recouvrement-trutool-tsc-200\/"]}]},{"@type":"ImageObject","inLanguage":"fr-FR","@id":"https:\/\/hundtgroup.com\/fr\/produkt\/nettoyeur-de-baguettes-de-recouvrement-trutool-tsc-200\/#primaryimage","url":"https:\/\/hundtgroup.com\/wp-content\/uploads\/TSC-200-3-e1752504167544.png","contentUrl":"https:\/\/hundtgroup.com\/wp-content\/uploads\/TSC-200-3-e1752504167544.png","width":1024,"height":650},{"@type":"BreadcrumbList","@id":"https:\/\/hundtgroup.com\/fr\/produkt\/nettoyeur-de-baguettes-de-recouvrement-trutool-tsc-200\/#breadcrumb","itemListElement":[{"@type":"ListItem","position":1,"name":"Startseite","item":"https:\/\/hundtgroup.com\/fr\/accueil-nouveau\/"},{"@type":"ListItem","position":2,"name":"Boutique","item":"https:\/\/hundtgroup.com\/boutique\/"},{"@type":"ListItem","position":3,"name":"Nettoyeur de baguettes de recouvrement TruTool TSC 200"}]},{"@type":"WebSite","@id":"https:\/\/hundtgroup.com\/fr\/#website","url":"https:\/\/hundtgroup.com\/fr\/","name":"Wilhelm Hundt GmbH","description":"Votre sp\u00e9cialiste en machines et outils pour le travail de la t\u00f4le","potentialAction":[{"@type":"SearchAction","target":{"@type":"EntryPoint","urlTemplate":"https:\/\/hundtgroup.com\/fr\/?s={search_term_string}"},"query-input":{"@type":"PropertyValueSpecification","valueRequired":true,"valueName":"search_term_string"}}],"inLanguage":"fr-FR"}]}},"_links":{"self":[{"href":"https:\/\/hundtgroup.com\/fr\/wp-json\/wp\/v2\/product\/16631","targetHints":{"allow":["GET"]}}],"collection":[{"href":"https:\/\/hundtgroup.com\/fr\/wp-json\/wp\/v2\/product"}],"about":[{"href":"https:\/\/hundtgroup.com\/fr\/wp-json\/wp\/v2\/types\/product"}],"wp:featuredmedia":[{"embeddable":true,"href":"https:\/\/hundtgroup.com\/fr\/wp-json\/wp\/v2\/media\/16571"}],"wp:attachment":[{"href":"https:\/\/hundtgroup.com\/fr\/wp-json\/wp\/v2\/media?parent=16631"}],"wp:term":[{"taxonomy":"product_cat","embeddable":true,"href":"https:\/\/hundtgroup.com\/fr\/wp-json\/wp\/v2\/product_cat?post=16631"},{"taxonomy":"product_tag","embeddable":true,"href":"https:\/\/hundtgroup.com\/fr\/wp-json\/wp\/v2\/product_tag?post=16631"}],"curies":[{"name":"wp","href":"https:\/\/api.w.org\/{rel}","templated":true}]}}