{"id":17699,"date":"2022-10-26T15:59:16","date_gmt":"2022-10-26T13:59:16","guid":{"rendered":"https:\/\/hundtgroup.com\/produkt\/machine-a-moulurer-sans-fil-bosch-18-v-40-ah\/"},"modified":"2025-08-05T18:09:57","modified_gmt":"2025-08-05T16:09:57","slug":"machine-a-moulurer-sans-fil-bosch-18-v-40-ah","status":"publish","type":"product","link":"https:\/\/hundtgroup.com\/fr\/produkt\/machine-a-moulurer-sans-fil-bosch-18-v-40-ah\/","title":{"rendered":"Machine \u00e0 moulurer sans fil Bosch 18 V 4,0 Ah"},"content":{"rendered":"<p>Convient pour l&rsquo;atelier et le chantier, tr\u00e8s flexible dans son utilisation, unit\u00e9 sans entretien, livraison avec 2 paires de rouleaux \u00e0 moulures, autres rouleaux \u00e0 moulures en option. <\/p>\n","protected":false},"excerpt":{"rendered":"<p>Convient pour l&rsquo;atelier et le chantier, tr\u00e8s flexible dans son utilisation, unit\u00e9 sans entretien, livraison avec 2 paires de rouleaux \u00e0 moulures, autres rouleaux \u00e0 moulures en option.<\/p>\n","protected":false},"featured_media":17701,"template":"","meta":{"_acf_changed":false,"inline_featured_image":false},"product_cat":[1262,658,1264,1337],"product_tag":[],"class_list":{"0":"post-17699","1":"product","2":"type-product","3":"status-publish","4":"has-post-thumbnail","6":"brand-bosch","7":"product_cat-nouveautes","8":"product_cat-outils-sans-fil","9":"product_cat-machine-a-moulurer","10":"product_cat-nouveautes-promotions","12":"first","13":"instock","14":"taxable","15":"shipping-taxable","16":"purchasable","17":"product-type-simple","18":"add-to-wishlist-before_image"},"acf":[],"yoast_head":"<!-- This site is optimized with the Yoast SEO plugin v27.3 - https:\/\/yoast.com\/product\/yoast-seo-wordpress\/ -->\n<title>Machine \u00e0 moulurer sans fil Bosch 18 V 4,0 Ah - Wilhelm Hundt GmbH<\/title>\n<meta name=\"robots\" content=\"index, follow, max-snippet:-1, max-image-preview:large, max-video-preview:-1\" \/>\n<link rel=\"canonical\" href=\"https:\/\/hundtgroup.com\/fr\/produkt\/machine-a-moulurer-sans-fil-bosch-18-v-40-ah\/\" \/>\n<meta property=\"og:locale\" content=\"fr_FR\" \/>\n<meta property=\"og:type\" content=\"article\" \/>\n<meta property=\"og:title\" content=\"Machine \u00e0 moulurer sans fil Bosch 18 V 4,0 Ah - Wilhelm Hundt GmbH\" \/>\n<meta property=\"og:description\" content=\"Convient pour l&rsquo;atelier et le chantier, tr\u00e8s flexible dans son utilisation, unit\u00e9 sans entretien, livraison avec 2 paires de rouleaux \u00e0 moulures, autres rouleaux \u00e0 moulures en option.\" \/>\n<meta property=\"og:url\" content=\"https:\/\/hundtgroup.com\/fr\/produkt\/machine-a-moulurer-sans-fil-bosch-18-v-40-ah\/\" \/>\n<meta property=\"og:site_name\" content=\"Wilhelm Hundt GmbH\" \/>\n<meta property=\"article:modified_time\" content=\"2025-08-05T16:09:57+00:00\" \/>\n<meta property=\"og:image\" content=\"https:\/\/hundtgroup.com\/wp-content\/uploads\/340090-1030x1011.png\" \/>\n\t<meta property=\"og:image:width\" content=\"1030\" \/>\n\t<meta property=\"og:image:height\" content=\"1011\" \/>\n\t<meta property=\"og:image:type\" content=\"image\/png\" \/>\n<meta name=\"twitter:card\" content=\"summary_large_image\" \/>\n<script type=\"application\/ld+json\" class=\"yoast-schema-graph\">{\"@context\":\"https:\\\/\\\/schema.org\",\"@graph\":[{\"@type\":\"WebPage\",\"@id\":\"https:\\\/\\\/hundtgroup.com\\\/fr\\\/produkt\\\/machine-a-moulurer-sans-fil-bosch-18-v-40-ah\\\/\",\"url\":\"https:\\\/\\\/hundtgroup.com\\\/fr\\\/produkt\\\/machine-a-moulurer-sans-fil-bosch-18-v-40-ah\\\/\",\"name\":\"Machine \u00e0 moulurer sans fil Bosch 18 V 4,0 Ah - Wilhelm Hundt GmbH\",\"isPartOf\":{\"@id\":\"https:\\\/\\\/hundtgroup.com\\\/fr\\\/#website\"},\"primaryImageOfPage\":{\"@id\":\"https:\\\/\\\/hundtgroup.com\\\/fr\\\/produkt\\\/machine-a-moulurer-sans-fil-bosch-18-v-40-ah\\\/#primaryimage\"},\"image\":{\"@id\":\"https:\\\/\\\/hundtgroup.com\\\/fr\\\/produkt\\\/machine-a-moulurer-sans-fil-bosch-18-v-40-ah\\\/#primaryimage\"},\"thumbnailUrl\":\"https:\\\/\\\/hundtgroup.com\\\/wp-content\\\/uploads\\\/340090.png\",\"datePublished\":\"2022-10-26T13:59:16+00:00\",\"dateModified\":\"2025-08-05T16:09:57+00:00\",\"breadcrumb\":{\"@id\":\"https:\\\/\\\/hundtgroup.com\\\/fr\\\/produkt\\\/machine-a-moulurer-sans-fil-bosch-18-v-40-ah\\\/#breadcrumb\"},\"inLanguage\":\"fr-FR\",\"potentialAction\":[{\"@type\":\"ReadAction\",\"target\":[\"https:\\\/\\\/hundtgroup.com\\\/fr\\\/produkt\\\/machine-a-moulurer-sans-fil-bosch-18-v-40-ah\\\/\"]}]},{\"@type\":\"ImageObject\",\"inLanguage\":\"fr-FR\",\"@id\":\"https:\\\/\\\/hundtgroup.com\\\/fr\\\/produkt\\\/machine-a-moulurer-sans-fil-bosch-18-v-40-ah\\\/#primaryimage\",\"url\":\"https:\\\/\\\/hundtgroup.com\\\/wp-content\\\/uploads\\\/340090.png\",\"contentUrl\":\"https:\\\/\\\/hundtgroup.com\\\/wp-content\\\/uploads\\\/340090.png\",\"width\":1772,\"height\":1740},{\"@type\":\"BreadcrumbList\",\"@id\":\"https:\\\/\\\/hundtgroup.com\\\/fr\\\/produkt\\\/machine-a-moulurer-sans-fil-bosch-18-v-40-ah\\\/#breadcrumb\",\"itemListElement\":[{\"@type\":\"ListItem\",\"position\":1,\"name\":\"Startseite\",\"item\":\"https:\\\/\\\/hundtgroup.com\\\/fr\\\/accueil-nouveau\\\/\"},{\"@type\":\"ListItem\",\"position\":2,\"name\":\"Boutique\",\"item\":\"https:\\\/\\\/hundtgroup.com\\\/boutique\\\/\"},{\"@type\":\"ListItem\",\"position\":3,\"name\":\"Machine \u00e0 moulurer sans fil Bosch 18 V 4,0 Ah\"}]},{\"@type\":\"WebSite\",\"@id\":\"https:\\\/\\\/hundtgroup.com\\\/fr\\\/#website\",\"url\":\"https:\\\/\\\/hundtgroup.com\\\/fr\\\/\",\"name\":\"Wilhelm Hundt GmbH\",\"description\":\"Votre sp\u00e9cialiste en machines et outils pour le travail de la t\u00f4le\",\"potentialAction\":[{\"@type\":\"SearchAction\",\"target\":{\"@type\":\"EntryPoint\",\"urlTemplate\":\"https:\\\/\\\/hundtgroup.com\\\/fr\\\/?s={search_term_string}\"},\"query-input\":{\"@type\":\"PropertyValueSpecification\",\"valueRequired\":true,\"valueName\":\"search_term_string\"}}],\"inLanguage\":\"fr-FR\"}]}<\/script>\n<!-- \/ Yoast SEO plugin. -->","yoast_head_json":{"title":"Machine \u00e0 moulurer sans fil Bosch 18 V 4,0 Ah - Wilhelm Hundt GmbH","robots":{"index":"index","follow":"follow","max-snippet":"max-snippet:-1","max-image-preview":"max-image-preview:large","max-video-preview":"max-video-preview:-1"},"canonical":"https:\/\/hundtgroup.com\/fr\/produkt\/machine-a-moulurer-sans-fil-bosch-18-v-40-ah\/","og_locale":"fr_FR","og_type":"article","og_title":"Machine \u00e0 moulurer sans fil Bosch 18 V 4,0 Ah - Wilhelm Hundt GmbH","og_description":"Convient pour l&rsquo;atelier et le chantier, tr\u00e8s flexible dans son utilisation, unit\u00e9 sans entretien, livraison avec 2 paires de rouleaux \u00e0 moulures, autres rouleaux \u00e0 moulures en option.","og_url":"https:\/\/hundtgroup.com\/fr\/produkt\/machine-a-moulurer-sans-fil-bosch-18-v-40-ah\/","og_site_name":"Wilhelm Hundt GmbH","article_modified_time":"2025-08-05T16:09:57+00:00","og_image":[{"width":1030,"height":1011,"url":"https:\/\/hundtgroup.com\/wp-content\/uploads\/340090-1030x1011.png","type":"image\/png"}],"twitter_card":"summary_large_image","schema":{"@context":"https:\/\/schema.org","@graph":[{"@type":"WebPage","@id":"https:\/\/hundtgroup.com\/fr\/produkt\/machine-a-moulurer-sans-fil-bosch-18-v-40-ah\/","url":"https:\/\/hundtgroup.com\/fr\/produkt\/machine-a-moulurer-sans-fil-bosch-18-v-40-ah\/","name":"Machine \u00e0 moulurer sans fil Bosch 18 V 4,0 Ah - Wilhelm Hundt GmbH","isPartOf":{"@id":"https:\/\/hundtgroup.com\/fr\/#website"},"primaryImageOfPage":{"@id":"https:\/\/hundtgroup.com\/fr\/produkt\/machine-a-moulurer-sans-fil-bosch-18-v-40-ah\/#primaryimage"},"image":{"@id":"https:\/\/hundtgroup.com\/fr\/produkt\/machine-a-moulurer-sans-fil-bosch-18-v-40-ah\/#primaryimage"},"thumbnailUrl":"https:\/\/hundtgroup.com\/wp-content\/uploads\/340090.png","datePublished":"2022-10-26T13:59:16+00:00","dateModified":"2025-08-05T16:09:57+00:00","breadcrumb":{"@id":"https:\/\/hundtgroup.com\/fr\/produkt\/machine-a-moulurer-sans-fil-bosch-18-v-40-ah\/#breadcrumb"},"inLanguage":"fr-FR","potentialAction":[{"@type":"ReadAction","target":["https:\/\/hundtgroup.com\/fr\/produkt\/machine-a-moulurer-sans-fil-bosch-18-v-40-ah\/"]}]},{"@type":"ImageObject","inLanguage":"fr-FR","@id":"https:\/\/hundtgroup.com\/fr\/produkt\/machine-a-moulurer-sans-fil-bosch-18-v-40-ah\/#primaryimage","url":"https:\/\/hundtgroup.com\/wp-content\/uploads\/340090.png","contentUrl":"https:\/\/hundtgroup.com\/wp-content\/uploads\/340090.png","width":1772,"height":1740},{"@type":"BreadcrumbList","@id":"https:\/\/hundtgroup.com\/fr\/produkt\/machine-a-moulurer-sans-fil-bosch-18-v-40-ah\/#breadcrumb","itemListElement":[{"@type":"ListItem","position":1,"name":"Startseite","item":"https:\/\/hundtgroup.com\/fr\/accueil-nouveau\/"},{"@type":"ListItem","position":2,"name":"Boutique","item":"https:\/\/hundtgroup.com\/boutique\/"},{"@type":"ListItem","position":3,"name":"Machine \u00e0 moulurer sans fil Bosch 18 V 4,0 Ah"}]},{"@type":"WebSite","@id":"https:\/\/hundtgroup.com\/fr\/#website","url":"https:\/\/hundtgroup.com\/fr\/","name":"Wilhelm Hundt GmbH","description":"Votre sp\u00e9cialiste en machines et outils pour le travail de la t\u00f4le","potentialAction":[{"@type":"SearchAction","target":{"@type":"EntryPoint","urlTemplate":"https:\/\/hundtgroup.com\/fr\/?s={search_term_string}"},"query-input":{"@type":"PropertyValueSpecification","valueRequired":true,"valueName":"search_term_string"}}],"inLanguage":"fr-FR"}]}},"_links":{"self":[{"href":"https:\/\/hundtgroup.com\/fr\/wp-json\/wp\/v2\/product\/17699","targetHints":{"allow":["GET"]}}],"collection":[{"href":"https:\/\/hundtgroup.com\/fr\/wp-json\/wp\/v2\/product"}],"about":[{"href":"https:\/\/hundtgroup.com\/fr\/wp-json\/wp\/v2\/types\/product"}],"wp:featuredmedia":[{"embeddable":true,"href":"https:\/\/hundtgroup.com\/fr\/wp-json\/wp\/v2\/media\/17701"}],"wp:attachment":[{"href":"https:\/\/hundtgroup.com\/fr\/wp-json\/wp\/v2\/media?parent=17699"}],"wp:term":[{"taxonomy":"product_cat","embeddable":true,"href":"https:\/\/hundtgroup.com\/fr\/wp-json\/wp\/v2\/product_cat?post=17699"},{"taxonomy":"product_tag","embeddable":true,"href":"https:\/\/hundtgroup.com\/fr\/wp-json\/wp\/v2\/product_tag?post=17699"}],"curies":[{"name":"wp","href":"https:\/\/api.w.org\/{rel}","templated":true}]}}