{"id":18055,"date":"2025-06-18T18:31:24","date_gmt":"2025-06-18T16:31:24","guid":{"rendered":"https:\/\/hundtgroup.com\/produkt\/lime-datelier-demi-ronde\/"},"modified":"2025-08-05T18:10:45","modified_gmt":"2025-08-05T16:10:45","slug":"lime-datelier-demi-ronde","status":"publish","type":"product","link":"https:\/\/hundtgroup.com\/fr\/produkt\/lime-datelier-demi-ronde\/","title":{"rendered":"Lime d&rsquo;atelier, demi-ronde"},"content":{"rendered":"<p>Pour le traitement universel des surfaces m\u00e9talliques par limage fin et grossier et \u00e9bavurage, le c\u00f4t\u00e9 droit pour les surfaces et le c\u00f4t\u00e9 arrondi pour les tubes et les grands al\u00e9sages, structure d&rsquo;acier impeccable et duret\u00e9 uniforme de 63 HRC \u00b1 2, densit\u00e9 et profondeur de coupe uniformes du manche \u00e0 la pointe, forme de lime exacte, g\u00e9om\u00e9trie de dent sp\u00e9ciale, manche ergonomique en plastique<\/p>\n","protected":false},"excerpt":{"rendered":"<p>Pour le traitement universel des surfaces m\u00e9talliques par limage fin et grossier et \u00e9bavurage, le c\u00f4t\u00e9 droit pour les surfaces et le c\u00f4t\u00e9 arrondi pour les tubes et les grands al\u00e9sages, structure d&rsquo;acier impeccable et duret\u00e9 uniforme de 63 HRC \u00b1 2, densit\u00e9 et profondeur de coupe uniformes du manche \u00e0 la pointe, forme de [&hellip;]<\/p>\n","protected":false},"featured_media":18057,"template":"","meta":{"_acf_changed":false,"inline_featured_image":false},"product_cat":[1143,1303],"product_tag":[],"class_list":{"0":"post-18055","1":"product","2":"type-product","3":"status-publish","4":"has-post-thumbnail","6":"brand-hundt","7":"product_cat-outils-a-main","8":"product_cat-lime","10":"first","11":"instock","12":"taxable","13":"shipping-taxable","14":"purchasable","15":"product-type-simple","16":"add-to-wishlist-before_image"},"acf":[],"yoast_head":"<!-- This site is optimized with the Yoast SEO plugin v27.3 - https:\/\/yoast.com\/product\/yoast-seo-wordpress\/ -->\n<title>Lime d&#039;atelier, demi-ronde - Wilhelm Hundt GmbH<\/title>\n<meta name=\"robots\" content=\"index, follow, max-snippet:-1, max-image-preview:large, max-video-preview:-1\" \/>\n<link rel=\"canonical\" href=\"https:\/\/hundtgroup.com\/fr\/produkt\/lime-datelier-demi-ronde\/\" \/>\n<meta property=\"og:locale\" content=\"fr_FR\" \/>\n<meta property=\"og:type\" content=\"article\" \/>\n<meta property=\"og:title\" content=\"Lime d&#039;atelier, demi-ronde - Wilhelm Hundt GmbH\" \/>\n<meta property=\"og:description\" content=\"Pour le traitement universel des surfaces m\u00e9talliques par limage fin et grossier et \u00e9bavurage, le c\u00f4t\u00e9 droit pour les surfaces et le c\u00f4t\u00e9 arrondi pour les tubes et les grands al\u00e9sages, structure d&rsquo;acier impeccable et duret\u00e9 uniforme de 63 HRC \u00b1 2, densit\u00e9 et profondeur de coupe uniformes du manche \u00e0 la pointe, forme de [&hellip;]\" \/>\n<meta property=\"og:url\" content=\"https:\/\/hundtgroup.com\/fr\/produkt\/lime-datelier-demi-ronde\/\" \/>\n<meta property=\"og:site_name\" content=\"Wilhelm Hundt GmbH\" \/>\n<meta property=\"article:modified_time\" content=\"2025-08-05T16:10:45+00:00\" \/>\n<meta property=\"og:image\" content=\"https:\/\/hundtgroup.com\/wp-content\/uploads\/430004.png\" \/>\n\t<meta property=\"og:image:width\" content=\"785\" \/>\n\t<meta property=\"og:image:height\" content=\"99\" \/>\n\t<meta property=\"og:image:type\" content=\"image\/png\" \/>\n<meta name=\"twitter:card\" content=\"summary_large_image\" \/>\n<script type=\"application\/ld+json\" class=\"yoast-schema-graph\">{\"@context\":\"https:\\\/\\\/schema.org\",\"@graph\":[{\"@type\":\"WebPage\",\"@id\":\"https:\\\/\\\/hundtgroup.com\\\/fr\\\/produkt\\\/lime-datelier-demi-ronde\\\/\",\"url\":\"https:\\\/\\\/hundtgroup.com\\\/fr\\\/produkt\\\/lime-datelier-demi-ronde\\\/\",\"name\":\"Lime d'atelier, demi-ronde - Wilhelm Hundt GmbH\",\"isPartOf\":{\"@id\":\"https:\\\/\\\/hundtgroup.com\\\/fr\\\/#website\"},\"primaryImageOfPage\":{\"@id\":\"https:\\\/\\\/hundtgroup.com\\\/fr\\\/produkt\\\/lime-datelier-demi-ronde\\\/#primaryimage\"},\"image\":{\"@id\":\"https:\\\/\\\/hundtgroup.com\\\/fr\\\/produkt\\\/lime-datelier-demi-ronde\\\/#primaryimage\"},\"thumbnailUrl\":\"https:\\\/\\\/hundtgroup.com\\\/wp-content\\\/uploads\\\/430004.png\",\"datePublished\":\"2025-06-18T16:31:24+00:00\",\"dateModified\":\"2025-08-05T16:10:45+00:00\",\"breadcrumb\":{\"@id\":\"https:\\\/\\\/hundtgroup.com\\\/fr\\\/produkt\\\/lime-datelier-demi-ronde\\\/#breadcrumb\"},\"inLanguage\":\"fr-FR\",\"potentialAction\":[{\"@type\":\"ReadAction\",\"target\":[\"https:\\\/\\\/hundtgroup.com\\\/fr\\\/produkt\\\/lime-datelier-demi-ronde\\\/\"]}]},{\"@type\":\"ImageObject\",\"inLanguage\":\"fr-FR\",\"@id\":\"https:\\\/\\\/hundtgroup.com\\\/fr\\\/produkt\\\/lime-datelier-demi-ronde\\\/#primaryimage\",\"url\":\"https:\\\/\\\/hundtgroup.com\\\/wp-content\\\/uploads\\\/430004.png\",\"contentUrl\":\"https:\\\/\\\/hundtgroup.com\\\/wp-content\\\/uploads\\\/430004.png\",\"width\":785,\"height\":99},{\"@type\":\"BreadcrumbList\",\"@id\":\"https:\\\/\\\/hundtgroup.com\\\/fr\\\/produkt\\\/lime-datelier-demi-ronde\\\/#breadcrumb\",\"itemListElement\":[{\"@type\":\"ListItem\",\"position\":1,\"name\":\"Startseite\",\"item\":\"https:\\\/\\\/hundtgroup.com\\\/fr\\\/accueil-nouveau\\\/\"},{\"@type\":\"ListItem\",\"position\":2,\"name\":\"Boutique\",\"item\":\"https:\\\/\\\/hundtgroup.com\\\/boutique\\\/\"},{\"@type\":\"ListItem\",\"position\":3,\"name\":\"Lime d&#8217;atelier, demi-ronde\"}]},{\"@type\":\"WebSite\",\"@id\":\"https:\\\/\\\/hundtgroup.com\\\/fr\\\/#website\",\"url\":\"https:\\\/\\\/hundtgroup.com\\\/fr\\\/\",\"name\":\"Wilhelm Hundt GmbH\",\"description\":\"Votre sp\u00e9cialiste en machines et outils pour le travail de la t\u00f4le\",\"potentialAction\":[{\"@type\":\"SearchAction\",\"target\":{\"@type\":\"EntryPoint\",\"urlTemplate\":\"https:\\\/\\\/hundtgroup.com\\\/fr\\\/?s={search_term_string}\"},\"query-input\":{\"@type\":\"PropertyValueSpecification\",\"valueRequired\":true,\"valueName\":\"search_term_string\"}}],\"inLanguage\":\"fr-FR\"}]}<\/script>\n<!-- \/ Yoast SEO plugin. -->","yoast_head_json":{"title":"Lime d'atelier, demi-ronde - Wilhelm Hundt GmbH","robots":{"index":"index","follow":"follow","max-snippet":"max-snippet:-1","max-image-preview":"max-image-preview:large","max-video-preview":"max-video-preview:-1"},"canonical":"https:\/\/hundtgroup.com\/fr\/produkt\/lime-datelier-demi-ronde\/","og_locale":"fr_FR","og_type":"article","og_title":"Lime d'atelier, demi-ronde - Wilhelm Hundt GmbH","og_description":"Pour le traitement universel des surfaces m\u00e9talliques par limage fin et grossier et \u00e9bavurage, le c\u00f4t\u00e9 droit pour les surfaces et le c\u00f4t\u00e9 arrondi pour les tubes et les grands al\u00e9sages, structure d&rsquo;acier impeccable et duret\u00e9 uniforme de 63 HRC \u00b1 2, densit\u00e9 et profondeur de coupe uniformes du manche \u00e0 la pointe, forme de [&hellip;]","og_url":"https:\/\/hundtgroup.com\/fr\/produkt\/lime-datelier-demi-ronde\/","og_site_name":"Wilhelm Hundt GmbH","article_modified_time":"2025-08-05T16:10:45+00:00","og_image":[{"width":785,"height":99,"url":"https:\/\/hundtgroup.com\/wp-content\/uploads\/430004.png","type":"image\/png"}],"twitter_card":"summary_large_image","schema":{"@context":"https:\/\/schema.org","@graph":[{"@type":"WebPage","@id":"https:\/\/hundtgroup.com\/fr\/produkt\/lime-datelier-demi-ronde\/","url":"https:\/\/hundtgroup.com\/fr\/produkt\/lime-datelier-demi-ronde\/","name":"Lime d'atelier, demi-ronde - Wilhelm Hundt GmbH","isPartOf":{"@id":"https:\/\/hundtgroup.com\/fr\/#website"},"primaryImageOfPage":{"@id":"https:\/\/hundtgroup.com\/fr\/produkt\/lime-datelier-demi-ronde\/#primaryimage"},"image":{"@id":"https:\/\/hundtgroup.com\/fr\/produkt\/lime-datelier-demi-ronde\/#primaryimage"},"thumbnailUrl":"https:\/\/hundtgroup.com\/wp-content\/uploads\/430004.png","datePublished":"2025-06-18T16:31:24+00:00","dateModified":"2025-08-05T16:10:45+00:00","breadcrumb":{"@id":"https:\/\/hundtgroup.com\/fr\/produkt\/lime-datelier-demi-ronde\/#breadcrumb"},"inLanguage":"fr-FR","potentialAction":[{"@type":"ReadAction","target":["https:\/\/hundtgroup.com\/fr\/produkt\/lime-datelier-demi-ronde\/"]}]},{"@type":"ImageObject","inLanguage":"fr-FR","@id":"https:\/\/hundtgroup.com\/fr\/produkt\/lime-datelier-demi-ronde\/#primaryimage","url":"https:\/\/hundtgroup.com\/wp-content\/uploads\/430004.png","contentUrl":"https:\/\/hundtgroup.com\/wp-content\/uploads\/430004.png","width":785,"height":99},{"@type":"BreadcrumbList","@id":"https:\/\/hundtgroup.com\/fr\/produkt\/lime-datelier-demi-ronde\/#breadcrumb","itemListElement":[{"@type":"ListItem","position":1,"name":"Startseite","item":"https:\/\/hundtgroup.com\/fr\/accueil-nouveau\/"},{"@type":"ListItem","position":2,"name":"Boutique","item":"https:\/\/hundtgroup.com\/boutique\/"},{"@type":"ListItem","position":3,"name":"Lime d&#8217;atelier, demi-ronde"}]},{"@type":"WebSite","@id":"https:\/\/hundtgroup.com\/fr\/#website","url":"https:\/\/hundtgroup.com\/fr\/","name":"Wilhelm Hundt GmbH","description":"Votre sp\u00e9cialiste en machines et outils pour le travail de la t\u00f4le","potentialAction":[{"@type":"SearchAction","target":{"@type":"EntryPoint","urlTemplate":"https:\/\/hundtgroup.com\/fr\/?s={search_term_string}"},"query-input":{"@type":"PropertyValueSpecification","valueRequired":true,"valueName":"search_term_string"}}],"inLanguage":"fr-FR"}]}},"_links":{"self":[{"href":"https:\/\/hundtgroup.com\/fr\/wp-json\/wp\/v2\/product\/18055","targetHints":{"allow":["GET"]}}],"collection":[{"href":"https:\/\/hundtgroup.com\/fr\/wp-json\/wp\/v2\/product"}],"about":[{"href":"https:\/\/hundtgroup.com\/fr\/wp-json\/wp\/v2\/types\/product"}],"wp:featuredmedia":[{"embeddable":true,"href":"https:\/\/hundtgroup.com\/fr\/wp-json\/wp\/v2\/media\/18057"}],"wp:attachment":[{"href":"https:\/\/hundtgroup.com\/fr\/wp-json\/wp\/v2\/media?parent=18055"}],"wp:term":[{"taxonomy":"product_cat","embeddable":true,"href":"https:\/\/hundtgroup.com\/fr\/wp-json\/wp\/v2\/product_cat?post=18055"},{"taxonomy":"product_tag","embeddable":true,"href":"https:\/\/hundtgroup.com\/fr\/wp-json\/wp\/v2\/product_tag?post=18055"}],"curies":[{"name":"wp","href":"https:\/\/api.w.org\/{rel}","templated":true}]}}