{"id":18069,"date":"2025-06-18T18:31:24","date_gmt":"2025-06-18T16:31:24","guid":{"rendered":"https:\/\/hundtgroup.com\/produkt\/lime-datelier-bout-plat\/"},"modified":"2025-08-05T18:13:01","modified_gmt":"2025-08-05T16:13:01","slug":"lime-datelier-bout-plat","status":"publish","type":"product","link":"https:\/\/hundtgroup.com\/fr\/produkt\/lime-datelier-bout-plat\/","title":{"rendered":"Lime d&rsquo;atelier, bout plat"},"content":{"rendered":"<p>Pour le traitement universel des surfaces m\u00e9talliques par limage fin et grossier et \u00e9bavurage, structure d&rsquo;acier irr\u00e9prochable et duret\u00e9 homog\u00e8ne de 63 HRC \u00b1 2, densit\u00e9 et profondeur de coupe homog\u00e8nes du manche \u00e0 la pointe, forme de lime exacte, g\u00e9om\u00e9trie de dent sp\u00e9ciale, manche ergonomique en plastique<\/p>\n","protected":false},"excerpt":{"rendered":"<p>Pour le traitement universel des surfaces m\u00e9talliques par limage fin et grossier et \u00e9bavurage, structure d&rsquo;acier irr\u00e9prochable et duret\u00e9 homog\u00e8ne de 63 HRC \u00b1 2, densit\u00e9 et profondeur de coupe homog\u00e8nes du manche \u00e0 la pointe, forme de lime exacte, g\u00e9om\u00e9trie de dent sp\u00e9ciale, manche ergonomique en plastique<\/p>\n","protected":false},"featured_media":18072,"template":"","meta":{"_acf_changed":false,"inline_featured_image":false},"product_cat":[1143,1303],"product_tag":[],"class_list":{"0":"post-18069","1":"product","2":"type-product","3":"status-publish","4":"has-post-thumbnail","6":"brand-hundt","7":"product_cat-outils-a-main","8":"product_cat-lime","10":"first","11":"instock","12":"taxable","13":"shipping-taxable","14":"purchasable","15":"product-type-simple","16":"add-to-wishlist-before_image"},"acf":[],"yoast_head":"<!-- This site is optimized with the Yoast SEO plugin v27.3 - https:\/\/yoast.com\/product\/yoast-seo-wordpress\/ -->\n<title>Lime d&#039;atelier, bout plat - Wilhelm Hundt GmbH<\/title>\n<meta name=\"robots\" content=\"index, follow, max-snippet:-1, max-image-preview:large, max-video-preview:-1\" \/>\n<link rel=\"canonical\" href=\"https:\/\/hundtgroup.com\/fr\/produkt\/lime-datelier-bout-plat\/\" \/>\n<meta property=\"og:locale\" content=\"fr_FR\" \/>\n<meta property=\"og:type\" content=\"article\" \/>\n<meta property=\"og:title\" content=\"Lime d&#039;atelier, bout plat - Wilhelm Hundt GmbH\" \/>\n<meta property=\"og:description\" content=\"Pour le traitement universel des surfaces m\u00e9talliques par limage fin et grossier et \u00e9bavurage, structure d&rsquo;acier irr\u00e9prochable et duret\u00e9 homog\u00e8ne de 63 HRC \u00b1 2, densit\u00e9 et profondeur de coupe homog\u00e8nes du manche \u00e0 la pointe, forme de lime exacte, g\u00e9om\u00e9trie de dent sp\u00e9ciale, manche ergonomique en plastique\" \/>\n<meta property=\"og:url\" content=\"https:\/\/hundtgroup.com\/fr\/produkt\/lime-datelier-bout-plat\/\" \/>\n<meta property=\"og:site_name\" content=\"Wilhelm Hundt GmbH\" \/>\n<meta property=\"article:modified_time\" content=\"2025-08-05T16:13:01+00:00\" \/>\n<meta property=\"og:image\" content=\"https:\/\/hundtgroup.com\/wp-content\/uploads\/430002.png\" \/>\n\t<meta property=\"og:image:width\" content=\"790\" \/>\n\t<meta property=\"og:image:height\" content=\"93\" \/>\n\t<meta property=\"og:image:type\" content=\"image\/png\" \/>\n<meta name=\"twitter:card\" content=\"summary_large_image\" \/>\n<script type=\"application\/ld+json\" class=\"yoast-schema-graph\">{\"@context\":\"https:\\\/\\\/schema.org\",\"@graph\":[{\"@type\":\"WebPage\",\"@id\":\"https:\\\/\\\/hundtgroup.com\\\/fr\\\/produkt\\\/lime-datelier-bout-plat\\\/\",\"url\":\"https:\\\/\\\/hundtgroup.com\\\/fr\\\/produkt\\\/lime-datelier-bout-plat\\\/\",\"name\":\"Lime d'atelier, bout plat - Wilhelm Hundt GmbH\",\"isPartOf\":{\"@id\":\"https:\\\/\\\/hundtgroup.com\\\/fr\\\/#website\"},\"primaryImageOfPage\":{\"@id\":\"https:\\\/\\\/hundtgroup.com\\\/fr\\\/produkt\\\/lime-datelier-bout-plat\\\/#primaryimage\"},\"image\":{\"@id\":\"https:\\\/\\\/hundtgroup.com\\\/fr\\\/produkt\\\/lime-datelier-bout-plat\\\/#primaryimage\"},\"thumbnailUrl\":\"https:\\\/\\\/hundtgroup.com\\\/wp-content\\\/uploads\\\/430002.png\",\"datePublished\":\"2025-06-18T16:31:24+00:00\",\"dateModified\":\"2025-08-05T16:13:01+00:00\",\"breadcrumb\":{\"@id\":\"https:\\\/\\\/hundtgroup.com\\\/fr\\\/produkt\\\/lime-datelier-bout-plat\\\/#breadcrumb\"},\"inLanguage\":\"fr-FR\",\"potentialAction\":[{\"@type\":\"ReadAction\",\"target\":[\"https:\\\/\\\/hundtgroup.com\\\/fr\\\/produkt\\\/lime-datelier-bout-plat\\\/\"]}]},{\"@type\":\"ImageObject\",\"inLanguage\":\"fr-FR\",\"@id\":\"https:\\\/\\\/hundtgroup.com\\\/fr\\\/produkt\\\/lime-datelier-bout-plat\\\/#primaryimage\",\"url\":\"https:\\\/\\\/hundtgroup.com\\\/wp-content\\\/uploads\\\/430002.png\",\"contentUrl\":\"https:\\\/\\\/hundtgroup.com\\\/wp-content\\\/uploads\\\/430002.png\",\"width\":790,\"height\":93},{\"@type\":\"BreadcrumbList\",\"@id\":\"https:\\\/\\\/hundtgroup.com\\\/fr\\\/produkt\\\/lime-datelier-bout-plat\\\/#breadcrumb\",\"itemListElement\":[{\"@type\":\"ListItem\",\"position\":1,\"name\":\"Startseite\",\"item\":\"https:\\\/\\\/hundtgroup.com\\\/fr\\\/accueil-nouveau\\\/\"},{\"@type\":\"ListItem\",\"position\":2,\"name\":\"Boutique\",\"item\":\"https:\\\/\\\/hundtgroup.com\\\/boutique\\\/\"},{\"@type\":\"ListItem\",\"position\":3,\"name\":\"Lime d&#8217;atelier, bout plat\"}]},{\"@type\":\"WebSite\",\"@id\":\"https:\\\/\\\/hundtgroup.com\\\/fr\\\/#website\",\"url\":\"https:\\\/\\\/hundtgroup.com\\\/fr\\\/\",\"name\":\"Wilhelm Hundt GmbH\",\"description\":\"Votre sp\u00e9cialiste en machines et outils pour le travail de la t\u00f4le\",\"potentialAction\":[{\"@type\":\"SearchAction\",\"target\":{\"@type\":\"EntryPoint\",\"urlTemplate\":\"https:\\\/\\\/hundtgroup.com\\\/fr\\\/?s={search_term_string}\"},\"query-input\":{\"@type\":\"PropertyValueSpecification\",\"valueRequired\":true,\"valueName\":\"search_term_string\"}}],\"inLanguage\":\"fr-FR\"}]}<\/script>\n<!-- \/ Yoast SEO plugin. -->","yoast_head_json":{"title":"Lime d'atelier, bout plat - Wilhelm Hundt GmbH","robots":{"index":"index","follow":"follow","max-snippet":"max-snippet:-1","max-image-preview":"max-image-preview:large","max-video-preview":"max-video-preview:-1"},"canonical":"https:\/\/hundtgroup.com\/fr\/produkt\/lime-datelier-bout-plat\/","og_locale":"fr_FR","og_type":"article","og_title":"Lime d'atelier, bout plat - Wilhelm Hundt GmbH","og_description":"Pour le traitement universel des surfaces m\u00e9talliques par limage fin et grossier et \u00e9bavurage, structure d&rsquo;acier irr\u00e9prochable et duret\u00e9 homog\u00e8ne de 63 HRC \u00b1 2, densit\u00e9 et profondeur de coupe homog\u00e8nes du manche \u00e0 la pointe, forme de lime exacte, g\u00e9om\u00e9trie de dent sp\u00e9ciale, manche ergonomique en plastique","og_url":"https:\/\/hundtgroup.com\/fr\/produkt\/lime-datelier-bout-plat\/","og_site_name":"Wilhelm Hundt GmbH","article_modified_time":"2025-08-05T16:13:01+00:00","og_image":[{"width":790,"height":93,"url":"https:\/\/hundtgroup.com\/wp-content\/uploads\/430002.png","type":"image\/png"}],"twitter_card":"summary_large_image","schema":{"@context":"https:\/\/schema.org","@graph":[{"@type":"WebPage","@id":"https:\/\/hundtgroup.com\/fr\/produkt\/lime-datelier-bout-plat\/","url":"https:\/\/hundtgroup.com\/fr\/produkt\/lime-datelier-bout-plat\/","name":"Lime d'atelier, bout plat - Wilhelm Hundt GmbH","isPartOf":{"@id":"https:\/\/hundtgroup.com\/fr\/#website"},"primaryImageOfPage":{"@id":"https:\/\/hundtgroup.com\/fr\/produkt\/lime-datelier-bout-plat\/#primaryimage"},"image":{"@id":"https:\/\/hundtgroup.com\/fr\/produkt\/lime-datelier-bout-plat\/#primaryimage"},"thumbnailUrl":"https:\/\/hundtgroup.com\/wp-content\/uploads\/430002.png","datePublished":"2025-06-18T16:31:24+00:00","dateModified":"2025-08-05T16:13:01+00:00","breadcrumb":{"@id":"https:\/\/hundtgroup.com\/fr\/produkt\/lime-datelier-bout-plat\/#breadcrumb"},"inLanguage":"fr-FR","potentialAction":[{"@type":"ReadAction","target":["https:\/\/hundtgroup.com\/fr\/produkt\/lime-datelier-bout-plat\/"]}]},{"@type":"ImageObject","inLanguage":"fr-FR","@id":"https:\/\/hundtgroup.com\/fr\/produkt\/lime-datelier-bout-plat\/#primaryimage","url":"https:\/\/hundtgroup.com\/wp-content\/uploads\/430002.png","contentUrl":"https:\/\/hundtgroup.com\/wp-content\/uploads\/430002.png","width":790,"height":93},{"@type":"BreadcrumbList","@id":"https:\/\/hundtgroup.com\/fr\/produkt\/lime-datelier-bout-plat\/#breadcrumb","itemListElement":[{"@type":"ListItem","position":1,"name":"Startseite","item":"https:\/\/hundtgroup.com\/fr\/accueil-nouveau\/"},{"@type":"ListItem","position":2,"name":"Boutique","item":"https:\/\/hundtgroup.com\/boutique\/"},{"@type":"ListItem","position":3,"name":"Lime d&#8217;atelier, bout plat"}]},{"@type":"WebSite","@id":"https:\/\/hundtgroup.com\/fr\/#website","url":"https:\/\/hundtgroup.com\/fr\/","name":"Wilhelm Hundt GmbH","description":"Votre sp\u00e9cialiste en machines et outils pour le travail de la t\u00f4le","potentialAction":[{"@type":"SearchAction","target":{"@type":"EntryPoint","urlTemplate":"https:\/\/hundtgroup.com\/fr\/?s={search_term_string}"},"query-input":{"@type":"PropertyValueSpecification","valueRequired":true,"valueName":"search_term_string"}}],"inLanguage":"fr-FR"}]}},"_links":{"self":[{"href":"https:\/\/hundtgroup.com\/fr\/wp-json\/wp\/v2\/product\/18069","targetHints":{"allow":["GET"]}}],"collection":[{"href":"https:\/\/hundtgroup.com\/fr\/wp-json\/wp\/v2\/product"}],"about":[{"href":"https:\/\/hundtgroup.com\/fr\/wp-json\/wp\/v2\/types\/product"}],"wp:featuredmedia":[{"embeddable":true,"href":"https:\/\/hundtgroup.com\/fr\/wp-json\/wp\/v2\/media\/18072"}],"wp:attachment":[{"href":"https:\/\/hundtgroup.com\/fr\/wp-json\/wp\/v2\/media?parent=18069"}],"wp:term":[{"taxonomy":"product_cat","embeddable":true,"href":"https:\/\/hundtgroup.com\/fr\/wp-json\/wp\/v2\/product_cat?post=18069"},{"taxonomy":"product_tag","embeddable":true,"href":"https:\/\/hundtgroup.com\/fr\/wp-json\/wp\/v2\/product_tag?post=18069"}],"curies":[{"name":"wp","href":"https:\/\/api.w.org\/{rel}","templated":true}]}}