{"id":18318,"date":"2025-06-18T18:31:05","date_gmt":"2025-06-18T16:31:05","guid":{"rendered":"https:\/\/hundtgroup.com\/produkt\/knipex-pince-coupante-diagonale-70-02-2\/"},"modified":"2025-08-05T18:01:55","modified_gmt":"2025-08-05T16:01:55","slug":"knipex-pince-coupante-diagonale-70-02-2","status":"publish","type":"product","link":"https:\/\/hundtgroup.com\/fr\/produkt\/knipex-pince-coupante-diagonale-70-02-2\/","title":{"rendered":"KNIPEX pince coupante diagonale 70 02 140"},"content":{"rendered":"<p>Tranchants de pr\u00e9cision pour fils doux et durs, coupe nette des fils de cuivre fins, m\u00eame aux pointes des tranchants, forme de t\u00eate fine, acier \u00e9lectrique au vanadium, duret\u00e9 des tranchants env. 62 HRC, forg\u00e9, tremp\u00e9 \u00e0 l&rsquo;huile, poign\u00e9es avec gaines multicomposants.<\/p>\n","protected":false},"excerpt":{"rendered":"<p>Tranchants de pr\u00e9cision pour fils doux et durs, coupe nette des fils de cuivre fins, m\u00eame aux pointes des tranchants, forme de t\u00eate fine, acier \u00e9lectrique au vanadium, duret\u00e9 des tranchants env. 62 HRC, forg\u00e9, tremp\u00e9 \u00e0 l&rsquo;huile, poign\u00e9es avec gaines multicomposants.<\/p>\n","protected":false},"featured_media":18213,"template":"","meta":{"_acf_changed":false,"inline_featured_image":false},"product_cat":[1143,1213,1293],"product_tag":[],"class_list":{"0":"post-18318","1":"product","2":"type-product","3":"status-publish","4":"has-post-thumbnail","6":"brand-knipex","7":"product_cat-outils-a-main","8":"product_cat-outils-de-coupe","9":"product_cat-pince-coupante","11":"first","12":"instock","13":"taxable","14":"shipping-taxable","15":"purchasable","16":"product-type-simple","17":"add-to-wishlist-before_image"},"acf":[],"yoast_head":"<!-- This site is optimized with the Yoast SEO plugin v27.3 - https:\/\/yoast.com\/product\/yoast-seo-wordpress\/ -->\n<title>KNIPEX pince coupante diagonale 70 02 140 - Wilhelm Hundt GmbH<\/title>\n<meta name=\"robots\" content=\"index, follow, max-snippet:-1, max-image-preview:large, max-video-preview:-1\" \/>\n<link rel=\"canonical\" href=\"https:\/\/hundtgroup.com\/fr\/produkt\/knipex-pince-coupante-diagonale-70-02-2\/\" \/>\n<meta property=\"og:locale\" content=\"fr_FR\" \/>\n<meta property=\"og:type\" content=\"article\" \/>\n<meta property=\"og:title\" content=\"KNIPEX pince coupante diagonale 70 02 140 - Wilhelm Hundt GmbH\" \/>\n<meta property=\"og:description\" content=\"Tranchants de pr\u00e9cision pour fils doux et durs, coupe nette des fils de cuivre fins, m\u00eame aux pointes des tranchants, forme de t\u00eate fine, acier \u00e9lectrique au vanadium, duret\u00e9 des tranchants env. 62 HRC, forg\u00e9, tremp\u00e9 \u00e0 l&rsquo;huile, poign\u00e9es avec gaines multicomposants.\" \/>\n<meta property=\"og:url\" content=\"https:\/\/hundtgroup.com\/fr\/produkt\/knipex-pince-coupante-diagonale-70-02-2\/\" \/>\n<meta property=\"og:site_name\" content=\"Wilhelm Hundt GmbH\" \/>\n<meta property=\"article:modified_time\" content=\"2025-08-05T16:01:55+00:00\" \/>\n<meta property=\"og:image\" content=\"https:\/\/hundtgroup.com\/wp-content\/uploads\/410573.jpg\" \/>\n\t<meta property=\"og:image:width\" content=\"1000\" \/>\n\t<meta property=\"og:image:height\" content=\"1000\" \/>\n\t<meta property=\"og:image:type\" content=\"image\/jpeg\" \/>\n<meta name=\"twitter:card\" content=\"summary_large_image\" \/>\n<script type=\"application\/ld+json\" class=\"yoast-schema-graph\">{\"@context\":\"https:\\\/\\\/schema.org\",\"@graph\":[{\"@type\":\"WebPage\",\"@id\":\"https:\\\/\\\/hundtgroup.com\\\/fr\\\/produkt\\\/knipex-pince-coupante-diagonale-70-02-2\\\/\",\"url\":\"https:\\\/\\\/hundtgroup.com\\\/fr\\\/produkt\\\/knipex-pince-coupante-diagonale-70-02-2\\\/\",\"name\":\"KNIPEX pince coupante diagonale 70 02 140 - Wilhelm Hundt GmbH\",\"isPartOf\":{\"@id\":\"https:\\\/\\\/hundtgroup.com\\\/fr\\\/#website\"},\"primaryImageOfPage\":{\"@id\":\"https:\\\/\\\/hundtgroup.com\\\/fr\\\/produkt\\\/knipex-pince-coupante-diagonale-70-02-2\\\/#primaryimage\"},\"image\":{\"@id\":\"https:\\\/\\\/hundtgroup.com\\\/fr\\\/produkt\\\/knipex-pince-coupante-diagonale-70-02-2\\\/#primaryimage\"},\"thumbnailUrl\":\"https:\\\/\\\/hundtgroup.com\\\/wp-content\\\/uploads\\\/410573.jpg\",\"datePublished\":\"2025-06-18T16:31:05+00:00\",\"dateModified\":\"2025-08-05T16:01:55+00:00\",\"breadcrumb\":{\"@id\":\"https:\\\/\\\/hundtgroup.com\\\/fr\\\/produkt\\\/knipex-pince-coupante-diagonale-70-02-2\\\/#breadcrumb\"},\"inLanguage\":\"fr-FR\",\"potentialAction\":[{\"@type\":\"ReadAction\",\"target\":[\"https:\\\/\\\/hundtgroup.com\\\/fr\\\/produkt\\\/knipex-pince-coupante-diagonale-70-02-2\\\/\"]}]},{\"@type\":\"ImageObject\",\"inLanguage\":\"fr-FR\",\"@id\":\"https:\\\/\\\/hundtgroup.com\\\/fr\\\/produkt\\\/knipex-pince-coupante-diagonale-70-02-2\\\/#primaryimage\",\"url\":\"https:\\\/\\\/hundtgroup.com\\\/wp-content\\\/uploads\\\/410573.jpg\",\"contentUrl\":\"https:\\\/\\\/hundtgroup.com\\\/wp-content\\\/uploads\\\/410573.jpg\",\"width\":1000,\"height\":1000},{\"@type\":\"BreadcrumbList\",\"@id\":\"https:\\\/\\\/hundtgroup.com\\\/fr\\\/produkt\\\/knipex-pince-coupante-diagonale-70-02-2\\\/#breadcrumb\",\"itemListElement\":[{\"@type\":\"ListItem\",\"position\":1,\"name\":\"Startseite\",\"item\":\"https:\\\/\\\/hundtgroup.com\\\/fr\\\/accueil-nouveau\\\/\"},{\"@type\":\"ListItem\",\"position\":2,\"name\":\"Boutique\",\"item\":\"https:\\\/\\\/hundtgroup.com\\\/boutique\\\/\"},{\"@type\":\"ListItem\",\"position\":3,\"name\":\"KNIPEX pince coupante diagonale 70 02 140\"}]},{\"@type\":\"WebSite\",\"@id\":\"https:\\\/\\\/hundtgroup.com\\\/fr\\\/#website\",\"url\":\"https:\\\/\\\/hundtgroup.com\\\/fr\\\/\",\"name\":\"Wilhelm Hundt GmbH\",\"description\":\"Votre sp\u00e9cialiste en machines et outils pour le travail de la t\u00f4le\",\"potentialAction\":[{\"@type\":\"SearchAction\",\"target\":{\"@type\":\"EntryPoint\",\"urlTemplate\":\"https:\\\/\\\/hundtgroup.com\\\/fr\\\/?s={search_term_string}\"},\"query-input\":{\"@type\":\"PropertyValueSpecification\",\"valueRequired\":true,\"valueName\":\"search_term_string\"}}],\"inLanguage\":\"fr-FR\"}]}<\/script>\n<!-- \/ Yoast SEO plugin. -->","yoast_head_json":{"title":"KNIPEX pince coupante diagonale 70 02 140 - Wilhelm Hundt GmbH","robots":{"index":"index","follow":"follow","max-snippet":"max-snippet:-1","max-image-preview":"max-image-preview:large","max-video-preview":"max-video-preview:-1"},"canonical":"https:\/\/hundtgroup.com\/fr\/produkt\/knipex-pince-coupante-diagonale-70-02-2\/","og_locale":"fr_FR","og_type":"article","og_title":"KNIPEX pince coupante diagonale 70 02 140 - Wilhelm Hundt GmbH","og_description":"Tranchants de pr\u00e9cision pour fils doux et durs, coupe nette des fils de cuivre fins, m\u00eame aux pointes des tranchants, forme de t\u00eate fine, acier \u00e9lectrique au vanadium, duret\u00e9 des tranchants env. 62 HRC, forg\u00e9, tremp\u00e9 \u00e0 l&rsquo;huile, poign\u00e9es avec gaines multicomposants.","og_url":"https:\/\/hundtgroup.com\/fr\/produkt\/knipex-pince-coupante-diagonale-70-02-2\/","og_site_name":"Wilhelm Hundt GmbH","article_modified_time":"2025-08-05T16:01:55+00:00","og_image":[{"width":1000,"height":1000,"url":"https:\/\/hundtgroup.com\/wp-content\/uploads\/410573.jpg","type":"image\/jpeg"}],"twitter_card":"summary_large_image","schema":{"@context":"https:\/\/schema.org","@graph":[{"@type":"WebPage","@id":"https:\/\/hundtgroup.com\/fr\/produkt\/knipex-pince-coupante-diagonale-70-02-2\/","url":"https:\/\/hundtgroup.com\/fr\/produkt\/knipex-pince-coupante-diagonale-70-02-2\/","name":"KNIPEX pince coupante diagonale 70 02 140 - Wilhelm Hundt GmbH","isPartOf":{"@id":"https:\/\/hundtgroup.com\/fr\/#website"},"primaryImageOfPage":{"@id":"https:\/\/hundtgroup.com\/fr\/produkt\/knipex-pince-coupante-diagonale-70-02-2\/#primaryimage"},"image":{"@id":"https:\/\/hundtgroup.com\/fr\/produkt\/knipex-pince-coupante-diagonale-70-02-2\/#primaryimage"},"thumbnailUrl":"https:\/\/hundtgroup.com\/wp-content\/uploads\/410573.jpg","datePublished":"2025-06-18T16:31:05+00:00","dateModified":"2025-08-05T16:01:55+00:00","breadcrumb":{"@id":"https:\/\/hundtgroup.com\/fr\/produkt\/knipex-pince-coupante-diagonale-70-02-2\/#breadcrumb"},"inLanguage":"fr-FR","potentialAction":[{"@type":"ReadAction","target":["https:\/\/hundtgroup.com\/fr\/produkt\/knipex-pince-coupante-diagonale-70-02-2\/"]}]},{"@type":"ImageObject","inLanguage":"fr-FR","@id":"https:\/\/hundtgroup.com\/fr\/produkt\/knipex-pince-coupante-diagonale-70-02-2\/#primaryimage","url":"https:\/\/hundtgroup.com\/wp-content\/uploads\/410573.jpg","contentUrl":"https:\/\/hundtgroup.com\/wp-content\/uploads\/410573.jpg","width":1000,"height":1000},{"@type":"BreadcrumbList","@id":"https:\/\/hundtgroup.com\/fr\/produkt\/knipex-pince-coupante-diagonale-70-02-2\/#breadcrumb","itemListElement":[{"@type":"ListItem","position":1,"name":"Startseite","item":"https:\/\/hundtgroup.com\/fr\/accueil-nouveau\/"},{"@type":"ListItem","position":2,"name":"Boutique","item":"https:\/\/hundtgroup.com\/boutique\/"},{"@type":"ListItem","position":3,"name":"KNIPEX pince coupante diagonale 70 02 140"}]},{"@type":"WebSite","@id":"https:\/\/hundtgroup.com\/fr\/#website","url":"https:\/\/hundtgroup.com\/fr\/","name":"Wilhelm Hundt GmbH","description":"Votre sp\u00e9cialiste en machines et outils pour le travail de la t\u00f4le","potentialAction":[{"@type":"SearchAction","target":{"@type":"EntryPoint","urlTemplate":"https:\/\/hundtgroup.com\/fr\/?s={search_term_string}"},"query-input":{"@type":"PropertyValueSpecification","valueRequired":true,"valueName":"search_term_string"}}],"inLanguage":"fr-FR"}]}},"_links":{"self":[{"href":"https:\/\/hundtgroup.com\/fr\/wp-json\/wp\/v2\/product\/18318","targetHints":{"allow":["GET"]}}],"collection":[{"href":"https:\/\/hundtgroup.com\/fr\/wp-json\/wp\/v2\/product"}],"about":[{"href":"https:\/\/hundtgroup.com\/fr\/wp-json\/wp\/v2\/types\/product"}],"wp:featuredmedia":[{"embeddable":true,"href":"https:\/\/hundtgroup.com\/fr\/wp-json\/wp\/v2\/media\/18213"}],"wp:attachment":[{"href":"https:\/\/hundtgroup.com\/fr\/wp-json\/wp\/v2\/media?parent=18318"}],"wp:term":[{"taxonomy":"product_cat","embeddable":true,"href":"https:\/\/hundtgroup.com\/fr\/wp-json\/wp\/v2\/product_cat?post=18318"},{"taxonomy":"product_tag","embeddable":true,"href":"https:\/\/hundtgroup.com\/fr\/wp-json\/wp\/v2\/product_tag?post=18318"}],"curies":[{"name":"wp","href":"https:\/\/api.w.org\/{rel}","templated":true}]}}