{"id":18495,"date":"2025-06-18T18:31:10","date_gmt":"2025-06-18T16:31:10","guid":{"rendered":"https:\/\/hundtgroup.com\/produkt\/ciseaux-a-tapis-hundt-avec-poignees-en-bois\/"},"modified":"2025-08-05T17:50:45","modified_gmt":"2025-08-05T15:50:45","slug":"ciseaux-a-tapis-hundt-avec-poignees-en-bois","status":"publish","type":"product","link":"https:\/\/hundtgroup.com\/fr\/produkt\/ciseaux-a-tapis-hundt-avec-poignees-en-bois\/","title":{"rendered":"Ciseaux \u00e0 tapis Hundt avec poign\u00e9es en bois"},"content":{"rendered":"<p>Cisaille \u00e0 isolation robuste forg\u00e9e<br \/>\nCisaille \u00e0 angle sp\u00e9cial<br \/>\nTranchants tremp\u00e9s<br \/>\nPoign\u00e9es en bois solides<br \/>\nPour couper les mat\u00e9riaux isolants tels que la laine de verre et de roche, le m\u00e9tal d\u00e9ploy\u00e9, les treillis de poutres et le fil d&rsquo;enduit<\/p>\n","protected":false},"excerpt":{"rendered":"<p>Cisaille \u00e0 isolation robuste forg\u00e9e Cisaille \u00e0 angle sp\u00e9cial Tranchants tremp\u00e9s Poign\u00e9es en bois solides Pour couper les mat\u00e9riaux isolants tels que la laine de verre et de roche, le m\u00e9tal d\u00e9ploy\u00e9, les treillis de poutres et le fil d&rsquo;enduit<\/p>\n","protected":false},"featured_media":18498,"template":"","meta":{"_acf_changed":false,"inline_featured_image":false},"product_cat":[1143,1213,1276],"product_tag":[],"class_list":{"0":"post-18495","1":"product","2":"type-product","3":"status-publish","4":"has-post-thumbnail","6":"brand-hundt","7":"product_cat-outils-a-main","8":"product_cat-outils-de-coupe","9":"product_cat-ciseaux-pour-tapis","11":"first","12":"instock","13":"taxable","14":"shipping-taxable","15":"purchasable","16":"product-type-simple","17":"add-to-wishlist-before_image"},"acf":[],"yoast_head":"<!-- This site is optimized with the Yoast SEO plugin v27.3 - https:\/\/yoast.com\/product\/yoast-seo-wordpress\/ -->\n<title>Ciseaux \u00e0 tapis Hundt avec poign\u00e9es en bois - Wilhelm Hundt GmbH<\/title>\n<meta name=\"robots\" content=\"index, follow, max-snippet:-1, max-image-preview:large, max-video-preview:-1\" \/>\n<link rel=\"canonical\" href=\"https:\/\/hundtgroup.com\/fr\/produkt\/ciseaux-a-tapis-hundt-avec-poignees-en-bois\/\" \/>\n<meta property=\"og:locale\" content=\"fr_FR\" \/>\n<meta property=\"og:type\" content=\"article\" \/>\n<meta property=\"og:title\" content=\"Ciseaux \u00e0 tapis Hundt avec poign\u00e9es en bois - Wilhelm Hundt GmbH\" \/>\n<meta property=\"og:description\" content=\"Cisaille \u00e0 isolation robuste forg\u00e9e Cisaille \u00e0 angle sp\u00e9cial Tranchants tremp\u00e9s Poign\u00e9es en bois solides Pour couper les mat\u00e9riaux isolants tels que la laine de verre et de roche, le m\u00e9tal d\u00e9ploy\u00e9, les treillis de poutres et le fil d&rsquo;enduit\" \/>\n<meta property=\"og:url\" content=\"https:\/\/hundtgroup.com\/fr\/produkt\/ciseaux-a-tapis-hundt-avec-poignees-en-bois\/\" \/>\n<meta property=\"og:site_name\" content=\"Wilhelm Hundt GmbH\" \/>\n<meta property=\"article:modified_time\" content=\"2025-08-05T15:50:45+00:00\" \/>\n<meta property=\"og:image\" content=\"https:\/\/hundtgroup.com\/wp-content\/uploads\/470200-scaled.jpg\" \/>\n\t<meta property=\"og:image:width\" content=\"2560\" \/>\n\t<meta property=\"og:image:height\" content=\"1705\" \/>\n\t<meta property=\"og:image:type\" content=\"image\/jpeg\" \/>\n<meta name=\"twitter:card\" content=\"summary_large_image\" \/>\n<script type=\"application\/ld+json\" class=\"yoast-schema-graph\">{\"@context\":\"https:\\\/\\\/schema.org\",\"@graph\":[{\"@type\":\"WebPage\",\"@id\":\"https:\\\/\\\/hundtgroup.com\\\/fr\\\/produkt\\\/ciseaux-a-tapis-hundt-avec-poignees-en-bois\\\/\",\"url\":\"https:\\\/\\\/hundtgroup.com\\\/fr\\\/produkt\\\/ciseaux-a-tapis-hundt-avec-poignees-en-bois\\\/\",\"name\":\"Ciseaux \u00e0 tapis Hundt avec poign\u00e9es en bois - Wilhelm Hundt GmbH\",\"isPartOf\":{\"@id\":\"https:\\\/\\\/hundtgroup.com\\\/fr\\\/#website\"},\"primaryImageOfPage\":{\"@id\":\"https:\\\/\\\/hundtgroup.com\\\/fr\\\/produkt\\\/ciseaux-a-tapis-hundt-avec-poignees-en-bois\\\/#primaryimage\"},\"image\":{\"@id\":\"https:\\\/\\\/hundtgroup.com\\\/fr\\\/produkt\\\/ciseaux-a-tapis-hundt-avec-poignees-en-bois\\\/#primaryimage\"},\"thumbnailUrl\":\"https:\\\/\\\/hundtgroup.com\\\/wp-content\\\/uploads\\\/470200-scaled.jpg\",\"datePublished\":\"2025-06-18T16:31:10+00:00\",\"dateModified\":\"2025-08-05T15:50:45+00:00\",\"breadcrumb\":{\"@id\":\"https:\\\/\\\/hundtgroup.com\\\/fr\\\/produkt\\\/ciseaux-a-tapis-hundt-avec-poignees-en-bois\\\/#breadcrumb\"},\"inLanguage\":\"fr-FR\",\"potentialAction\":[{\"@type\":\"ReadAction\",\"target\":[\"https:\\\/\\\/hundtgroup.com\\\/fr\\\/produkt\\\/ciseaux-a-tapis-hundt-avec-poignees-en-bois\\\/\"]}]},{\"@type\":\"ImageObject\",\"inLanguage\":\"fr-FR\",\"@id\":\"https:\\\/\\\/hundtgroup.com\\\/fr\\\/produkt\\\/ciseaux-a-tapis-hundt-avec-poignees-en-bois\\\/#primaryimage\",\"url\":\"https:\\\/\\\/hundtgroup.com\\\/wp-content\\\/uploads\\\/470200-scaled.jpg\",\"contentUrl\":\"https:\\\/\\\/hundtgroup.com\\\/wp-content\\\/uploads\\\/470200-scaled.jpg\",\"width\":2560,\"height\":1705},{\"@type\":\"BreadcrumbList\",\"@id\":\"https:\\\/\\\/hundtgroup.com\\\/fr\\\/produkt\\\/ciseaux-a-tapis-hundt-avec-poignees-en-bois\\\/#breadcrumb\",\"itemListElement\":[{\"@type\":\"ListItem\",\"position\":1,\"name\":\"Startseite\",\"item\":\"https:\\\/\\\/hundtgroup.com\\\/fr\\\/accueil-nouveau\\\/\"},{\"@type\":\"ListItem\",\"position\":2,\"name\":\"Boutique\",\"item\":\"https:\\\/\\\/hundtgroup.com\\\/boutique\\\/\"},{\"@type\":\"ListItem\",\"position\":3,\"name\":\"Ciseaux \u00e0 tapis Hundt avec poign\u00e9es en bois\"}]},{\"@type\":\"WebSite\",\"@id\":\"https:\\\/\\\/hundtgroup.com\\\/fr\\\/#website\",\"url\":\"https:\\\/\\\/hundtgroup.com\\\/fr\\\/\",\"name\":\"Wilhelm Hundt GmbH\",\"description\":\"Votre sp\u00e9cialiste en machines et outils pour le travail de la t\u00f4le\",\"potentialAction\":[{\"@type\":\"SearchAction\",\"target\":{\"@type\":\"EntryPoint\",\"urlTemplate\":\"https:\\\/\\\/hundtgroup.com\\\/fr\\\/?s={search_term_string}\"},\"query-input\":{\"@type\":\"PropertyValueSpecification\",\"valueRequired\":true,\"valueName\":\"search_term_string\"}}],\"inLanguage\":\"fr-FR\"}]}<\/script>\n<!-- \/ Yoast SEO plugin. -->","yoast_head_json":{"title":"Ciseaux \u00e0 tapis Hundt avec poign\u00e9es en bois - Wilhelm Hundt GmbH","robots":{"index":"index","follow":"follow","max-snippet":"max-snippet:-1","max-image-preview":"max-image-preview:large","max-video-preview":"max-video-preview:-1"},"canonical":"https:\/\/hundtgroup.com\/fr\/produkt\/ciseaux-a-tapis-hundt-avec-poignees-en-bois\/","og_locale":"fr_FR","og_type":"article","og_title":"Ciseaux \u00e0 tapis Hundt avec poign\u00e9es en bois - Wilhelm Hundt GmbH","og_description":"Cisaille \u00e0 isolation robuste forg\u00e9e Cisaille \u00e0 angle sp\u00e9cial Tranchants tremp\u00e9s Poign\u00e9es en bois solides Pour couper les mat\u00e9riaux isolants tels que la laine de verre et de roche, le m\u00e9tal d\u00e9ploy\u00e9, les treillis de poutres et le fil d&rsquo;enduit","og_url":"https:\/\/hundtgroup.com\/fr\/produkt\/ciseaux-a-tapis-hundt-avec-poignees-en-bois\/","og_site_name":"Wilhelm Hundt GmbH","article_modified_time":"2025-08-05T15:50:45+00:00","og_image":[{"width":2560,"height":1705,"url":"https:\/\/hundtgroup.com\/wp-content\/uploads\/470200-scaled.jpg","type":"image\/jpeg"}],"twitter_card":"summary_large_image","schema":{"@context":"https:\/\/schema.org","@graph":[{"@type":"WebPage","@id":"https:\/\/hundtgroup.com\/fr\/produkt\/ciseaux-a-tapis-hundt-avec-poignees-en-bois\/","url":"https:\/\/hundtgroup.com\/fr\/produkt\/ciseaux-a-tapis-hundt-avec-poignees-en-bois\/","name":"Ciseaux \u00e0 tapis Hundt avec poign\u00e9es en bois - Wilhelm Hundt GmbH","isPartOf":{"@id":"https:\/\/hundtgroup.com\/fr\/#website"},"primaryImageOfPage":{"@id":"https:\/\/hundtgroup.com\/fr\/produkt\/ciseaux-a-tapis-hundt-avec-poignees-en-bois\/#primaryimage"},"image":{"@id":"https:\/\/hundtgroup.com\/fr\/produkt\/ciseaux-a-tapis-hundt-avec-poignees-en-bois\/#primaryimage"},"thumbnailUrl":"https:\/\/hundtgroup.com\/wp-content\/uploads\/470200-scaled.jpg","datePublished":"2025-06-18T16:31:10+00:00","dateModified":"2025-08-05T15:50:45+00:00","breadcrumb":{"@id":"https:\/\/hundtgroup.com\/fr\/produkt\/ciseaux-a-tapis-hundt-avec-poignees-en-bois\/#breadcrumb"},"inLanguage":"fr-FR","potentialAction":[{"@type":"ReadAction","target":["https:\/\/hundtgroup.com\/fr\/produkt\/ciseaux-a-tapis-hundt-avec-poignees-en-bois\/"]}]},{"@type":"ImageObject","inLanguage":"fr-FR","@id":"https:\/\/hundtgroup.com\/fr\/produkt\/ciseaux-a-tapis-hundt-avec-poignees-en-bois\/#primaryimage","url":"https:\/\/hundtgroup.com\/wp-content\/uploads\/470200-scaled.jpg","contentUrl":"https:\/\/hundtgroup.com\/wp-content\/uploads\/470200-scaled.jpg","width":2560,"height":1705},{"@type":"BreadcrumbList","@id":"https:\/\/hundtgroup.com\/fr\/produkt\/ciseaux-a-tapis-hundt-avec-poignees-en-bois\/#breadcrumb","itemListElement":[{"@type":"ListItem","position":1,"name":"Startseite","item":"https:\/\/hundtgroup.com\/fr\/accueil-nouveau\/"},{"@type":"ListItem","position":2,"name":"Boutique","item":"https:\/\/hundtgroup.com\/boutique\/"},{"@type":"ListItem","position":3,"name":"Ciseaux \u00e0 tapis Hundt avec poign\u00e9es en bois"}]},{"@type":"WebSite","@id":"https:\/\/hundtgroup.com\/fr\/#website","url":"https:\/\/hundtgroup.com\/fr\/","name":"Wilhelm Hundt GmbH","description":"Votre sp\u00e9cialiste en machines et outils pour le travail de la t\u00f4le","potentialAction":[{"@type":"SearchAction","target":{"@type":"EntryPoint","urlTemplate":"https:\/\/hundtgroup.com\/fr\/?s={search_term_string}"},"query-input":{"@type":"PropertyValueSpecification","valueRequired":true,"valueName":"search_term_string"}}],"inLanguage":"fr-FR"}]}},"_links":{"self":[{"href":"https:\/\/hundtgroup.com\/fr\/wp-json\/wp\/v2\/product\/18495","targetHints":{"allow":["GET"]}}],"collection":[{"href":"https:\/\/hundtgroup.com\/fr\/wp-json\/wp\/v2\/product"}],"about":[{"href":"https:\/\/hundtgroup.com\/fr\/wp-json\/wp\/v2\/types\/product"}],"wp:featuredmedia":[{"embeddable":true,"href":"https:\/\/hundtgroup.com\/fr\/wp-json\/wp\/v2\/media\/18498"}],"wp:attachment":[{"href":"https:\/\/hundtgroup.com\/fr\/wp-json\/wp\/v2\/media?parent=18495"}],"wp:term":[{"taxonomy":"product_cat","embeddable":true,"href":"https:\/\/hundtgroup.com\/fr\/wp-json\/wp\/v2\/product_cat?post=18495"},{"taxonomy":"product_tag","embeddable":true,"href":"https:\/\/hundtgroup.com\/fr\/wp-json\/wp\/v2\/product_tag?post=18495"}],"curies":[{"name":"wp","href":"https:\/\/api.w.org\/{rel}","templated":true}]}}