{"id":19069,"date":"2022-10-26T15:59:00","date_gmt":"2022-10-26T13:59:00","guid":{"rendered":"https:\/\/hundtgroup.com\/produkt\/etui-a-couteau-hundt-en-cuir-150-mm\/"},"modified":"2025-08-06T08:47:46","modified_gmt":"2025-08-06T06:47:46","slug":"etui-a-couteau-hundt-en-cuir-150-mm","status":"publish","type":"product","link":"https:\/\/hundtgroup.com\/fr\/produkt\/etui-a-couteau-hundt-en-cuir-150-mm\/","title":{"rendered":"Etui \u00e0 couteau Hundt en cuir 150 mm"},"content":{"rendered":"<p>Etui \u00e0 couteaux adapt\u00e9 aux couteaux d&rsquo;isolation et de paillasson<br \/>\nLa longueur de la lame du couteau est indiqu\u00e9e.<\/p>\n","protected":false},"excerpt":{"rendered":"<p>Etui \u00e0 couteaux adapt\u00e9 aux couteaux d&rsquo;isolation et de paillasson La longueur de la lame du couteau est indiqu\u00e9e.<\/p>\n","protected":false},"featured_media":19047,"template":"","meta":{"_acf_changed":false,"inline_featured_image":false},"product_cat":[1143,1213,1280,1285],"product_tag":[],"class_list":{"0":"post-19069","1":"product","2":"type-product","3":"status-publish","4":"has-post-thumbnail","6":"brand-hundt","7":"product_cat-outils-a-main","8":"product_cat-outils-de-coupe","9":"product_cat-etui-de-couteau","10":"product_cat-accessoires-fr-2","12":"first","13":"instock","14":"taxable","15":"shipping-taxable","16":"purchasable","17":"product-type-simple","18":"add-to-wishlist-before_image"},"acf":[],"yoast_head":"<!-- This site is optimized with the Yoast SEO plugin v27.3 - https:\/\/yoast.com\/product\/yoast-seo-wordpress\/ -->\n<title>Etui \u00e0 couteau Hundt en cuir 150 mm - Wilhelm Hundt GmbH<\/title>\n<meta name=\"robots\" content=\"index, follow, max-snippet:-1, max-image-preview:large, max-video-preview:-1\" \/>\n<link rel=\"canonical\" href=\"https:\/\/hundtgroup.com\/fr\/produkt\/etui-a-couteau-hundt-en-cuir-150-mm\/\" \/>\n<meta property=\"og:locale\" content=\"fr_FR\" \/>\n<meta property=\"og:type\" content=\"article\" \/>\n<meta property=\"og:title\" content=\"Etui \u00e0 couteau Hundt en cuir 150 mm - Wilhelm Hundt GmbH\" \/>\n<meta property=\"og:description\" content=\"Etui \u00e0 couteaux adapt\u00e9 aux couteaux d&rsquo;isolation et de paillasson La longueur de la lame du couteau est indiqu\u00e9e.\" \/>\n<meta property=\"og:url\" content=\"https:\/\/hundtgroup.com\/fr\/produkt\/etui-a-couteau-hundt-en-cuir-150-mm\/\" \/>\n<meta property=\"og:site_name\" content=\"Wilhelm Hundt GmbH\" \/>\n<meta property=\"article:modified_time\" content=\"2025-08-06T06:47:46+00:00\" \/>\n<meta property=\"og:image\" content=\"https:\/\/hundtgroup.com\/wp-content\/uploads\/470118.png\" \/>\n\t<meta property=\"og:image:width\" content=\"752\" \/>\n\t<meta property=\"og:image:height\" content=\"106\" \/>\n\t<meta property=\"og:image:type\" content=\"image\/png\" \/>\n<meta name=\"twitter:card\" content=\"summary_large_image\" \/>\n<script type=\"application\/ld+json\" class=\"yoast-schema-graph\">{\"@context\":\"https:\\\/\\\/schema.org\",\"@graph\":[{\"@type\":\"WebPage\",\"@id\":\"https:\\\/\\\/hundtgroup.com\\\/fr\\\/produkt\\\/etui-a-couteau-hundt-en-cuir-150-mm\\\/\",\"url\":\"https:\\\/\\\/hundtgroup.com\\\/fr\\\/produkt\\\/etui-a-couteau-hundt-en-cuir-150-mm\\\/\",\"name\":\"Etui \u00e0 couteau Hundt en cuir 150 mm - Wilhelm Hundt GmbH\",\"isPartOf\":{\"@id\":\"https:\\\/\\\/hundtgroup.com\\\/fr\\\/#website\"},\"primaryImageOfPage\":{\"@id\":\"https:\\\/\\\/hundtgroup.com\\\/fr\\\/produkt\\\/etui-a-couteau-hundt-en-cuir-150-mm\\\/#primaryimage\"},\"image\":{\"@id\":\"https:\\\/\\\/hundtgroup.com\\\/fr\\\/produkt\\\/etui-a-couteau-hundt-en-cuir-150-mm\\\/#primaryimage\"},\"thumbnailUrl\":\"https:\\\/\\\/hundtgroup.com\\\/wp-content\\\/uploads\\\/470118.png\",\"datePublished\":\"2022-10-26T13:59:00+00:00\",\"dateModified\":\"2025-08-06T06:47:46+00:00\",\"breadcrumb\":{\"@id\":\"https:\\\/\\\/hundtgroup.com\\\/fr\\\/produkt\\\/etui-a-couteau-hundt-en-cuir-150-mm\\\/#breadcrumb\"},\"inLanguage\":\"fr-FR\",\"potentialAction\":[{\"@type\":\"ReadAction\",\"target\":[\"https:\\\/\\\/hundtgroup.com\\\/fr\\\/produkt\\\/etui-a-couteau-hundt-en-cuir-150-mm\\\/\"]}]},{\"@type\":\"ImageObject\",\"inLanguage\":\"fr-FR\",\"@id\":\"https:\\\/\\\/hundtgroup.com\\\/fr\\\/produkt\\\/etui-a-couteau-hundt-en-cuir-150-mm\\\/#primaryimage\",\"url\":\"https:\\\/\\\/hundtgroup.com\\\/wp-content\\\/uploads\\\/470118.png\",\"contentUrl\":\"https:\\\/\\\/hundtgroup.com\\\/wp-content\\\/uploads\\\/470118.png\",\"width\":752,\"height\":106},{\"@type\":\"BreadcrumbList\",\"@id\":\"https:\\\/\\\/hundtgroup.com\\\/fr\\\/produkt\\\/etui-a-couteau-hundt-en-cuir-150-mm\\\/#breadcrumb\",\"itemListElement\":[{\"@type\":\"ListItem\",\"position\":1,\"name\":\"Startseite\",\"item\":\"https:\\\/\\\/hundtgroup.com\\\/fr\\\/accueil-nouveau\\\/\"},{\"@type\":\"ListItem\",\"position\":2,\"name\":\"Boutique\",\"item\":\"https:\\\/\\\/hundtgroup.com\\\/boutique\\\/\"},{\"@type\":\"ListItem\",\"position\":3,\"name\":\"Etui \u00e0 couteau Hundt en cuir 150 mm\"}]},{\"@type\":\"WebSite\",\"@id\":\"https:\\\/\\\/hundtgroup.com\\\/fr\\\/#website\",\"url\":\"https:\\\/\\\/hundtgroup.com\\\/fr\\\/\",\"name\":\"Wilhelm Hundt GmbH\",\"description\":\"Votre sp\u00e9cialiste en machines et outils pour le travail de la t\u00f4le\",\"potentialAction\":[{\"@type\":\"SearchAction\",\"target\":{\"@type\":\"EntryPoint\",\"urlTemplate\":\"https:\\\/\\\/hundtgroup.com\\\/fr\\\/?s={search_term_string}\"},\"query-input\":{\"@type\":\"PropertyValueSpecification\",\"valueRequired\":true,\"valueName\":\"search_term_string\"}}],\"inLanguage\":\"fr-FR\"}]}<\/script>\n<!-- \/ Yoast SEO plugin. -->","yoast_head_json":{"title":"Etui \u00e0 couteau Hundt en cuir 150 mm - Wilhelm Hundt GmbH","robots":{"index":"index","follow":"follow","max-snippet":"max-snippet:-1","max-image-preview":"max-image-preview:large","max-video-preview":"max-video-preview:-1"},"canonical":"https:\/\/hundtgroup.com\/fr\/produkt\/etui-a-couteau-hundt-en-cuir-150-mm\/","og_locale":"fr_FR","og_type":"article","og_title":"Etui \u00e0 couteau Hundt en cuir 150 mm - Wilhelm Hundt GmbH","og_description":"Etui \u00e0 couteaux adapt\u00e9 aux couteaux d&rsquo;isolation et de paillasson La longueur de la lame du couteau est indiqu\u00e9e.","og_url":"https:\/\/hundtgroup.com\/fr\/produkt\/etui-a-couteau-hundt-en-cuir-150-mm\/","og_site_name":"Wilhelm Hundt GmbH","article_modified_time":"2025-08-06T06:47:46+00:00","og_image":[{"width":752,"height":106,"url":"https:\/\/hundtgroup.com\/wp-content\/uploads\/470118.png","type":"image\/png"}],"twitter_card":"summary_large_image","schema":{"@context":"https:\/\/schema.org","@graph":[{"@type":"WebPage","@id":"https:\/\/hundtgroup.com\/fr\/produkt\/etui-a-couteau-hundt-en-cuir-150-mm\/","url":"https:\/\/hundtgroup.com\/fr\/produkt\/etui-a-couteau-hundt-en-cuir-150-mm\/","name":"Etui \u00e0 couteau Hundt en cuir 150 mm - Wilhelm Hundt GmbH","isPartOf":{"@id":"https:\/\/hundtgroup.com\/fr\/#website"},"primaryImageOfPage":{"@id":"https:\/\/hundtgroup.com\/fr\/produkt\/etui-a-couteau-hundt-en-cuir-150-mm\/#primaryimage"},"image":{"@id":"https:\/\/hundtgroup.com\/fr\/produkt\/etui-a-couteau-hundt-en-cuir-150-mm\/#primaryimage"},"thumbnailUrl":"https:\/\/hundtgroup.com\/wp-content\/uploads\/470118.png","datePublished":"2022-10-26T13:59:00+00:00","dateModified":"2025-08-06T06:47:46+00:00","breadcrumb":{"@id":"https:\/\/hundtgroup.com\/fr\/produkt\/etui-a-couteau-hundt-en-cuir-150-mm\/#breadcrumb"},"inLanguage":"fr-FR","potentialAction":[{"@type":"ReadAction","target":["https:\/\/hundtgroup.com\/fr\/produkt\/etui-a-couteau-hundt-en-cuir-150-mm\/"]}]},{"@type":"ImageObject","inLanguage":"fr-FR","@id":"https:\/\/hundtgroup.com\/fr\/produkt\/etui-a-couteau-hundt-en-cuir-150-mm\/#primaryimage","url":"https:\/\/hundtgroup.com\/wp-content\/uploads\/470118.png","contentUrl":"https:\/\/hundtgroup.com\/wp-content\/uploads\/470118.png","width":752,"height":106},{"@type":"BreadcrumbList","@id":"https:\/\/hundtgroup.com\/fr\/produkt\/etui-a-couteau-hundt-en-cuir-150-mm\/#breadcrumb","itemListElement":[{"@type":"ListItem","position":1,"name":"Startseite","item":"https:\/\/hundtgroup.com\/fr\/accueil-nouveau\/"},{"@type":"ListItem","position":2,"name":"Boutique","item":"https:\/\/hundtgroup.com\/boutique\/"},{"@type":"ListItem","position":3,"name":"Etui \u00e0 couteau Hundt en cuir 150 mm"}]},{"@type":"WebSite","@id":"https:\/\/hundtgroup.com\/fr\/#website","url":"https:\/\/hundtgroup.com\/fr\/","name":"Wilhelm Hundt GmbH","description":"Votre sp\u00e9cialiste en machines et outils pour le travail de la t\u00f4le","potentialAction":[{"@type":"SearchAction","target":{"@type":"EntryPoint","urlTemplate":"https:\/\/hundtgroup.com\/fr\/?s={search_term_string}"},"query-input":{"@type":"PropertyValueSpecification","valueRequired":true,"valueName":"search_term_string"}}],"inLanguage":"fr-FR"}]}},"_links":{"self":[{"href":"https:\/\/hundtgroup.com\/fr\/wp-json\/wp\/v2\/product\/19069","targetHints":{"allow":["GET"]}}],"collection":[{"href":"https:\/\/hundtgroup.com\/fr\/wp-json\/wp\/v2\/product"}],"about":[{"href":"https:\/\/hundtgroup.com\/fr\/wp-json\/wp\/v2\/types\/product"}],"wp:featuredmedia":[{"embeddable":true,"href":"https:\/\/hundtgroup.com\/fr\/wp-json\/wp\/v2\/media\/19047"}],"wp:attachment":[{"href":"https:\/\/hundtgroup.com\/fr\/wp-json\/wp\/v2\/media?parent=19069"}],"wp:term":[{"taxonomy":"product_cat","embeddable":true,"href":"https:\/\/hundtgroup.com\/fr\/wp-json\/wp\/v2\/product_cat?post=19069"},{"taxonomy":"product_tag","embeddable":true,"href":"https:\/\/hundtgroup.com\/fr\/wp-json\/wp\/v2\/product_tag?post=19069"}],"curies":[{"name":"wp","href":"https:\/\/api.w.org\/{rel}","templated":true}]}}