{"id":19591,"date":"2022-10-26T15:58:57","date_gmt":"2022-10-26T13:58:57","guid":{"rendered":"https:\/\/hundtgroup.com\/produkt\/couteau-pour-materiaux-isolants-hundt-extra-long-avec-scie\/"},"modified":"2025-07-29T12:56:07","modified_gmt":"2025-07-29T10:56:07","slug":"couteau-pour-materiaux-isolants-hundt-extra-long-avec-scie","status":"publish","type":"product","link":"https:\/\/hundtgroup.com\/fr\/produkt\/couteau-pour-materiaux-isolants-hundt-extra-long-avec-scie\/","title":{"rendered":"Couteau pour mat\u00e9riaux isolants Hundt extra long avec scie"},"content":{"rendered":"<p>Le couteau pour mat\u00e9riaux isolants pour les professionnels<br \/>\nLame en acier inoxydable<br \/>\nUtilis\u00e9 en particulier pour les mat\u00e9riaux isolants \u00e9pais<br \/>\nLongueur de lame 300 mm avec aff\u00fbtage sp\u00e9cial ondul\u00e9<br \/>\nCouteau extr\u00eamement robuste avec une \u00e9paisseur de lame de 2,5 mm<br \/>\nPoign\u00e9e plastique antid\u00e9rapante<\/p>\n","protected":false},"excerpt":{"rendered":"<p>Le couteau pour mat\u00e9riaux isolants pour les professionnels Lame en acier inoxydable Utilis\u00e9 en particulier pour les mat\u00e9riaux isolants \u00e9pais Longueur de lame 300 mm avec aff\u00fbtage sp\u00e9cial ondul\u00e9 Couteau extr\u00eamement robuste avec une \u00e9paisseur de lame de 2,5 mm Poign\u00e9e plastique antid\u00e9rapante<\/p>\n","protected":false},"featured_media":19593,"template":"","meta":{"_acf_changed":false,"inline_featured_image":false},"product_cat":[1143,1213,1277,1279],"product_tag":[],"class_list":{"0":"post-19591","1":"product","2":"type-product","3":"status-publish","4":"has-post-thumbnail","6":"brand-hundt","7":"product_cat-outils-a-main","8":"product_cat-outils-de-coupe","9":"product_cat-couteau","10":"product_cat-couteau-pour-materiaux-isolants","12":"first","13":"instock","14":"taxable","15":"shipping-taxable","16":"purchasable","17":"product-type-simple","18":"add-to-wishlist-before_image"},"acf":[],"yoast_head":"<!-- This site is optimized with the Yoast SEO plugin v27.3 - https:\/\/yoast.com\/product\/yoast-seo-wordpress\/ -->\n<title>Couteau pour mat\u00e9riaux isolants Hundt extra long avec scie - Wilhelm Hundt GmbH<\/title>\n<meta name=\"robots\" content=\"index, follow, max-snippet:-1, max-image-preview:large, max-video-preview:-1\" \/>\n<link rel=\"canonical\" href=\"https:\/\/hundtgroup.com\/fr\/produkt\/couteau-pour-materiaux-isolants-hundt-extra-long-avec-scie\/\" \/>\n<meta property=\"og:locale\" content=\"fr_FR\" \/>\n<meta property=\"og:type\" content=\"article\" \/>\n<meta property=\"og:title\" content=\"Couteau pour mat\u00e9riaux isolants Hundt extra long avec scie - Wilhelm Hundt GmbH\" \/>\n<meta property=\"og:description\" content=\"Le couteau pour mat\u00e9riaux isolants pour les professionnels Lame en acier inoxydable Utilis\u00e9 en particulier pour les mat\u00e9riaux isolants \u00e9pais Longueur de lame 300 mm avec aff\u00fbtage sp\u00e9cial ondul\u00e9 Couteau extr\u00eamement robuste avec une \u00e9paisseur de lame de 2,5 mm Poign\u00e9e plastique antid\u00e9rapante\" \/>\n<meta property=\"og:url\" content=\"https:\/\/hundtgroup.com\/fr\/produkt\/couteau-pour-materiaux-isolants-hundt-extra-long-avec-scie\/\" \/>\n<meta property=\"og:site_name\" content=\"Wilhelm Hundt GmbH\" \/>\n<meta property=\"article:modified_time\" content=\"2025-07-29T10:56:07+00:00\" \/>\n<meta property=\"og:image\" content=\"https:\/\/hundtgroup.com\/wp-content\/uploads\/470204.png\" \/>\n\t<meta property=\"og:image:width\" content=\"827\" \/>\n\t<meta property=\"og:image:height\" content=\"117\" \/>\n\t<meta property=\"og:image:type\" content=\"image\/png\" \/>\n<meta name=\"twitter:card\" content=\"summary_large_image\" \/>\n<script type=\"application\/ld+json\" class=\"yoast-schema-graph\">{\"@context\":\"https:\\\/\\\/schema.org\",\"@graph\":[{\"@type\":\"WebPage\",\"@id\":\"https:\\\/\\\/hundtgroup.com\\\/fr\\\/produkt\\\/couteau-pour-materiaux-isolants-hundt-extra-long-avec-scie\\\/\",\"url\":\"https:\\\/\\\/hundtgroup.com\\\/fr\\\/produkt\\\/couteau-pour-materiaux-isolants-hundt-extra-long-avec-scie\\\/\",\"name\":\"Couteau pour mat\u00e9riaux isolants Hundt extra long avec scie - Wilhelm Hundt GmbH\",\"isPartOf\":{\"@id\":\"https:\\\/\\\/hundtgroup.com\\\/fr\\\/#website\"},\"primaryImageOfPage\":{\"@id\":\"https:\\\/\\\/hundtgroup.com\\\/fr\\\/produkt\\\/couteau-pour-materiaux-isolants-hundt-extra-long-avec-scie\\\/#primaryimage\"},\"image\":{\"@id\":\"https:\\\/\\\/hundtgroup.com\\\/fr\\\/produkt\\\/couteau-pour-materiaux-isolants-hundt-extra-long-avec-scie\\\/#primaryimage\"},\"thumbnailUrl\":\"https:\\\/\\\/hundtgroup.com\\\/wp-content\\\/uploads\\\/470204.png\",\"datePublished\":\"2022-10-26T13:58:57+00:00\",\"dateModified\":\"2025-07-29T10:56:07+00:00\",\"breadcrumb\":{\"@id\":\"https:\\\/\\\/hundtgroup.com\\\/fr\\\/produkt\\\/couteau-pour-materiaux-isolants-hundt-extra-long-avec-scie\\\/#breadcrumb\"},\"inLanguage\":\"fr-FR\",\"potentialAction\":[{\"@type\":\"ReadAction\",\"target\":[\"https:\\\/\\\/hundtgroup.com\\\/fr\\\/produkt\\\/couteau-pour-materiaux-isolants-hundt-extra-long-avec-scie\\\/\"]}]},{\"@type\":\"ImageObject\",\"inLanguage\":\"fr-FR\",\"@id\":\"https:\\\/\\\/hundtgroup.com\\\/fr\\\/produkt\\\/couteau-pour-materiaux-isolants-hundt-extra-long-avec-scie\\\/#primaryimage\",\"url\":\"https:\\\/\\\/hundtgroup.com\\\/wp-content\\\/uploads\\\/470204.png\",\"contentUrl\":\"https:\\\/\\\/hundtgroup.com\\\/wp-content\\\/uploads\\\/470204.png\",\"width\":827,\"height\":117},{\"@type\":\"BreadcrumbList\",\"@id\":\"https:\\\/\\\/hundtgroup.com\\\/fr\\\/produkt\\\/couteau-pour-materiaux-isolants-hundt-extra-long-avec-scie\\\/#breadcrumb\",\"itemListElement\":[{\"@type\":\"ListItem\",\"position\":1,\"name\":\"Startseite\",\"item\":\"https:\\\/\\\/hundtgroup.com\\\/fr\\\/accueil-nouveau\\\/\"},{\"@type\":\"ListItem\",\"position\":2,\"name\":\"Boutique\",\"item\":\"https:\\\/\\\/hundtgroup.com\\\/boutique\\\/\"},{\"@type\":\"ListItem\",\"position\":3,\"name\":\"Couteau pour mat\u00e9riaux isolants Hundt extra long avec scie\"}]},{\"@type\":\"WebSite\",\"@id\":\"https:\\\/\\\/hundtgroup.com\\\/fr\\\/#website\",\"url\":\"https:\\\/\\\/hundtgroup.com\\\/fr\\\/\",\"name\":\"Wilhelm Hundt GmbH\",\"description\":\"Votre sp\u00e9cialiste en machines et outils pour le travail de la t\u00f4le\",\"potentialAction\":[{\"@type\":\"SearchAction\",\"target\":{\"@type\":\"EntryPoint\",\"urlTemplate\":\"https:\\\/\\\/hundtgroup.com\\\/fr\\\/?s={search_term_string}\"},\"query-input\":{\"@type\":\"PropertyValueSpecification\",\"valueRequired\":true,\"valueName\":\"search_term_string\"}}],\"inLanguage\":\"fr-FR\"}]}<\/script>\n<!-- \/ Yoast SEO plugin. -->","yoast_head_json":{"title":"Couteau pour mat\u00e9riaux isolants Hundt extra long avec scie - Wilhelm Hundt GmbH","robots":{"index":"index","follow":"follow","max-snippet":"max-snippet:-1","max-image-preview":"max-image-preview:large","max-video-preview":"max-video-preview:-1"},"canonical":"https:\/\/hundtgroup.com\/fr\/produkt\/couteau-pour-materiaux-isolants-hundt-extra-long-avec-scie\/","og_locale":"fr_FR","og_type":"article","og_title":"Couteau pour mat\u00e9riaux isolants Hundt extra long avec scie - Wilhelm Hundt GmbH","og_description":"Le couteau pour mat\u00e9riaux isolants pour les professionnels Lame en acier inoxydable Utilis\u00e9 en particulier pour les mat\u00e9riaux isolants \u00e9pais Longueur de lame 300 mm avec aff\u00fbtage sp\u00e9cial ondul\u00e9 Couteau extr\u00eamement robuste avec une \u00e9paisseur de lame de 2,5 mm Poign\u00e9e plastique antid\u00e9rapante","og_url":"https:\/\/hundtgroup.com\/fr\/produkt\/couteau-pour-materiaux-isolants-hundt-extra-long-avec-scie\/","og_site_name":"Wilhelm Hundt GmbH","article_modified_time":"2025-07-29T10:56:07+00:00","og_image":[{"width":827,"height":117,"url":"https:\/\/hundtgroup.com\/wp-content\/uploads\/470204.png","type":"image\/png"}],"twitter_card":"summary_large_image","schema":{"@context":"https:\/\/schema.org","@graph":[{"@type":"WebPage","@id":"https:\/\/hundtgroup.com\/fr\/produkt\/couteau-pour-materiaux-isolants-hundt-extra-long-avec-scie\/","url":"https:\/\/hundtgroup.com\/fr\/produkt\/couteau-pour-materiaux-isolants-hundt-extra-long-avec-scie\/","name":"Couteau pour mat\u00e9riaux isolants Hundt extra long avec scie - Wilhelm Hundt GmbH","isPartOf":{"@id":"https:\/\/hundtgroup.com\/fr\/#website"},"primaryImageOfPage":{"@id":"https:\/\/hundtgroup.com\/fr\/produkt\/couteau-pour-materiaux-isolants-hundt-extra-long-avec-scie\/#primaryimage"},"image":{"@id":"https:\/\/hundtgroup.com\/fr\/produkt\/couteau-pour-materiaux-isolants-hundt-extra-long-avec-scie\/#primaryimage"},"thumbnailUrl":"https:\/\/hundtgroup.com\/wp-content\/uploads\/470204.png","datePublished":"2022-10-26T13:58:57+00:00","dateModified":"2025-07-29T10:56:07+00:00","breadcrumb":{"@id":"https:\/\/hundtgroup.com\/fr\/produkt\/couteau-pour-materiaux-isolants-hundt-extra-long-avec-scie\/#breadcrumb"},"inLanguage":"fr-FR","potentialAction":[{"@type":"ReadAction","target":["https:\/\/hundtgroup.com\/fr\/produkt\/couteau-pour-materiaux-isolants-hundt-extra-long-avec-scie\/"]}]},{"@type":"ImageObject","inLanguage":"fr-FR","@id":"https:\/\/hundtgroup.com\/fr\/produkt\/couteau-pour-materiaux-isolants-hundt-extra-long-avec-scie\/#primaryimage","url":"https:\/\/hundtgroup.com\/wp-content\/uploads\/470204.png","contentUrl":"https:\/\/hundtgroup.com\/wp-content\/uploads\/470204.png","width":827,"height":117},{"@type":"BreadcrumbList","@id":"https:\/\/hundtgroup.com\/fr\/produkt\/couteau-pour-materiaux-isolants-hundt-extra-long-avec-scie\/#breadcrumb","itemListElement":[{"@type":"ListItem","position":1,"name":"Startseite","item":"https:\/\/hundtgroup.com\/fr\/accueil-nouveau\/"},{"@type":"ListItem","position":2,"name":"Boutique","item":"https:\/\/hundtgroup.com\/boutique\/"},{"@type":"ListItem","position":3,"name":"Couteau pour mat\u00e9riaux isolants Hundt extra long avec scie"}]},{"@type":"WebSite","@id":"https:\/\/hundtgroup.com\/fr\/#website","url":"https:\/\/hundtgroup.com\/fr\/","name":"Wilhelm Hundt GmbH","description":"Votre sp\u00e9cialiste en machines et outils pour le travail de la t\u00f4le","potentialAction":[{"@type":"SearchAction","target":{"@type":"EntryPoint","urlTemplate":"https:\/\/hundtgroup.com\/fr\/?s={search_term_string}"},"query-input":{"@type":"PropertyValueSpecification","valueRequired":true,"valueName":"search_term_string"}}],"inLanguage":"fr-FR"}]}},"_links":{"self":[{"href":"https:\/\/hundtgroup.com\/fr\/wp-json\/wp\/v2\/product\/19591","targetHints":{"allow":["GET"]}}],"collection":[{"href":"https:\/\/hundtgroup.com\/fr\/wp-json\/wp\/v2\/product"}],"about":[{"href":"https:\/\/hundtgroup.com\/fr\/wp-json\/wp\/v2\/types\/product"}],"wp:featuredmedia":[{"embeddable":true,"href":"https:\/\/hundtgroup.com\/fr\/wp-json\/wp\/v2\/media\/19593"}],"wp:attachment":[{"href":"https:\/\/hundtgroup.com\/fr\/wp-json\/wp\/v2\/media?parent=19591"}],"wp:term":[{"taxonomy":"product_cat","embeddable":true,"href":"https:\/\/hundtgroup.com\/fr\/wp-json\/wp\/v2\/product_cat?post=19591"},{"taxonomy":"product_tag","embeddable":true,"href":"https:\/\/hundtgroup.com\/fr\/wp-json\/wp\/v2\/product_tag?post=19591"}],"curies":[{"name":"wp","href":"https:\/\/api.w.org\/{rel}","templated":true}]}}