{"id":19619,"date":"2022-10-26T15:58:57","date_gmt":"2022-10-26T13:58:57","guid":{"rendered":"https:\/\/hundtgroup.com\/produkt\/couteau-pour-materiaux-isolants-hundt-a-double-tranchant-280-mm\/"},"modified":"2025-07-29T12:56:19","modified_gmt":"2025-07-29T10:56:19","slug":"couteau-pour-materiaux-isolants-hundt-a-double-tranchant-280-mm","status":"publish","type":"product","link":"https:\/\/hundtgroup.com\/fr\/produkt\/couteau-pour-materiaux-isolants-hundt-a-double-tranchant-280-mm\/","title":{"rendered":"Couteau pour mat\u00e9riaux isolants Hundt \u00e0 double tranchant 280 mm"},"content":{"rendered":"<p>Couteau pour mat\u00e9riaux isolants &#8211; double tranchant<br \/>\nLame en acier inoxydable<br \/>\nDuret\u00e9 de la lame 57 HRc<br \/>\nQualit\u00e9 sup\u00e9rieure pour les artisans<br \/>\nCoupe en scie pour les mat\u00e9riaux denses et durs<br \/>\nCoupe ondul\u00e9e pour les mat\u00e9riaux souples et l\u00e9gers<\/p>\n","protected":false},"excerpt":{"rendered":"<p>Couteau pour mat\u00e9riaux isolants &#8211; double tranchant Lame en acier inoxydable Duret\u00e9 de la lame 57 HRc Qualit\u00e9 sup\u00e9rieure pour les artisans Coupe en scie pour les mat\u00e9riaux denses et durs Coupe ondul\u00e9e pour les mat\u00e9riaux souples et l\u00e9gers<\/p>\n","protected":false},"featured_media":19621,"template":"","meta":{"_acf_changed":false,"inline_featured_image":false},"product_cat":[1143,1213,1277,1279],"product_tag":[],"class_list":{"0":"post-19619","1":"product","2":"type-product","3":"status-publish","4":"has-post-thumbnail","6":"brand-hundt","7":"product_cat-outils-a-main","8":"product_cat-outils-de-coupe","9":"product_cat-couteau","10":"product_cat-couteau-pour-materiaux-isolants","12":"first","13":"instock","14":"taxable","15":"shipping-taxable","16":"purchasable","17":"product-type-simple","18":"add-to-wishlist-before_image"},"acf":[],"yoast_head":"<!-- This site is optimized with the Yoast SEO plugin v27.3 - https:\/\/yoast.com\/product\/yoast-seo-wordpress\/ -->\n<title>Couteau pour mat\u00e9riaux isolants Hundt \u00e0 double tranchant 280 mm - Wilhelm Hundt GmbH<\/title>\n<meta name=\"robots\" content=\"index, follow, max-snippet:-1, max-image-preview:large, max-video-preview:-1\" \/>\n<link rel=\"canonical\" href=\"https:\/\/hundtgroup.com\/fr\/produkt\/couteau-pour-materiaux-isolants-hundt-a-double-tranchant-280-mm\/\" \/>\n<meta property=\"og:locale\" content=\"fr_FR\" \/>\n<meta property=\"og:type\" content=\"article\" \/>\n<meta property=\"og:title\" content=\"Couteau pour mat\u00e9riaux isolants Hundt \u00e0 double tranchant 280 mm - Wilhelm Hundt GmbH\" \/>\n<meta property=\"og:description\" content=\"Couteau pour mat\u00e9riaux isolants &#8211; double tranchant Lame en acier inoxydable Duret\u00e9 de la lame 57 HRc Qualit\u00e9 sup\u00e9rieure pour les artisans Coupe en scie pour les mat\u00e9riaux denses et durs Coupe ondul\u00e9e pour les mat\u00e9riaux souples et l\u00e9gers\" \/>\n<meta property=\"og:url\" content=\"https:\/\/hundtgroup.com\/fr\/produkt\/couteau-pour-materiaux-isolants-hundt-a-double-tranchant-280-mm\/\" \/>\n<meta property=\"og:site_name\" content=\"Wilhelm Hundt GmbH\" \/>\n<meta property=\"article:modified_time\" content=\"2025-07-29T10:56:19+00:00\" \/>\n<meta property=\"og:image\" content=\"https:\/\/hundtgroup.com\/wp-content\/uploads\/470128.png\" \/>\n\t<meta property=\"og:image:width\" content=\"827\" \/>\n\t<meta property=\"og:image:height\" content=\"107\" \/>\n\t<meta property=\"og:image:type\" content=\"image\/png\" \/>\n<meta name=\"twitter:card\" content=\"summary_large_image\" \/>\n<script type=\"application\/ld+json\" class=\"yoast-schema-graph\">{\"@context\":\"https:\\\/\\\/schema.org\",\"@graph\":[{\"@type\":\"WebPage\",\"@id\":\"https:\\\/\\\/hundtgroup.com\\\/fr\\\/produkt\\\/couteau-pour-materiaux-isolants-hundt-a-double-tranchant-280-mm\\\/\",\"url\":\"https:\\\/\\\/hundtgroup.com\\\/fr\\\/produkt\\\/couteau-pour-materiaux-isolants-hundt-a-double-tranchant-280-mm\\\/\",\"name\":\"Couteau pour mat\u00e9riaux isolants Hundt \u00e0 double tranchant 280 mm - Wilhelm Hundt GmbH\",\"isPartOf\":{\"@id\":\"https:\\\/\\\/hundtgroup.com\\\/fr\\\/#website\"},\"primaryImageOfPage\":{\"@id\":\"https:\\\/\\\/hundtgroup.com\\\/fr\\\/produkt\\\/couteau-pour-materiaux-isolants-hundt-a-double-tranchant-280-mm\\\/#primaryimage\"},\"image\":{\"@id\":\"https:\\\/\\\/hundtgroup.com\\\/fr\\\/produkt\\\/couteau-pour-materiaux-isolants-hundt-a-double-tranchant-280-mm\\\/#primaryimage\"},\"thumbnailUrl\":\"https:\\\/\\\/hundtgroup.com\\\/wp-content\\\/uploads\\\/470128.png\",\"datePublished\":\"2022-10-26T13:58:57+00:00\",\"dateModified\":\"2025-07-29T10:56:19+00:00\",\"breadcrumb\":{\"@id\":\"https:\\\/\\\/hundtgroup.com\\\/fr\\\/produkt\\\/couteau-pour-materiaux-isolants-hundt-a-double-tranchant-280-mm\\\/#breadcrumb\"},\"inLanguage\":\"fr-FR\",\"potentialAction\":[{\"@type\":\"ReadAction\",\"target\":[\"https:\\\/\\\/hundtgroup.com\\\/fr\\\/produkt\\\/couteau-pour-materiaux-isolants-hundt-a-double-tranchant-280-mm\\\/\"]}]},{\"@type\":\"ImageObject\",\"inLanguage\":\"fr-FR\",\"@id\":\"https:\\\/\\\/hundtgroup.com\\\/fr\\\/produkt\\\/couteau-pour-materiaux-isolants-hundt-a-double-tranchant-280-mm\\\/#primaryimage\",\"url\":\"https:\\\/\\\/hundtgroup.com\\\/wp-content\\\/uploads\\\/470128.png\",\"contentUrl\":\"https:\\\/\\\/hundtgroup.com\\\/wp-content\\\/uploads\\\/470128.png\",\"width\":827,\"height\":107},{\"@type\":\"BreadcrumbList\",\"@id\":\"https:\\\/\\\/hundtgroup.com\\\/fr\\\/produkt\\\/couteau-pour-materiaux-isolants-hundt-a-double-tranchant-280-mm\\\/#breadcrumb\",\"itemListElement\":[{\"@type\":\"ListItem\",\"position\":1,\"name\":\"Startseite\",\"item\":\"https:\\\/\\\/hundtgroup.com\\\/fr\\\/accueil-nouveau\\\/\"},{\"@type\":\"ListItem\",\"position\":2,\"name\":\"Boutique\",\"item\":\"https:\\\/\\\/hundtgroup.com\\\/boutique\\\/\"},{\"@type\":\"ListItem\",\"position\":3,\"name\":\"Couteau pour mat\u00e9riaux isolants Hundt \u00e0 double tranchant 280 mm\"}]},{\"@type\":\"WebSite\",\"@id\":\"https:\\\/\\\/hundtgroup.com\\\/fr\\\/#website\",\"url\":\"https:\\\/\\\/hundtgroup.com\\\/fr\\\/\",\"name\":\"Wilhelm Hundt GmbH\",\"description\":\"Votre sp\u00e9cialiste en machines et outils pour le travail de la t\u00f4le\",\"potentialAction\":[{\"@type\":\"SearchAction\",\"target\":{\"@type\":\"EntryPoint\",\"urlTemplate\":\"https:\\\/\\\/hundtgroup.com\\\/fr\\\/?s={search_term_string}\"},\"query-input\":{\"@type\":\"PropertyValueSpecification\",\"valueRequired\":true,\"valueName\":\"search_term_string\"}}],\"inLanguage\":\"fr-FR\"}]}<\/script>\n<!-- \/ Yoast SEO plugin. -->","yoast_head_json":{"title":"Couteau pour mat\u00e9riaux isolants Hundt \u00e0 double tranchant 280 mm - Wilhelm Hundt GmbH","robots":{"index":"index","follow":"follow","max-snippet":"max-snippet:-1","max-image-preview":"max-image-preview:large","max-video-preview":"max-video-preview:-1"},"canonical":"https:\/\/hundtgroup.com\/fr\/produkt\/couteau-pour-materiaux-isolants-hundt-a-double-tranchant-280-mm\/","og_locale":"fr_FR","og_type":"article","og_title":"Couteau pour mat\u00e9riaux isolants Hundt \u00e0 double tranchant 280 mm - Wilhelm Hundt GmbH","og_description":"Couteau pour mat\u00e9riaux isolants &#8211; double tranchant Lame en acier inoxydable Duret\u00e9 de la lame 57 HRc Qualit\u00e9 sup\u00e9rieure pour les artisans Coupe en scie pour les mat\u00e9riaux denses et durs Coupe ondul\u00e9e pour les mat\u00e9riaux souples et l\u00e9gers","og_url":"https:\/\/hundtgroup.com\/fr\/produkt\/couteau-pour-materiaux-isolants-hundt-a-double-tranchant-280-mm\/","og_site_name":"Wilhelm Hundt GmbH","article_modified_time":"2025-07-29T10:56:19+00:00","og_image":[{"width":827,"height":107,"url":"https:\/\/hundtgroup.com\/wp-content\/uploads\/470128.png","type":"image\/png"}],"twitter_card":"summary_large_image","schema":{"@context":"https:\/\/schema.org","@graph":[{"@type":"WebPage","@id":"https:\/\/hundtgroup.com\/fr\/produkt\/couteau-pour-materiaux-isolants-hundt-a-double-tranchant-280-mm\/","url":"https:\/\/hundtgroup.com\/fr\/produkt\/couteau-pour-materiaux-isolants-hundt-a-double-tranchant-280-mm\/","name":"Couteau pour mat\u00e9riaux isolants Hundt \u00e0 double tranchant 280 mm - Wilhelm Hundt GmbH","isPartOf":{"@id":"https:\/\/hundtgroup.com\/fr\/#website"},"primaryImageOfPage":{"@id":"https:\/\/hundtgroup.com\/fr\/produkt\/couteau-pour-materiaux-isolants-hundt-a-double-tranchant-280-mm\/#primaryimage"},"image":{"@id":"https:\/\/hundtgroup.com\/fr\/produkt\/couteau-pour-materiaux-isolants-hundt-a-double-tranchant-280-mm\/#primaryimage"},"thumbnailUrl":"https:\/\/hundtgroup.com\/wp-content\/uploads\/470128.png","datePublished":"2022-10-26T13:58:57+00:00","dateModified":"2025-07-29T10:56:19+00:00","breadcrumb":{"@id":"https:\/\/hundtgroup.com\/fr\/produkt\/couteau-pour-materiaux-isolants-hundt-a-double-tranchant-280-mm\/#breadcrumb"},"inLanguage":"fr-FR","potentialAction":[{"@type":"ReadAction","target":["https:\/\/hundtgroup.com\/fr\/produkt\/couteau-pour-materiaux-isolants-hundt-a-double-tranchant-280-mm\/"]}]},{"@type":"ImageObject","inLanguage":"fr-FR","@id":"https:\/\/hundtgroup.com\/fr\/produkt\/couteau-pour-materiaux-isolants-hundt-a-double-tranchant-280-mm\/#primaryimage","url":"https:\/\/hundtgroup.com\/wp-content\/uploads\/470128.png","contentUrl":"https:\/\/hundtgroup.com\/wp-content\/uploads\/470128.png","width":827,"height":107},{"@type":"BreadcrumbList","@id":"https:\/\/hundtgroup.com\/fr\/produkt\/couteau-pour-materiaux-isolants-hundt-a-double-tranchant-280-mm\/#breadcrumb","itemListElement":[{"@type":"ListItem","position":1,"name":"Startseite","item":"https:\/\/hundtgroup.com\/fr\/accueil-nouveau\/"},{"@type":"ListItem","position":2,"name":"Boutique","item":"https:\/\/hundtgroup.com\/boutique\/"},{"@type":"ListItem","position":3,"name":"Couteau pour mat\u00e9riaux isolants Hundt \u00e0 double tranchant 280 mm"}]},{"@type":"WebSite","@id":"https:\/\/hundtgroup.com\/fr\/#website","url":"https:\/\/hundtgroup.com\/fr\/","name":"Wilhelm Hundt GmbH","description":"Votre sp\u00e9cialiste en machines et outils pour le travail de la t\u00f4le","potentialAction":[{"@type":"SearchAction","target":{"@type":"EntryPoint","urlTemplate":"https:\/\/hundtgroup.com\/fr\/?s={search_term_string}"},"query-input":{"@type":"PropertyValueSpecification","valueRequired":true,"valueName":"search_term_string"}}],"inLanguage":"fr-FR"}]}},"_links":{"self":[{"href":"https:\/\/hundtgroup.com\/fr\/wp-json\/wp\/v2\/product\/19619","targetHints":{"allow":["GET"]}}],"collection":[{"href":"https:\/\/hundtgroup.com\/fr\/wp-json\/wp\/v2\/product"}],"about":[{"href":"https:\/\/hundtgroup.com\/fr\/wp-json\/wp\/v2\/types\/product"}],"wp:featuredmedia":[{"embeddable":true,"href":"https:\/\/hundtgroup.com\/fr\/wp-json\/wp\/v2\/media\/19621"}],"wp:attachment":[{"href":"https:\/\/hundtgroup.com\/fr\/wp-json\/wp\/v2\/media?parent=19619"}],"wp:term":[{"taxonomy":"product_cat","embeddable":true,"href":"https:\/\/hundtgroup.com\/fr\/wp-json\/wp\/v2\/product_cat?post=19619"},{"taxonomy":"product_tag","embeddable":true,"href":"https:\/\/hundtgroup.com\/fr\/wp-json\/wp\/v2\/product_tag?post=19619"}],"curies":[{"name":"wp","href":"https:\/\/api.w.org\/{rel}","templated":true}]}}