{"id":19816,"date":"2022-10-26T15:58:57","date_gmt":"2022-10-26T13:58:57","guid":{"rendered":"https:\/\/hundtgroup.com\/produkt\/cisaille-a-isolation-hundt-avec-poignees-longues\/"},"modified":"2025-07-29T12:47:00","modified_gmt":"2025-07-29T10:47:00","slug":"cisaille-a-isolation-hundt-avec-poignees-longues","status":"publish","type":"product","link":"https:\/\/hundtgroup.com\/fr\/produkt\/cisaille-a-isolation-hundt-avec-poignees-longues\/","title":{"rendered":"Cisaille \u00e0 isolation Hundt avec poign\u00e9es longues"},"content":{"rendered":"<p>Cisaille pour mat\u00e9riaux isolants avec longues poign\u00e9es, pour un travail convivial, m\u00e9nageant le dos<br \/>\nCoupe les matelas isolants \u00e9pais sur treillis m\u00e9tallique<br \/>\nUne lame de cisaille repose sur la surface de travail pendant le processus de coupe<br \/>\nS\u00e9curit\u00e9 d&rsquo;\u00e9crou forg\u00e9e<\/p>\n","protected":false},"excerpt":{"rendered":"<p>Cisaille pour mat\u00e9riaux isolants avec longues poign\u00e9es, pour un travail convivial, m\u00e9nageant le dos Coupe les matelas isolants \u00e9pais sur treillis m\u00e9tallique Une lame de cisaille repose sur la surface de travail pendant le processus de coupe S\u00e9curit\u00e9 d&rsquo;\u00e9crou forg\u00e9e<\/p>\n","protected":false},"featured_media":19818,"template":"","meta":{"_acf_changed":false,"inline_featured_image":false},"product_cat":[1143,1275,1213,1276],"product_tag":[],"class_list":{"0":"post-19816","1":"product","2":"type-product","3":"status-publish","4":"has-post-thumbnail","6":"brand-hundt","7":"product_cat-outils-a-main","8":"product_cat-ciseaux","9":"product_cat-outils-de-coupe","10":"product_cat-ciseaux-pour-tapis","12":"first","13":"instock","14":"taxable","15":"shipping-taxable","16":"purchasable","17":"product-type-simple","18":"add-to-wishlist-before_image"},"acf":[],"yoast_head":"<!-- This site is optimized with the Yoast SEO plugin v27.3 - https:\/\/yoast.com\/product\/yoast-seo-wordpress\/ -->\n<title>Cisaille \u00e0 isolation Hundt avec poign\u00e9es longues - Wilhelm Hundt GmbH<\/title>\n<meta name=\"robots\" content=\"index, follow, max-snippet:-1, max-image-preview:large, max-video-preview:-1\" \/>\n<link rel=\"canonical\" href=\"https:\/\/hundtgroup.com\/fr\/produkt\/cisaille-a-isolation-hundt-avec-poignees-longues\/\" \/>\n<meta property=\"og:locale\" content=\"fr_FR\" \/>\n<meta property=\"og:type\" content=\"article\" \/>\n<meta property=\"og:title\" content=\"Cisaille \u00e0 isolation Hundt avec poign\u00e9es longues - Wilhelm Hundt GmbH\" \/>\n<meta property=\"og:description\" content=\"Cisaille pour mat\u00e9riaux isolants avec longues poign\u00e9es, pour un travail convivial, m\u00e9nageant le dos Coupe les matelas isolants \u00e9pais sur treillis m\u00e9tallique Une lame de cisaille repose sur la surface de travail pendant le processus de coupe S\u00e9curit\u00e9 d&rsquo;\u00e9crou forg\u00e9e\" \/>\n<meta property=\"og:url\" content=\"https:\/\/hundtgroup.com\/fr\/produkt\/cisaille-a-isolation-hundt-avec-poignees-longues\/\" \/>\n<meta property=\"og:site_name\" content=\"Wilhelm Hundt GmbH\" \/>\n<meta property=\"article:modified_time\" content=\"2025-07-29T10:47:00+00:00\" \/>\n<meta property=\"og:image\" content=\"https:\/\/hundtgroup.com\/wp-content\/uploads\/470500.png\" \/>\n\t<meta property=\"og:image:width\" content=\"731\" \/>\n\t<meta property=\"og:image:height\" content=\"602\" \/>\n\t<meta property=\"og:image:type\" content=\"image\/png\" \/>\n<meta name=\"twitter:card\" content=\"summary_large_image\" \/>\n<script type=\"application\/ld+json\" class=\"yoast-schema-graph\">{\"@context\":\"https:\\\/\\\/schema.org\",\"@graph\":[{\"@type\":\"WebPage\",\"@id\":\"https:\\\/\\\/hundtgroup.com\\\/fr\\\/produkt\\\/cisaille-a-isolation-hundt-avec-poignees-longues\\\/\",\"url\":\"https:\\\/\\\/hundtgroup.com\\\/fr\\\/produkt\\\/cisaille-a-isolation-hundt-avec-poignees-longues\\\/\",\"name\":\"Cisaille \u00e0 isolation Hundt avec poign\u00e9es longues - Wilhelm Hundt GmbH\",\"isPartOf\":{\"@id\":\"https:\\\/\\\/hundtgroup.com\\\/fr\\\/#website\"},\"primaryImageOfPage\":{\"@id\":\"https:\\\/\\\/hundtgroup.com\\\/fr\\\/produkt\\\/cisaille-a-isolation-hundt-avec-poignees-longues\\\/#primaryimage\"},\"image\":{\"@id\":\"https:\\\/\\\/hundtgroup.com\\\/fr\\\/produkt\\\/cisaille-a-isolation-hundt-avec-poignees-longues\\\/#primaryimage\"},\"thumbnailUrl\":\"https:\\\/\\\/hundtgroup.com\\\/wp-content\\\/uploads\\\/470500.png\",\"datePublished\":\"2022-10-26T13:58:57+00:00\",\"dateModified\":\"2025-07-29T10:47:00+00:00\",\"breadcrumb\":{\"@id\":\"https:\\\/\\\/hundtgroup.com\\\/fr\\\/produkt\\\/cisaille-a-isolation-hundt-avec-poignees-longues\\\/#breadcrumb\"},\"inLanguage\":\"fr-FR\",\"potentialAction\":[{\"@type\":\"ReadAction\",\"target\":[\"https:\\\/\\\/hundtgroup.com\\\/fr\\\/produkt\\\/cisaille-a-isolation-hundt-avec-poignees-longues\\\/\"]}]},{\"@type\":\"ImageObject\",\"inLanguage\":\"fr-FR\",\"@id\":\"https:\\\/\\\/hundtgroup.com\\\/fr\\\/produkt\\\/cisaille-a-isolation-hundt-avec-poignees-longues\\\/#primaryimage\",\"url\":\"https:\\\/\\\/hundtgroup.com\\\/wp-content\\\/uploads\\\/470500.png\",\"contentUrl\":\"https:\\\/\\\/hundtgroup.com\\\/wp-content\\\/uploads\\\/470500.png\",\"width\":731,\"height\":602},{\"@type\":\"BreadcrumbList\",\"@id\":\"https:\\\/\\\/hundtgroup.com\\\/fr\\\/produkt\\\/cisaille-a-isolation-hundt-avec-poignees-longues\\\/#breadcrumb\",\"itemListElement\":[{\"@type\":\"ListItem\",\"position\":1,\"name\":\"Startseite\",\"item\":\"https:\\\/\\\/hundtgroup.com\\\/fr\\\/accueil-nouveau\\\/\"},{\"@type\":\"ListItem\",\"position\":2,\"name\":\"Boutique\",\"item\":\"https:\\\/\\\/hundtgroup.com\\\/boutique\\\/\"},{\"@type\":\"ListItem\",\"position\":3,\"name\":\"Cisaille \u00e0 isolation Hundt avec poign\u00e9es longues\"}]},{\"@type\":\"WebSite\",\"@id\":\"https:\\\/\\\/hundtgroup.com\\\/fr\\\/#website\",\"url\":\"https:\\\/\\\/hundtgroup.com\\\/fr\\\/\",\"name\":\"Wilhelm Hundt GmbH\",\"description\":\"Votre sp\u00e9cialiste en machines et outils pour le travail de la t\u00f4le\",\"potentialAction\":[{\"@type\":\"SearchAction\",\"target\":{\"@type\":\"EntryPoint\",\"urlTemplate\":\"https:\\\/\\\/hundtgroup.com\\\/fr\\\/?s={search_term_string}\"},\"query-input\":{\"@type\":\"PropertyValueSpecification\",\"valueRequired\":true,\"valueName\":\"search_term_string\"}}],\"inLanguage\":\"fr-FR\"}]}<\/script>\n<!-- \/ Yoast SEO plugin. -->","yoast_head_json":{"title":"Cisaille \u00e0 isolation Hundt avec poign\u00e9es longues - Wilhelm Hundt GmbH","robots":{"index":"index","follow":"follow","max-snippet":"max-snippet:-1","max-image-preview":"max-image-preview:large","max-video-preview":"max-video-preview:-1"},"canonical":"https:\/\/hundtgroup.com\/fr\/produkt\/cisaille-a-isolation-hundt-avec-poignees-longues\/","og_locale":"fr_FR","og_type":"article","og_title":"Cisaille \u00e0 isolation Hundt avec poign\u00e9es longues - Wilhelm Hundt GmbH","og_description":"Cisaille pour mat\u00e9riaux isolants avec longues poign\u00e9es, pour un travail convivial, m\u00e9nageant le dos Coupe les matelas isolants \u00e9pais sur treillis m\u00e9tallique Une lame de cisaille repose sur la surface de travail pendant le processus de coupe S\u00e9curit\u00e9 d&rsquo;\u00e9crou forg\u00e9e","og_url":"https:\/\/hundtgroup.com\/fr\/produkt\/cisaille-a-isolation-hundt-avec-poignees-longues\/","og_site_name":"Wilhelm Hundt GmbH","article_modified_time":"2025-07-29T10:47:00+00:00","og_image":[{"width":731,"height":602,"url":"https:\/\/hundtgroup.com\/wp-content\/uploads\/470500.png","type":"image\/png"}],"twitter_card":"summary_large_image","schema":{"@context":"https:\/\/schema.org","@graph":[{"@type":"WebPage","@id":"https:\/\/hundtgroup.com\/fr\/produkt\/cisaille-a-isolation-hundt-avec-poignees-longues\/","url":"https:\/\/hundtgroup.com\/fr\/produkt\/cisaille-a-isolation-hundt-avec-poignees-longues\/","name":"Cisaille \u00e0 isolation Hundt avec poign\u00e9es longues - Wilhelm Hundt GmbH","isPartOf":{"@id":"https:\/\/hundtgroup.com\/fr\/#website"},"primaryImageOfPage":{"@id":"https:\/\/hundtgroup.com\/fr\/produkt\/cisaille-a-isolation-hundt-avec-poignees-longues\/#primaryimage"},"image":{"@id":"https:\/\/hundtgroup.com\/fr\/produkt\/cisaille-a-isolation-hundt-avec-poignees-longues\/#primaryimage"},"thumbnailUrl":"https:\/\/hundtgroup.com\/wp-content\/uploads\/470500.png","datePublished":"2022-10-26T13:58:57+00:00","dateModified":"2025-07-29T10:47:00+00:00","breadcrumb":{"@id":"https:\/\/hundtgroup.com\/fr\/produkt\/cisaille-a-isolation-hundt-avec-poignees-longues\/#breadcrumb"},"inLanguage":"fr-FR","potentialAction":[{"@type":"ReadAction","target":["https:\/\/hundtgroup.com\/fr\/produkt\/cisaille-a-isolation-hundt-avec-poignees-longues\/"]}]},{"@type":"ImageObject","inLanguage":"fr-FR","@id":"https:\/\/hundtgroup.com\/fr\/produkt\/cisaille-a-isolation-hundt-avec-poignees-longues\/#primaryimage","url":"https:\/\/hundtgroup.com\/wp-content\/uploads\/470500.png","contentUrl":"https:\/\/hundtgroup.com\/wp-content\/uploads\/470500.png","width":731,"height":602},{"@type":"BreadcrumbList","@id":"https:\/\/hundtgroup.com\/fr\/produkt\/cisaille-a-isolation-hundt-avec-poignees-longues\/#breadcrumb","itemListElement":[{"@type":"ListItem","position":1,"name":"Startseite","item":"https:\/\/hundtgroup.com\/fr\/accueil-nouveau\/"},{"@type":"ListItem","position":2,"name":"Boutique","item":"https:\/\/hundtgroup.com\/boutique\/"},{"@type":"ListItem","position":3,"name":"Cisaille \u00e0 isolation Hundt avec poign\u00e9es longues"}]},{"@type":"WebSite","@id":"https:\/\/hundtgroup.com\/fr\/#website","url":"https:\/\/hundtgroup.com\/fr\/","name":"Wilhelm Hundt GmbH","description":"Votre sp\u00e9cialiste en machines et outils pour le travail de la t\u00f4le","potentialAction":[{"@type":"SearchAction","target":{"@type":"EntryPoint","urlTemplate":"https:\/\/hundtgroup.com\/fr\/?s={search_term_string}"},"query-input":{"@type":"PropertyValueSpecification","valueRequired":true,"valueName":"search_term_string"}}],"inLanguage":"fr-FR"}]}},"_links":{"self":[{"href":"https:\/\/hundtgroup.com\/fr\/wp-json\/wp\/v2\/product\/19816","targetHints":{"allow":["GET"]}}],"collection":[{"href":"https:\/\/hundtgroup.com\/fr\/wp-json\/wp\/v2\/product"}],"about":[{"href":"https:\/\/hundtgroup.com\/fr\/wp-json\/wp\/v2\/types\/product"}],"wp:featuredmedia":[{"embeddable":true,"href":"https:\/\/hundtgroup.com\/fr\/wp-json\/wp\/v2\/media\/19818"}],"wp:attachment":[{"href":"https:\/\/hundtgroup.com\/fr\/wp-json\/wp\/v2\/media?parent=19816"}],"wp:term":[{"taxonomy":"product_cat","embeddable":true,"href":"https:\/\/hundtgroup.com\/fr\/wp-json\/wp\/v2\/product_cat?post=19816"},{"taxonomy":"product_tag","embeddable":true,"href":"https:\/\/hundtgroup.com\/fr\/wp-json\/wp\/v2\/product_tag?post=19816"}],"curies":[{"name":"wp","href":"https:\/\/api.w.org\/{rel}","templated":true}]}}