{"id":20168,"date":"2022-10-26T15:58:39","date_gmt":"2022-10-26T13:58:39","guid":{"rendered":"https:\/\/hundtgroup.com\/produkt\/pince-plate-de-ferblantier-coudee-a-40\/"},"modified":"2025-07-29T12:34:39","modified_gmt":"2025-07-29T10:34:39","slug":"pince-plate-de-ferblantier-coudee-a-40","status":"publish","type":"product","link":"https:\/\/hundtgroup.com\/fr\/produkt\/pince-plate-de-ferblantier-coudee-a-40\/","title":{"rendered":"Pince plate de ferblantier coud\u00e9e \u00e0 40"},"content":{"rendered":"<p>En acier forg\u00e9 au chrome-vanadium, non tordable, branches recouvertes de PVC.<\/p>\n","protected":false},"excerpt":{"rendered":"<p>En acier forg\u00e9 au chrome-vanadium, non tordable, branches recouvertes de PVC.<\/p>\n","protected":false},"featured_media":20170,"template":"","meta":{"_acf_changed":false,"inline_featured_image":false},"product_cat":[1143,1201,1197],"product_tag":[],"class_list":{"0":"post-20168","1":"product","2":"type-product","3":"status-publish","4":"has-post-thumbnail","6":"brand-hundt","7":"product_cat-outils-a-main","8":"product_cat-pinces-de-ferblantier","9":"product_cat-pinces","11":"first","12":"instock","13":"taxable","14":"shipping-taxable","15":"purchasable","16":"product-type-simple","17":"add-to-wishlist-before_image"},"acf":[],"yoast_head":"<!-- This site is optimized with the Yoast SEO plugin v27.3 - https:\/\/yoast.com\/product\/yoast-seo-wordpress\/ -->\n<title>Pince plate de ferblantier coud\u00e9e \u00e0 40 - Wilhelm Hundt GmbH<\/title>\n<meta name=\"robots\" content=\"index, follow, max-snippet:-1, max-image-preview:large, max-video-preview:-1\" \/>\n<link rel=\"canonical\" href=\"https:\/\/hundtgroup.com\/fr\/produkt\/pince-plate-de-ferblantier-coudee-a-40\/\" \/>\n<meta property=\"og:locale\" content=\"fr_FR\" \/>\n<meta property=\"og:type\" content=\"article\" \/>\n<meta property=\"og:title\" content=\"Pince plate de ferblantier coud\u00e9e \u00e0 40 - Wilhelm Hundt GmbH\" \/>\n<meta property=\"og:description\" content=\"En acier forg\u00e9 au chrome-vanadium, non tordable, branches recouvertes de PVC.\" \/>\n<meta property=\"og:url\" content=\"https:\/\/hundtgroup.com\/fr\/produkt\/pince-plate-de-ferblantier-coudee-a-40\/\" \/>\n<meta property=\"og:site_name\" content=\"Wilhelm Hundt GmbH\" \/>\n<meta property=\"article:modified_time\" content=\"2025-07-29T10:34:39+00:00\" \/>\n<meta property=\"og:image\" content=\"https:\/\/hundtgroup.com\/wp-content\/uploads\/410034.png\" \/>\n\t<meta property=\"og:image:width\" content=\"829\" \/>\n\t<meta property=\"og:image:height\" content=\"221\" \/>\n\t<meta property=\"og:image:type\" content=\"image\/png\" \/>\n<meta name=\"twitter:card\" content=\"summary_large_image\" \/>\n<script type=\"application\/ld+json\" class=\"yoast-schema-graph\">{\"@context\":\"https:\\\/\\\/schema.org\",\"@graph\":[{\"@type\":\"WebPage\",\"@id\":\"https:\\\/\\\/hundtgroup.com\\\/fr\\\/produkt\\\/pince-plate-de-ferblantier-coudee-a-40\\\/\",\"url\":\"https:\\\/\\\/hundtgroup.com\\\/fr\\\/produkt\\\/pince-plate-de-ferblantier-coudee-a-40\\\/\",\"name\":\"Pince plate de ferblantier coud\u00e9e \u00e0 40 - Wilhelm Hundt GmbH\",\"isPartOf\":{\"@id\":\"https:\\\/\\\/hundtgroup.com\\\/fr\\\/#website\"},\"primaryImageOfPage\":{\"@id\":\"https:\\\/\\\/hundtgroup.com\\\/fr\\\/produkt\\\/pince-plate-de-ferblantier-coudee-a-40\\\/#primaryimage\"},\"image\":{\"@id\":\"https:\\\/\\\/hundtgroup.com\\\/fr\\\/produkt\\\/pince-plate-de-ferblantier-coudee-a-40\\\/#primaryimage\"},\"thumbnailUrl\":\"https:\\\/\\\/hundtgroup.com\\\/wp-content\\\/uploads\\\/410034.png\",\"datePublished\":\"2022-10-26T13:58:39+00:00\",\"dateModified\":\"2025-07-29T10:34:39+00:00\",\"breadcrumb\":{\"@id\":\"https:\\\/\\\/hundtgroup.com\\\/fr\\\/produkt\\\/pince-plate-de-ferblantier-coudee-a-40\\\/#breadcrumb\"},\"inLanguage\":\"fr-FR\",\"potentialAction\":[{\"@type\":\"ReadAction\",\"target\":[\"https:\\\/\\\/hundtgroup.com\\\/fr\\\/produkt\\\/pince-plate-de-ferblantier-coudee-a-40\\\/\"]}]},{\"@type\":\"ImageObject\",\"inLanguage\":\"fr-FR\",\"@id\":\"https:\\\/\\\/hundtgroup.com\\\/fr\\\/produkt\\\/pince-plate-de-ferblantier-coudee-a-40\\\/#primaryimage\",\"url\":\"https:\\\/\\\/hundtgroup.com\\\/wp-content\\\/uploads\\\/410034.png\",\"contentUrl\":\"https:\\\/\\\/hundtgroup.com\\\/wp-content\\\/uploads\\\/410034.png\",\"width\":829,\"height\":221},{\"@type\":\"BreadcrumbList\",\"@id\":\"https:\\\/\\\/hundtgroup.com\\\/fr\\\/produkt\\\/pince-plate-de-ferblantier-coudee-a-40\\\/#breadcrumb\",\"itemListElement\":[{\"@type\":\"ListItem\",\"position\":1,\"name\":\"Startseite\",\"item\":\"https:\\\/\\\/hundtgroup.com\\\/fr\\\/accueil-nouveau\\\/\"},{\"@type\":\"ListItem\",\"position\":2,\"name\":\"Boutique\",\"item\":\"https:\\\/\\\/hundtgroup.com\\\/boutique\\\/\"},{\"@type\":\"ListItem\",\"position\":3,\"name\":\"Pince plate de ferblantier coud\u00e9e \u00e0 40\"}]},{\"@type\":\"WebSite\",\"@id\":\"https:\\\/\\\/hundtgroup.com\\\/fr\\\/#website\",\"url\":\"https:\\\/\\\/hundtgroup.com\\\/fr\\\/\",\"name\":\"Wilhelm Hundt GmbH\",\"description\":\"Votre sp\u00e9cialiste en machines et outils pour le travail de la t\u00f4le\",\"potentialAction\":[{\"@type\":\"SearchAction\",\"target\":{\"@type\":\"EntryPoint\",\"urlTemplate\":\"https:\\\/\\\/hundtgroup.com\\\/fr\\\/?s={search_term_string}\"},\"query-input\":{\"@type\":\"PropertyValueSpecification\",\"valueRequired\":true,\"valueName\":\"search_term_string\"}}],\"inLanguage\":\"fr-FR\"}]}<\/script>\n<!-- \/ Yoast SEO plugin. -->","yoast_head_json":{"title":"Pince plate de ferblantier coud\u00e9e \u00e0 40 - Wilhelm Hundt GmbH","robots":{"index":"index","follow":"follow","max-snippet":"max-snippet:-1","max-image-preview":"max-image-preview:large","max-video-preview":"max-video-preview:-1"},"canonical":"https:\/\/hundtgroup.com\/fr\/produkt\/pince-plate-de-ferblantier-coudee-a-40\/","og_locale":"fr_FR","og_type":"article","og_title":"Pince plate de ferblantier coud\u00e9e \u00e0 40 - Wilhelm Hundt GmbH","og_description":"En acier forg\u00e9 au chrome-vanadium, non tordable, branches recouvertes de PVC.","og_url":"https:\/\/hundtgroup.com\/fr\/produkt\/pince-plate-de-ferblantier-coudee-a-40\/","og_site_name":"Wilhelm Hundt GmbH","article_modified_time":"2025-07-29T10:34:39+00:00","og_image":[{"width":829,"height":221,"url":"https:\/\/hundtgroup.com\/wp-content\/uploads\/410034.png","type":"image\/png"}],"twitter_card":"summary_large_image","schema":{"@context":"https:\/\/schema.org","@graph":[{"@type":"WebPage","@id":"https:\/\/hundtgroup.com\/fr\/produkt\/pince-plate-de-ferblantier-coudee-a-40\/","url":"https:\/\/hundtgroup.com\/fr\/produkt\/pince-plate-de-ferblantier-coudee-a-40\/","name":"Pince plate de ferblantier coud\u00e9e \u00e0 40 - Wilhelm Hundt GmbH","isPartOf":{"@id":"https:\/\/hundtgroup.com\/fr\/#website"},"primaryImageOfPage":{"@id":"https:\/\/hundtgroup.com\/fr\/produkt\/pince-plate-de-ferblantier-coudee-a-40\/#primaryimage"},"image":{"@id":"https:\/\/hundtgroup.com\/fr\/produkt\/pince-plate-de-ferblantier-coudee-a-40\/#primaryimage"},"thumbnailUrl":"https:\/\/hundtgroup.com\/wp-content\/uploads\/410034.png","datePublished":"2022-10-26T13:58:39+00:00","dateModified":"2025-07-29T10:34:39+00:00","breadcrumb":{"@id":"https:\/\/hundtgroup.com\/fr\/produkt\/pince-plate-de-ferblantier-coudee-a-40\/#breadcrumb"},"inLanguage":"fr-FR","potentialAction":[{"@type":"ReadAction","target":["https:\/\/hundtgroup.com\/fr\/produkt\/pince-plate-de-ferblantier-coudee-a-40\/"]}]},{"@type":"ImageObject","inLanguage":"fr-FR","@id":"https:\/\/hundtgroup.com\/fr\/produkt\/pince-plate-de-ferblantier-coudee-a-40\/#primaryimage","url":"https:\/\/hundtgroup.com\/wp-content\/uploads\/410034.png","contentUrl":"https:\/\/hundtgroup.com\/wp-content\/uploads\/410034.png","width":829,"height":221},{"@type":"BreadcrumbList","@id":"https:\/\/hundtgroup.com\/fr\/produkt\/pince-plate-de-ferblantier-coudee-a-40\/#breadcrumb","itemListElement":[{"@type":"ListItem","position":1,"name":"Startseite","item":"https:\/\/hundtgroup.com\/fr\/accueil-nouveau\/"},{"@type":"ListItem","position":2,"name":"Boutique","item":"https:\/\/hundtgroup.com\/boutique\/"},{"@type":"ListItem","position":3,"name":"Pince plate de ferblantier coud\u00e9e \u00e0 40"}]},{"@type":"WebSite","@id":"https:\/\/hundtgroup.com\/fr\/#website","url":"https:\/\/hundtgroup.com\/fr\/","name":"Wilhelm Hundt GmbH","description":"Votre sp\u00e9cialiste en machines et outils pour le travail de la t\u00f4le","potentialAction":[{"@type":"SearchAction","target":{"@type":"EntryPoint","urlTemplate":"https:\/\/hundtgroup.com\/fr\/?s={search_term_string}"},"query-input":{"@type":"PropertyValueSpecification","valueRequired":true,"valueName":"search_term_string"}}],"inLanguage":"fr-FR"}]}},"_links":{"self":[{"href":"https:\/\/hundtgroup.com\/fr\/wp-json\/wp\/v2\/product\/20168","targetHints":{"allow":["GET"]}}],"collection":[{"href":"https:\/\/hundtgroup.com\/fr\/wp-json\/wp\/v2\/product"}],"about":[{"href":"https:\/\/hundtgroup.com\/fr\/wp-json\/wp\/v2\/types\/product"}],"wp:featuredmedia":[{"embeddable":true,"href":"https:\/\/hundtgroup.com\/fr\/wp-json\/wp\/v2\/media\/20170"}],"wp:attachment":[{"href":"https:\/\/hundtgroup.com\/fr\/wp-json\/wp\/v2\/media?parent=20168"}],"wp:term":[{"taxonomy":"product_cat","embeddable":true,"href":"https:\/\/hundtgroup.com\/fr\/wp-json\/wp\/v2\/product_cat?post=20168"},{"taxonomy":"product_tag","embeddable":true,"href":"https:\/\/hundtgroup.com\/fr\/wp-json\/wp\/v2\/product_tag?post=20168"}],"curies":[{"name":"wp","href":"https:\/\/api.w.org\/{rel}","templated":true}]}}