{"id":20215,"date":"2022-10-26T15:58:43","date_gmt":"2022-10-26T13:58:43","guid":{"rendered":"https:\/\/hundtgroup.com\/produkt\/pince-combinee-de-force-02-01-225\/"},"modified":"2025-07-29T12:38:01","modified_gmt":"2025-07-29T10:38:01","slug":"pince-combinee-de-force-02-01-225","status":"publish","type":"product","link":"https:\/\/hundtgroup.com\/fr\/produkt\/pince-combinee-de-force-02-01-225\/","title":{"rendered":"Pince combin\u00e9e de force 02 01 225"},"content":{"rendered":"<p>Couper plus facilement. Saisir, plier et tirer avec force<br \/>\n35% d&rsquo;\u00e9conomie d&rsquo;\u00e9nergie par rapport aux pinces combin\u00e9es traditionnelles<br \/>\nTravail plus facile gr\u00e2ce \u00e0 une d\u00e9multiplication optimis\u00e9e<br \/>\nAvec tranchants (duret\u00e9 env. 63 HRC)pour fil doux et dur ainsi que fil piano<br \/>\nTranchants longs pour c\u00e2bles plus \u00e9pais<br \/>\nAvec zones de pr\u00e9hension pour mat\u00e9riaux plats et ronds pour une utilisation polyvalente<br \/>\nAcier \u00e0 outils sp\u00e9cial, forg\u00e9, tremp\u00e9 \u00e0 l&rsquo;huile <\/p>\n","protected":false},"excerpt":{"rendered":"<p>Couper plus facilement. Saisir, plier et tirer avec force 35% d&rsquo;\u00e9conomie d&rsquo;\u00e9nergie par rapport aux pinces combin\u00e9es traditionnelles Travail plus facile gr\u00e2ce \u00e0 une d\u00e9multiplication optimis\u00e9e Avec tranchants (duret\u00e9 env. 63 HRC)pour fil doux et dur ainsi que fil piano Tranchants longs pour c\u00e2bles plus \u00e9pais Avec zones de pr\u00e9hension pour mat\u00e9riaux plats et ronds [&hellip;]<\/p>\n","protected":false},"featured_media":20217,"template":"","meta":{"_acf_changed":false,"inline_featured_image":false},"product_cat":[1143,1203,1197],"product_tag":[],"class_list":{"0":"post-20215","1":"product","2":"type-product","3":"status-publish","4":"has-post-thumbnail","6":"brand-knipex","7":"product_cat-outils-a-main","8":"product_cat-pinces-mixtes","9":"product_cat-pinces","11":"first","12":"instock","13":"taxable","14":"shipping-taxable","15":"purchasable","16":"product-type-simple","17":"add-to-wishlist-before_image"},"acf":[],"yoast_head":"<!-- This site is optimized with the Yoast SEO plugin v27.3 - https:\/\/yoast.com\/product\/yoast-seo-wordpress\/ -->\n<title>Pince combin\u00e9e de force 02 01 225 - Wilhelm Hundt GmbH<\/title>\n<meta name=\"robots\" content=\"index, follow, max-snippet:-1, max-image-preview:large, max-video-preview:-1\" \/>\n<link rel=\"canonical\" href=\"https:\/\/hundtgroup.com\/fr\/produkt\/pince-combinee-de-force-02-01-225\/\" \/>\n<meta property=\"og:locale\" content=\"fr_FR\" \/>\n<meta property=\"og:type\" content=\"article\" \/>\n<meta property=\"og:title\" content=\"Pince combin\u00e9e de force 02 01 225 - Wilhelm Hundt GmbH\" \/>\n<meta property=\"og:description\" content=\"Couper plus facilement. Saisir, plier et tirer avec force 35% d&rsquo;\u00e9conomie d&rsquo;\u00e9nergie par rapport aux pinces combin\u00e9es traditionnelles Travail plus facile gr\u00e2ce \u00e0 une d\u00e9multiplication optimis\u00e9e Avec tranchants (duret\u00e9 env. 63 HRC)pour fil doux et dur ainsi que fil piano Tranchants longs pour c\u00e2bles plus \u00e9pais Avec zones de pr\u00e9hension pour mat\u00e9riaux plats et ronds [&hellip;]\" \/>\n<meta property=\"og:url\" content=\"https:\/\/hundtgroup.com\/fr\/produkt\/pince-combinee-de-force-02-01-225\/\" \/>\n<meta property=\"og:site_name\" content=\"Wilhelm Hundt GmbH\" \/>\n<meta property=\"article:modified_time\" content=\"2025-07-29T10:38:01+00:00\" \/>\n<meta property=\"og:image\" content=\"https:\/\/hundtgroup.com\/wp-content\/uploads\/410239.png\" \/>\n\t<meta property=\"og:image:width\" content=\"830\" \/>\n\t<meta property=\"og:image:height\" content=\"206\" \/>\n\t<meta property=\"og:image:type\" content=\"image\/png\" \/>\n<meta name=\"twitter:card\" content=\"summary_large_image\" \/>\n<script type=\"application\/ld+json\" class=\"yoast-schema-graph\">{\"@context\":\"https:\\\/\\\/schema.org\",\"@graph\":[{\"@type\":\"WebPage\",\"@id\":\"https:\\\/\\\/hundtgroup.com\\\/fr\\\/produkt\\\/pince-combinee-de-force-02-01-225\\\/\",\"url\":\"https:\\\/\\\/hundtgroup.com\\\/fr\\\/produkt\\\/pince-combinee-de-force-02-01-225\\\/\",\"name\":\"Pince combin\u00e9e de force 02 01 225 - Wilhelm Hundt GmbH\",\"isPartOf\":{\"@id\":\"https:\\\/\\\/hundtgroup.com\\\/fr\\\/#website\"},\"primaryImageOfPage\":{\"@id\":\"https:\\\/\\\/hundtgroup.com\\\/fr\\\/produkt\\\/pince-combinee-de-force-02-01-225\\\/#primaryimage\"},\"image\":{\"@id\":\"https:\\\/\\\/hundtgroup.com\\\/fr\\\/produkt\\\/pince-combinee-de-force-02-01-225\\\/#primaryimage\"},\"thumbnailUrl\":\"https:\\\/\\\/hundtgroup.com\\\/wp-content\\\/uploads\\\/410239.png\",\"datePublished\":\"2022-10-26T13:58:43+00:00\",\"dateModified\":\"2025-07-29T10:38:01+00:00\",\"breadcrumb\":{\"@id\":\"https:\\\/\\\/hundtgroup.com\\\/fr\\\/produkt\\\/pince-combinee-de-force-02-01-225\\\/#breadcrumb\"},\"inLanguage\":\"fr-FR\",\"potentialAction\":[{\"@type\":\"ReadAction\",\"target\":[\"https:\\\/\\\/hundtgroup.com\\\/fr\\\/produkt\\\/pince-combinee-de-force-02-01-225\\\/\"]}]},{\"@type\":\"ImageObject\",\"inLanguage\":\"fr-FR\",\"@id\":\"https:\\\/\\\/hundtgroup.com\\\/fr\\\/produkt\\\/pince-combinee-de-force-02-01-225\\\/#primaryimage\",\"url\":\"https:\\\/\\\/hundtgroup.com\\\/wp-content\\\/uploads\\\/410239.png\",\"contentUrl\":\"https:\\\/\\\/hundtgroup.com\\\/wp-content\\\/uploads\\\/410239.png\",\"width\":830,\"height\":206},{\"@type\":\"BreadcrumbList\",\"@id\":\"https:\\\/\\\/hundtgroup.com\\\/fr\\\/produkt\\\/pince-combinee-de-force-02-01-225\\\/#breadcrumb\",\"itemListElement\":[{\"@type\":\"ListItem\",\"position\":1,\"name\":\"Startseite\",\"item\":\"https:\\\/\\\/hundtgroup.com\\\/fr\\\/accueil-nouveau\\\/\"},{\"@type\":\"ListItem\",\"position\":2,\"name\":\"Boutique\",\"item\":\"https:\\\/\\\/hundtgroup.com\\\/boutique\\\/\"},{\"@type\":\"ListItem\",\"position\":3,\"name\":\"Pince combin\u00e9e de force 02 01 225\"}]},{\"@type\":\"WebSite\",\"@id\":\"https:\\\/\\\/hundtgroup.com\\\/fr\\\/#website\",\"url\":\"https:\\\/\\\/hundtgroup.com\\\/fr\\\/\",\"name\":\"Wilhelm Hundt GmbH\",\"description\":\"Votre sp\u00e9cialiste en machines et outils pour le travail de la t\u00f4le\",\"potentialAction\":[{\"@type\":\"SearchAction\",\"target\":{\"@type\":\"EntryPoint\",\"urlTemplate\":\"https:\\\/\\\/hundtgroup.com\\\/fr\\\/?s={search_term_string}\"},\"query-input\":{\"@type\":\"PropertyValueSpecification\",\"valueRequired\":true,\"valueName\":\"search_term_string\"}}],\"inLanguage\":\"fr-FR\"}]}<\/script>\n<!-- \/ Yoast SEO plugin. -->","yoast_head_json":{"title":"Pince combin\u00e9e de force 02 01 225 - Wilhelm Hundt GmbH","robots":{"index":"index","follow":"follow","max-snippet":"max-snippet:-1","max-image-preview":"max-image-preview:large","max-video-preview":"max-video-preview:-1"},"canonical":"https:\/\/hundtgroup.com\/fr\/produkt\/pince-combinee-de-force-02-01-225\/","og_locale":"fr_FR","og_type":"article","og_title":"Pince combin\u00e9e de force 02 01 225 - Wilhelm Hundt GmbH","og_description":"Couper plus facilement. Saisir, plier et tirer avec force 35% d&rsquo;\u00e9conomie d&rsquo;\u00e9nergie par rapport aux pinces combin\u00e9es traditionnelles Travail plus facile gr\u00e2ce \u00e0 une d\u00e9multiplication optimis\u00e9e Avec tranchants (duret\u00e9 env. 63 HRC)pour fil doux et dur ainsi que fil piano Tranchants longs pour c\u00e2bles plus \u00e9pais Avec zones de pr\u00e9hension pour mat\u00e9riaux plats et ronds [&hellip;]","og_url":"https:\/\/hundtgroup.com\/fr\/produkt\/pince-combinee-de-force-02-01-225\/","og_site_name":"Wilhelm Hundt GmbH","article_modified_time":"2025-07-29T10:38:01+00:00","og_image":[{"width":830,"height":206,"url":"https:\/\/hundtgroup.com\/wp-content\/uploads\/410239.png","type":"image\/png"}],"twitter_card":"summary_large_image","schema":{"@context":"https:\/\/schema.org","@graph":[{"@type":"WebPage","@id":"https:\/\/hundtgroup.com\/fr\/produkt\/pince-combinee-de-force-02-01-225\/","url":"https:\/\/hundtgroup.com\/fr\/produkt\/pince-combinee-de-force-02-01-225\/","name":"Pince combin\u00e9e de force 02 01 225 - Wilhelm Hundt GmbH","isPartOf":{"@id":"https:\/\/hundtgroup.com\/fr\/#website"},"primaryImageOfPage":{"@id":"https:\/\/hundtgroup.com\/fr\/produkt\/pince-combinee-de-force-02-01-225\/#primaryimage"},"image":{"@id":"https:\/\/hundtgroup.com\/fr\/produkt\/pince-combinee-de-force-02-01-225\/#primaryimage"},"thumbnailUrl":"https:\/\/hundtgroup.com\/wp-content\/uploads\/410239.png","datePublished":"2022-10-26T13:58:43+00:00","dateModified":"2025-07-29T10:38:01+00:00","breadcrumb":{"@id":"https:\/\/hundtgroup.com\/fr\/produkt\/pince-combinee-de-force-02-01-225\/#breadcrumb"},"inLanguage":"fr-FR","potentialAction":[{"@type":"ReadAction","target":["https:\/\/hundtgroup.com\/fr\/produkt\/pince-combinee-de-force-02-01-225\/"]}]},{"@type":"ImageObject","inLanguage":"fr-FR","@id":"https:\/\/hundtgroup.com\/fr\/produkt\/pince-combinee-de-force-02-01-225\/#primaryimage","url":"https:\/\/hundtgroup.com\/wp-content\/uploads\/410239.png","contentUrl":"https:\/\/hundtgroup.com\/wp-content\/uploads\/410239.png","width":830,"height":206},{"@type":"BreadcrumbList","@id":"https:\/\/hundtgroup.com\/fr\/produkt\/pince-combinee-de-force-02-01-225\/#breadcrumb","itemListElement":[{"@type":"ListItem","position":1,"name":"Startseite","item":"https:\/\/hundtgroup.com\/fr\/accueil-nouveau\/"},{"@type":"ListItem","position":2,"name":"Boutique","item":"https:\/\/hundtgroup.com\/boutique\/"},{"@type":"ListItem","position":3,"name":"Pince combin\u00e9e de force 02 01 225"}]},{"@type":"WebSite","@id":"https:\/\/hundtgroup.com\/fr\/#website","url":"https:\/\/hundtgroup.com\/fr\/","name":"Wilhelm Hundt GmbH","description":"Votre sp\u00e9cialiste en machines et outils pour le travail de la t\u00f4le","potentialAction":[{"@type":"SearchAction","target":{"@type":"EntryPoint","urlTemplate":"https:\/\/hundtgroup.com\/fr\/?s={search_term_string}"},"query-input":{"@type":"PropertyValueSpecification","valueRequired":true,"valueName":"search_term_string"}}],"inLanguage":"fr-FR"}]}},"_links":{"self":[{"href":"https:\/\/hundtgroup.com\/fr\/wp-json\/wp\/v2\/product\/20215","targetHints":{"allow":["GET"]}}],"collection":[{"href":"https:\/\/hundtgroup.com\/fr\/wp-json\/wp\/v2\/product"}],"about":[{"href":"https:\/\/hundtgroup.com\/fr\/wp-json\/wp\/v2\/types\/product"}],"wp:featuredmedia":[{"embeddable":true,"href":"https:\/\/hundtgroup.com\/fr\/wp-json\/wp\/v2\/media\/20217"}],"wp:attachment":[{"href":"https:\/\/hundtgroup.com\/fr\/wp-json\/wp\/v2\/media?parent=20215"}],"wp:term":[{"taxonomy":"product_cat","embeddable":true,"href":"https:\/\/hundtgroup.com\/fr\/wp-json\/wp\/v2\/product_cat?post=20215"},{"taxonomy":"product_tag","embeddable":true,"href":"https:\/\/hundtgroup.com\/fr\/wp-json\/wp\/v2\/product_tag?post=20215"}],"curies":[{"name":"wp","href":"https:\/\/api.w.org\/{rel}","templated":true}]}}