{"id":20995,"date":"2022-10-26T15:58:43","date_gmt":"2022-10-26T13:58:43","guid":{"rendered":"https:\/\/hundtgroup.com\/produkt\/vbw-966-1-pince-a-pompe-a-eau-250-mm\/"},"modified":"2025-07-29T12:50:58","modified_gmt":"2025-07-29T10:50:58","slug":"vbw-966-1-pince-a-pompe-a-eau-250-mm","status":"publish","type":"product","link":"https:\/\/hundtgroup.com\/fr\/produkt\/vbw-966-1-pince-a-pompe-a-eau-250-mm\/","title":{"rendered":"VBW 966-1 Pince \u00e0 pompe \u00e0 eau 250 mm"},"content":{"rendered":"<p>Articulation coulissante traversante.<br \/>\nExtr\u00eamement stable gr\u00e2ce au double guidage.<br \/>\nAuto-bloquant sur la pi\u00e8ce, \u00e9conomise les efforts et ne glisse pas.<br \/>\nProtection de serrage de s\u00e9curit\u00e9 contre les blessures par \u00e9crasement.<br \/>\nTrait\u00e9 de haute qualit\u00e9 pour une grande r\u00e9sistance \u00e0 l&rsquo;usure.<br \/>\nPoign\u00e9es antid\u00e9rapantes, tr\u00e8s utiles par temps froid.<\/p>\n","protected":false},"excerpt":{"rendered":"<p>Articulation coulissante traversante. Extr\u00eamement stable gr\u00e2ce au double guidage. Auto-bloquant sur la pi\u00e8ce, \u00e9conomise les efforts et ne glisse pas. Protection de serrage de s\u00e9curit\u00e9 contre les blessures par \u00e9crasement. Trait\u00e9 de haute qualit\u00e9 pour une grande r\u00e9sistance \u00e0 l&rsquo;usure. Poign\u00e9es antid\u00e9rapantes, tr\u00e8s utiles par temps froid.<\/p>\n","protected":false},"featured_media":20165,"template":"","meta":{"_acf_changed":false,"inline_featured_image":false},"product_cat":[1143,1204,1197],"product_tag":[],"class_list":{"0":"post-20995","1":"product","2":"type-product","3":"status-publish","4":"has-post-thumbnail","6":"brand-vbw","7":"product_cat-outils-a-main","8":"product_cat-pinces-a-pompe-a-eau","9":"product_cat-pinces","11":"first","12":"instock","13":"taxable","14":"shipping-taxable","15":"purchasable","16":"product-type-simple","17":"add-to-wishlist-before_image"},"acf":[],"yoast_head":"<!-- This site is optimized with the Yoast SEO plugin v27.3 - https:\/\/yoast.com\/product\/yoast-seo-wordpress\/ -->\n<title>VBW 966-1 Pince \u00e0 pompe \u00e0 eau 250 mm - Wilhelm Hundt GmbH<\/title>\n<meta name=\"robots\" content=\"index, follow, max-snippet:-1, max-image-preview:large, max-video-preview:-1\" \/>\n<link rel=\"canonical\" href=\"https:\/\/hundtgroup.com\/fr\/produkt\/vbw-966-1-pince-a-pompe-a-eau-250-mm\/\" \/>\n<meta property=\"og:locale\" content=\"fr_FR\" \/>\n<meta property=\"og:type\" content=\"article\" \/>\n<meta property=\"og:title\" content=\"VBW 966-1 Pince \u00e0 pompe \u00e0 eau 250 mm - Wilhelm Hundt GmbH\" \/>\n<meta property=\"og:description\" content=\"Articulation coulissante traversante. Extr\u00eamement stable gr\u00e2ce au double guidage. Auto-bloquant sur la pi\u00e8ce, \u00e9conomise les efforts et ne glisse pas. Protection de serrage de s\u00e9curit\u00e9 contre les blessures par \u00e9crasement. Trait\u00e9 de haute qualit\u00e9 pour une grande r\u00e9sistance \u00e0 l&rsquo;usure. Poign\u00e9es antid\u00e9rapantes, tr\u00e8s utiles par temps froid.\" \/>\n<meta property=\"og:url\" content=\"https:\/\/hundtgroup.com\/fr\/produkt\/vbw-966-1-pince-a-pompe-a-eau-250-mm\/\" \/>\n<meta property=\"og:site_name\" content=\"Wilhelm Hundt GmbH\" \/>\n<meta property=\"article:modified_time\" content=\"2025-07-29T10:50:58+00:00\" \/>\n<meta property=\"og:image\" content=\"https:\/\/hundtgroup.com\/wp-content\/uploads\/410155.png\" \/>\n\t<meta property=\"og:image:width\" content=\"829\" \/>\n\t<meta property=\"og:image:height\" content=\"215\" \/>\n\t<meta property=\"og:image:type\" content=\"image\/png\" \/>\n<meta name=\"twitter:card\" content=\"summary_large_image\" \/>\n<script type=\"application\/ld+json\" class=\"yoast-schema-graph\">{\"@context\":\"https:\\\/\\\/schema.org\",\"@graph\":[{\"@type\":\"WebPage\",\"@id\":\"https:\\\/\\\/hundtgroup.com\\\/fr\\\/produkt\\\/vbw-966-1-pince-a-pompe-a-eau-250-mm\\\/\",\"url\":\"https:\\\/\\\/hundtgroup.com\\\/fr\\\/produkt\\\/vbw-966-1-pince-a-pompe-a-eau-250-mm\\\/\",\"name\":\"VBW 966-1 Pince \u00e0 pompe \u00e0 eau 250 mm - Wilhelm Hundt GmbH\",\"isPartOf\":{\"@id\":\"https:\\\/\\\/hundtgroup.com\\\/fr\\\/#website\"},\"primaryImageOfPage\":{\"@id\":\"https:\\\/\\\/hundtgroup.com\\\/fr\\\/produkt\\\/vbw-966-1-pince-a-pompe-a-eau-250-mm\\\/#primaryimage\"},\"image\":{\"@id\":\"https:\\\/\\\/hundtgroup.com\\\/fr\\\/produkt\\\/vbw-966-1-pince-a-pompe-a-eau-250-mm\\\/#primaryimage\"},\"thumbnailUrl\":\"https:\\\/\\\/hundtgroup.com\\\/wp-content\\\/uploads\\\/410155.png\",\"datePublished\":\"2022-10-26T13:58:43+00:00\",\"dateModified\":\"2025-07-29T10:50:58+00:00\",\"breadcrumb\":{\"@id\":\"https:\\\/\\\/hundtgroup.com\\\/fr\\\/produkt\\\/vbw-966-1-pince-a-pompe-a-eau-250-mm\\\/#breadcrumb\"},\"inLanguage\":\"fr-FR\",\"potentialAction\":[{\"@type\":\"ReadAction\",\"target\":[\"https:\\\/\\\/hundtgroup.com\\\/fr\\\/produkt\\\/vbw-966-1-pince-a-pompe-a-eau-250-mm\\\/\"]}]},{\"@type\":\"ImageObject\",\"inLanguage\":\"fr-FR\",\"@id\":\"https:\\\/\\\/hundtgroup.com\\\/fr\\\/produkt\\\/vbw-966-1-pince-a-pompe-a-eau-250-mm\\\/#primaryimage\",\"url\":\"https:\\\/\\\/hundtgroup.com\\\/wp-content\\\/uploads\\\/410155.png\",\"contentUrl\":\"https:\\\/\\\/hundtgroup.com\\\/wp-content\\\/uploads\\\/410155.png\",\"width\":829,\"height\":215},{\"@type\":\"BreadcrumbList\",\"@id\":\"https:\\\/\\\/hundtgroup.com\\\/fr\\\/produkt\\\/vbw-966-1-pince-a-pompe-a-eau-250-mm\\\/#breadcrumb\",\"itemListElement\":[{\"@type\":\"ListItem\",\"position\":1,\"name\":\"Startseite\",\"item\":\"https:\\\/\\\/hundtgroup.com\\\/fr\\\/accueil-nouveau\\\/\"},{\"@type\":\"ListItem\",\"position\":2,\"name\":\"Boutique\",\"item\":\"https:\\\/\\\/hundtgroup.com\\\/boutique\\\/\"},{\"@type\":\"ListItem\",\"position\":3,\"name\":\"VBW 966-1 Pince \u00e0 pompe \u00e0 eau 250 mm\"}]},{\"@type\":\"WebSite\",\"@id\":\"https:\\\/\\\/hundtgroup.com\\\/fr\\\/#website\",\"url\":\"https:\\\/\\\/hundtgroup.com\\\/fr\\\/\",\"name\":\"Wilhelm Hundt GmbH\",\"description\":\"Votre sp\u00e9cialiste en machines et outils pour le travail de la t\u00f4le\",\"potentialAction\":[{\"@type\":\"SearchAction\",\"target\":{\"@type\":\"EntryPoint\",\"urlTemplate\":\"https:\\\/\\\/hundtgroup.com\\\/fr\\\/?s={search_term_string}\"},\"query-input\":{\"@type\":\"PropertyValueSpecification\",\"valueRequired\":true,\"valueName\":\"search_term_string\"}}],\"inLanguage\":\"fr-FR\"}]}<\/script>\n<!-- \/ Yoast SEO plugin. -->","yoast_head_json":{"title":"VBW 966-1 Pince \u00e0 pompe \u00e0 eau 250 mm - Wilhelm Hundt GmbH","robots":{"index":"index","follow":"follow","max-snippet":"max-snippet:-1","max-image-preview":"max-image-preview:large","max-video-preview":"max-video-preview:-1"},"canonical":"https:\/\/hundtgroup.com\/fr\/produkt\/vbw-966-1-pince-a-pompe-a-eau-250-mm\/","og_locale":"fr_FR","og_type":"article","og_title":"VBW 966-1 Pince \u00e0 pompe \u00e0 eau 250 mm - Wilhelm Hundt GmbH","og_description":"Articulation coulissante traversante. Extr\u00eamement stable gr\u00e2ce au double guidage. Auto-bloquant sur la pi\u00e8ce, \u00e9conomise les efforts et ne glisse pas. Protection de serrage de s\u00e9curit\u00e9 contre les blessures par \u00e9crasement. Trait\u00e9 de haute qualit\u00e9 pour une grande r\u00e9sistance \u00e0 l&rsquo;usure. Poign\u00e9es antid\u00e9rapantes, tr\u00e8s utiles par temps froid.","og_url":"https:\/\/hundtgroup.com\/fr\/produkt\/vbw-966-1-pince-a-pompe-a-eau-250-mm\/","og_site_name":"Wilhelm Hundt GmbH","article_modified_time":"2025-07-29T10:50:58+00:00","og_image":[{"width":829,"height":215,"url":"https:\/\/hundtgroup.com\/wp-content\/uploads\/410155.png","type":"image\/png"}],"twitter_card":"summary_large_image","schema":{"@context":"https:\/\/schema.org","@graph":[{"@type":"WebPage","@id":"https:\/\/hundtgroup.com\/fr\/produkt\/vbw-966-1-pince-a-pompe-a-eau-250-mm\/","url":"https:\/\/hundtgroup.com\/fr\/produkt\/vbw-966-1-pince-a-pompe-a-eau-250-mm\/","name":"VBW 966-1 Pince \u00e0 pompe \u00e0 eau 250 mm - Wilhelm Hundt GmbH","isPartOf":{"@id":"https:\/\/hundtgroup.com\/fr\/#website"},"primaryImageOfPage":{"@id":"https:\/\/hundtgroup.com\/fr\/produkt\/vbw-966-1-pince-a-pompe-a-eau-250-mm\/#primaryimage"},"image":{"@id":"https:\/\/hundtgroup.com\/fr\/produkt\/vbw-966-1-pince-a-pompe-a-eau-250-mm\/#primaryimage"},"thumbnailUrl":"https:\/\/hundtgroup.com\/wp-content\/uploads\/410155.png","datePublished":"2022-10-26T13:58:43+00:00","dateModified":"2025-07-29T10:50:58+00:00","breadcrumb":{"@id":"https:\/\/hundtgroup.com\/fr\/produkt\/vbw-966-1-pince-a-pompe-a-eau-250-mm\/#breadcrumb"},"inLanguage":"fr-FR","potentialAction":[{"@type":"ReadAction","target":["https:\/\/hundtgroup.com\/fr\/produkt\/vbw-966-1-pince-a-pompe-a-eau-250-mm\/"]}]},{"@type":"ImageObject","inLanguage":"fr-FR","@id":"https:\/\/hundtgroup.com\/fr\/produkt\/vbw-966-1-pince-a-pompe-a-eau-250-mm\/#primaryimage","url":"https:\/\/hundtgroup.com\/wp-content\/uploads\/410155.png","contentUrl":"https:\/\/hundtgroup.com\/wp-content\/uploads\/410155.png","width":829,"height":215},{"@type":"BreadcrumbList","@id":"https:\/\/hundtgroup.com\/fr\/produkt\/vbw-966-1-pince-a-pompe-a-eau-250-mm\/#breadcrumb","itemListElement":[{"@type":"ListItem","position":1,"name":"Startseite","item":"https:\/\/hundtgroup.com\/fr\/accueil-nouveau\/"},{"@type":"ListItem","position":2,"name":"Boutique","item":"https:\/\/hundtgroup.com\/boutique\/"},{"@type":"ListItem","position":3,"name":"VBW 966-1 Pince \u00e0 pompe \u00e0 eau 250 mm"}]},{"@type":"WebSite","@id":"https:\/\/hundtgroup.com\/fr\/#website","url":"https:\/\/hundtgroup.com\/fr\/","name":"Wilhelm Hundt GmbH","description":"Votre sp\u00e9cialiste en machines et outils pour le travail de la t\u00f4le","potentialAction":[{"@type":"SearchAction","target":{"@type":"EntryPoint","urlTemplate":"https:\/\/hundtgroup.com\/fr\/?s={search_term_string}"},"query-input":{"@type":"PropertyValueSpecification","valueRequired":true,"valueName":"search_term_string"}}],"inLanguage":"fr-FR"}]}},"_links":{"self":[{"href":"https:\/\/hundtgroup.com\/fr\/wp-json\/wp\/v2\/product\/20995","targetHints":{"allow":["GET"]}}],"collection":[{"href":"https:\/\/hundtgroup.com\/fr\/wp-json\/wp\/v2\/product"}],"about":[{"href":"https:\/\/hundtgroup.com\/fr\/wp-json\/wp\/v2\/types\/product"}],"wp:featuredmedia":[{"embeddable":true,"href":"https:\/\/hundtgroup.com\/fr\/wp-json\/wp\/v2\/media\/20165"}],"wp:attachment":[{"href":"https:\/\/hundtgroup.com\/fr\/wp-json\/wp\/v2\/media?parent=20995"}],"wp:term":[{"taxonomy":"product_cat","embeddable":true,"href":"https:\/\/hundtgroup.com\/fr\/wp-json\/wp\/v2\/product_cat?post=20995"},{"taxonomy":"product_tag","embeddable":true,"href":"https:\/\/hundtgroup.com\/fr\/wp-json\/wp\/v2\/product_tag?post=20995"}],"curies":[{"name":"wp","href":"https:\/\/api.w.org\/{rel}","templated":true}]}}