{"id":21090,"date":"2022-10-26T15:58:25","date_gmt":"2022-10-26T13:58:25","guid":{"rendered":"https:\/\/hundtgroup.com\/produkt\/niveau-a-bulle-magnetique-70m-100-cm\/"},"modified":"2025-07-29T12:13:46","modified_gmt":"2025-07-29T10:13:46","slug":"niveau-a-bulle-magnetique-70m-100-cm","status":"publish","type":"product","link":"https:\/\/hundtgroup.com\/fr\/produkt\/niveau-a-bulle-magnetique-70m-100-cm\/","title":{"rendered":"Niveau \u00e0 bulle magn\u00e9tique 70M 100 cm"},"content":{"rendered":"<p>Niveau \u00e0 bulle l\u00e9ger en aluminium \u00e0 profil rectangulaire avec syst\u00e8me magn\u00e9tique puissant aux terres rares pour adh\u00e9rer aux \u00e9l\u00e9ments de construction m\u00e9talliques &#8211; mains libres pour aligner et ajuster les poteaux et les poutres.<br \/>\nFacile \u00e0 nettoyer gr\u00e2ce aux surfaces lat\u00e9rales lisses et au rev\u00eatement par poudre \u00e9lectrostatique.<br \/>\nDes embouts en plastique prot\u00e8gent le profil\u00e9 en cas de choc.<br \/>\nLa technologie de montage STABILA assure une pr\u00e9cision \u00e0 long terme &#8211; pr\u00e9cision de mesure en position normale \u00b1 0,5 mm\/m.<\/p>\n<p>\u00c9quipement :<br \/>\n1 fiole horizontale<br \/>\n1 fiole verticale<br \/>\n2 surfaces de mesure usin\u00e9es<br \/>\nSyst\u00e8me magn\u00e9tique aux terres rares (jusqu&rsquo;\u00e0 5 fois plus puissant que les aimants ferrites habituels)<br \/>\n1 surface de mesure rev\u00eatue<\/p>\n","protected":false},"excerpt":{"rendered":"<p>Niveau \u00e0 bulle l\u00e9ger en aluminium \u00e0 profil rectangulaire avec syst\u00e8me magn\u00e9tique puissant aux terres rares pour adh\u00e9rer aux \u00e9l\u00e9ments de construction m\u00e9talliques &#8211; mains libres pour aligner et ajuster les poteaux et les poutres. Facile \u00e0 nettoyer gr\u00e2ce aux surfaces lat\u00e9rales lisses et au rev\u00eatement par poudre \u00e9lectrostatique. Des embouts en plastique prot\u00e8gent le [&hellip;]<\/p>\n","protected":false},"featured_media":21052,"template":"","meta":{"_acf_changed":false,"inline_featured_image":false},"product_cat":[1143,2777,1156],"product_tag":[],"class_list":{"0":"post-21090","1":"product","2":"type-product","3":"status-publish","4":"has-post-thumbnail","6":"brand-stabila","7":"product_cat-outils-a-main","8":"product_cat-niveau-a-bulle","9":"product_cat-outils-de-mesure","11":"first","12":"instock","13":"taxable","14":"shipping-taxable","15":"purchasable","16":"product-type-simple","17":"add-to-wishlist-before_image"},"acf":[],"yoast_head":"<!-- This site is optimized with the Yoast SEO plugin v27.3 - https:\/\/yoast.com\/product\/yoast-seo-wordpress\/ -->\n<title>Niveau \u00e0 bulle magn\u00e9tique 70M 100 cm - Wilhelm Hundt GmbH<\/title>\n<meta name=\"robots\" content=\"index, follow, max-snippet:-1, max-image-preview:large, max-video-preview:-1\" \/>\n<link rel=\"canonical\" href=\"https:\/\/hundtgroup.com\/fr\/produkt\/niveau-a-bulle-magnetique-70m-100-cm\/\" \/>\n<meta property=\"og:locale\" content=\"fr_FR\" \/>\n<meta property=\"og:type\" content=\"article\" \/>\n<meta property=\"og:title\" content=\"Niveau \u00e0 bulle magn\u00e9tique 70M 100 cm - Wilhelm Hundt GmbH\" \/>\n<meta property=\"og:description\" content=\"Niveau \u00e0 bulle l\u00e9ger en aluminium \u00e0 profil rectangulaire avec syst\u00e8me magn\u00e9tique puissant aux terres rares pour adh\u00e9rer aux \u00e9l\u00e9ments de construction m\u00e9talliques &#8211; mains libres pour aligner et ajuster les poteaux et les poutres. Facile \u00e0 nettoyer gr\u00e2ce aux surfaces lat\u00e9rales lisses et au rev\u00eatement par poudre \u00e9lectrostatique. Des embouts en plastique prot\u00e8gent le [&hellip;]\" \/>\n<meta property=\"og:url\" content=\"https:\/\/hundtgroup.com\/fr\/produkt\/niveau-a-bulle-magnetique-70m-100-cm\/\" \/>\n<meta property=\"og:site_name\" content=\"Wilhelm Hundt GmbH\" \/>\n<meta property=\"article:modified_time\" content=\"2025-07-29T10:13:46+00:00\" \/>\n<meta property=\"og:image\" content=\"https:\/\/hundtgroup.com\/wp-content\/uploads\/420024.png\" \/>\n\t<meta property=\"og:image:width\" content=\"827\" \/>\n\t<meta property=\"og:image:height\" content=\"90\" \/>\n\t<meta property=\"og:image:type\" content=\"image\/png\" \/>\n<meta name=\"twitter:card\" content=\"summary_large_image\" \/>\n<meta name=\"twitter:label1\" content=\"Dur\u00e9e de lecture estim\u00e9e\" \/>\n\t<meta name=\"twitter:data1\" content=\"1 minute\" \/>\n<script type=\"application\/ld+json\" class=\"yoast-schema-graph\">{\"@context\":\"https:\\\/\\\/schema.org\",\"@graph\":[{\"@type\":\"WebPage\",\"@id\":\"https:\\\/\\\/hundtgroup.com\\\/fr\\\/produkt\\\/niveau-a-bulle-magnetique-70m-100-cm\\\/\",\"url\":\"https:\\\/\\\/hundtgroup.com\\\/fr\\\/produkt\\\/niveau-a-bulle-magnetique-70m-100-cm\\\/\",\"name\":\"Niveau \u00e0 bulle magn\u00e9tique 70M 100 cm - Wilhelm Hundt GmbH\",\"isPartOf\":{\"@id\":\"https:\\\/\\\/hundtgroup.com\\\/fr\\\/#website\"},\"primaryImageOfPage\":{\"@id\":\"https:\\\/\\\/hundtgroup.com\\\/fr\\\/produkt\\\/niveau-a-bulle-magnetique-70m-100-cm\\\/#primaryimage\"},\"image\":{\"@id\":\"https:\\\/\\\/hundtgroup.com\\\/fr\\\/produkt\\\/niveau-a-bulle-magnetique-70m-100-cm\\\/#primaryimage\"},\"thumbnailUrl\":\"https:\\\/\\\/hundtgroup.com\\\/wp-content\\\/uploads\\\/420024.png\",\"datePublished\":\"2022-10-26T13:58:25+00:00\",\"dateModified\":\"2025-07-29T10:13:46+00:00\",\"breadcrumb\":{\"@id\":\"https:\\\/\\\/hundtgroup.com\\\/fr\\\/produkt\\\/niveau-a-bulle-magnetique-70m-100-cm\\\/#breadcrumb\"},\"inLanguage\":\"fr-FR\",\"potentialAction\":[{\"@type\":\"ReadAction\",\"target\":[\"https:\\\/\\\/hundtgroup.com\\\/fr\\\/produkt\\\/niveau-a-bulle-magnetique-70m-100-cm\\\/\"]}]},{\"@type\":\"ImageObject\",\"inLanguage\":\"fr-FR\",\"@id\":\"https:\\\/\\\/hundtgroup.com\\\/fr\\\/produkt\\\/niveau-a-bulle-magnetique-70m-100-cm\\\/#primaryimage\",\"url\":\"https:\\\/\\\/hundtgroup.com\\\/wp-content\\\/uploads\\\/420024.png\",\"contentUrl\":\"https:\\\/\\\/hundtgroup.com\\\/wp-content\\\/uploads\\\/420024.png\",\"width\":827,\"height\":90},{\"@type\":\"BreadcrumbList\",\"@id\":\"https:\\\/\\\/hundtgroup.com\\\/fr\\\/produkt\\\/niveau-a-bulle-magnetique-70m-100-cm\\\/#breadcrumb\",\"itemListElement\":[{\"@type\":\"ListItem\",\"position\":1,\"name\":\"Startseite\",\"item\":\"https:\\\/\\\/hundtgroup.com\\\/fr\\\/accueil-nouveau\\\/\"},{\"@type\":\"ListItem\",\"position\":2,\"name\":\"Boutique\",\"item\":\"https:\\\/\\\/hundtgroup.com\\\/boutique\\\/\"},{\"@type\":\"ListItem\",\"position\":3,\"name\":\"Niveau \u00e0 bulle magn\u00e9tique 70M 100 cm\"}]},{\"@type\":\"WebSite\",\"@id\":\"https:\\\/\\\/hundtgroup.com\\\/fr\\\/#website\",\"url\":\"https:\\\/\\\/hundtgroup.com\\\/fr\\\/\",\"name\":\"Wilhelm Hundt GmbH\",\"description\":\"Votre sp\u00e9cialiste en machines et outils pour le travail de la t\u00f4le\",\"potentialAction\":[{\"@type\":\"SearchAction\",\"target\":{\"@type\":\"EntryPoint\",\"urlTemplate\":\"https:\\\/\\\/hundtgroup.com\\\/fr\\\/?s={search_term_string}\"},\"query-input\":{\"@type\":\"PropertyValueSpecification\",\"valueRequired\":true,\"valueName\":\"search_term_string\"}}],\"inLanguage\":\"fr-FR\"}]}<\/script>\n<!-- \/ Yoast SEO plugin. -->","yoast_head_json":{"title":"Niveau \u00e0 bulle magn\u00e9tique 70M 100 cm - Wilhelm Hundt GmbH","robots":{"index":"index","follow":"follow","max-snippet":"max-snippet:-1","max-image-preview":"max-image-preview:large","max-video-preview":"max-video-preview:-1"},"canonical":"https:\/\/hundtgroup.com\/fr\/produkt\/niveau-a-bulle-magnetique-70m-100-cm\/","og_locale":"fr_FR","og_type":"article","og_title":"Niveau \u00e0 bulle magn\u00e9tique 70M 100 cm - Wilhelm Hundt GmbH","og_description":"Niveau \u00e0 bulle l\u00e9ger en aluminium \u00e0 profil rectangulaire avec syst\u00e8me magn\u00e9tique puissant aux terres rares pour adh\u00e9rer aux \u00e9l\u00e9ments de construction m\u00e9talliques &#8211; mains libres pour aligner et ajuster les poteaux et les poutres. Facile \u00e0 nettoyer gr\u00e2ce aux surfaces lat\u00e9rales lisses et au rev\u00eatement par poudre \u00e9lectrostatique. Des embouts en plastique prot\u00e8gent le [&hellip;]","og_url":"https:\/\/hundtgroup.com\/fr\/produkt\/niveau-a-bulle-magnetique-70m-100-cm\/","og_site_name":"Wilhelm Hundt GmbH","article_modified_time":"2025-07-29T10:13:46+00:00","og_image":[{"width":827,"height":90,"url":"https:\/\/hundtgroup.com\/wp-content\/uploads\/420024.png","type":"image\/png"}],"twitter_card":"summary_large_image","twitter_misc":{"Dur\u00e9e de lecture estim\u00e9e":"1 minute"},"schema":{"@context":"https:\/\/schema.org","@graph":[{"@type":"WebPage","@id":"https:\/\/hundtgroup.com\/fr\/produkt\/niveau-a-bulle-magnetique-70m-100-cm\/","url":"https:\/\/hundtgroup.com\/fr\/produkt\/niveau-a-bulle-magnetique-70m-100-cm\/","name":"Niveau \u00e0 bulle magn\u00e9tique 70M 100 cm - Wilhelm Hundt GmbH","isPartOf":{"@id":"https:\/\/hundtgroup.com\/fr\/#website"},"primaryImageOfPage":{"@id":"https:\/\/hundtgroup.com\/fr\/produkt\/niveau-a-bulle-magnetique-70m-100-cm\/#primaryimage"},"image":{"@id":"https:\/\/hundtgroup.com\/fr\/produkt\/niveau-a-bulle-magnetique-70m-100-cm\/#primaryimage"},"thumbnailUrl":"https:\/\/hundtgroup.com\/wp-content\/uploads\/420024.png","datePublished":"2022-10-26T13:58:25+00:00","dateModified":"2025-07-29T10:13:46+00:00","breadcrumb":{"@id":"https:\/\/hundtgroup.com\/fr\/produkt\/niveau-a-bulle-magnetique-70m-100-cm\/#breadcrumb"},"inLanguage":"fr-FR","potentialAction":[{"@type":"ReadAction","target":["https:\/\/hundtgroup.com\/fr\/produkt\/niveau-a-bulle-magnetique-70m-100-cm\/"]}]},{"@type":"ImageObject","inLanguage":"fr-FR","@id":"https:\/\/hundtgroup.com\/fr\/produkt\/niveau-a-bulle-magnetique-70m-100-cm\/#primaryimage","url":"https:\/\/hundtgroup.com\/wp-content\/uploads\/420024.png","contentUrl":"https:\/\/hundtgroup.com\/wp-content\/uploads\/420024.png","width":827,"height":90},{"@type":"BreadcrumbList","@id":"https:\/\/hundtgroup.com\/fr\/produkt\/niveau-a-bulle-magnetique-70m-100-cm\/#breadcrumb","itemListElement":[{"@type":"ListItem","position":1,"name":"Startseite","item":"https:\/\/hundtgroup.com\/fr\/accueil-nouveau\/"},{"@type":"ListItem","position":2,"name":"Boutique","item":"https:\/\/hundtgroup.com\/boutique\/"},{"@type":"ListItem","position":3,"name":"Niveau \u00e0 bulle magn\u00e9tique 70M 100 cm"}]},{"@type":"WebSite","@id":"https:\/\/hundtgroup.com\/fr\/#website","url":"https:\/\/hundtgroup.com\/fr\/","name":"Wilhelm Hundt GmbH","description":"Votre sp\u00e9cialiste en machines et outils pour le travail de la t\u00f4le","potentialAction":[{"@type":"SearchAction","target":{"@type":"EntryPoint","urlTemplate":"https:\/\/hundtgroup.com\/fr\/?s={search_term_string}"},"query-input":{"@type":"PropertyValueSpecification","valueRequired":true,"valueName":"search_term_string"}}],"inLanguage":"fr-FR"}]}},"_links":{"self":[{"href":"https:\/\/hundtgroup.com\/fr\/wp-json\/wp\/v2\/product\/21090","targetHints":{"allow":["GET"]}}],"collection":[{"href":"https:\/\/hundtgroup.com\/fr\/wp-json\/wp\/v2\/product"}],"about":[{"href":"https:\/\/hundtgroup.com\/fr\/wp-json\/wp\/v2\/types\/product"}],"wp:featuredmedia":[{"embeddable":true,"href":"https:\/\/hundtgroup.com\/fr\/wp-json\/wp\/v2\/media\/21052"}],"wp:attachment":[{"href":"https:\/\/hundtgroup.com\/fr\/wp-json\/wp\/v2\/media?parent=21090"}],"wp:term":[{"taxonomy":"product_cat","embeddable":true,"href":"https:\/\/hundtgroup.com\/fr\/wp-json\/wp\/v2\/product_cat?post=21090"},{"taxonomy":"product_tag","embeddable":true,"href":"https:\/\/hundtgroup.com\/fr\/wp-json\/wp\/v2\/product_tag?post=21090"}],"curies":[{"name":"wp","href":"https:\/\/api.w.org\/{rel}","templated":true}]}}