{"id":21435,"date":"2025-06-18T18:32:16","date_gmt":"2025-06-18T16:32:16","guid":{"rendered":"https:\/\/hundtgroup.com\/produkt\/vis-a-tole-din-7976-42-x-25-mm-acier-zingue-rondelle-pa\/"},"modified":"2025-07-28T17:03:00","modified_gmt":"2025-07-28T15:03:00","slug":"vis-a-tole-din-7976-42-x-25-mm-acier-zingue-rondelle-pa","status":"publish","type":"product","link":"https:\/\/hundtgroup.com\/fr\/produkt\/vis-a-tole-din-7976-42-x-25-mm-acier-zingue-rondelle-pa\/","title":{"rendered":"Vis \u00e0 t\u00f4le DIN 7976 4,2 x 25 mm acier zingu\u00e9 + rondelle PA"},"content":{"rendered":"<p>Vis \u00e0 t\u00f4le \u00e0 t\u00eate hexagonale, acier galvanis\u00e9 <\/p>\n<p>Prix par 1000 pi\u00e8ces<br \/>\n(ex. : quantit\u00e9 command\u00e9e 5 = 5000 pi\u00e8ces)<\/p>\n","protected":false},"excerpt":{"rendered":"<p>Vis \u00e0 t\u00f4le \u00e0 t\u00eate hexagonale, acier galvanis\u00e9 Prix par 1000 pi\u00e8ces (ex. : quantit\u00e9 command\u00e9e 5 = 5000 pi\u00e8ces)<\/p>\n","protected":false},"featured_media":21393,"template":"","meta":{"_acf_changed":false,"inline_featured_image":false},"product_cat":[1325,1322,1338,1234],"product_tag":[],"class_list":{"0":"post-21435","1":"product","2":"type-product","3":"status-publish","4":"has-post-thumbnail","6":"brand-hundt","7":"product_cat-acier-galvanise-rondelle-pa","8":"product_cat-vis-a-tole-a-tete-hexagonale","9":"product_cat-oe-42-fr","10":"product_cat-technique-de-fixation","12":"first","13":"instock","14":"taxable","15":"shipping-taxable","16":"purchasable","17":"product-type-simple","18":"add-to-wishlist-before_image"},"acf":[],"yoast_head":"<!-- This site is optimized with the Yoast SEO plugin v27.3 - https:\/\/yoast.com\/product\/yoast-seo-wordpress\/ -->\n<title>Vis \u00e0 t\u00f4le DIN 7976 4,2 x 25 mm acier zingu\u00e9 + rondelle PA - Wilhelm Hundt GmbH<\/title>\n<meta name=\"robots\" content=\"index, follow, max-snippet:-1, max-image-preview:large, max-video-preview:-1\" \/>\n<link rel=\"canonical\" href=\"https:\/\/hundtgroup.com\/fr\/produkt\/vis-a-tole-din-7976-42-x-25-mm-acier-zingue-rondelle-pa\/\" \/>\n<meta property=\"og:locale\" content=\"fr_FR\" \/>\n<meta property=\"og:type\" content=\"article\" \/>\n<meta property=\"og:title\" content=\"Vis \u00e0 t\u00f4le DIN 7976 4,2 x 25 mm acier zingu\u00e9 + rondelle PA - Wilhelm Hundt GmbH\" \/>\n<meta property=\"og:description\" content=\"Vis \u00e0 t\u00f4le \u00e0 t\u00eate hexagonale, acier galvanis\u00e9 Prix par 1000 pi\u00e8ces (ex. : quantit\u00e9 command\u00e9e 5 = 5000 pi\u00e8ces)\" \/>\n<meta property=\"og:url\" content=\"https:\/\/hundtgroup.com\/fr\/produkt\/vis-a-tole-din-7976-42-x-25-mm-acier-zingue-rondelle-pa\/\" \/>\n<meta property=\"og:site_name\" content=\"Wilhelm Hundt GmbH\" \/>\n<meta property=\"article:modified_time\" content=\"2025-07-28T15:03:00+00:00\" \/>\n<meta property=\"og:image\" content=\"https:\/\/hundtgroup.com\/wp-content\/uploads\/600194.jpg\" \/>\n\t<meta property=\"og:image:width\" content=\"460\" \/>\n\t<meta property=\"og:image:height\" content=\"460\" \/>\n\t<meta property=\"og:image:type\" content=\"image\/jpeg\" \/>\n<meta name=\"twitter:card\" content=\"summary_large_image\" \/>\n<script type=\"application\/ld+json\" class=\"yoast-schema-graph\">{\"@context\":\"https:\\\/\\\/schema.org\",\"@graph\":[{\"@type\":\"WebPage\",\"@id\":\"https:\\\/\\\/hundtgroup.com\\\/fr\\\/produkt\\\/vis-a-tole-din-7976-42-x-25-mm-acier-zingue-rondelle-pa\\\/\",\"url\":\"https:\\\/\\\/hundtgroup.com\\\/fr\\\/produkt\\\/vis-a-tole-din-7976-42-x-25-mm-acier-zingue-rondelle-pa\\\/\",\"name\":\"Vis \u00e0 t\u00f4le DIN 7976 4,2 x 25 mm acier zingu\u00e9 + rondelle PA - Wilhelm Hundt GmbH\",\"isPartOf\":{\"@id\":\"https:\\\/\\\/hundtgroup.com\\\/fr\\\/#website\"},\"primaryImageOfPage\":{\"@id\":\"https:\\\/\\\/hundtgroup.com\\\/fr\\\/produkt\\\/vis-a-tole-din-7976-42-x-25-mm-acier-zingue-rondelle-pa\\\/#primaryimage\"},\"image\":{\"@id\":\"https:\\\/\\\/hundtgroup.com\\\/fr\\\/produkt\\\/vis-a-tole-din-7976-42-x-25-mm-acier-zingue-rondelle-pa\\\/#primaryimage\"},\"thumbnailUrl\":\"https:\\\/\\\/hundtgroup.com\\\/wp-content\\\/uploads\\\/600194.jpg\",\"datePublished\":\"2025-06-18T16:32:16+00:00\",\"dateModified\":\"2025-07-28T15:03:00+00:00\",\"breadcrumb\":{\"@id\":\"https:\\\/\\\/hundtgroup.com\\\/fr\\\/produkt\\\/vis-a-tole-din-7976-42-x-25-mm-acier-zingue-rondelle-pa\\\/#breadcrumb\"},\"inLanguage\":\"fr-FR\",\"potentialAction\":[{\"@type\":\"ReadAction\",\"target\":[\"https:\\\/\\\/hundtgroup.com\\\/fr\\\/produkt\\\/vis-a-tole-din-7976-42-x-25-mm-acier-zingue-rondelle-pa\\\/\"]}]},{\"@type\":\"ImageObject\",\"inLanguage\":\"fr-FR\",\"@id\":\"https:\\\/\\\/hundtgroup.com\\\/fr\\\/produkt\\\/vis-a-tole-din-7976-42-x-25-mm-acier-zingue-rondelle-pa\\\/#primaryimage\",\"url\":\"https:\\\/\\\/hundtgroup.com\\\/wp-content\\\/uploads\\\/600194.jpg\",\"contentUrl\":\"https:\\\/\\\/hundtgroup.com\\\/wp-content\\\/uploads\\\/600194.jpg\",\"width\":460,\"height\":460},{\"@type\":\"BreadcrumbList\",\"@id\":\"https:\\\/\\\/hundtgroup.com\\\/fr\\\/produkt\\\/vis-a-tole-din-7976-42-x-25-mm-acier-zingue-rondelle-pa\\\/#breadcrumb\",\"itemListElement\":[{\"@type\":\"ListItem\",\"position\":1,\"name\":\"Startseite\",\"item\":\"https:\\\/\\\/hundtgroup.com\\\/fr\\\/accueil-nouveau\\\/\"},{\"@type\":\"ListItem\",\"position\":2,\"name\":\"Boutique\",\"item\":\"https:\\\/\\\/hundtgroup.com\\\/boutique\\\/\"},{\"@type\":\"ListItem\",\"position\":3,\"name\":\"Vis \u00e0 t\u00f4le DIN 7976 4,2 x 25 mm acier zingu\u00e9 + rondelle PA\"}]},{\"@type\":\"WebSite\",\"@id\":\"https:\\\/\\\/hundtgroup.com\\\/fr\\\/#website\",\"url\":\"https:\\\/\\\/hundtgroup.com\\\/fr\\\/\",\"name\":\"Wilhelm Hundt GmbH\",\"description\":\"Votre sp\u00e9cialiste en machines et outils pour le travail de la t\u00f4le\",\"potentialAction\":[{\"@type\":\"SearchAction\",\"target\":{\"@type\":\"EntryPoint\",\"urlTemplate\":\"https:\\\/\\\/hundtgroup.com\\\/fr\\\/?s={search_term_string}\"},\"query-input\":{\"@type\":\"PropertyValueSpecification\",\"valueRequired\":true,\"valueName\":\"search_term_string\"}}],\"inLanguage\":\"fr-FR\"}]}<\/script>\n<!-- \/ Yoast SEO plugin. -->","yoast_head_json":{"title":"Vis \u00e0 t\u00f4le DIN 7976 4,2 x 25 mm acier zingu\u00e9 + rondelle PA - Wilhelm Hundt GmbH","robots":{"index":"index","follow":"follow","max-snippet":"max-snippet:-1","max-image-preview":"max-image-preview:large","max-video-preview":"max-video-preview:-1"},"canonical":"https:\/\/hundtgroup.com\/fr\/produkt\/vis-a-tole-din-7976-42-x-25-mm-acier-zingue-rondelle-pa\/","og_locale":"fr_FR","og_type":"article","og_title":"Vis \u00e0 t\u00f4le DIN 7976 4,2 x 25 mm acier zingu\u00e9 + rondelle PA - Wilhelm Hundt GmbH","og_description":"Vis \u00e0 t\u00f4le \u00e0 t\u00eate hexagonale, acier galvanis\u00e9 Prix par 1000 pi\u00e8ces (ex. : quantit\u00e9 command\u00e9e 5 = 5000 pi\u00e8ces)","og_url":"https:\/\/hundtgroup.com\/fr\/produkt\/vis-a-tole-din-7976-42-x-25-mm-acier-zingue-rondelle-pa\/","og_site_name":"Wilhelm Hundt GmbH","article_modified_time":"2025-07-28T15:03:00+00:00","og_image":[{"width":460,"height":460,"url":"https:\/\/hundtgroup.com\/wp-content\/uploads\/600194.jpg","type":"image\/jpeg"}],"twitter_card":"summary_large_image","schema":{"@context":"https:\/\/schema.org","@graph":[{"@type":"WebPage","@id":"https:\/\/hundtgroup.com\/fr\/produkt\/vis-a-tole-din-7976-42-x-25-mm-acier-zingue-rondelle-pa\/","url":"https:\/\/hundtgroup.com\/fr\/produkt\/vis-a-tole-din-7976-42-x-25-mm-acier-zingue-rondelle-pa\/","name":"Vis \u00e0 t\u00f4le DIN 7976 4,2 x 25 mm acier zingu\u00e9 + rondelle PA - Wilhelm Hundt GmbH","isPartOf":{"@id":"https:\/\/hundtgroup.com\/fr\/#website"},"primaryImageOfPage":{"@id":"https:\/\/hundtgroup.com\/fr\/produkt\/vis-a-tole-din-7976-42-x-25-mm-acier-zingue-rondelle-pa\/#primaryimage"},"image":{"@id":"https:\/\/hundtgroup.com\/fr\/produkt\/vis-a-tole-din-7976-42-x-25-mm-acier-zingue-rondelle-pa\/#primaryimage"},"thumbnailUrl":"https:\/\/hundtgroup.com\/wp-content\/uploads\/600194.jpg","datePublished":"2025-06-18T16:32:16+00:00","dateModified":"2025-07-28T15:03:00+00:00","breadcrumb":{"@id":"https:\/\/hundtgroup.com\/fr\/produkt\/vis-a-tole-din-7976-42-x-25-mm-acier-zingue-rondelle-pa\/#breadcrumb"},"inLanguage":"fr-FR","potentialAction":[{"@type":"ReadAction","target":["https:\/\/hundtgroup.com\/fr\/produkt\/vis-a-tole-din-7976-42-x-25-mm-acier-zingue-rondelle-pa\/"]}]},{"@type":"ImageObject","inLanguage":"fr-FR","@id":"https:\/\/hundtgroup.com\/fr\/produkt\/vis-a-tole-din-7976-42-x-25-mm-acier-zingue-rondelle-pa\/#primaryimage","url":"https:\/\/hundtgroup.com\/wp-content\/uploads\/600194.jpg","contentUrl":"https:\/\/hundtgroup.com\/wp-content\/uploads\/600194.jpg","width":460,"height":460},{"@type":"BreadcrumbList","@id":"https:\/\/hundtgroup.com\/fr\/produkt\/vis-a-tole-din-7976-42-x-25-mm-acier-zingue-rondelle-pa\/#breadcrumb","itemListElement":[{"@type":"ListItem","position":1,"name":"Startseite","item":"https:\/\/hundtgroup.com\/fr\/accueil-nouveau\/"},{"@type":"ListItem","position":2,"name":"Boutique","item":"https:\/\/hundtgroup.com\/boutique\/"},{"@type":"ListItem","position":3,"name":"Vis \u00e0 t\u00f4le DIN 7976 4,2 x 25 mm acier zingu\u00e9 + rondelle PA"}]},{"@type":"WebSite","@id":"https:\/\/hundtgroup.com\/fr\/#website","url":"https:\/\/hundtgroup.com\/fr\/","name":"Wilhelm Hundt GmbH","description":"Votre sp\u00e9cialiste en machines et outils pour le travail de la t\u00f4le","potentialAction":[{"@type":"SearchAction","target":{"@type":"EntryPoint","urlTemplate":"https:\/\/hundtgroup.com\/fr\/?s={search_term_string}"},"query-input":{"@type":"PropertyValueSpecification","valueRequired":true,"valueName":"search_term_string"}}],"inLanguage":"fr-FR"}]}},"_links":{"self":[{"href":"https:\/\/hundtgroup.com\/fr\/wp-json\/wp\/v2\/product\/21435","targetHints":{"allow":["GET"]}}],"collection":[{"href":"https:\/\/hundtgroup.com\/fr\/wp-json\/wp\/v2\/product"}],"about":[{"href":"https:\/\/hundtgroup.com\/fr\/wp-json\/wp\/v2\/types\/product"}],"wp:featuredmedia":[{"embeddable":true,"href":"https:\/\/hundtgroup.com\/fr\/wp-json\/wp\/v2\/media\/21393"}],"wp:attachment":[{"href":"https:\/\/hundtgroup.com\/fr\/wp-json\/wp\/v2\/media?parent=21435"}],"wp:term":[{"taxonomy":"product_cat","embeddable":true,"href":"https:\/\/hundtgroup.com\/fr\/wp-json\/wp\/v2\/product_cat?post=21435"},{"taxonomy":"product_tag","embeddable":true,"href":"https:\/\/hundtgroup.com\/fr\/wp-json\/wp\/v2\/product_tag?post=21435"}],"curies":[{"name":"wp","href":"https:\/\/api.w.org\/{rel}","templated":true}]}}