{"id":21811,"date":"2025-06-18T18:32:05","date_gmt":"2025-06-18T16:32:05","guid":{"rendered":"https:\/\/hundtgroup.com\/produkt\/lunettes-de-protection-modele-detroit\/"},"modified":"2025-08-05T18:09:05","modified_gmt":"2025-08-05T16:09:05","slug":"lunettes-de-protection-modele-detroit","status":"publish","type":"product","link":"https:\/\/hundtgroup.com\/fr\/produkt\/lunettes-de-protection-modele-detroit\/","title":{"rendered":"Lunettes de protection mod\u00e8le Detroit"},"content":{"rendered":"<p>Lunettes \u00e0 branches bi-verres en polycarbonate, longueur de branches r\u00e9glable, protection UV 100 %, anti-bu\u00e9e, anti-rayures, vision non d\u00e9form\u00e9e, performance visuelle maximale, adapt\u00e9es \u00e0 une utilisation permanente, F &#8211; choc \u00e0 faible \u00e9nergie (45 m\/s), classe de protection EPI cat. I, norme EN 166 <\/p>\n","protected":false},"excerpt":{"rendered":"<p>Lunettes \u00e0 branches bi-verres en polycarbonate, longueur de branches r\u00e9glable, protection UV 100 %, anti-bu\u00e9e, anti-rayures, vision non d\u00e9form\u00e9e, performance visuelle maximale, adapt\u00e9es \u00e0 une utilisation permanente, F &#8211; choc \u00e0 faible \u00e9nergie (45 m\/s), classe de protection EPI cat. I, norme EN 166<\/p>\n","protected":false},"featured_media":21814,"template":"","meta":{"_acf_changed":false,"inline_featured_image":false},"product_cat":[1319,1141],"product_tag":[],"class_list":{"0":"post-21811","1":"product","2":"type-product","3":"status-publish","4":"has-post-thumbnail","6":"brand-hundt","7":"product_cat-lunettes-de-protection","8":"product_cat-sante-et-securite-au-travail","10":"first","11":"instock","12":"taxable","13":"shipping-taxable","14":"purchasable","15":"product-type-simple","16":"add-to-wishlist-before_image"},"acf":[],"yoast_head":"<!-- This site is optimized with the Yoast SEO plugin v27.3 - https:\/\/yoast.com\/product\/yoast-seo-wordpress\/ -->\n<title>Lunettes de protection mod\u00e8le Detroit - Wilhelm Hundt GmbH<\/title>\n<meta name=\"robots\" content=\"index, follow, max-snippet:-1, max-image-preview:large, max-video-preview:-1\" \/>\n<link rel=\"canonical\" href=\"https:\/\/hundtgroup.com\/fr\/produkt\/lunettes-de-protection-modele-detroit\/\" \/>\n<meta property=\"og:locale\" content=\"fr_FR\" \/>\n<meta property=\"og:type\" content=\"article\" \/>\n<meta property=\"og:title\" content=\"Lunettes de protection mod\u00e8le Detroit - Wilhelm Hundt GmbH\" \/>\n<meta property=\"og:description\" content=\"Lunettes \u00e0 branches bi-verres en polycarbonate, longueur de branches r\u00e9glable, protection UV 100 %, anti-bu\u00e9e, anti-rayures, vision non d\u00e9form\u00e9e, performance visuelle maximale, adapt\u00e9es \u00e0 une utilisation permanente, F &#8211; choc \u00e0 faible \u00e9nergie (45 m\/s), classe de protection EPI cat. I, norme EN 166\" \/>\n<meta property=\"og:url\" content=\"https:\/\/hundtgroup.com\/fr\/produkt\/lunettes-de-protection-modele-detroit\/\" \/>\n<meta property=\"og:site_name\" content=\"Wilhelm Hundt GmbH\" \/>\n<meta property=\"article:modified_time\" content=\"2025-08-05T16:09:05+00:00\" \/>\n<meta property=\"og:image\" content=\"https:\/\/hundtgroup.com\/wp-content\/uploads\/290198.jpg\" \/>\n\t<meta property=\"og:image:width\" content=\"400\" \/>\n\t<meta property=\"og:image:height\" content=\"240\" \/>\n\t<meta property=\"og:image:type\" content=\"image\/jpeg\" \/>\n<meta name=\"twitter:card\" content=\"summary_large_image\" \/>\n<script type=\"application\/ld+json\" class=\"yoast-schema-graph\">{\"@context\":\"https:\\\/\\\/schema.org\",\"@graph\":[{\"@type\":\"WebPage\",\"@id\":\"https:\\\/\\\/hundtgroup.com\\\/fr\\\/produkt\\\/lunettes-de-protection-modele-detroit\\\/\",\"url\":\"https:\\\/\\\/hundtgroup.com\\\/fr\\\/produkt\\\/lunettes-de-protection-modele-detroit\\\/\",\"name\":\"Lunettes de protection mod\u00e8le Detroit - Wilhelm Hundt GmbH\",\"isPartOf\":{\"@id\":\"https:\\\/\\\/hundtgroup.com\\\/fr\\\/#website\"},\"primaryImageOfPage\":{\"@id\":\"https:\\\/\\\/hundtgroup.com\\\/fr\\\/produkt\\\/lunettes-de-protection-modele-detroit\\\/#primaryimage\"},\"image\":{\"@id\":\"https:\\\/\\\/hundtgroup.com\\\/fr\\\/produkt\\\/lunettes-de-protection-modele-detroit\\\/#primaryimage\"},\"thumbnailUrl\":\"https:\\\/\\\/hundtgroup.com\\\/wp-content\\\/uploads\\\/290198.jpg\",\"datePublished\":\"2025-06-18T16:32:05+00:00\",\"dateModified\":\"2025-08-05T16:09:05+00:00\",\"breadcrumb\":{\"@id\":\"https:\\\/\\\/hundtgroup.com\\\/fr\\\/produkt\\\/lunettes-de-protection-modele-detroit\\\/#breadcrumb\"},\"inLanguage\":\"fr-FR\",\"potentialAction\":[{\"@type\":\"ReadAction\",\"target\":[\"https:\\\/\\\/hundtgroup.com\\\/fr\\\/produkt\\\/lunettes-de-protection-modele-detroit\\\/\"]}]},{\"@type\":\"ImageObject\",\"inLanguage\":\"fr-FR\",\"@id\":\"https:\\\/\\\/hundtgroup.com\\\/fr\\\/produkt\\\/lunettes-de-protection-modele-detroit\\\/#primaryimage\",\"url\":\"https:\\\/\\\/hundtgroup.com\\\/wp-content\\\/uploads\\\/290198.jpg\",\"contentUrl\":\"https:\\\/\\\/hundtgroup.com\\\/wp-content\\\/uploads\\\/290198.jpg\",\"width\":400,\"height\":240},{\"@type\":\"BreadcrumbList\",\"@id\":\"https:\\\/\\\/hundtgroup.com\\\/fr\\\/produkt\\\/lunettes-de-protection-modele-detroit\\\/#breadcrumb\",\"itemListElement\":[{\"@type\":\"ListItem\",\"position\":1,\"name\":\"Startseite\",\"item\":\"https:\\\/\\\/hundtgroup.com\\\/fr\\\/accueil-nouveau\\\/\"},{\"@type\":\"ListItem\",\"position\":2,\"name\":\"Boutique\",\"item\":\"https:\\\/\\\/hundtgroup.com\\\/boutique\\\/\"},{\"@type\":\"ListItem\",\"position\":3,\"name\":\"Lunettes de protection mod\u00e8le Detroit\"}]},{\"@type\":\"WebSite\",\"@id\":\"https:\\\/\\\/hundtgroup.com\\\/fr\\\/#website\",\"url\":\"https:\\\/\\\/hundtgroup.com\\\/fr\\\/\",\"name\":\"Wilhelm Hundt GmbH\",\"description\":\"Votre sp\u00e9cialiste en machines et outils pour le travail de la t\u00f4le\",\"potentialAction\":[{\"@type\":\"SearchAction\",\"target\":{\"@type\":\"EntryPoint\",\"urlTemplate\":\"https:\\\/\\\/hundtgroup.com\\\/fr\\\/?s={search_term_string}\"},\"query-input\":{\"@type\":\"PropertyValueSpecification\",\"valueRequired\":true,\"valueName\":\"search_term_string\"}}],\"inLanguage\":\"fr-FR\"}]}<\/script>\n<!-- \/ Yoast SEO plugin. -->","yoast_head_json":{"title":"Lunettes de protection mod\u00e8le Detroit - Wilhelm Hundt GmbH","robots":{"index":"index","follow":"follow","max-snippet":"max-snippet:-1","max-image-preview":"max-image-preview:large","max-video-preview":"max-video-preview:-1"},"canonical":"https:\/\/hundtgroup.com\/fr\/produkt\/lunettes-de-protection-modele-detroit\/","og_locale":"fr_FR","og_type":"article","og_title":"Lunettes de protection mod\u00e8le Detroit - Wilhelm Hundt GmbH","og_description":"Lunettes \u00e0 branches bi-verres en polycarbonate, longueur de branches r\u00e9glable, protection UV 100 %, anti-bu\u00e9e, anti-rayures, vision non d\u00e9form\u00e9e, performance visuelle maximale, adapt\u00e9es \u00e0 une utilisation permanente, F &#8211; choc \u00e0 faible \u00e9nergie (45 m\/s), classe de protection EPI cat. I, norme EN 166","og_url":"https:\/\/hundtgroup.com\/fr\/produkt\/lunettes-de-protection-modele-detroit\/","og_site_name":"Wilhelm Hundt GmbH","article_modified_time":"2025-08-05T16:09:05+00:00","og_image":[{"width":400,"height":240,"url":"https:\/\/hundtgroup.com\/wp-content\/uploads\/290198.jpg","type":"image\/jpeg"}],"twitter_card":"summary_large_image","schema":{"@context":"https:\/\/schema.org","@graph":[{"@type":"WebPage","@id":"https:\/\/hundtgroup.com\/fr\/produkt\/lunettes-de-protection-modele-detroit\/","url":"https:\/\/hundtgroup.com\/fr\/produkt\/lunettes-de-protection-modele-detroit\/","name":"Lunettes de protection mod\u00e8le Detroit - Wilhelm Hundt GmbH","isPartOf":{"@id":"https:\/\/hundtgroup.com\/fr\/#website"},"primaryImageOfPage":{"@id":"https:\/\/hundtgroup.com\/fr\/produkt\/lunettes-de-protection-modele-detroit\/#primaryimage"},"image":{"@id":"https:\/\/hundtgroup.com\/fr\/produkt\/lunettes-de-protection-modele-detroit\/#primaryimage"},"thumbnailUrl":"https:\/\/hundtgroup.com\/wp-content\/uploads\/290198.jpg","datePublished":"2025-06-18T16:32:05+00:00","dateModified":"2025-08-05T16:09:05+00:00","breadcrumb":{"@id":"https:\/\/hundtgroup.com\/fr\/produkt\/lunettes-de-protection-modele-detroit\/#breadcrumb"},"inLanguage":"fr-FR","potentialAction":[{"@type":"ReadAction","target":["https:\/\/hundtgroup.com\/fr\/produkt\/lunettes-de-protection-modele-detroit\/"]}]},{"@type":"ImageObject","inLanguage":"fr-FR","@id":"https:\/\/hundtgroup.com\/fr\/produkt\/lunettes-de-protection-modele-detroit\/#primaryimage","url":"https:\/\/hundtgroup.com\/wp-content\/uploads\/290198.jpg","contentUrl":"https:\/\/hundtgroup.com\/wp-content\/uploads\/290198.jpg","width":400,"height":240},{"@type":"BreadcrumbList","@id":"https:\/\/hundtgroup.com\/fr\/produkt\/lunettes-de-protection-modele-detroit\/#breadcrumb","itemListElement":[{"@type":"ListItem","position":1,"name":"Startseite","item":"https:\/\/hundtgroup.com\/fr\/accueil-nouveau\/"},{"@type":"ListItem","position":2,"name":"Boutique","item":"https:\/\/hundtgroup.com\/boutique\/"},{"@type":"ListItem","position":3,"name":"Lunettes de protection mod\u00e8le Detroit"}]},{"@type":"WebSite","@id":"https:\/\/hundtgroup.com\/fr\/#website","url":"https:\/\/hundtgroup.com\/fr\/","name":"Wilhelm Hundt GmbH","description":"Votre sp\u00e9cialiste en machines et outils pour le travail de la t\u00f4le","potentialAction":[{"@type":"SearchAction","target":{"@type":"EntryPoint","urlTemplate":"https:\/\/hundtgroup.com\/fr\/?s={search_term_string}"},"query-input":{"@type":"PropertyValueSpecification","valueRequired":true,"valueName":"search_term_string"}}],"inLanguage":"fr-FR"}]}},"_links":{"self":[{"href":"https:\/\/hundtgroup.com\/fr\/wp-json\/wp\/v2\/product\/21811","targetHints":{"allow":["GET"]}}],"collection":[{"href":"https:\/\/hundtgroup.com\/fr\/wp-json\/wp\/v2\/product"}],"about":[{"href":"https:\/\/hundtgroup.com\/fr\/wp-json\/wp\/v2\/types\/product"}],"wp:featuredmedia":[{"embeddable":true,"href":"https:\/\/hundtgroup.com\/fr\/wp-json\/wp\/v2\/media\/21814"}],"wp:attachment":[{"href":"https:\/\/hundtgroup.com\/fr\/wp-json\/wp\/v2\/media?parent=21811"}],"wp:term":[{"taxonomy":"product_cat","embeddable":true,"href":"https:\/\/hundtgroup.com\/fr\/wp-json\/wp\/v2\/product_cat?post=21811"},{"taxonomy":"product_tag","embeddable":true,"href":"https:\/\/hundtgroup.com\/fr\/wp-json\/wp\/v2\/product_tag?post=21811"}],"curies":[{"name":"wp","href":"https:\/\/api.w.org\/{rel}","templated":true}]}}