{"id":21850,"date":"2025-06-18T18:32:05","date_gmt":"2025-06-18T16:32:05","guid":{"rendered":"https:\/\/hundtgroup.com\/produkt\/bouchons-doreille-hundt\/"},"modified":"2025-08-05T18:09:28","modified_gmt":"2025-08-05T16:09:28","slug":"bouchons-doreille-hundt","status":"publish","type":"product","link":"https:\/\/hundtgroup.com\/fr\/produkt\/bouchons-doreille-hundt\/","title":{"rendered":"Bouchons d&rsquo;oreille Hundt"},"content":{"rendered":"<p>Tampons auriculaires en mousse de polyur\u00e9thane \u00e9cologique \u00e0 d\u00e9formation lente, pression de contact r\u00e9guli\u00e8re et bonne isolation acoustique avec un confort optimal, emball\u00e9s par paire, unit\u00e9 d&#8217;emballage : 250 paires<\/p>\n","protected":false},"excerpt":{"rendered":"<p>Tampons auriculaires en mousse de polyur\u00e9thane \u00e9cologique \u00e0 d\u00e9formation lente, pression de contact r\u00e9guli\u00e8re et bonne isolation acoustique avec un confort optimal, emball\u00e9s par paire, unit\u00e9 d&#8217;emballage : 250 paires<\/p>\n","protected":false},"featured_media":21852,"template":"","meta":{"_acf_changed":false,"inline_featured_image":false},"product_cat":[1317,1141],"product_tag":[],"class_list":{"0":"post-21850","1":"product","2":"type-product","3":"status-publish","4":"has-post-thumbnail","6":"brand-hundt","7":"product_cat-protection-auditive","8":"product_cat-sante-et-securite-au-travail","10":"first","11":"instock","12":"taxable","13":"shipping-taxable","14":"purchasable","15":"product-type-simple","16":"add-to-wishlist-before_image"},"acf":[],"yoast_head":"<!-- This site is optimized with the Yoast SEO plugin v27.3 - https:\/\/yoast.com\/product\/yoast-seo-wordpress\/ -->\n<title>Bouchons d&#039;oreille Hundt - Wilhelm Hundt GmbH<\/title>\n<meta name=\"robots\" content=\"index, follow, max-snippet:-1, max-image-preview:large, max-video-preview:-1\" \/>\n<link rel=\"canonical\" href=\"https:\/\/hundtgroup.com\/fr\/produkt\/bouchons-doreille-hundt\/\" \/>\n<meta property=\"og:locale\" content=\"fr_FR\" \/>\n<meta property=\"og:type\" content=\"article\" \/>\n<meta property=\"og:title\" content=\"Bouchons d&#039;oreille Hundt - Wilhelm Hundt GmbH\" \/>\n<meta property=\"og:description\" content=\"Tampons auriculaires en mousse de polyur\u00e9thane \u00e9cologique \u00e0 d\u00e9formation lente, pression de contact r\u00e9guli\u00e8re et bonne isolation acoustique avec un confort optimal, emball\u00e9s par paire, unit\u00e9 d&#8217;emballage : 250 paires\" \/>\n<meta property=\"og:url\" content=\"https:\/\/hundtgroup.com\/fr\/produkt\/bouchons-doreille-hundt\/\" \/>\n<meta property=\"og:site_name\" content=\"Wilhelm Hundt GmbH\" \/>\n<meta property=\"article:modified_time\" content=\"2025-08-05T16:09:28+00:00\" \/>\n<meta property=\"og:image\" content=\"https:\/\/hundtgroup.com\/wp-content\/uploads\/290155.jpg\" \/>\n\t<meta property=\"og:image:width\" content=\"900\" \/>\n\t<meta property=\"og:image:height\" content=\"900\" \/>\n\t<meta property=\"og:image:type\" content=\"image\/jpeg\" \/>\n<meta name=\"twitter:card\" content=\"summary_large_image\" \/>\n<script type=\"application\/ld+json\" class=\"yoast-schema-graph\">{\"@context\":\"https:\\\/\\\/schema.org\",\"@graph\":[{\"@type\":\"WebPage\",\"@id\":\"https:\\\/\\\/hundtgroup.com\\\/fr\\\/produkt\\\/bouchons-doreille-hundt\\\/\",\"url\":\"https:\\\/\\\/hundtgroup.com\\\/fr\\\/produkt\\\/bouchons-doreille-hundt\\\/\",\"name\":\"Bouchons d'oreille Hundt - Wilhelm Hundt GmbH\",\"isPartOf\":{\"@id\":\"https:\\\/\\\/hundtgroup.com\\\/fr\\\/#website\"},\"primaryImageOfPage\":{\"@id\":\"https:\\\/\\\/hundtgroup.com\\\/fr\\\/produkt\\\/bouchons-doreille-hundt\\\/#primaryimage\"},\"image\":{\"@id\":\"https:\\\/\\\/hundtgroup.com\\\/fr\\\/produkt\\\/bouchons-doreille-hundt\\\/#primaryimage\"},\"thumbnailUrl\":\"https:\\\/\\\/hundtgroup.com\\\/wp-content\\\/uploads\\\/290155.jpg\",\"datePublished\":\"2025-06-18T16:32:05+00:00\",\"dateModified\":\"2025-08-05T16:09:28+00:00\",\"breadcrumb\":{\"@id\":\"https:\\\/\\\/hundtgroup.com\\\/fr\\\/produkt\\\/bouchons-doreille-hundt\\\/#breadcrumb\"},\"inLanguage\":\"fr-FR\",\"potentialAction\":[{\"@type\":\"ReadAction\",\"target\":[\"https:\\\/\\\/hundtgroup.com\\\/fr\\\/produkt\\\/bouchons-doreille-hundt\\\/\"]}]},{\"@type\":\"ImageObject\",\"inLanguage\":\"fr-FR\",\"@id\":\"https:\\\/\\\/hundtgroup.com\\\/fr\\\/produkt\\\/bouchons-doreille-hundt\\\/#primaryimage\",\"url\":\"https:\\\/\\\/hundtgroup.com\\\/wp-content\\\/uploads\\\/290155.jpg\",\"contentUrl\":\"https:\\\/\\\/hundtgroup.com\\\/wp-content\\\/uploads\\\/290155.jpg\",\"width\":900,\"height\":900},{\"@type\":\"BreadcrumbList\",\"@id\":\"https:\\\/\\\/hundtgroup.com\\\/fr\\\/produkt\\\/bouchons-doreille-hundt\\\/#breadcrumb\",\"itemListElement\":[{\"@type\":\"ListItem\",\"position\":1,\"name\":\"Startseite\",\"item\":\"https:\\\/\\\/hundtgroup.com\\\/fr\\\/accueil-nouveau\\\/\"},{\"@type\":\"ListItem\",\"position\":2,\"name\":\"Boutique\",\"item\":\"https:\\\/\\\/hundtgroup.com\\\/boutique\\\/\"},{\"@type\":\"ListItem\",\"position\":3,\"name\":\"Bouchons d&#8217;oreille Hundt\"}]},{\"@type\":\"WebSite\",\"@id\":\"https:\\\/\\\/hundtgroup.com\\\/fr\\\/#website\",\"url\":\"https:\\\/\\\/hundtgroup.com\\\/fr\\\/\",\"name\":\"Wilhelm Hundt GmbH\",\"description\":\"Votre sp\u00e9cialiste en machines et outils pour le travail de la t\u00f4le\",\"potentialAction\":[{\"@type\":\"SearchAction\",\"target\":{\"@type\":\"EntryPoint\",\"urlTemplate\":\"https:\\\/\\\/hundtgroup.com\\\/fr\\\/?s={search_term_string}\"},\"query-input\":{\"@type\":\"PropertyValueSpecification\",\"valueRequired\":true,\"valueName\":\"search_term_string\"}}],\"inLanguage\":\"fr-FR\"}]}<\/script>\n<!-- \/ Yoast SEO plugin. -->","yoast_head_json":{"title":"Bouchons d'oreille Hundt - Wilhelm Hundt GmbH","robots":{"index":"index","follow":"follow","max-snippet":"max-snippet:-1","max-image-preview":"max-image-preview:large","max-video-preview":"max-video-preview:-1"},"canonical":"https:\/\/hundtgroup.com\/fr\/produkt\/bouchons-doreille-hundt\/","og_locale":"fr_FR","og_type":"article","og_title":"Bouchons d'oreille Hundt - Wilhelm Hundt GmbH","og_description":"Tampons auriculaires en mousse de polyur\u00e9thane \u00e9cologique \u00e0 d\u00e9formation lente, pression de contact r\u00e9guli\u00e8re et bonne isolation acoustique avec un confort optimal, emball\u00e9s par paire, unit\u00e9 d&#8217;emballage : 250 paires","og_url":"https:\/\/hundtgroup.com\/fr\/produkt\/bouchons-doreille-hundt\/","og_site_name":"Wilhelm Hundt GmbH","article_modified_time":"2025-08-05T16:09:28+00:00","og_image":[{"width":900,"height":900,"url":"https:\/\/hundtgroup.com\/wp-content\/uploads\/290155.jpg","type":"image\/jpeg"}],"twitter_card":"summary_large_image","schema":{"@context":"https:\/\/schema.org","@graph":[{"@type":"WebPage","@id":"https:\/\/hundtgroup.com\/fr\/produkt\/bouchons-doreille-hundt\/","url":"https:\/\/hundtgroup.com\/fr\/produkt\/bouchons-doreille-hundt\/","name":"Bouchons d'oreille Hundt - Wilhelm Hundt GmbH","isPartOf":{"@id":"https:\/\/hundtgroup.com\/fr\/#website"},"primaryImageOfPage":{"@id":"https:\/\/hundtgroup.com\/fr\/produkt\/bouchons-doreille-hundt\/#primaryimage"},"image":{"@id":"https:\/\/hundtgroup.com\/fr\/produkt\/bouchons-doreille-hundt\/#primaryimage"},"thumbnailUrl":"https:\/\/hundtgroup.com\/wp-content\/uploads\/290155.jpg","datePublished":"2025-06-18T16:32:05+00:00","dateModified":"2025-08-05T16:09:28+00:00","breadcrumb":{"@id":"https:\/\/hundtgroup.com\/fr\/produkt\/bouchons-doreille-hundt\/#breadcrumb"},"inLanguage":"fr-FR","potentialAction":[{"@type":"ReadAction","target":["https:\/\/hundtgroup.com\/fr\/produkt\/bouchons-doreille-hundt\/"]}]},{"@type":"ImageObject","inLanguage":"fr-FR","@id":"https:\/\/hundtgroup.com\/fr\/produkt\/bouchons-doreille-hundt\/#primaryimage","url":"https:\/\/hundtgroup.com\/wp-content\/uploads\/290155.jpg","contentUrl":"https:\/\/hundtgroup.com\/wp-content\/uploads\/290155.jpg","width":900,"height":900},{"@type":"BreadcrumbList","@id":"https:\/\/hundtgroup.com\/fr\/produkt\/bouchons-doreille-hundt\/#breadcrumb","itemListElement":[{"@type":"ListItem","position":1,"name":"Startseite","item":"https:\/\/hundtgroup.com\/fr\/accueil-nouveau\/"},{"@type":"ListItem","position":2,"name":"Boutique","item":"https:\/\/hundtgroup.com\/boutique\/"},{"@type":"ListItem","position":3,"name":"Bouchons d&#8217;oreille Hundt"}]},{"@type":"WebSite","@id":"https:\/\/hundtgroup.com\/fr\/#website","url":"https:\/\/hundtgroup.com\/fr\/","name":"Wilhelm Hundt GmbH","description":"Votre sp\u00e9cialiste en machines et outils pour le travail de la t\u00f4le","potentialAction":[{"@type":"SearchAction","target":{"@type":"EntryPoint","urlTemplate":"https:\/\/hundtgroup.com\/fr\/?s={search_term_string}"},"query-input":{"@type":"PropertyValueSpecification","valueRequired":true,"valueName":"search_term_string"}}],"inLanguage":"fr-FR"}]}},"_links":{"self":[{"href":"https:\/\/hundtgroup.com\/fr\/wp-json\/wp\/v2\/product\/21850","targetHints":{"allow":["GET"]}}],"collection":[{"href":"https:\/\/hundtgroup.com\/fr\/wp-json\/wp\/v2\/product"}],"about":[{"href":"https:\/\/hundtgroup.com\/fr\/wp-json\/wp\/v2\/types\/product"}],"wp:featuredmedia":[{"embeddable":true,"href":"https:\/\/hundtgroup.com\/fr\/wp-json\/wp\/v2\/media\/21852"}],"wp:attachment":[{"href":"https:\/\/hundtgroup.com\/fr\/wp-json\/wp\/v2\/media?parent=21850"}],"wp:term":[{"taxonomy":"product_cat","embeddable":true,"href":"https:\/\/hundtgroup.com\/fr\/wp-json\/wp\/v2\/product_cat?post=21850"},{"taxonomy":"product_tag","embeddable":true,"href":"https:\/\/hundtgroup.com\/fr\/wp-json\/wp\/v2\/product_tag?post=21850"}],"curies":[{"name":"wp","href":"https:\/\/api.w.org\/{rel}","templated":true}]}}