{"id":22147,"date":"2025-06-18T18:31:46","date_gmt":"2025-06-18T16:31:46","guid":{"rendered":"https:\/\/hundtgroup.com\/produkt\/hundt-forets-etages-hss-avec-affutage-3-faces-o-6-36-mm\/"},"modified":"2025-07-28T16:47:03","modified_gmt":"2025-07-28T14:47:03","slug":"hundt-forets-etages-hss-avec-affutage-3-faces-o-6-36-mm","status":"publish","type":"product","link":"https:\/\/hundtgroup.com\/fr\/produkt\/hundt-forets-etages-hss-avec-affutage-3-faces-o-6-36-mm\/","title":{"rendered":"Hundt &#8211; Forets \u00e9tag\u00e9s HSS avec aff\u00fbtage 3 faces \u00d8 6-36 mm"},"content":{"rendered":"<p>En acier rapide haute performance, queue cylindrique, coupe \u00e0 droite, avec aff\u00fbtage en croix, pour le per\u00e7age de trous plus grands dans des mat\u00e9riaux \u00e0 paroi mince ainsi que pour l&rsquo;al\u00e9sage de trous existants dans la t\u00f4le d&rsquo;acier et l&rsquo;acier inoxydable jusqu&rsquo;\u00e0 2 mm d&rsquo;\u00e9paisseur, ainsi que dans les m\u00e9taux non ferreux jusqu&rsquo;\u00e0 5 mm d&rsquo;\u00e9paisseur.<\/p>\n","protected":false},"excerpt":{"rendered":"<p>En acier rapide haute performance, queue cylindrique, coupe \u00e0 droite, avec aff\u00fbtage en croix, pour le per\u00e7age de trous plus grands dans des mat\u00e9riaux \u00e0 paroi mince ainsi que pour l&rsquo;al\u00e9sage de trous existants dans la t\u00f4le d&rsquo;acier et l&rsquo;acier inoxydable jusqu&rsquo;\u00e0 2 mm d&rsquo;\u00e9paisseur, ainsi que dans les m\u00e9taux non ferreux jusqu&rsquo;\u00e0 5 mm [&hellip;]<\/p>\n","protected":false},"featured_media":22148,"template":"","meta":{"_acf_changed":false,"inline_featured_image":false},"product_cat":[1227,1144,1313],"product_tag":[],"class_list":{"0":"post-22147","1":"product","2":"type-product","3":"status-publish","4":"has-post-thumbnail","6":"brand-hundt","7":"product_cat-missions","8":"product_cat-accessoires-batterie-electrique","9":"product_cat-foret-etage","11":"first","12":"instock","13":"taxable","14":"shipping-taxable","15":"purchasable","16":"product-type-simple","17":"add-to-wishlist-before_image"},"acf":[],"yoast_head":"<!-- This site is optimized with the Yoast SEO plugin v27.3 - https:\/\/yoast.com\/product\/yoast-seo-wordpress\/ -->\n<title>Hundt - Forets \u00e9tag\u00e9s HSS avec aff\u00fbtage 3 faces \u00d8 6-36 mm - Wilhelm Hundt GmbH<\/title>\n<meta name=\"robots\" content=\"index, follow, max-snippet:-1, max-image-preview:large, max-video-preview:-1\" \/>\n<link rel=\"canonical\" href=\"https:\/\/hundtgroup.com\/fr\/produkt\/hundt-forets-etages-hss-avec-affutage-3-faces-o-6-36-mm\/\" \/>\n<meta property=\"og:locale\" content=\"fr_FR\" \/>\n<meta property=\"og:type\" content=\"article\" \/>\n<meta property=\"og:title\" content=\"Hundt - Forets \u00e9tag\u00e9s HSS avec aff\u00fbtage 3 faces \u00d8 6-36 mm - Wilhelm Hundt GmbH\" \/>\n<meta property=\"og:description\" content=\"En acier rapide haute performance, queue cylindrique, coupe \u00e0 droite, avec aff\u00fbtage en croix, pour le per\u00e7age de trous plus grands dans des mat\u00e9riaux \u00e0 paroi mince ainsi que pour l&rsquo;al\u00e9sage de trous existants dans la t\u00f4le d&rsquo;acier et l&rsquo;acier inoxydable jusqu&rsquo;\u00e0 2 mm d&rsquo;\u00e9paisseur, ainsi que dans les m\u00e9taux non ferreux jusqu&rsquo;\u00e0 5 mm [&hellip;]\" \/>\n<meta property=\"og:url\" content=\"https:\/\/hundtgroup.com\/fr\/produkt\/hundt-forets-etages-hss-avec-affutage-3-faces-o-6-36-mm\/\" \/>\n<meta property=\"og:site_name\" content=\"Wilhelm Hundt GmbH\" \/>\n<meta property=\"article:modified_time\" content=\"2025-07-28T14:47:03+00:00\" \/>\n<meta property=\"og:image\" content=\"https:\/\/hundtgroup.com\/wp-content\/uploads\/455125.jpg\" \/>\n\t<meta property=\"og:image:width\" content=\"839\" \/>\n\t<meta property=\"og:image:height\" content=\"246\" \/>\n\t<meta property=\"og:image:type\" content=\"image\/jpeg\" \/>\n<meta name=\"twitter:card\" content=\"summary_large_image\" \/>\n<script type=\"application\/ld+json\" class=\"yoast-schema-graph\">{\"@context\":\"https:\\\/\\\/schema.org\",\"@graph\":[{\"@type\":\"WebPage\",\"@id\":\"https:\\\/\\\/hundtgroup.com\\\/fr\\\/produkt\\\/hundt-forets-etages-hss-avec-affutage-3-faces-o-6-36-mm\\\/\",\"url\":\"https:\\\/\\\/hundtgroup.com\\\/fr\\\/produkt\\\/hundt-forets-etages-hss-avec-affutage-3-faces-o-6-36-mm\\\/\",\"name\":\"Hundt - Forets \u00e9tag\u00e9s HSS avec aff\u00fbtage 3 faces \u00d8 6-36 mm - Wilhelm Hundt GmbH\",\"isPartOf\":{\"@id\":\"https:\\\/\\\/hundtgroup.com\\\/fr\\\/#website\"},\"primaryImageOfPage\":{\"@id\":\"https:\\\/\\\/hundtgroup.com\\\/fr\\\/produkt\\\/hundt-forets-etages-hss-avec-affutage-3-faces-o-6-36-mm\\\/#primaryimage\"},\"image\":{\"@id\":\"https:\\\/\\\/hundtgroup.com\\\/fr\\\/produkt\\\/hundt-forets-etages-hss-avec-affutage-3-faces-o-6-36-mm\\\/#primaryimage\"},\"thumbnailUrl\":\"https:\\\/\\\/hundtgroup.com\\\/wp-content\\\/uploads\\\/455125.jpg\",\"datePublished\":\"2025-06-18T16:31:46+00:00\",\"dateModified\":\"2025-07-28T14:47:03+00:00\",\"breadcrumb\":{\"@id\":\"https:\\\/\\\/hundtgroup.com\\\/fr\\\/produkt\\\/hundt-forets-etages-hss-avec-affutage-3-faces-o-6-36-mm\\\/#breadcrumb\"},\"inLanguage\":\"fr-FR\",\"potentialAction\":[{\"@type\":\"ReadAction\",\"target\":[\"https:\\\/\\\/hundtgroup.com\\\/fr\\\/produkt\\\/hundt-forets-etages-hss-avec-affutage-3-faces-o-6-36-mm\\\/\"]}]},{\"@type\":\"ImageObject\",\"inLanguage\":\"fr-FR\",\"@id\":\"https:\\\/\\\/hundtgroup.com\\\/fr\\\/produkt\\\/hundt-forets-etages-hss-avec-affutage-3-faces-o-6-36-mm\\\/#primaryimage\",\"url\":\"https:\\\/\\\/hundtgroup.com\\\/wp-content\\\/uploads\\\/455125.jpg\",\"contentUrl\":\"https:\\\/\\\/hundtgroup.com\\\/wp-content\\\/uploads\\\/455125.jpg\",\"width\":839,\"height\":246},{\"@type\":\"BreadcrumbList\",\"@id\":\"https:\\\/\\\/hundtgroup.com\\\/fr\\\/produkt\\\/hundt-forets-etages-hss-avec-affutage-3-faces-o-6-36-mm\\\/#breadcrumb\",\"itemListElement\":[{\"@type\":\"ListItem\",\"position\":1,\"name\":\"Startseite\",\"item\":\"https:\\\/\\\/hundtgroup.com\\\/fr\\\/accueil-nouveau\\\/\"},{\"@type\":\"ListItem\",\"position\":2,\"name\":\"Boutique\",\"item\":\"https:\\\/\\\/hundtgroup.com\\\/boutique\\\/\"},{\"@type\":\"ListItem\",\"position\":3,\"name\":\"Hundt &#8211; Forets \u00e9tag\u00e9s HSS avec aff\u00fbtage 3 faces \u00d8 6-36 mm\"}]},{\"@type\":\"WebSite\",\"@id\":\"https:\\\/\\\/hundtgroup.com\\\/fr\\\/#website\",\"url\":\"https:\\\/\\\/hundtgroup.com\\\/fr\\\/\",\"name\":\"Wilhelm Hundt GmbH\",\"description\":\"Votre sp\u00e9cialiste en machines et outils pour le travail de la t\u00f4le\",\"potentialAction\":[{\"@type\":\"SearchAction\",\"target\":{\"@type\":\"EntryPoint\",\"urlTemplate\":\"https:\\\/\\\/hundtgroup.com\\\/fr\\\/?s={search_term_string}\"},\"query-input\":{\"@type\":\"PropertyValueSpecification\",\"valueRequired\":true,\"valueName\":\"search_term_string\"}}],\"inLanguage\":\"fr-FR\"}]}<\/script>\n<!-- \/ Yoast SEO plugin. -->","yoast_head_json":{"title":"Hundt - Forets \u00e9tag\u00e9s HSS avec aff\u00fbtage 3 faces \u00d8 6-36 mm - Wilhelm Hundt GmbH","robots":{"index":"index","follow":"follow","max-snippet":"max-snippet:-1","max-image-preview":"max-image-preview:large","max-video-preview":"max-video-preview:-1"},"canonical":"https:\/\/hundtgroup.com\/fr\/produkt\/hundt-forets-etages-hss-avec-affutage-3-faces-o-6-36-mm\/","og_locale":"fr_FR","og_type":"article","og_title":"Hundt - Forets \u00e9tag\u00e9s HSS avec aff\u00fbtage 3 faces \u00d8 6-36 mm - Wilhelm Hundt GmbH","og_description":"En acier rapide haute performance, queue cylindrique, coupe \u00e0 droite, avec aff\u00fbtage en croix, pour le per\u00e7age de trous plus grands dans des mat\u00e9riaux \u00e0 paroi mince ainsi que pour l&rsquo;al\u00e9sage de trous existants dans la t\u00f4le d&rsquo;acier et l&rsquo;acier inoxydable jusqu&rsquo;\u00e0 2 mm d&rsquo;\u00e9paisseur, ainsi que dans les m\u00e9taux non ferreux jusqu&rsquo;\u00e0 5 mm [&hellip;]","og_url":"https:\/\/hundtgroup.com\/fr\/produkt\/hundt-forets-etages-hss-avec-affutage-3-faces-o-6-36-mm\/","og_site_name":"Wilhelm Hundt GmbH","article_modified_time":"2025-07-28T14:47:03+00:00","og_image":[{"width":839,"height":246,"url":"https:\/\/hundtgroup.com\/wp-content\/uploads\/455125.jpg","type":"image\/jpeg"}],"twitter_card":"summary_large_image","schema":{"@context":"https:\/\/schema.org","@graph":[{"@type":"WebPage","@id":"https:\/\/hundtgroup.com\/fr\/produkt\/hundt-forets-etages-hss-avec-affutage-3-faces-o-6-36-mm\/","url":"https:\/\/hundtgroup.com\/fr\/produkt\/hundt-forets-etages-hss-avec-affutage-3-faces-o-6-36-mm\/","name":"Hundt - Forets \u00e9tag\u00e9s HSS avec aff\u00fbtage 3 faces \u00d8 6-36 mm - Wilhelm Hundt GmbH","isPartOf":{"@id":"https:\/\/hundtgroup.com\/fr\/#website"},"primaryImageOfPage":{"@id":"https:\/\/hundtgroup.com\/fr\/produkt\/hundt-forets-etages-hss-avec-affutage-3-faces-o-6-36-mm\/#primaryimage"},"image":{"@id":"https:\/\/hundtgroup.com\/fr\/produkt\/hundt-forets-etages-hss-avec-affutage-3-faces-o-6-36-mm\/#primaryimage"},"thumbnailUrl":"https:\/\/hundtgroup.com\/wp-content\/uploads\/455125.jpg","datePublished":"2025-06-18T16:31:46+00:00","dateModified":"2025-07-28T14:47:03+00:00","breadcrumb":{"@id":"https:\/\/hundtgroup.com\/fr\/produkt\/hundt-forets-etages-hss-avec-affutage-3-faces-o-6-36-mm\/#breadcrumb"},"inLanguage":"fr-FR","potentialAction":[{"@type":"ReadAction","target":["https:\/\/hundtgroup.com\/fr\/produkt\/hundt-forets-etages-hss-avec-affutage-3-faces-o-6-36-mm\/"]}]},{"@type":"ImageObject","inLanguage":"fr-FR","@id":"https:\/\/hundtgroup.com\/fr\/produkt\/hundt-forets-etages-hss-avec-affutage-3-faces-o-6-36-mm\/#primaryimage","url":"https:\/\/hundtgroup.com\/wp-content\/uploads\/455125.jpg","contentUrl":"https:\/\/hundtgroup.com\/wp-content\/uploads\/455125.jpg","width":839,"height":246},{"@type":"BreadcrumbList","@id":"https:\/\/hundtgroup.com\/fr\/produkt\/hundt-forets-etages-hss-avec-affutage-3-faces-o-6-36-mm\/#breadcrumb","itemListElement":[{"@type":"ListItem","position":1,"name":"Startseite","item":"https:\/\/hundtgroup.com\/fr\/accueil-nouveau\/"},{"@type":"ListItem","position":2,"name":"Boutique","item":"https:\/\/hundtgroup.com\/boutique\/"},{"@type":"ListItem","position":3,"name":"Hundt &#8211; Forets \u00e9tag\u00e9s HSS avec aff\u00fbtage 3 faces \u00d8 6-36 mm"}]},{"@type":"WebSite","@id":"https:\/\/hundtgroup.com\/fr\/#website","url":"https:\/\/hundtgroup.com\/fr\/","name":"Wilhelm Hundt GmbH","description":"Votre sp\u00e9cialiste en machines et outils pour le travail de la t\u00f4le","potentialAction":[{"@type":"SearchAction","target":{"@type":"EntryPoint","urlTemplate":"https:\/\/hundtgroup.com\/fr\/?s={search_term_string}"},"query-input":{"@type":"PropertyValueSpecification","valueRequired":true,"valueName":"search_term_string"}}],"inLanguage":"fr-FR"}]}},"_links":{"self":[{"href":"https:\/\/hundtgroup.com\/fr\/wp-json\/wp\/v2\/product\/22147","targetHints":{"allow":["GET"]}}],"collection":[{"href":"https:\/\/hundtgroup.com\/fr\/wp-json\/wp\/v2\/product"}],"about":[{"href":"https:\/\/hundtgroup.com\/fr\/wp-json\/wp\/v2\/types\/product"}],"wp:featuredmedia":[{"embeddable":true,"href":"https:\/\/hundtgroup.com\/fr\/wp-json\/wp\/v2\/media\/22148"}],"wp:attachment":[{"href":"https:\/\/hundtgroup.com\/fr\/wp-json\/wp\/v2\/media?parent=22147"}],"wp:term":[{"taxonomy":"product_cat","embeddable":true,"href":"https:\/\/hundtgroup.com\/fr\/wp-json\/wp\/v2\/product_cat?post=22147"},{"taxonomy":"product_tag","embeddable":true,"href":"https:\/\/hundtgroup.com\/fr\/wp-json\/wp\/v2\/product_tag?post=22147"}],"curies":[{"name":"wp","href":"https:\/\/api.w.org\/{rel}","templated":true}]}}