{"id":22234,"date":"2025-06-18T18:31:51","date_gmt":"2025-06-18T16:31:51","guid":{"rendered":"https:\/\/hundtgroup.com\/produkt\/makita-ml003g-projecteur-de-chantier-a-led\/"},"modified":"2025-07-28T16:54:46","modified_gmt":"2025-07-28T14:54:46","slug":"makita-ml003g-projecteur-de-chantier-a-led","status":"publish","type":"product","link":"https:\/\/hundtgroup.com\/fr\/produkt\/makita-ml003g-projecteur-de-chantier-a-led\/","title":{"rendered":"Makita ML003G Projecteur de chantier \u00e0 LED"},"content":{"rendered":"<p>Les 20 LED fixes de 0,6 W chacune assurent un \u00e9clairage optimal. Deux niveaux de luminosit\u00e9 permettent de g\u00e9n\u00e9rer une puissance lumineuse de 450 ou 1.100 lumens. Le corps lumineux peut \u00eatre inclin\u00e9 en continu de 240\u00b0 vers le haut et vers le bas.  <\/p>\n","protected":false},"excerpt":{"rendered":"<p>Les 20 LED fixes de 0,6 W chacune assurent un \u00e9clairage optimal. Deux niveaux de luminosit\u00e9 permettent de g\u00e9n\u00e9rer une puissance lumineuse de 450 ou 1.100 lumens. Le corps lumineux peut \u00eatre inclin\u00e9 en continu de 240\u00b0 vers le haut et vers le bas.<\/p>\n","protected":false},"featured_media":0,"template":"","meta":{"_acf_changed":false,"inline_featured_image":false},"product_cat":[1316,1157],"product_tag":[],"class_list":{"0":"post-22234","1":"product","2":"type-product","3":"status-publish","5":"brand-makita","6":"product_cat-projecteur","7":"product_cat-equipement-de-chantier","9":"first","10":"instock","11":"taxable","12":"shipping-taxable","13":"purchasable","14":"product-type-simple","15":"add-to-wishlist-before_image"},"acf":[],"yoast_head":"<!-- This site is optimized with the Yoast SEO plugin v27.3 - https:\/\/yoast.com\/product\/yoast-seo-wordpress\/ -->\n<title>Makita ML003G Projecteur de chantier \u00e0 LED - Wilhelm Hundt GmbH<\/title>\n<meta name=\"robots\" content=\"index, follow, max-snippet:-1, max-image-preview:large, max-video-preview:-1\" \/>\n<link rel=\"canonical\" href=\"https:\/\/hundtgroup.com\/fr\/produkt\/makita-ml003g-projecteur-de-chantier-a-led\/\" \/>\n<meta property=\"og:locale\" content=\"fr_FR\" \/>\n<meta property=\"og:type\" content=\"article\" \/>\n<meta property=\"og:title\" content=\"Makita ML003G Projecteur de chantier \u00e0 LED - Wilhelm Hundt GmbH\" \/>\n<meta property=\"og:description\" content=\"Les 20 LED fixes de 0,6 W chacune assurent un \u00e9clairage optimal. Deux niveaux de luminosit\u00e9 permettent de g\u00e9n\u00e9rer une puissance lumineuse de 450 ou 1.100 lumens. Le corps lumineux peut \u00eatre inclin\u00e9 en continu de 240\u00b0 vers le haut et vers le bas.\" \/>\n<meta property=\"og:url\" content=\"https:\/\/hundtgroup.com\/fr\/produkt\/makita-ml003g-projecteur-de-chantier-a-led\/\" \/>\n<meta property=\"og:site_name\" content=\"Wilhelm Hundt GmbH\" \/>\n<meta property=\"article:modified_time\" content=\"2025-07-28T14:54:46+00:00\" \/>\n<meta name=\"twitter:card\" content=\"summary_large_image\" \/>\n<script type=\"application\/ld+json\" class=\"yoast-schema-graph\">{\"@context\":\"https:\\\/\\\/schema.org\",\"@graph\":[{\"@type\":\"WebPage\",\"@id\":\"https:\\\/\\\/hundtgroup.com\\\/fr\\\/produkt\\\/makita-ml003g-projecteur-de-chantier-a-led\\\/\",\"url\":\"https:\\\/\\\/hundtgroup.com\\\/fr\\\/produkt\\\/makita-ml003g-projecteur-de-chantier-a-led\\\/\",\"name\":\"Makita ML003G Projecteur de chantier \u00e0 LED - Wilhelm Hundt GmbH\",\"isPartOf\":{\"@id\":\"https:\\\/\\\/hundtgroup.com\\\/fr\\\/#website\"},\"datePublished\":\"2025-06-18T16:31:51+00:00\",\"dateModified\":\"2025-07-28T14:54:46+00:00\",\"breadcrumb\":{\"@id\":\"https:\\\/\\\/hundtgroup.com\\\/fr\\\/produkt\\\/makita-ml003g-projecteur-de-chantier-a-led\\\/#breadcrumb\"},\"inLanguage\":\"fr-FR\",\"potentialAction\":[{\"@type\":\"ReadAction\",\"target\":[\"https:\\\/\\\/hundtgroup.com\\\/fr\\\/produkt\\\/makita-ml003g-projecteur-de-chantier-a-led\\\/\"]}]},{\"@type\":\"BreadcrumbList\",\"@id\":\"https:\\\/\\\/hundtgroup.com\\\/fr\\\/produkt\\\/makita-ml003g-projecteur-de-chantier-a-led\\\/#breadcrumb\",\"itemListElement\":[{\"@type\":\"ListItem\",\"position\":1,\"name\":\"Startseite\",\"item\":\"https:\\\/\\\/hundtgroup.com\\\/fr\\\/accueil-nouveau\\\/\"},{\"@type\":\"ListItem\",\"position\":2,\"name\":\"Boutique\",\"item\":\"https:\\\/\\\/hundtgroup.com\\\/boutique\\\/\"},{\"@type\":\"ListItem\",\"position\":3,\"name\":\"Makita ML003G Projecteur de chantier \u00e0 LED\"}]},{\"@type\":\"WebSite\",\"@id\":\"https:\\\/\\\/hundtgroup.com\\\/fr\\\/#website\",\"url\":\"https:\\\/\\\/hundtgroup.com\\\/fr\\\/\",\"name\":\"Wilhelm Hundt GmbH\",\"description\":\"Votre sp\u00e9cialiste en machines et outils pour le travail de la t\u00f4le\",\"potentialAction\":[{\"@type\":\"SearchAction\",\"target\":{\"@type\":\"EntryPoint\",\"urlTemplate\":\"https:\\\/\\\/hundtgroup.com\\\/fr\\\/?s={search_term_string}\"},\"query-input\":{\"@type\":\"PropertyValueSpecification\",\"valueRequired\":true,\"valueName\":\"search_term_string\"}}],\"inLanguage\":\"fr-FR\"}]}<\/script>\n<!-- \/ Yoast SEO plugin. -->","yoast_head_json":{"title":"Makita ML003G Projecteur de chantier \u00e0 LED - Wilhelm Hundt GmbH","robots":{"index":"index","follow":"follow","max-snippet":"max-snippet:-1","max-image-preview":"max-image-preview:large","max-video-preview":"max-video-preview:-1"},"canonical":"https:\/\/hundtgroup.com\/fr\/produkt\/makita-ml003g-projecteur-de-chantier-a-led\/","og_locale":"fr_FR","og_type":"article","og_title":"Makita ML003G Projecteur de chantier \u00e0 LED - Wilhelm Hundt GmbH","og_description":"Les 20 LED fixes de 0,6 W chacune assurent un \u00e9clairage optimal. Deux niveaux de luminosit\u00e9 permettent de g\u00e9n\u00e9rer une puissance lumineuse de 450 ou 1.100 lumens. Le corps lumineux peut \u00eatre inclin\u00e9 en continu de 240\u00b0 vers le haut et vers le bas.","og_url":"https:\/\/hundtgroup.com\/fr\/produkt\/makita-ml003g-projecteur-de-chantier-a-led\/","og_site_name":"Wilhelm Hundt GmbH","article_modified_time":"2025-07-28T14:54:46+00:00","twitter_card":"summary_large_image","schema":{"@context":"https:\/\/schema.org","@graph":[{"@type":"WebPage","@id":"https:\/\/hundtgroup.com\/fr\/produkt\/makita-ml003g-projecteur-de-chantier-a-led\/","url":"https:\/\/hundtgroup.com\/fr\/produkt\/makita-ml003g-projecteur-de-chantier-a-led\/","name":"Makita ML003G Projecteur de chantier \u00e0 LED - Wilhelm Hundt GmbH","isPartOf":{"@id":"https:\/\/hundtgroup.com\/fr\/#website"},"datePublished":"2025-06-18T16:31:51+00:00","dateModified":"2025-07-28T14:54:46+00:00","breadcrumb":{"@id":"https:\/\/hundtgroup.com\/fr\/produkt\/makita-ml003g-projecteur-de-chantier-a-led\/#breadcrumb"},"inLanguage":"fr-FR","potentialAction":[{"@type":"ReadAction","target":["https:\/\/hundtgroup.com\/fr\/produkt\/makita-ml003g-projecteur-de-chantier-a-led\/"]}]},{"@type":"BreadcrumbList","@id":"https:\/\/hundtgroup.com\/fr\/produkt\/makita-ml003g-projecteur-de-chantier-a-led\/#breadcrumb","itemListElement":[{"@type":"ListItem","position":1,"name":"Startseite","item":"https:\/\/hundtgroup.com\/fr\/accueil-nouveau\/"},{"@type":"ListItem","position":2,"name":"Boutique","item":"https:\/\/hundtgroup.com\/boutique\/"},{"@type":"ListItem","position":3,"name":"Makita ML003G Projecteur de chantier \u00e0 LED"}]},{"@type":"WebSite","@id":"https:\/\/hundtgroup.com\/fr\/#website","url":"https:\/\/hundtgroup.com\/fr\/","name":"Wilhelm Hundt GmbH","description":"Votre sp\u00e9cialiste en machines et outils pour le travail de la t\u00f4le","potentialAction":[{"@type":"SearchAction","target":{"@type":"EntryPoint","urlTemplate":"https:\/\/hundtgroup.com\/fr\/?s={search_term_string}"},"query-input":{"@type":"PropertyValueSpecification","valueRequired":true,"valueName":"search_term_string"}}],"inLanguage":"fr-FR"}]}},"_links":{"self":[{"href":"https:\/\/hundtgroup.com\/fr\/wp-json\/wp\/v2\/product\/22234","targetHints":{"allow":["GET"]}}],"collection":[{"href":"https:\/\/hundtgroup.com\/fr\/wp-json\/wp\/v2\/product"}],"about":[{"href":"https:\/\/hundtgroup.com\/fr\/wp-json\/wp\/v2\/types\/product"}],"wp:attachment":[{"href":"https:\/\/hundtgroup.com\/fr\/wp-json\/wp\/v2\/media?parent=22234"}],"wp:term":[{"taxonomy":"product_cat","embeddable":true,"href":"https:\/\/hundtgroup.com\/fr\/wp-json\/wp\/v2\/product_cat?post=22234"},{"taxonomy":"product_tag","embeddable":true,"href":"https:\/\/hundtgroup.com\/fr\/wp-json\/wp\/v2\/product_tag?post=22234"}],"curies":[{"name":"wp","href":"https:\/\/api.w.org\/{rel}","templated":true}]}}