{"id":22272,"date":"2025-06-18T18:31:54","date_gmt":"2025-06-18T16:31:54","guid":{"rendered":"https:\/\/hundtgroup.com\/produkt\/sac-a-dos-a-outils-hundt-trolley\/"},"modified":"2026-04-01T12:47:27","modified_gmt":"2026-04-01T10:47:27","slug":"sac-a-dos-a-outils-hundt-trolley","status":"publish","type":"product","link":"https:\/\/hundtgroup.com\/fr\/produkt\/sac-a-dos-a-outils-hundt-trolley\/","title":{"rendered":"Sac \u00e0 dos pour outils Hundt &#8211; Trolley"},"content":{"rendered":"<p>Trolley pour outils en tissu r\u00e9sistant \u00e0 l&rsquo;usure et \u00e0 la d\u00e9chirure avec fermeture \u00e0 glissi\u00e8re verrouillable. Avec trolley int\u00e9gr\u00e9, protection pour les roues, 2 bretelles rembourr\u00e9es et une poign\u00e9e de transport. A l&rsquo;int\u00e9rieur se trouve un compartiment rembourr\u00e9 pour ordinateur portable jusqu&rsquo;\u00e0 15&Prime; et 2 panneaux \u00e0 outils amovibles et r\u00e9versibles avec poches de rangement.  <\/p>\n","protected":false},"excerpt":{"rendered":"<p>Trolley pour outils en tissu r\u00e9sistant \u00e0 l&rsquo;usure et \u00e0 la d\u00e9chirure avec fermeture \u00e0 glissi\u00e8re verrouillable. Avec trolley int\u00e9gr\u00e9, protection pour les roues, 2 bretelles rembourr\u00e9es et une poign\u00e9e de transport. A l&rsquo;int\u00e9rieur se trouve un compartiment rembourr\u00e9 pour ordinateur portable jusqu&rsquo;\u00e0 15&Prime; et 2 panneaux \u00e0 outils amovibles et r\u00e9versibles avec poches de [&hellip;]<\/p>\n","protected":false},"featured_media":18280,"template":"","meta":{"_acf_changed":false,"inline_featured_image":false},"product_cat":[1232,1157],"product_tag":[],"class_list":{"0":"post-22272","1":"product","2":"type-product","3":"status-publish","4":"has-post-thumbnail","6":"brand-hundt","7":"product_cat-transport-fr","8":"product_cat-equipement-de-chantier","10":"first","11":"instock","12":"taxable","13":"shipping-taxable","14":"purchasable","15":"product-type-simple","16":"add-to-wishlist-before_image"},"acf":[],"yoast_head":"<!-- This site is optimized with the Yoast SEO plugin v27.3 - https:\/\/yoast.com\/product\/yoast-seo-wordpress\/ -->\n<title>Sac \u00e0 dos pour outils Hundt - Trolley - Wilhelm Hundt GmbH<\/title>\n<meta name=\"robots\" content=\"index, follow, max-snippet:-1, max-image-preview:large, max-video-preview:-1\" \/>\n<link rel=\"canonical\" href=\"https:\/\/hundtgroup.com\/fr\/produkt\/sac-a-dos-a-outils-hundt-trolley\/\" \/>\n<meta property=\"og:locale\" content=\"fr_FR\" \/>\n<meta property=\"og:type\" content=\"article\" \/>\n<meta property=\"og:title\" content=\"Sac \u00e0 dos pour outils Hundt - Trolley - Wilhelm Hundt GmbH\" \/>\n<meta property=\"og:description\" content=\"Trolley pour outils en tissu r\u00e9sistant \u00e0 l&rsquo;usure et \u00e0 la d\u00e9chirure avec fermeture \u00e0 glissi\u00e8re verrouillable. Avec trolley int\u00e9gr\u00e9, protection pour les roues, 2 bretelles rembourr\u00e9es et une poign\u00e9e de transport. A l&rsquo;int\u00e9rieur se trouve un compartiment rembourr\u00e9 pour ordinateur portable jusqu&rsquo;\u00e0 15&Prime; et 2 panneaux \u00e0 outils amovibles et r\u00e9versibles avec poches de [&hellip;]\" \/>\n<meta property=\"og:url\" content=\"https:\/\/hundtgroup.com\/fr\/produkt\/sac-a-dos-a-outils-hundt-trolley\/\" \/>\n<meta property=\"og:site_name\" content=\"Wilhelm Hundt GmbH\" \/>\n<meta property=\"article:modified_time\" content=\"2026-04-01T10:47:27+00:00\" \/>\n<meta property=\"og:image\" content=\"https:\/\/hundtgroup.com\/wp-content\/uploads\/210006.png\" \/>\n\t<meta property=\"og:image:width\" content=\"920\" \/>\n\t<meta property=\"og:image:height\" content=\"1030\" \/>\n\t<meta property=\"og:image:type\" content=\"image\/png\" \/>\n<meta name=\"twitter:card\" content=\"summary_large_image\" \/>\n<script type=\"application\/ld+json\" class=\"yoast-schema-graph\">{\"@context\":\"https:\\\/\\\/schema.org\",\"@graph\":[{\"@type\":\"WebPage\",\"@id\":\"https:\\\/\\\/hundtgroup.com\\\/fr\\\/produkt\\\/sac-a-dos-a-outils-hundt-trolley\\\/\",\"url\":\"https:\\\/\\\/hundtgroup.com\\\/fr\\\/produkt\\\/sac-a-dos-a-outils-hundt-trolley\\\/\",\"name\":\"Sac \u00e0 dos pour outils Hundt - Trolley - Wilhelm Hundt GmbH\",\"isPartOf\":{\"@id\":\"https:\\\/\\\/hundtgroup.com\\\/fr\\\/#website\"},\"primaryImageOfPage\":{\"@id\":\"https:\\\/\\\/hundtgroup.com\\\/fr\\\/produkt\\\/sac-a-dos-a-outils-hundt-trolley\\\/#primaryimage\"},\"image\":{\"@id\":\"https:\\\/\\\/hundtgroup.com\\\/fr\\\/produkt\\\/sac-a-dos-a-outils-hundt-trolley\\\/#primaryimage\"},\"thumbnailUrl\":\"https:\\\/\\\/hundtgroup.com\\\/wp-content\\\/uploads\\\/210006.png\",\"datePublished\":\"2025-06-18T16:31:54+00:00\",\"dateModified\":\"2026-04-01T10:47:27+00:00\",\"breadcrumb\":{\"@id\":\"https:\\\/\\\/hundtgroup.com\\\/fr\\\/produkt\\\/sac-a-dos-a-outils-hundt-trolley\\\/#breadcrumb\"},\"inLanguage\":\"fr-FR\",\"potentialAction\":[{\"@type\":\"ReadAction\",\"target\":[\"https:\\\/\\\/hundtgroup.com\\\/fr\\\/produkt\\\/sac-a-dos-a-outils-hundt-trolley\\\/\"]}]},{\"@type\":\"ImageObject\",\"inLanguage\":\"fr-FR\",\"@id\":\"https:\\\/\\\/hundtgroup.com\\\/fr\\\/produkt\\\/sac-a-dos-a-outils-hundt-trolley\\\/#primaryimage\",\"url\":\"https:\\\/\\\/hundtgroup.com\\\/wp-content\\\/uploads\\\/210006.png\",\"contentUrl\":\"https:\\\/\\\/hundtgroup.com\\\/wp-content\\\/uploads\\\/210006.png\",\"width\":1454,\"height\":1628},{\"@type\":\"BreadcrumbList\",\"@id\":\"https:\\\/\\\/hundtgroup.com\\\/fr\\\/produkt\\\/sac-a-dos-a-outils-hundt-trolley\\\/#breadcrumb\",\"itemListElement\":[{\"@type\":\"ListItem\",\"position\":1,\"name\":\"Startseite\",\"item\":\"https:\\\/\\\/hundtgroup.com\\\/fr\\\/accueil-nouveau\\\/\"},{\"@type\":\"ListItem\",\"position\":2,\"name\":\"Boutique\",\"item\":\"https:\\\/\\\/hundtgroup.com\\\/boutique\\\/\"},{\"@type\":\"ListItem\",\"position\":3,\"name\":\"Sac \u00e0 dos pour outils Hundt &#8211; Trolley\"}]},{\"@type\":\"WebSite\",\"@id\":\"https:\\\/\\\/hundtgroup.com\\\/fr\\\/#website\",\"url\":\"https:\\\/\\\/hundtgroup.com\\\/fr\\\/\",\"name\":\"Wilhelm Hundt GmbH\",\"description\":\"Votre sp\u00e9cialiste en machines et outils pour le travail de la t\u00f4le\",\"potentialAction\":[{\"@type\":\"SearchAction\",\"target\":{\"@type\":\"EntryPoint\",\"urlTemplate\":\"https:\\\/\\\/hundtgroup.com\\\/fr\\\/?s={search_term_string}\"},\"query-input\":{\"@type\":\"PropertyValueSpecification\",\"valueRequired\":true,\"valueName\":\"search_term_string\"}}],\"inLanguage\":\"fr-FR\"}]}<\/script>\n<!-- \/ Yoast SEO plugin. -->","yoast_head_json":{"title":"Sac \u00e0 dos pour outils Hundt - Trolley - Wilhelm Hundt GmbH","robots":{"index":"index","follow":"follow","max-snippet":"max-snippet:-1","max-image-preview":"max-image-preview:large","max-video-preview":"max-video-preview:-1"},"canonical":"https:\/\/hundtgroup.com\/fr\/produkt\/sac-a-dos-a-outils-hundt-trolley\/","og_locale":"fr_FR","og_type":"article","og_title":"Sac \u00e0 dos pour outils Hundt - Trolley - Wilhelm Hundt GmbH","og_description":"Trolley pour outils en tissu r\u00e9sistant \u00e0 l&rsquo;usure et \u00e0 la d\u00e9chirure avec fermeture \u00e0 glissi\u00e8re verrouillable. Avec trolley int\u00e9gr\u00e9, protection pour les roues, 2 bretelles rembourr\u00e9es et une poign\u00e9e de transport. A l&rsquo;int\u00e9rieur se trouve un compartiment rembourr\u00e9 pour ordinateur portable jusqu&rsquo;\u00e0 15&Prime; et 2 panneaux \u00e0 outils amovibles et r\u00e9versibles avec poches de [&hellip;]","og_url":"https:\/\/hundtgroup.com\/fr\/produkt\/sac-a-dos-a-outils-hundt-trolley\/","og_site_name":"Wilhelm Hundt GmbH","article_modified_time":"2026-04-01T10:47:27+00:00","og_image":[{"url":"https:\/\/hundtgroup.com\/wp-content\/uploads\/210006.png","width":920,"height":1030,"type":"image\/png"}],"twitter_card":"summary_large_image","schema":{"@context":"https:\/\/schema.org","@graph":[{"@type":"WebPage","@id":"https:\/\/hundtgroup.com\/fr\/produkt\/sac-a-dos-a-outils-hundt-trolley\/","url":"https:\/\/hundtgroup.com\/fr\/produkt\/sac-a-dos-a-outils-hundt-trolley\/","name":"Sac \u00e0 dos pour outils Hundt - Trolley - Wilhelm Hundt GmbH","isPartOf":{"@id":"https:\/\/hundtgroup.com\/fr\/#website"},"primaryImageOfPage":{"@id":"https:\/\/hundtgroup.com\/fr\/produkt\/sac-a-dos-a-outils-hundt-trolley\/#primaryimage"},"image":{"@id":"https:\/\/hundtgroup.com\/fr\/produkt\/sac-a-dos-a-outils-hundt-trolley\/#primaryimage"},"thumbnailUrl":"https:\/\/hundtgroup.com\/wp-content\/uploads\/210006.png","datePublished":"2025-06-18T16:31:54+00:00","dateModified":"2026-04-01T10:47:27+00:00","breadcrumb":{"@id":"https:\/\/hundtgroup.com\/fr\/produkt\/sac-a-dos-a-outils-hundt-trolley\/#breadcrumb"},"inLanguage":"fr-FR","potentialAction":[{"@type":"ReadAction","target":["https:\/\/hundtgroup.com\/fr\/produkt\/sac-a-dos-a-outils-hundt-trolley\/"]}]},{"@type":"ImageObject","inLanguage":"fr-FR","@id":"https:\/\/hundtgroup.com\/fr\/produkt\/sac-a-dos-a-outils-hundt-trolley\/#primaryimage","url":"https:\/\/hundtgroup.com\/wp-content\/uploads\/210006.png","contentUrl":"https:\/\/hundtgroup.com\/wp-content\/uploads\/210006.png","width":1454,"height":1628},{"@type":"BreadcrumbList","@id":"https:\/\/hundtgroup.com\/fr\/produkt\/sac-a-dos-a-outils-hundt-trolley\/#breadcrumb","itemListElement":[{"@type":"ListItem","position":1,"name":"Startseite","item":"https:\/\/hundtgroup.com\/fr\/accueil-nouveau\/"},{"@type":"ListItem","position":2,"name":"Boutique","item":"https:\/\/hundtgroup.com\/boutique\/"},{"@type":"ListItem","position":3,"name":"Sac \u00e0 dos pour outils Hundt &#8211; Trolley"}]},{"@type":"WebSite","@id":"https:\/\/hundtgroup.com\/fr\/#website","url":"https:\/\/hundtgroup.com\/fr\/","name":"Wilhelm Hundt GmbH","description":"Votre sp\u00e9cialiste en machines et outils pour le travail de la t\u00f4le","potentialAction":[{"@type":"SearchAction","target":{"@type":"EntryPoint","urlTemplate":"https:\/\/hundtgroup.com\/fr\/?s={search_term_string}"},"query-input":{"@type":"PropertyValueSpecification","valueRequired":true,"valueName":"search_term_string"}}],"inLanguage":"fr-FR"}]}},"_links":{"self":[{"href":"https:\/\/hundtgroup.com\/fr\/wp-json\/wp\/v2\/product\/22272","targetHints":{"allow":["GET"]}}],"collection":[{"href":"https:\/\/hundtgroup.com\/fr\/wp-json\/wp\/v2\/product"}],"about":[{"href":"https:\/\/hundtgroup.com\/fr\/wp-json\/wp\/v2\/types\/product"}],"wp:featuredmedia":[{"embeddable":true,"href":"https:\/\/hundtgroup.com\/fr\/wp-json\/wp\/v2\/media\/18280"}],"wp:attachment":[{"href":"https:\/\/hundtgroup.com\/fr\/wp-json\/wp\/v2\/media?parent=22272"}],"wp:term":[{"taxonomy":"product_cat","embeddable":true,"href":"https:\/\/hundtgroup.com\/fr\/wp-json\/wp\/v2\/product_cat?post=22272"},{"taxonomy":"product_tag","embeddable":true,"href":"https:\/\/hundtgroup.com\/fr\/wp-json\/wp\/v2\/product_tag?post=22272"}],"curies":[{"name":"wp","href":"https:\/\/api.w.org\/{rel}","templated":true}]}}