{"id":22280,"date":"2025-06-18T18:31:54","date_gmt":"2025-06-18T16:31:54","guid":{"rendered":"https:\/\/hundtgroup.com\/produkt\/sacoche-a-outils-hundt-avec-capot\/"},"modified":"2026-04-01T12:48:22","modified_gmt":"2026-04-01T10:48:22","slug":"sacoche-a-outils-hundt-avec-capot","status":"publish","type":"product","link":"https:\/\/hundtgroup.com\/fr\/produkt\/sacoche-a-outils-hundt-avec-capot\/","title":{"rendered":"Sacoche \u00e0 outils Hundt avec capot"},"content":{"rendered":"<p>Sacoche \u00e0 outils en tissu r\u00e9sistant \u00e0 l&rsquo;usure et \u00e0 la d\u00e9chirure. Avec bandouli\u00e8re rembourr\u00e9e et r\u00e9glable. Fond en tissu cousu. Le compartiment principal avec plusieurs poches int\u00e9rieures permet de ranger des outils de petite et de grande taille. Les deux parois s&rsquo;ouvrent pour faciliter l&rsquo;acc\u00e8s aux outils.    <\/p>\n","protected":false},"excerpt":{"rendered":"<p>Sacoche \u00e0 outils en tissu r\u00e9sistant \u00e0 l&rsquo;usure et \u00e0 la d\u00e9chirure. Avec bandouli\u00e8re rembourr\u00e9e et r\u00e9glable. Fond en tissu cousu. Le compartiment principal avec plusieurs poches int\u00e9rieures permet de ranger des outils de petite et de grande taille. Les deux parois s&rsquo;ouvrent pour faciliter l&rsquo;acc\u00e8s aux outils.<\/p>\n","protected":false},"featured_media":18142,"template":"","meta":{"_acf_changed":false,"inline_featured_image":false},"product_cat":[1232,1157],"product_tag":[],"class_list":{"0":"post-22280","1":"product","2":"type-product","3":"status-publish","4":"has-post-thumbnail","6":"brand-hundt","7":"product_cat-transport-fr","8":"product_cat-equipement-de-chantier","10":"first","11":"instock","12":"taxable","13":"shipping-taxable","14":"purchasable","15":"product-type-simple","16":"add-to-wishlist-before_image"},"acf":[],"yoast_head":"<!-- This site is optimized with the Yoast SEO plugin v27.3 - https:\/\/yoast.com\/product\/yoast-seo-wordpress\/ -->\n<title>Sacoche \u00e0 outils Hundt avec capot - Wilhelm Hundt GmbH<\/title>\n<meta name=\"robots\" content=\"index, follow, max-snippet:-1, max-image-preview:large, max-video-preview:-1\" \/>\n<link rel=\"canonical\" href=\"https:\/\/hundtgroup.com\/fr\/produkt\/sacoche-a-outils-hundt-avec-capot\/\" \/>\n<meta property=\"og:locale\" content=\"fr_FR\" \/>\n<meta property=\"og:type\" content=\"article\" \/>\n<meta property=\"og:title\" content=\"Sacoche \u00e0 outils Hundt avec capot - Wilhelm Hundt GmbH\" \/>\n<meta property=\"og:description\" content=\"Sacoche \u00e0 outils en tissu r\u00e9sistant \u00e0 l&rsquo;usure et \u00e0 la d\u00e9chirure. Avec bandouli\u00e8re rembourr\u00e9e et r\u00e9glable. Fond en tissu cousu. Le compartiment principal avec plusieurs poches int\u00e9rieures permet de ranger des outils de petite et de grande taille. Les deux parois s&rsquo;ouvrent pour faciliter l&rsquo;acc\u00e8s aux outils.\" \/>\n<meta property=\"og:url\" content=\"https:\/\/hundtgroup.com\/fr\/produkt\/sacoche-a-outils-hundt-avec-capot\/\" \/>\n<meta property=\"og:site_name\" content=\"Wilhelm Hundt GmbH\" \/>\n<meta property=\"article:modified_time\" content=\"2026-04-01T10:48:22+00:00\" \/>\n<meta property=\"og:image\" content=\"https:\/\/hundtgroup.com\/wp-content\/uploads\/210005.jpg\" \/>\n\t<meta property=\"og:image:width\" content=\"1333\" \/>\n\t<meta property=\"og:image:height\" content=\"895\" \/>\n\t<meta property=\"og:image:type\" content=\"image\/jpeg\" \/>\n<meta name=\"twitter:card\" content=\"summary_large_image\" \/>\n<script type=\"application\/ld+json\" class=\"yoast-schema-graph\">{\"@context\":\"https:\\\/\\\/schema.org\",\"@graph\":[{\"@type\":\"WebPage\",\"@id\":\"https:\\\/\\\/hundtgroup.com\\\/fr\\\/produkt\\\/sacoche-a-outils-hundt-avec-capot\\\/\",\"url\":\"https:\\\/\\\/hundtgroup.com\\\/fr\\\/produkt\\\/sacoche-a-outils-hundt-avec-capot\\\/\",\"name\":\"Sacoche \u00e0 outils Hundt avec capot - Wilhelm Hundt GmbH\",\"isPartOf\":{\"@id\":\"https:\\\/\\\/hundtgroup.com\\\/fr\\\/#website\"},\"primaryImageOfPage\":{\"@id\":\"https:\\\/\\\/hundtgroup.com\\\/fr\\\/produkt\\\/sacoche-a-outils-hundt-avec-capot\\\/#primaryimage\"},\"image\":{\"@id\":\"https:\\\/\\\/hundtgroup.com\\\/fr\\\/produkt\\\/sacoche-a-outils-hundt-avec-capot\\\/#primaryimage\"},\"thumbnailUrl\":\"https:\\\/\\\/hundtgroup.com\\\/wp-content\\\/uploads\\\/210005.jpg\",\"datePublished\":\"2025-06-18T16:31:54+00:00\",\"dateModified\":\"2026-04-01T10:48:22+00:00\",\"breadcrumb\":{\"@id\":\"https:\\\/\\\/hundtgroup.com\\\/fr\\\/produkt\\\/sacoche-a-outils-hundt-avec-capot\\\/#breadcrumb\"},\"inLanguage\":\"fr-FR\",\"potentialAction\":[{\"@type\":\"ReadAction\",\"target\":[\"https:\\\/\\\/hundtgroup.com\\\/fr\\\/produkt\\\/sacoche-a-outils-hundt-avec-capot\\\/\"]}]},{\"@type\":\"ImageObject\",\"inLanguage\":\"fr-FR\",\"@id\":\"https:\\\/\\\/hundtgroup.com\\\/fr\\\/produkt\\\/sacoche-a-outils-hundt-avec-capot\\\/#primaryimage\",\"url\":\"https:\\\/\\\/hundtgroup.com\\\/wp-content\\\/uploads\\\/210005.jpg\",\"contentUrl\":\"https:\\\/\\\/hundtgroup.com\\\/wp-content\\\/uploads\\\/210005.jpg\",\"width\":1333,\"height\":895},{\"@type\":\"BreadcrumbList\",\"@id\":\"https:\\\/\\\/hundtgroup.com\\\/fr\\\/produkt\\\/sacoche-a-outils-hundt-avec-capot\\\/#breadcrumb\",\"itemListElement\":[{\"@type\":\"ListItem\",\"position\":1,\"name\":\"Startseite\",\"item\":\"https:\\\/\\\/hundtgroup.com\\\/fr\\\/accueil-nouveau\\\/\"},{\"@type\":\"ListItem\",\"position\":2,\"name\":\"Boutique\",\"item\":\"https:\\\/\\\/hundtgroup.com\\\/boutique\\\/\"},{\"@type\":\"ListItem\",\"position\":3,\"name\":\"Sacoche \u00e0 outils Hundt avec capot\"}]},{\"@type\":\"WebSite\",\"@id\":\"https:\\\/\\\/hundtgroup.com\\\/fr\\\/#website\",\"url\":\"https:\\\/\\\/hundtgroup.com\\\/fr\\\/\",\"name\":\"Wilhelm Hundt GmbH\",\"description\":\"Votre sp\u00e9cialiste en machines et outils pour le travail de la t\u00f4le\",\"potentialAction\":[{\"@type\":\"SearchAction\",\"target\":{\"@type\":\"EntryPoint\",\"urlTemplate\":\"https:\\\/\\\/hundtgroup.com\\\/fr\\\/?s={search_term_string}\"},\"query-input\":{\"@type\":\"PropertyValueSpecification\",\"valueRequired\":true,\"valueName\":\"search_term_string\"}}],\"inLanguage\":\"fr-FR\"}]}<\/script>\n<!-- \/ Yoast SEO plugin. -->","yoast_head_json":{"title":"Sacoche \u00e0 outils Hundt avec capot - Wilhelm Hundt GmbH","robots":{"index":"index","follow":"follow","max-snippet":"max-snippet:-1","max-image-preview":"max-image-preview:large","max-video-preview":"max-video-preview:-1"},"canonical":"https:\/\/hundtgroup.com\/fr\/produkt\/sacoche-a-outils-hundt-avec-capot\/","og_locale":"fr_FR","og_type":"article","og_title":"Sacoche \u00e0 outils Hundt avec capot - Wilhelm Hundt GmbH","og_description":"Sacoche \u00e0 outils en tissu r\u00e9sistant \u00e0 l&rsquo;usure et \u00e0 la d\u00e9chirure. Avec bandouli\u00e8re rembourr\u00e9e et r\u00e9glable. Fond en tissu cousu. Le compartiment principal avec plusieurs poches int\u00e9rieures permet de ranger des outils de petite et de grande taille. Les deux parois s&rsquo;ouvrent pour faciliter l&rsquo;acc\u00e8s aux outils.","og_url":"https:\/\/hundtgroup.com\/fr\/produkt\/sacoche-a-outils-hundt-avec-capot\/","og_site_name":"Wilhelm Hundt GmbH","article_modified_time":"2026-04-01T10:48:22+00:00","og_image":[{"width":1333,"height":895,"url":"https:\/\/hundtgroup.com\/wp-content\/uploads\/210005.jpg","type":"image\/jpeg"}],"twitter_card":"summary_large_image","schema":{"@context":"https:\/\/schema.org","@graph":[{"@type":"WebPage","@id":"https:\/\/hundtgroup.com\/fr\/produkt\/sacoche-a-outils-hundt-avec-capot\/","url":"https:\/\/hundtgroup.com\/fr\/produkt\/sacoche-a-outils-hundt-avec-capot\/","name":"Sacoche \u00e0 outils Hundt avec capot - Wilhelm Hundt GmbH","isPartOf":{"@id":"https:\/\/hundtgroup.com\/fr\/#website"},"primaryImageOfPage":{"@id":"https:\/\/hundtgroup.com\/fr\/produkt\/sacoche-a-outils-hundt-avec-capot\/#primaryimage"},"image":{"@id":"https:\/\/hundtgroup.com\/fr\/produkt\/sacoche-a-outils-hundt-avec-capot\/#primaryimage"},"thumbnailUrl":"https:\/\/hundtgroup.com\/wp-content\/uploads\/210005.jpg","datePublished":"2025-06-18T16:31:54+00:00","dateModified":"2026-04-01T10:48:22+00:00","breadcrumb":{"@id":"https:\/\/hundtgroup.com\/fr\/produkt\/sacoche-a-outils-hundt-avec-capot\/#breadcrumb"},"inLanguage":"fr-FR","potentialAction":[{"@type":"ReadAction","target":["https:\/\/hundtgroup.com\/fr\/produkt\/sacoche-a-outils-hundt-avec-capot\/"]}]},{"@type":"ImageObject","inLanguage":"fr-FR","@id":"https:\/\/hundtgroup.com\/fr\/produkt\/sacoche-a-outils-hundt-avec-capot\/#primaryimage","url":"https:\/\/hundtgroup.com\/wp-content\/uploads\/210005.jpg","contentUrl":"https:\/\/hundtgroup.com\/wp-content\/uploads\/210005.jpg","width":1333,"height":895},{"@type":"BreadcrumbList","@id":"https:\/\/hundtgroup.com\/fr\/produkt\/sacoche-a-outils-hundt-avec-capot\/#breadcrumb","itemListElement":[{"@type":"ListItem","position":1,"name":"Startseite","item":"https:\/\/hundtgroup.com\/fr\/accueil-nouveau\/"},{"@type":"ListItem","position":2,"name":"Boutique","item":"https:\/\/hundtgroup.com\/boutique\/"},{"@type":"ListItem","position":3,"name":"Sacoche \u00e0 outils Hundt avec capot"}]},{"@type":"WebSite","@id":"https:\/\/hundtgroup.com\/fr\/#website","url":"https:\/\/hundtgroup.com\/fr\/","name":"Wilhelm Hundt GmbH","description":"Votre sp\u00e9cialiste en machines et outils pour le travail de la t\u00f4le","potentialAction":[{"@type":"SearchAction","target":{"@type":"EntryPoint","urlTemplate":"https:\/\/hundtgroup.com\/fr\/?s={search_term_string}"},"query-input":{"@type":"PropertyValueSpecification","valueRequired":true,"valueName":"search_term_string"}}],"inLanguage":"fr-FR"}]}},"_links":{"self":[{"href":"https:\/\/hundtgroup.com\/fr\/wp-json\/wp\/v2\/product\/22280","targetHints":{"allow":["GET"]}}],"collection":[{"href":"https:\/\/hundtgroup.com\/fr\/wp-json\/wp\/v2\/product"}],"about":[{"href":"https:\/\/hundtgroup.com\/fr\/wp-json\/wp\/v2\/types\/product"}],"wp:featuredmedia":[{"embeddable":true,"href":"https:\/\/hundtgroup.com\/fr\/wp-json\/wp\/v2\/media\/18142"}],"wp:attachment":[{"href":"https:\/\/hundtgroup.com\/fr\/wp-json\/wp\/v2\/media?parent=22280"}],"wp:term":[{"taxonomy":"product_cat","embeddable":true,"href":"https:\/\/hundtgroup.com\/fr\/wp-json\/wp\/v2\/product_cat?post=22280"},{"taxonomy":"product_tag","embeddable":true,"href":"https:\/\/hundtgroup.com\/fr\/wp-json\/wp\/v2\/product_tag?post=22280"}],"curies":[{"name":"wp","href":"https:\/\/api.w.org\/{rel}","templated":true}]}}