{"id":22297,"date":"2025-06-18T18:31:54","date_gmt":"2025-06-18T16:31:54","guid":{"rendered":"https:\/\/hundtgroup.com\/produkt\/sac-a-dos-a-outils-hundt-verrouillable\/"},"modified":"2026-04-07T11:37:22","modified_gmt":"2026-04-07T09:37:22","slug":"sac-a-dos-a-outils-hundt-verrouillable","status":"publish","type":"product","link":"https:\/\/hundtgroup.com\/fr\/produkt\/sac-a-dos-a-outils-hundt-verrouillable\/","title":{"rendered":"Sac \u00e0 dos \u00e0 outils Hundt verrouillable"},"content":{"rendered":"<p>Sac \u00e0 dos pour outils en tissu r\u00e9sistant \u00e0 l&rsquo;usure et \u00e0 la d\u00e9chirure avec fermeture \u00e0 glissi\u00e8re verrouillable. Il est dot\u00e9 d&rsquo;un dos rembourr\u00e9 et de bretelles r\u00e9glables, d&rsquo;une ceinture abdominale et d&rsquo;une poign\u00e9e de transport caoutchout\u00e9e. A l&rsquo;int\u00e9rieur se trouve un compartiment rembourr\u00e9 pour ordinateur portable jusqu&rsquo;\u00e0 17&Prime; et un panneau \u00e0 outils amovible des deux c\u00f4t\u00e9s avec des poches de rangement et des attaches en caoutchouc.  <\/p>\n","protected":false},"excerpt":{"rendered":"<p>Sac \u00e0 dos pour outils en tissu r\u00e9sistant \u00e0 l&rsquo;usure et \u00e0 la d\u00e9chirure avec fermeture \u00e0 glissi\u00e8re verrouillable. Il est dot\u00e9 d&rsquo;un dos rembourr\u00e9 et de bretelles r\u00e9glables, d&rsquo;une ceinture abdominale et d&rsquo;une poign\u00e9e de transport caoutchout\u00e9e. A l&rsquo;int\u00e9rieur se trouve un compartiment rembourr\u00e9 pour ordinateur portable jusqu&rsquo;\u00e0 17&Prime; et un panneau \u00e0 outils [&hellip;]<\/p>\n","protected":false},"featured_media":18127,"template":"","meta":{"_acf_changed":false,"inline_featured_image":false},"product_cat":[1232,1157],"product_tag":[],"class_list":{"0":"post-22297","1":"product","2":"type-product","3":"status-publish","4":"has-post-thumbnail","6":"brand-hundt","7":"product_cat-transport-fr","8":"product_cat-equipement-de-chantier","10":"first","11":"instock","12":"taxable","13":"shipping-taxable","14":"purchasable","15":"product-type-simple","16":"add-to-wishlist-before_image"},"acf":[],"yoast_head":"<!-- This site is optimized with the Yoast SEO plugin v27.3 - https:\/\/yoast.com\/product\/yoast-seo-wordpress\/ -->\n<title>Sac \u00e0 dos \u00e0 outils Hundt verrouillable - Wilhelm Hundt GmbH<\/title>\n<meta name=\"robots\" content=\"index, follow, max-snippet:-1, max-image-preview:large, max-video-preview:-1\" \/>\n<link rel=\"canonical\" href=\"https:\/\/hundtgroup.com\/fr\/produkt\/sac-a-dos-a-outils-hundt-verrouillable\/\" \/>\n<meta property=\"og:locale\" content=\"fr_FR\" \/>\n<meta property=\"og:type\" content=\"article\" \/>\n<meta property=\"og:title\" content=\"Sac \u00e0 dos \u00e0 outils Hundt verrouillable - Wilhelm Hundt GmbH\" \/>\n<meta property=\"og:description\" content=\"Sac \u00e0 dos pour outils en tissu r\u00e9sistant \u00e0 l&rsquo;usure et \u00e0 la d\u00e9chirure avec fermeture \u00e0 glissi\u00e8re verrouillable. Il est dot\u00e9 d&rsquo;un dos rembourr\u00e9 et de bretelles r\u00e9glables, d&rsquo;une ceinture abdominale et d&rsquo;une poign\u00e9e de transport caoutchout\u00e9e. A l&rsquo;int\u00e9rieur se trouve un compartiment rembourr\u00e9 pour ordinateur portable jusqu&rsquo;\u00e0 17&Prime; et un panneau \u00e0 outils [&hellip;]\" \/>\n<meta property=\"og:url\" content=\"https:\/\/hundtgroup.com\/fr\/produkt\/sac-a-dos-a-outils-hundt-verrouillable\/\" \/>\n<meta property=\"og:site_name\" content=\"Wilhelm Hundt GmbH\" \/>\n<meta property=\"article:modified_time\" content=\"2026-04-07T09:37:22+00:00\" \/>\n<meta property=\"og:image\" content=\"https:\/\/hundtgroup.com\/wp-content\/uploads\/210003-833x1030.jpg\" \/>\n\t<meta property=\"og:image:width\" content=\"833\" \/>\n\t<meta property=\"og:image:height\" content=\"1030\" \/>\n\t<meta property=\"og:image:type\" content=\"image\/jpeg\" \/>\n<meta name=\"twitter:card\" content=\"summary_large_image\" \/>\n<script type=\"application\/ld+json\" class=\"yoast-schema-graph\">{\"@context\":\"https:\\\/\\\/schema.org\",\"@graph\":[{\"@type\":\"WebPage\",\"@id\":\"https:\\\/\\\/hundtgroup.com\\\/fr\\\/produkt\\\/sac-a-dos-a-outils-hundt-verrouillable\\\/\",\"url\":\"https:\\\/\\\/hundtgroup.com\\\/fr\\\/produkt\\\/sac-a-dos-a-outils-hundt-verrouillable\\\/\",\"name\":\"Sac \u00e0 dos \u00e0 outils Hundt verrouillable - Wilhelm Hundt GmbH\",\"isPartOf\":{\"@id\":\"https:\\\/\\\/hundtgroup.com\\\/fr\\\/#website\"},\"primaryImageOfPage\":{\"@id\":\"https:\\\/\\\/hundtgroup.com\\\/fr\\\/produkt\\\/sac-a-dos-a-outils-hundt-verrouillable\\\/#primaryimage\"},\"image\":{\"@id\":\"https:\\\/\\\/hundtgroup.com\\\/fr\\\/produkt\\\/sac-a-dos-a-outils-hundt-verrouillable\\\/#primaryimage\"},\"thumbnailUrl\":\"https:\\\/\\\/hundtgroup.com\\\/wp-content\\\/uploads\\\/210003-scaled.jpg\",\"datePublished\":\"2025-06-18T16:31:54+00:00\",\"dateModified\":\"2026-04-07T09:37:22+00:00\",\"breadcrumb\":{\"@id\":\"https:\\\/\\\/hundtgroup.com\\\/fr\\\/produkt\\\/sac-a-dos-a-outils-hundt-verrouillable\\\/#breadcrumb\"},\"inLanguage\":\"fr-FR\",\"potentialAction\":[{\"@type\":\"ReadAction\",\"target\":[\"https:\\\/\\\/hundtgroup.com\\\/fr\\\/produkt\\\/sac-a-dos-a-outils-hundt-verrouillable\\\/\"]}]},{\"@type\":\"ImageObject\",\"inLanguage\":\"fr-FR\",\"@id\":\"https:\\\/\\\/hundtgroup.com\\\/fr\\\/produkt\\\/sac-a-dos-a-outils-hundt-verrouillable\\\/#primaryimage\",\"url\":\"https:\\\/\\\/hundtgroup.com\\\/wp-content\\\/uploads\\\/210003-scaled.jpg\",\"contentUrl\":\"https:\\\/\\\/hundtgroup.com\\\/wp-content\\\/uploads\\\/210003-scaled.jpg\",\"width\":2070,\"height\":2560},{\"@type\":\"BreadcrumbList\",\"@id\":\"https:\\\/\\\/hundtgroup.com\\\/fr\\\/produkt\\\/sac-a-dos-a-outils-hundt-verrouillable\\\/#breadcrumb\",\"itemListElement\":[{\"@type\":\"ListItem\",\"position\":1,\"name\":\"Startseite\",\"item\":\"https:\\\/\\\/hundtgroup.com\\\/fr\\\/accueil-nouveau\\\/\"},{\"@type\":\"ListItem\",\"position\":2,\"name\":\"Boutique\",\"item\":\"https:\\\/\\\/hundtgroup.com\\\/boutique\\\/\"},{\"@type\":\"ListItem\",\"position\":3,\"name\":\"Sac \u00e0 dos \u00e0 outils Hundt verrouillable\"}]},{\"@type\":\"WebSite\",\"@id\":\"https:\\\/\\\/hundtgroup.com\\\/fr\\\/#website\",\"url\":\"https:\\\/\\\/hundtgroup.com\\\/fr\\\/\",\"name\":\"Wilhelm Hundt GmbH\",\"description\":\"Votre sp\u00e9cialiste en machines et outils pour le travail de la t\u00f4le\",\"potentialAction\":[{\"@type\":\"SearchAction\",\"target\":{\"@type\":\"EntryPoint\",\"urlTemplate\":\"https:\\\/\\\/hundtgroup.com\\\/fr\\\/?s={search_term_string}\"},\"query-input\":{\"@type\":\"PropertyValueSpecification\",\"valueRequired\":true,\"valueName\":\"search_term_string\"}}],\"inLanguage\":\"fr-FR\"}]}<\/script>\n<!-- \/ Yoast SEO plugin. -->","yoast_head_json":{"title":"Sac \u00e0 dos \u00e0 outils Hundt verrouillable - Wilhelm Hundt GmbH","robots":{"index":"index","follow":"follow","max-snippet":"max-snippet:-1","max-image-preview":"max-image-preview:large","max-video-preview":"max-video-preview:-1"},"canonical":"https:\/\/hundtgroup.com\/fr\/produkt\/sac-a-dos-a-outils-hundt-verrouillable\/","og_locale":"fr_FR","og_type":"article","og_title":"Sac \u00e0 dos \u00e0 outils Hundt verrouillable - Wilhelm Hundt GmbH","og_description":"Sac \u00e0 dos pour outils en tissu r\u00e9sistant \u00e0 l&rsquo;usure et \u00e0 la d\u00e9chirure avec fermeture \u00e0 glissi\u00e8re verrouillable. Il est dot\u00e9 d&rsquo;un dos rembourr\u00e9 et de bretelles r\u00e9glables, d&rsquo;une ceinture abdominale et d&rsquo;une poign\u00e9e de transport caoutchout\u00e9e. A l&rsquo;int\u00e9rieur se trouve un compartiment rembourr\u00e9 pour ordinateur portable jusqu&rsquo;\u00e0 17&Prime; et un panneau \u00e0 outils [&hellip;]","og_url":"https:\/\/hundtgroup.com\/fr\/produkt\/sac-a-dos-a-outils-hundt-verrouillable\/","og_site_name":"Wilhelm Hundt GmbH","article_modified_time":"2026-04-07T09:37:22+00:00","og_image":[{"width":833,"height":1030,"url":"https:\/\/hundtgroup.com\/wp-content\/uploads\/210003-833x1030.jpg","type":"image\/jpeg"}],"twitter_card":"summary_large_image","schema":{"@context":"https:\/\/schema.org","@graph":[{"@type":"WebPage","@id":"https:\/\/hundtgroup.com\/fr\/produkt\/sac-a-dos-a-outils-hundt-verrouillable\/","url":"https:\/\/hundtgroup.com\/fr\/produkt\/sac-a-dos-a-outils-hundt-verrouillable\/","name":"Sac \u00e0 dos \u00e0 outils Hundt verrouillable - Wilhelm Hundt GmbH","isPartOf":{"@id":"https:\/\/hundtgroup.com\/fr\/#website"},"primaryImageOfPage":{"@id":"https:\/\/hundtgroup.com\/fr\/produkt\/sac-a-dos-a-outils-hundt-verrouillable\/#primaryimage"},"image":{"@id":"https:\/\/hundtgroup.com\/fr\/produkt\/sac-a-dos-a-outils-hundt-verrouillable\/#primaryimage"},"thumbnailUrl":"https:\/\/hundtgroup.com\/wp-content\/uploads\/210003-scaled.jpg","datePublished":"2025-06-18T16:31:54+00:00","dateModified":"2026-04-07T09:37:22+00:00","breadcrumb":{"@id":"https:\/\/hundtgroup.com\/fr\/produkt\/sac-a-dos-a-outils-hundt-verrouillable\/#breadcrumb"},"inLanguage":"fr-FR","potentialAction":[{"@type":"ReadAction","target":["https:\/\/hundtgroup.com\/fr\/produkt\/sac-a-dos-a-outils-hundt-verrouillable\/"]}]},{"@type":"ImageObject","inLanguage":"fr-FR","@id":"https:\/\/hundtgroup.com\/fr\/produkt\/sac-a-dos-a-outils-hundt-verrouillable\/#primaryimage","url":"https:\/\/hundtgroup.com\/wp-content\/uploads\/210003-scaled.jpg","contentUrl":"https:\/\/hundtgroup.com\/wp-content\/uploads\/210003-scaled.jpg","width":2070,"height":2560},{"@type":"BreadcrumbList","@id":"https:\/\/hundtgroup.com\/fr\/produkt\/sac-a-dos-a-outils-hundt-verrouillable\/#breadcrumb","itemListElement":[{"@type":"ListItem","position":1,"name":"Startseite","item":"https:\/\/hundtgroup.com\/fr\/accueil-nouveau\/"},{"@type":"ListItem","position":2,"name":"Boutique","item":"https:\/\/hundtgroup.com\/boutique\/"},{"@type":"ListItem","position":3,"name":"Sac \u00e0 dos \u00e0 outils Hundt verrouillable"}]},{"@type":"WebSite","@id":"https:\/\/hundtgroup.com\/fr\/#website","url":"https:\/\/hundtgroup.com\/fr\/","name":"Wilhelm Hundt GmbH","description":"Votre sp\u00e9cialiste en machines et outils pour le travail de la t\u00f4le","potentialAction":[{"@type":"SearchAction","target":{"@type":"EntryPoint","urlTemplate":"https:\/\/hundtgroup.com\/fr\/?s={search_term_string}"},"query-input":{"@type":"PropertyValueSpecification","valueRequired":true,"valueName":"search_term_string"}}],"inLanguage":"fr-FR"}]}},"_links":{"self":[{"href":"https:\/\/hundtgroup.com\/fr\/wp-json\/wp\/v2\/product\/22297","targetHints":{"allow":["GET"]}}],"collection":[{"href":"https:\/\/hundtgroup.com\/fr\/wp-json\/wp\/v2\/product"}],"about":[{"href":"https:\/\/hundtgroup.com\/fr\/wp-json\/wp\/v2\/types\/product"}],"wp:featuredmedia":[{"embeddable":true,"href":"https:\/\/hundtgroup.com\/fr\/wp-json\/wp\/v2\/media\/18127"}],"wp:attachment":[{"href":"https:\/\/hundtgroup.com\/fr\/wp-json\/wp\/v2\/media?parent=22297"}],"wp:term":[{"taxonomy":"product_cat","embeddable":true,"href":"https:\/\/hundtgroup.com\/fr\/wp-json\/wp\/v2\/product_cat?post=22297"},{"taxonomy":"product_tag","embeddable":true,"href":"https:\/\/hundtgroup.com\/fr\/wp-json\/wp\/v2\/product_tag?post=22297"}],"curies":[{"name":"wp","href":"https:\/\/api.w.org\/{rel}","templated":true}]}}