{"id":22307,"date":"2025-06-18T18:31:54","date_gmt":"2025-06-18T16:31:54","guid":{"rendered":"https:\/\/hundtgroup.com\/produkt\/batterie-led-acculine-multi-40-w\/"},"modified":"2025-07-28T16:54:24","modified_gmt":"2025-07-28T14:54:24","slug":"batterie-led-acculine-multi-40-w","status":"publish","type":"product","link":"https:\/\/hundtgroup.com\/fr\/produkt\/batterie-led-acculine-multi-40-w\/","title":{"rendered":"Batterie LED Acculine Multi 40 W"},"content":{"rendered":"<p>LED Acculine Multi 40W 14,4V &amp; 18V<br \/>\nconvient pour les batteries des fabricants suivants<br \/>\nMakita, Bosch, Panasonic Hikoki, W\u00fcrth, Dewalt, Milwaukee, Metabo, Fischer, Flex, Festool, Einhell et Parkside<br \/>\nBo\u00eetier robuste<br \/>\nGrande poign\u00e9e de transport pour une prise en main avec des gants<br \/>\n2 grands crochets pliables pour la fixation sur les \u00e9chafaudages, les balustrades et les \u00e9chelles<br \/>\nSortie USB (5V\/1A) pour une utilisation comme powerbank<br \/>\nBatteries non fournies<\/p>\n","protected":false},"excerpt":{"rendered":"<p>LED Acculine Multi 40W 14,4V &amp; 18V convient pour les batteries des fabricants suivants Makita, Bosch, Panasonic Hikoki, W\u00fcrth, Dewalt, Milwaukee, Metabo, Fischer, Flex, Festool, Einhell et Parkside Bo\u00eetier robuste Grande poign\u00e9e de transport pour une prise en main avec des gants 2 grands crochets pliables pour la fixation sur les \u00e9chafaudages, les balustrades et [&hellip;]<\/p>\n","protected":false},"featured_media":22309,"template":"","meta":{"_acf_changed":false,"inline_featured_image":false},"product_cat":[1316,1157],"product_tag":[],"class_list":{"0":"post-22307","1":"product","2":"type-product","3":"status-publish","4":"has-post-thumbnail","6":"brand-hundt","7":"product_cat-projecteur","8":"product_cat-equipement-de-chantier","10":"first","11":"instock","12":"taxable","13":"shipping-taxable","14":"purchasable","15":"product-type-simple","16":"add-to-wishlist-before_image"},"acf":[],"yoast_head":"<!-- This site is optimized with the Yoast SEO plugin v27.3 - https:\/\/yoast.com\/product\/yoast-seo-wordpress\/ -->\n<title>Batterie LED Acculine Multi 40 W - Wilhelm Hundt GmbH<\/title>\n<meta name=\"robots\" content=\"index, follow, max-snippet:-1, max-image-preview:large, max-video-preview:-1\" \/>\n<link rel=\"canonical\" href=\"https:\/\/hundtgroup.com\/fr\/produkt\/batterie-led-acculine-multi-40-w\/\" \/>\n<meta property=\"og:locale\" content=\"fr_FR\" \/>\n<meta property=\"og:type\" content=\"article\" \/>\n<meta property=\"og:title\" content=\"Batterie LED Acculine Multi 40 W - Wilhelm Hundt GmbH\" \/>\n<meta property=\"og:description\" content=\"LED Acculine Multi 40W 14,4V &amp; 18V convient pour les batteries des fabricants suivants Makita, Bosch, Panasonic Hikoki, W\u00fcrth, Dewalt, Milwaukee, Metabo, Fischer, Flex, Festool, Einhell et Parkside Bo\u00eetier robuste Grande poign\u00e9e de transport pour une prise en main avec des gants 2 grands crochets pliables pour la fixation sur les \u00e9chafaudages, les balustrades et [&hellip;]\" \/>\n<meta property=\"og:url\" content=\"https:\/\/hundtgroup.com\/fr\/produkt\/batterie-led-acculine-multi-40-w\/\" \/>\n<meta property=\"og:site_name\" content=\"Wilhelm Hundt GmbH\" \/>\n<meta property=\"article:modified_time\" content=\"2025-07-28T14:54:24+00:00\" \/>\n<meta property=\"og:image\" content=\"https:\/\/hundtgroup.com\/wp-content\/uploads\/230281.jpg\" \/>\n\t<meta property=\"og:image:width\" content=\"1200\" \/>\n\t<meta property=\"og:image:height\" content=\"810\" \/>\n\t<meta property=\"og:image:type\" content=\"image\/jpeg\" \/>\n<meta name=\"twitter:card\" content=\"summary_large_image\" \/>\n<script type=\"application\/ld+json\" class=\"yoast-schema-graph\">{\"@context\":\"https:\\\/\\\/schema.org\",\"@graph\":[{\"@type\":\"WebPage\",\"@id\":\"https:\\\/\\\/hundtgroup.com\\\/fr\\\/produkt\\\/batterie-led-acculine-multi-40-w\\\/\",\"url\":\"https:\\\/\\\/hundtgroup.com\\\/fr\\\/produkt\\\/batterie-led-acculine-multi-40-w\\\/\",\"name\":\"Batterie LED Acculine Multi 40 W - Wilhelm Hundt GmbH\",\"isPartOf\":{\"@id\":\"https:\\\/\\\/hundtgroup.com\\\/fr\\\/#website\"},\"primaryImageOfPage\":{\"@id\":\"https:\\\/\\\/hundtgroup.com\\\/fr\\\/produkt\\\/batterie-led-acculine-multi-40-w\\\/#primaryimage\"},\"image\":{\"@id\":\"https:\\\/\\\/hundtgroup.com\\\/fr\\\/produkt\\\/batterie-led-acculine-multi-40-w\\\/#primaryimage\"},\"thumbnailUrl\":\"https:\\\/\\\/hundtgroup.com\\\/wp-content\\\/uploads\\\/230281.jpg\",\"datePublished\":\"2025-06-18T16:31:54+00:00\",\"dateModified\":\"2025-07-28T14:54:24+00:00\",\"breadcrumb\":{\"@id\":\"https:\\\/\\\/hundtgroup.com\\\/fr\\\/produkt\\\/batterie-led-acculine-multi-40-w\\\/#breadcrumb\"},\"inLanguage\":\"fr-FR\",\"potentialAction\":[{\"@type\":\"ReadAction\",\"target\":[\"https:\\\/\\\/hundtgroup.com\\\/fr\\\/produkt\\\/batterie-led-acculine-multi-40-w\\\/\"]}]},{\"@type\":\"ImageObject\",\"inLanguage\":\"fr-FR\",\"@id\":\"https:\\\/\\\/hundtgroup.com\\\/fr\\\/produkt\\\/batterie-led-acculine-multi-40-w\\\/#primaryimage\",\"url\":\"https:\\\/\\\/hundtgroup.com\\\/wp-content\\\/uploads\\\/230281.jpg\",\"contentUrl\":\"https:\\\/\\\/hundtgroup.com\\\/wp-content\\\/uploads\\\/230281.jpg\",\"width\":1200,\"height\":810},{\"@type\":\"BreadcrumbList\",\"@id\":\"https:\\\/\\\/hundtgroup.com\\\/fr\\\/produkt\\\/batterie-led-acculine-multi-40-w\\\/#breadcrumb\",\"itemListElement\":[{\"@type\":\"ListItem\",\"position\":1,\"name\":\"Startseite\",\"item\":\"https:\\\/\\\/hundtgroup.com\\\/fr\\\/accueil-nouveau\\\/\"},{\"@type\":\"ListItem\",\"position\":2,\"name\":\"Boutique\",\"item\":\"https:\\\/\\\/hundtgroup.com\\\/boutique\\\/\"},{\"@type\":\"ListItem\",\"position\":3,\"name\":\"Batterie LED Acculine Multi 40 W\"}]},{\"@type\":\"WebSite\",\"@id\":\"https:\\\/\\\/hundtgroup.com\\\/fr\\\/#website\",\"url\":\"https:\\\/\\\/hundtgroup.com\\\/fr\\\/\",\"name\":\"Wilhelm Hundt GmbH\",\"description\":\"Votre sp\u00e9cialiste en machines et outils pour le travail de la t\u00f4le\",\"potentialAction\":[{\"@type\":\"SearchAction\",\"target\":{\"@type\":\"EntryPoint\",\"urlTemplate\":\"https:\\\/\\\/hundtgroup.com\\\/fr\\\/?s={search_term_string}\"},\"query-input\":{\"@type\":\"PropertyValueSpecification\",\"valueRequired\":true,\"valueName\":\"search_term_string\"}}],\"inLanguage\":\"fr-FR\"}]}<\/script>\n<!-- \/ Yoast SEO plugin. -->","yoast_head_json":{"title":"Batterie LED Acculine Multi 40 W - Wilhelm Hundt GmbH","robots":{"index":"index","follow":"follow","max-snippet":"max-snippet:-1","max-image-preview":"max-image-preview:large","max-video-preview":"max-video-preview:-1"},"canonical":"https:\/\/hundtgroup.com\/fr\/produkt\/batterie-led-acculine-multi-40-w\/","og_locale":"fr_FR","og_type":"article","og_title":"Batterie LED Acculine Multi 40 W - Wilhelm Hundt GmbH","og_description":"LED Acculine Multi 40W 14,4V &amp; 18V convient pour les batteries des fabricants suivants Makita, Bosch, Panasonic Hikoki, W\u00fcrth, Dewalt, Milwaukee, Metabo, Fischer, Flex, Festool, Einhell et Parkside Bo\u00eetier robuste Grande poign\u00e9e de transport pour une prise en main avec des gants 2 grands crochets pliables pour la fixation sur les \u00e9chafaudages, les balustrades et [&hellip;]","og_url":"https:\/\/hundtgroup.com\/fr\/produkt\/batterie-led-acculine-multi-40-w\/","og_site_name":"Wilhelm Hundt GmbH","article_modified_time":"2025-07-28T14:54:24+00:00","og_image":[{"width":1200,"height":810,"url":"https:\/\/hundtgroup.com\/wp-content\/uploads\/230281.jpg","type":"image\/jpeg"}],"twitter_card":"summary_large_image","schema":{"@context":"https:\/\/schema.org","@graph":[{"@type":"WebPage","@id":"https:\/\/hundtgroup.com\/fr\/produkt\/batterie-led-acculine-multi-40-w\/","url":"https:\/\/hundtgroup.com\/fr\/produkt\/batterie-led-acculine-multi-40-w\/","name":"Batterie LED Acculine Multi 40 W - Wilhelm Hundt GmbH","isPartOf":{"@id":"https:\/\/hundtgroup.com\/fr\/#website"},"primaryImageOfPage":{"@id":"https:\/\/hundtgroup.com\/fr\/produkt\/batterie-led-acculine-multi-40-w\/#primaryimage"},"image":{"@id":"https:\/\/hundtgroup.com\/fr\/produkt\/batterie-led-acculine-multi-40-w\/#primaryimage"},"thumbnailUrl":"https:\/\/hundtgroup.com\/wp-content\/uploads\/230281.jpg","datePublished":"2025-06-18T16:31:54+00:00","dateModified":"2025-07-28T14:54:24+00:00","breadcrumb":{"@id":"https:\/\/hundtgroup.com\/fr\/produkt\/batterie-led-acculine-multi-40-w\/#breadcrumb"},"inLanguage":"fr-FR","potentialAction":[{"@type":"ReadAction","target":["https:\/\/hundtgroup.com\/fr\/produkt\/batterie-led-acculine-multi-40-w\/"]}]},{"@type":"ImageObject","inLanguage":"fr-FR","@id":"https:\/\/hundtgroup.com\/fr\/produkt\/batterie-led-acculine-multi-40-w\/#primaryimage","url":"https:\/\/hundtgroup.com\/wp-content\/uploads\/230281.jpg","contentUrl":"https:\/\/hundtgroup.com\/wp-content\/uploads\/230281.jpg","width":1200,"height":810},{"@type":"BreadcrumbList","@id":"https:\/\/hundtgroup.com\/fr\/produkt\/batterie-led-acculine-multi-40-w\/#breadcrumb","itemListElement":[{"@type":"ListItem","position":1,"name":"Startseite","item":"https:\/\/hundtgroup.com\/fr\/accueil-nouveau\/"},{"@type":"ListItem","position":2,"name":"Boutique","item":"https:\/\/hundtgroup.com\/boutique\/"},{"@type":"ListItem","position":3,"name":"Batterie LED Acculine Multi 40 W"}]},{"@type":"WebSite","@id":"https:\/\/hundtgroup.com\/fr\/#website","url":"https:\/\/hundtgroup.com\/fr\/","name":"Wilhelm Hundt GmbH","description":"Votre sp\u00e9cialiste en machines et outils pour le travail de la t\u00f4le","potentialAction":[{"@type":"SearchAction","target":{"@type":"EntryPoint","urlTemplate":"https:\/\/hundtgroup.com\/fr\/?s={search_term_string}"},"query-input":{"@type":"PropertyValueSpecification","valueRequired":true,"valueName":"search_term_string"}}],"inLanguage":"fr-FR"}]}},"_links":{"self":[{"href":"https:\/\/hundtgroup.com\/fr\/wp-json\/wp\/v2\/product\/22307","targetHints":{"allow":["GET"]}}],"collection":[{"href":"https:\/\/hundtgroup.com\/fr\/wp-json\/wp\/v2\/product"}],"about":[{"href":"https:\/\/hundtgroup.com\/fr\/wp-json\/wp\/v2\/types\/product"}],"wp:featuredmedia":[{"embeddable":true,"href":"https:\/\/hundtgroup.com\/fr\/wp-json\/wp\/v2\/media\/22309"}],"wp:attachment":[{"href":"https:\/\/hundtgroup.com\/fr\/wp-json\/wp\/v2\/media?parent=22307"}],"wp:term":[{"taxonomy":"product_cat","embeddable":true,"href":"https:\/\/hundtgroup.com\/fr\/wp-json\/wp\/v2\/product_cat?post=22307"},{"taxonomy":"product_tag","embeddable":true,"href":"https:\/\/hundtgroup.com\/fr\/wp-json\/wp\/v2\/product_tag?post=22307"}],"curies":[{"name":"wp","href":"https:\/\/api.w.org\/{rel}","templated":true}]}}