{"id":22335,"date":"2025-06-18T18:31:54","date_gmt":"2025-06-18T16:31:54","guid":{"rendered":"https:\/\/hundtgroup.com\/produkt\/lampe-a-puce-a-led-rechargeable-acculineflex10watt\/"},"modified":"2025-07-29T13:30:10","modified_gmt":"2025-07-29T11:30:10","slug":"lampe-a-puce-a-led-rechargeable-acculineflex10watt","status":"publish","type":"product","link":"https:\/\/hundtgroup.com\/fr\/produkt\/lampe-a-puce-a-led-rechargeable-acculineflex10watt\/","title":{"rendered":"Lampe \u00e0 puce \u00e0 Led rechargeable AcculineFlex10Watt"},"content":{"rendered":"<p>Le spot \u00e0 LED rechargeable avec fixation magn\u00e9tique est dot\u00e9 de LED longue dur\u00e9e dont la dur\u00e9e de vie d\u00e9passe 50 000 heures.<br \/>\nLe bo\u00eetier en aluminium robuste et extr\u00eamement fin avec protection des bords est dot\u00e9 d&rsquo;un aimant puissant pour la fixation sur des surfaces m\u00e9talliques.<\/p>\n","protected":false},"excerpt":{"rendered":"<p>Le spot \u00e0 LED rechargeable avec fixation magn\u00e9tique est dot\u00e9 de LED longue dur\u00e9e dont la dur\u00e9e de vie d\u00e9passe 50 000 heures. Le bo\u00eetier en aluminium robuste et extr\u00eamement fin avec protection des bords est dot\u00e9 d&rsquo;un aimant puissant pour la fixation sur des surfaces m\u00e9talliques.<\/p>\n","protected":false},"featured_media":22221,"template":"","meta":{"_acf_changed":false,"inline_featured_image":false},"product_cat":[1316,1157],"product_tag":[],"class_list":{"0":"post-22335","1":"product","2":"type-product","3":"status-publish","4":"has-post-thumbnail","6":"brand-hundt","7":"product_cat-projecteur","8":"product_cat-equipement-de-chantier","10":"first","11":"instock","12":"taxable","13":"shipping-taxable","14":"purchasable","15":"product-type-simple","16":"add-to-wishlist-before_image"},"acf":[],"yoast_head":"<!-- This site is optimized with the Yoast SEO plugin v27.3 - https:\/\/yoast.com\/product\/yoast-seo-wordpress\/ -->\n<title>Lampe \u00e0 puce \u00e0 Led rechargeable AcculineFlex10Watt - Wilhelm Hundt GmbH<\/title>\n<meta name=\"robots\" content=\"index, follow, max-snippet:-1, max-image-preview:large, max-video-preview:-1\" \/>\n<link rel=\"canonical\" href=\"https:\/\/hundtgroup.com\/fr\/produkt\/lampe-a-puce-a-led-rechargeable-acculineflex10watt\/\" \/>\n<meta property=\"og:locale\" content=\"fr_FR\" \/>\n<meta property=\"og:type\" content=\"article\" \/>\n<meta property=\"og:title\" content=\"Lampe \u00e0 puce \u00e0 Led rechargeable AcculineFlex10Watt - Wilhelm Hundt GmbH\" \/>\n<meta property=\"og:description\" content=\"Le spot \u00e0 LED rechargeable avec fixation magn\u00e9tique est dot\u00e9 de LED longue dur\u00e9e dont la dur\u00e9e de vie d\u00e9passe 50 000 heures. Le bo\u00eetier en aluminium robuste et extr\u00eamement fin avec protection des bords est dot\u00e9 d&rsquo;un aimant puissant pour la fixation sur des surfaces m\u00e9talliques.\" \/>\n<meta property=\"og:url\" content=\"https:\/\/hundtgroup.com\/fr\/produkt\/lampe-a-puce-a-led-rechargeable-acculineflex10watt\/\" \/>\n<meta property=\"og:site_name\" content=\"Wilhelm Hundt GmbH\" \/>\n<meta property=\"article:modified_time\" content=\"2025-07-29T11:30:10+00:00\" \/>\n<meta property=\"og:image\" content=\"https:\/\/hundtgroup.com\/wp-content\/uploads\/230278.jpg\" \/>\n\t<meta property=\"og:image:width\" content=\"1200\" \/>\n\t<meta property=\"og:image:height\" content=\"810\" \/>\n\t<meta property=\"og:image:type\" content=\"image\/jpeg\" \/>\n<meta name=\"twitter:card\" content=\"summary_large_image\" \/>\n<script type=\"application\/ld+json\" class=\"yoast-schema-graph\">{\"@context\":\"https:\\\/\\\/schema.org\",\"@graph\":[{\"@type\":\"WebPage\",\"@id\":\"https:\\\/\\\/hundtgroup.com\\\/fr\\\/produkt\\\/lampe-a-puce-a-led-rechargeable-acculineflex10watt\\\/\",\"url\":\"https:\\\/\\\/hundtgroup.com\\\/fr\\\/produkt\\\/lampe-a-puce-a-led-rechargeable-acculineflex10watt\\\/\",\"name\":\"Lampe \u00e0 puce \u00e0 Led rechargeable AcculineFlex10Watt - Wilhelm Hundt GmbH\",\"isPartOf\":{\"@id\":\"https:\\\/\\\/hundtgroup.com\\\/fr\\\/#website\"},\"primaryImageOfPage\":{\"@id\":\"https:\\\/\\\/hundtgroup.com\\\/fr\\\/produkt\\\/lampe-a-puce-a-led-rechargeable-acculineflex10watt\\\/#primaryimage\"},\"image\":{\"@id\":\"https:\\\/\\\/hundtgroup.com\\\/fr\\\/produkt\\\/lampe-a-puce-a-led-rechargeable-acculineflex10watt\\\/#primaryimage\"},\"thumbnailUrl\":\"https:\\\/\\\/hundtgroup.com\\\/wp-content\\\/uploads\\\/230278.jpg\",\"datePublished\":\"2025-06-18T16:31:54+00:00\",\"dateModified\":\"2025-07-29T11:30:10+00:00\",\"breadcrumb\":{\"@id\":\"https:\\\/\\\/hundtgroup.com\\\/fr\\\/produkt\\\/lampe-a-puce-a-led-rechargeable-acculineflex10watt\\\/#breadcrumb\"},\"inLanguage\":\"fr-FR\",\"potentialAction\":[{\"@type\":\"ReadAction\",\"target\":[\"https:\\\/\\\/hundtgroup.com\\\/fr\\\/produkt\\\/lampe-a-puce-a-led-rechargeable-acculineflex10watt\\\/\"]}]},{\"@type\":\"ImageObject\",\"inLanguage\":\"fr-FR\",\"@id\":\"https:\\\/\\\/hundtgroup.com\\\/fr\\\/produkt\\\/lampe-a-puce-a-led-rechargeable-acculineflex10watt\\\/#primaryimage\",\"url\":\"https:\\\/\\\/hundtgroup.com\\\/wp-content\\\/uploads\\\/230278.jpg\",\"contentUrl\":\"https:\\\/\\\/hundtgroup.com\\\/wp-content\\\/uploads\\\/230278.jpg\",\"width\":1200,\"height\":810},{\"@type\":\"BreadcrumbList\",\"@id\":\"https:\\\/\\\/hundtgroup.com\\\/fr\\\/produkt\\\/lampe-a-puce-a-led-rechargeable-acculineflex10watt\\\/#breadcrumb\",\"itemListElement\":[{\"@type\":\"ListItem\",\"position\":1,\"name\":\"Startseite\",\"item\":\"https:\\\/\\\/hundtgroup.com\\\/fr\\\/accueil-nouveau\\\/\"},{\"@type\":\"ListItem\",\"position\":2,\"name\":\"Boutique\",\"item\":\"https:\\\/\\\/hundtgroup.com\\\/boutique\\\/\"},{\"@type\":\"ListItem\",\"position\":3,\"name\":\"Lampe \u00e0 puce \u00e0 Led rechargeable AcculineFlex10Watt\"}]},{\"@type\":\"WebSite\",\"@id\":\"https:\\\/\\\/hundtgroup.com\\\/fr\\\/#website\",\"url\":\"https:\\\/\\\/hundtgroup.com\\\/fr\\\/\",\"name\":\"Wilhelm Hundt GmbH\",\"description\":\"Votre sp\u00e9cialiste en machines et outils pour le travail de la t\u00f4le\",\"potentialAction\":[{\"@type\":\"SearchAction\",\"target\":{\"@type\":\"EntryPoint\",\"urlTemplate\":\"https:\\\/\\\/hundtgroup.com\\\/fr\\\/?s={search_term_string}\"},\"query-input\":{\"@type\":\"PropertyValueSpecification\",\"valueRequired\":true,\"valueName\":\"search_term_string\"}}],\"inLanguage\":\"fr-FR\"}]}<\/script>\n<!-- \/ Yoast SEO plugin. -->","yoast_head_json":{"title":"Lampe \u00e0 puce \u00e0 Led rechargeable AcculineFlex10Watt - Wilhelm Hundt GmbH","robots":{"index":"index","follow":"follow","max-snippet":"max-snippet:-1","max-image-preview":"max-image-preview:large","max-video-preview":"max-video-preview:-1"},"canonical":"https:\/\/hundtgroup.com\/fr\/produkt\/lampe-a-puce-a-led-rechargeable-acculineflex10watt\/","og_locale":"fr_FR","og_type":"article","og_title":"Lampe \u00e0 puce \u00e0 Led rechargeable AcculineFlex10Watt - Wilhelm Hundt GmbH","og_description":"Le spot \u00e0 LED rechargeable avec fixation magn\u00e9tique est dot\u00e9 de LED longue dur\u00e9e dont la dur\u00e9e de vie d\u00e9passe 50 000 heures. Le bo\u00eetier en aluminium robuste et extr\u00eamement fin avec protection des bords est dot\u00e9 d&rsquo;un aimant puissant pour la fixation sur des surfaces m\u00e9talliques.","og_url":"https:\/\/hundtgroup.com\/fr\/produkt\/lampe-a-puce-a-led-rechargeable-acculineflex10watt\/","og_site_name":"Wilhelm Hundt GmbH","article_modified_time":"2025-07-29T11:30:10+00:00","og_image":[{"width":1200,"height":810,"url":"https:\/\/hundtgroup.com\/wp-content\/uploads\/230278.jpg","type":"image\/jpeg"}],"twitter_card":"summary_large_image","schema":{"@context":"https:\/\/schema.org","@graph":[{"@type":"WebPage","@id":"https:\/\/hundtgroup.com\/fr\/produkt\/lampe-a-puce-a-led-rechargeable-acculineflex10watt\/","url":"https:\/\/hundtgroup.com\/fr\/produkt\/lampe-a-puce-a-led-rechargeable-acculineflex10watt\/","name":"Lampe \u00e0 puce \u00e0 Led rechargeable AcculineFlex10Watt - Wilhelm Hundt GmbH","isPartOf":{"@id":"https:\/\/hundtgroup.com\/fr\/#website"},"primaryImageOfPage":{"@id":"https:\/\/hundtgroup.com\/fr\/produkt\/lampe-a-puce-a-led-rechargeable-acculineflex10watt\/#primaryimage"},"image":{"@id":"https:\/\/hundtgroup.com\/fr\/produkt\/lampe-a-puce-a-led-rechargeable-acculineflex10watt\/#primaryimage"},"thumbnailUrl":"https:\/\/hundtgroup.com\/wp-content\/uploads\/230278.jpg","datePublished":"2025-06-18T16:31:54+00:00","dateModified":"2025-07-29T11:30:10+00:00","breadcrumb":{"@id":"https:\/\/hundtgroup.com\/fr\/produkt\/lampe-a-puce-a-led-rechargeable-acculineflex10watt\/#breadcrumb"},"inLanguage":"fr-FR","potentialAction":[{"@type":"ReadAction","target":["https:\/\/hundtgroup.com\/fr\/produkt\/lampe-a-puce-a-led-rechargeable-acculineflex10watt\/"]}]},{"@type":"ImageObject","inLanguage":"fr-FR","@id":"https:\/\/hundtgroup.com\/fr\/produkt\/lampe-a-puce-a-led-rechargeable-acculineflex10watt\/#primaryimage","url":"https:\/\/hundtgroup.com\/wp-content\/uploads\/230278.jpg","contentUrl":"https:\/\/hundtgroup.com\/wp-content\/uploads\/230278.jpg","width":1200,"height":810},{"@type":"BreadcrumbList","@id":"https:\/\/hundtgroup.com\/fr\/produkt\/lampe-a-puce-a-led-rechargeable-acculineflex10watt\/#breadcrumb","itemListElement":[{"@type":"ListItem","position":1,"name":"Startseite","item":"https:\/\/hundtgroup.com\/fr\/accueil-nouveau\/"},{"@type":"ListItem","position":2,"name":"Boutique","item":"https:\/\/hundtgroup.com\/boutique\/"},{"@type":"ListItem","position":3,"name":"Lampe \u00e0 puce \u00e0 Led rechargeable AcculineFlex10Watt"}]},{"@type":"WebSite","@id":"https:\/\/hundtgroup.com\/fr\/#website","url":"https:\/\/hundtgroup.com\/fr\/","name":"Wilhelm Hundt GmbH","description":"Votre sp\u00e9cialiste en machines et outils pour le travail de la t\u00f4le","potentialAction":[{"@type":"SearchAction","target":{"@type":"EntryPoint","urlTemplate":"https:\/\/hundtgroup.com\/fr\/?s={search_term_string}"},"query-input":{"@type":"PropertyValueSpecification","valueRequired":true,"valueName":"search_term_string"}}],"inLanguage":"fr-FR"}]}},"_links":{"self":[{"href":"https:\/\/hundtgroup.com\/fr\/wp-json\/wp\/v2\/product\/22335","targetHints":{"allow":["GET"]}}],"collection":[{"href":"https:\/\/hundtgroup.com\/fr\/wp-json\/wp\/v2\/product"}],"about":[{"href":"https:\/\/hundtgroup.com\/fr\/wp-json\/wp\/v2\/types\/product"}],"wp:featuredmedia":[{"embeddable":true,"href":"https:\/\/hundtgroup.com\/fr\/wp-json\/wp\/v2\/media\/22221"}],"wp:attachment":[{"href":"https:\/\/hundtgroup.com\/fr\/wp-json\/wp\/v2\/media?parent=22335"}],"wp:term":[{"taxonomy":"product_cat","embeddable":true,"href":"https:\/\/hundtgroup.com\/fr\/wp-json\/wp\/v2\/product_cat?post=22335"},{"taxonomy":"product_tag","embeddable":true,"href":"https:\/\/hundtgroup.com\/fr\/wp-json\/wp\/v2\/product_tag?post=22335"}],"curies":[{"name":"wp","href":"https:\/\/api.w.org\/{rel}","templated":true}]}}