{"id":22434,"date":"2025-06-18T18:31:44","date_gmt":"2025-06-18T16:31:44","guid":{"rendered":"https:\/\/hundtgroup.com\/produkt\/forets-coniques-hss-hundt-o-15-mm-pour-v2a\/"},"modified":"2025-07-28T16:48:17","modified_gmt":"2025-07-28T14:48:17","slug":"forets-coniques-hss-hundt-o-15-mm-pour-v2a","status":"publish","type":"product","link":"https:\/\/hundtgroup.com\/fr\/produkt\/forets-coniques-hss-hundt-o-15-mm-pour-v2a\/","title":{"rendered":"Forets coniques HSS Hundt \u00d8 15 mm pour V2A"},"content":{"rendered":"<p>Pour le per\u00e7age de t\u00f4les et de tubes, pour l&rsquo;\u00e9largissement de trous existants sans serrage, perce les t\u00f4les fines les plus minces, travaille sans vibrations ni cliquetis, perce des trous propres, exactement ronds et sans bavures, pointe de per\u00e7age \u00e0 centrage automatique, le design unique de la tige emp\u00eache le glissement dans le mandrin, \u00e9paisseur max. de la t\u00f4le : 2 mm <\/p>\n","protected":false},"excerpt":{"rendered":"<p>Pour le per\u00e7age de t\u00f4les et de tubes, pour l&rsquo;\u00e9largissement de trous existants sans serrage, perce les t\u00f4les fines les plus minces, travaille sans vibrations ni cliquetis, perce des trous propres, exactement ronds et sans bavures, pointe de per\u00e7age \u00e0 centrage automatique, le design unique de la tige emp\u00eache le glissement dans le mandrin, \u00e9paisseur [&hellip;]<\/p>\n","protected":false},"featured_media":21998,"template":"","meta":{"_acf_changed":false,"inline_featured_image":false},"product_cat":[1227,1144,1312],"product_tag":[],"class_list":{"0":"post-22434","1":"product","2":"type-product","3":"status-publish","4":"has-post-thumbnail","6":"brand-hundt","7":"product_cat-missions","8":"product_cat-accessoires-batterie-electrique","9":"product_cat-meche-conique","11":"first","12":"instock","13":"taxable","14":"shipping-taxable","15":"purchasable","16":"product-type-simple","17":"add-to-wishlist-before_image"},"acf":[],"yoast_head":"<!-- This site is optimized with the Yoast SEO plugin v27.3 - https:\/\/yoast.com\/product\/yoast-seo-wordpress\/ -->\n<title>Forets coniques HSS Hundt \u00d8 15 mm pour V2A - Wilhelm Hundt GmbH<\/title>\n<meta name=\"robots\" content=\"index, follow, max-snippet:-1, max-image-preview:large, max-video-preview:-1\" \/>\n<link rel=\"canonical\" href=\"https:\/\/hundtgroup.com\/fr\/produkt\/forets-coniques-hss-hundt-o-15-mm-pour-v2a\/\" \/>\n<meta property=\"og:locale\" content=\"fr_FR\" \/>\n<meta property=\"og:type\" content=\"article\" \/>\n<meta property=\"og:title\" content=\"Forets coniques HSS Hundt \u00d8 15 mm pour V2A - Wilhelm Hundt GmbH\" \/>\n<meta property=\"og:description\" content=\"Pour le per\u00e7age de t\u00f4les et de tubes, pour l&rsquo;\u00e9largissement de trous existants sans serrage, perce les t\u00f4les fines les plus minces, travaille sans vibrations ni cliquetis, perce des trous propres, exactement ronds et sans bavures, pointe de per\u00e7age \u00e0 centrage automatique, le design unique de la tige emp\u00eache le glissement dans le mandrin, \u00e9paisseur [&hellip;]\" \/>\n<meta property=\"og:url\" content=\"https:\/\/hundtgroup.com\/fr\/produkt\/forets-coniques-hss-hundt-o-15-mm-pour-v2a\/\" \/>\n<meta property=\"og:site_name\" content=\"Wilhelm Hundt GmbH\" \/>\n<meta property=\"article:modified_time\" content=\"2025-07-28T14:48:17+00:00\" \/>\n<meta property=\"og:image\" content=\"https:\/\/hundtgroup.com\/wp-content\/uploads\/455002.jpg\" \/>\n\t<meta property=\"og:image:width\" content=\"804\" \/>\n\t<meta property=\"og:image:height\" content=\"591\" \/>\n\t<meta property=\"og:image:type\" content=\"image\/jpeg\" \/>\n<meta name=\"twitter:card\" content=\"summary_large_image\" \/>\n<script type=\"application\/ld+json\" class=\"yoast-schema-graph\">{\"@context\":\"https:\\\/\\\/schema.org\",\"@graph\":[{\"@type\":\"WebPage\",\"@id\":\"https:\\\/\\\/hundtgroup.com\\\/fr\\\/produkt\\\/forets-coniques-hss-hundt-o-15-mm-pour-v2a\\\/\",\"url\":\"https:\\\/\\\/hundtgroup.com\\\/fr\\\/produkt\\\/forets-coniques-hss-hundt-o-15-mm-pour-v2a\\\/\",\"name\":\"Forets coniques HSS Hundt \u00d8 15 mm pour V2A - Wilhelm Hundt GmbH\",\"isPartOf\":{\"@id\":\"https:\\\/\\\/hundtgroup.com\\\/fr\\\/#website\"},\"primaryImageOfPage\":{\"@id\":\"https:\\\/\\\/hundtgroup.com\\\/fr\\\/produkt\\\/forets-coniques-hss-hundt-o-15-mm-pour-v2a\\\/#primaryimage\"},\"image\":{\"@id\":\"https:\\\/\\\/hundtgroup.com\\\/fr\\\/produkt\\\/forets-coniques-hss-hundt-o-15-mm-pour-v2a\\\/#primaryimage\"},\"thumbnailUrl\":\"https:\\\/\\\/hundtgroup.com\\\/wp-content\\\/uploads\\\/455002.jpg\",\"datePublished\":\"2025-06-18T16:31:44+00:00\",\"dateModified\":\"2025-07-28T14:48:17+00:00\",\"breadcrumb\":{\"@id\":\"https:\\\/\\\/hundtgroup.com\\\/fr\\\/produkt\\\/forets-coniques-hss-hundt-o-15-mm-pour-v2a\\\/#breadcrumb\"},\"inLanguage\":\"fr-FR\",\"potentialAction\":[{\"@type\":\"ReadAction\",\"target\":[\"https:\\\/\\\/hundtgroup.com\\\/fr\\\/produkt\\\/forets-coniques-hss-hundt-o-15-mm-pour-v2a\\\/\"]}]},{\"@type\":\"ImageObject\",\"inLanguage\":\"fr-FR\",\"@id\":\"https:\\\/\\\/hundtgroup.com\\\/fr\\\/produkt\\\/forets-coniques-hss-hundt-o-15-mm-pour-v2a\\\/#primaryimage\",\"url\":\"https:\\\/\\\/hundtgroup.com\\\/wp-content\\\/uploads\\\/455002.jpg\",\"contentUrl\":\"https:\\\/\\\/hundtgroup.com\\\/wp-content\\\/uploads\\\/455002.jpg\",\"width\":804,\"height\":591},{\"@type\":\"BreadcrumbList\",\"@id\":\"https:\\\/\\\/hundtgroup.com\\\/fr\\\/produkt\\\/forets-coniques-hss-hundt-o-15-mm-pour-v2a\\\/#breadcrumb\",\"itemListElement\":[{\"@type\":\"ListItem\",\"position\":1,\"name\":\"Startseite\",\"item\":\"https:\\\/\\\/hundtgroup.com\\\/fr\\\/accueil-nouveau\\\/\"},{\"@type\":\"ListItem\",\"position\":2,\"name\":\"Boutique\",\"item\":\"https:\\\/\\\/hundtgroup.com\\\/boutique\\\/\"},{\"@type\":\"ListItem\",\"position\":3,\"name\":\"Forets coniques HSS Hundt \u00d8 15 mm pour V2A\"}]},{\"@type\":\"WebSite\",\"@id\":\"https:\\\/\\\/hundtgroup.com\\\/fr\\\/#website\",\"url\":\"https:\\\/\\\/hundtgroup.com\\\/fr\\\/\",\"name\":\"Wilhelm Hundt GmbH\",\"description\":\"Votre sp\u00e9cialiste en machines et outils pour le travail de la t\u00f4le\",\"potentialAction\":[{\"@type\":\"SearchAction\",\"target\":{\"@type\":\"EntryPoint\",\"urlTemplate\":\"https:\\\/\\\/hundtgroup.com\\\/fr\\\/?s={search_term_string}\"},\"query-input\":{\"@type\":\"PropertyValueSpecification\",\"valueRequired\":true,\"valueName\":\"search_term_string\"}}],\"inLanguage\":\"fr-FR\"}]}<\/script>\n<!-- \/ Yoast SEO plugin. -->","yoast_head_json":{"title":"Forets coniques HSS Hundt \u00d8 15 mm pour V2A - Wilhelm Hundt GmbH","robots":{"index":"index","follow":"follow","max-snippet":"max-snippet:-1","max-image-preview":"max-image-preview:large","max-video-preview":"max-video-preview:-1"},"canonical":"https:\/\/hundtgroup.com\/fr\/produkt\/forets-coniques-hss-hundt-o-15-mm-pour-v2a\/","og_locale":"fr_FR","og_type":"article","og_title":"Forets coniques HSS Hundt \u00d8 15 mm pour V2A - Wilhelm Hundt GmbH","og_description":"Pour le per\u00e7age de t\u00f4les et de tubes, pour l&rsquo;\u00e9largissement de trous existants sans serrage, perce les t\u00f4les fines les plus minces, travaille sans vibrations ni cliquetis, perce des trous propres, exactement ronds et sans bavures, pointe de per\u00e7age \u00e0 centrage automatique, le design unique de la tige emp\u00eache le glissement dans le mandrin, \u00e9paisseur [&hellip;]","og_url":"https:\/\/hundtgroup.com\/fr\/produkt\/forets-coniques-hss-hundt-o-15-mm-pour-v2a\/","og_site_name":"Wilhelm Hundt GmbH","article_modified_time":"2025-07-28T14:48:17+00:00","og_image":[{"width":804,"height":591,"url":"https:\/\/hundtgroup.com\/wp-content\/uploads\/455002.jpg","type":"image\/jpeg"}],"twitter_card":"summary_large_image","schema":{"@context":"https:\/\/schema.org","@graph":[{"@type":"WebPage","@id":"https:\/\/hundtgroup.com\/fr\/produkt\/forets-coniques-hss-hundt-o-15-mm-pour-v2a\/","url":"https:\/\/hundtgroup.com\/fr\/produkt\/forets-coniques-hss-hundt-o-15-mm-pour-v2a\/","name":"Forets coniques HSS Hundt \u00d8 15 mm pour V2A - Wilhelm Hundt GmbH","isPartOf":{"@id":"https:\/\/hundtgroup.com\/fr\/#website"},"primaryImageOfPage":{"@id":"https:\/\/hundtgroup.com\/fr\/produkt\/forets-coniques-hss-hundt-o-15-mm-pour-v2a\/#primaryimage"},"image":{"@id":"https:\/\/hundtgroup.com\/fr\/produkt\/forets-coniques-hss-hundt-o-15-mm-pour-v2a\/#primaryimage"},"thumbnailUrl":"https:\/\/hundtgroup.com\/wp-content\/uploads\/455002.jpg","datePublished":"2025-06-18T16:31:44+00:00","dateModified":"2025-07-28T14:48:17+00:00","breadcrumb":{"@id":"https:\/\/hundtgroup.com\/fr\/produkt\/forets-coniques-hss-hundt-o-15-mm-pour-v2a\/#breadcrumb"},"inLanguage":"fr-FR","potentialAction":[{"@type":"ReadAction","target":["https:\/\/hundtgroup.com\/fr\/produkt\/forets-coniques-hss-hundt-o-15-mm-pour-v2a\/"]}]},{"@type":"ImageObject","inLanguage":"fr-FR","@id":"https:\/\/hundtgroup.com\/fr\/produkt\/forets-coniques-hss-hundt-o-15-mm-pour-v2a\/#primaryimage","url":"https:\/\/hundtgroup.com\/wp-content\/uploads\/455002.jpg","contentUrl":"https:\/\/hundtgroup.com\/wp-content\/uploads\/455002.jpg","width":804,"height":591},{"@type":"BreadcrumbList","@id":"https:\/\/hundtgroup.com\/fr\/produkt\/forets-coniques-hss-hundt-o-15-mm-pour-v2a\/#breadcrumb","itemListElement":[{"@type":"ListItem","position":1,"name":"Startseite","item":"https:\/\/hundtgroup.com\/fr\/accueil-nouveau\/"},{"@type":"ListItem","position":2,"name":"Boutique","item":"https:\/\/hundtgroup.com\/boutique\/"},{"@type":"ListItem","position":3,"name":"Forets coniques HSS Hundt \u00d8 15 mm pour V2A"}]},{"@type":"WebSite","@id":"https:\/\/hundtgroup.com\/fr\/#website","url":"https:\/\/hundtgroup.com\/fr\/","name":"Wilhelm Hundt GmbH","description":"Votre sp\u00e9cialiste en machines et outils pour le travail de la t\u00f4le","potentialAction":[{"@type":"SearchAction","target":{"@type":"EntryPoint","urlTemplate":"https:\/\/hundtgroup.com\/fr\/?s={search_term_string}"},"query-input":{"@type":"PropertyValueSpecification","valueRequired":true,"valueName":"search_term_string"}}],"inLanguage":"fr-FR"}]}},"_links":{"self":[{"href":"https:\/\/hundtgroup.com\/fr\/wp-json\/wp\/v2\/product\/22434","targetHints":{"allow":["GET"]}}],"collection":[{"href":"https:\/\/hundtgroup.com\/fr\/wp-json\/wp\/v2\/product"}],"about":[{"href":"https:\/\/hundtgroup.com\/fr\/wp-json\/wp\/v2\/types\/product"}],"wp:featuredmedia":[{"embeddable":true,"href":"https:\/\/hundtgroup.com\/fr\/wp-json\/wp\/v2\/media\/21998"}],"wp:attachment":[{"href":"https:\/\/hundtgroup.com\/fr\/wp-json\/wp\/v2\/media?parent=22434"}],"wp:term":[{"taxonomy":"product_cat","embeddable":true,"href":"https:\/\/hundtgroup.com\/fr\/wp-json\/wp\/v2\/product_cat?post=22434"},{"taxonomy":"product_tag","embeddable":true,"href":"https:\/\/hundtgroup.com\/fr\/wp-json\/wp\/v2\/product_tag?post=22434"}],"curies":[{"name":"wp","href":"https:\/\/api.w.org\/{rel}","templated":true}]}}