{"id":22669,"date":"2025-06-18T18:31:30","date_gmt":"2025-06-18T16:31:30","guid":{"rendered":"https:\/\/hundtgroup.com\/produkt\/makita-djr186rt-scie-a-chantourner-sans-fil-18-v-50-ah\/"},"modified":"2025-07-28T16:36:03","modified_gmt":"2025-07-28T14:36:03","slug":"makita-djr186rt-scie-a-chantourner-sans-fil-18-v-50-ah","status":"publish","type":"product","link":"https:\/\/hundtgroup.com\/fr\/produkt\/makita-djr186rt-scie-a-chantourner-sans-fil-18-v-50-ah\/","title":{"rendered":"Makita DJR186RT Scie \u00e0 chantourner sans fil 18 V 5,0 Ah"},"content":{"rendered":"<p>Une scie de reprise puissante, adapt\u00e9e au sciage sans \u00e9tincelles et sans traces de m\u00e9tal, de bois et aux travaux de d\u00e9molition. Progression de sciage tr\u00e8s rapide gr\u00e2ce \u00e0 une grande hauteur de levage de 32 mm. La vitesse de course \u00e0 vide est r\u00e9glable de 0 \u00e0 2.800 min-1. Avec changement de lame sans outil. <\/p>\n","protected":false},"excerpt":{"rendered":"<p>Une scie de reprise puissante, adapt\u00e9e au sciage sans \u00e9tincelles et sans traces de m\u00e9tal, de bois et aux travaux de d\u00e9molition. Progression de sciage tr\u00e8s rapide gr\u00e2ce \u00e0 une grande hauteur de levage de 32 mm. La vitesse de course \u00e0 vide est r\u00e9glable de 0 \u00e0 2.800 min-1. Avec changement de lame sans [&hellip;]<\/p>\n","protected":false},"featured_media":22659,"template":"","meta":{"_acf_changed":false,"inline_featured_image":false},"product_cat":[658,1305],"product_tag":[],"class_list":{"0":"post-22669","1":"product","2":"type-product","3":"status-publish","4":"has-post-thumbnail","6":"brand-makita","7":"product_cat-outils-sans-fil","8":"product_cat-scies-reciproques","10":"first","11":"instock","12":"taxable","13":"shipping-taxable","14":"purchasable","15":"product-type-simple","16":"add-to-wishlist-before_image"},"acf":[],"yoast_head":"<!-- This site is optimized with the Yoast SEO plugin v27.3 - https:\/\/yoast.com\/product\/yoast-seo-wordpress\/ -->\n<title>Makita DJR186RT Scie \u00e0 chantourner sans fil 18 V 5,0 Ah - Wilhelm Hundt GmbH<\/title>\n<meta name=\"robots\" content=\"index, follow, max-snippet:-1, max-image-preview:large, max-video-preview:-1\" \/>\n<link rel=\"canonical\" href=\"https:\/\/hundtgroup.com\/fr\/produkt\/makita-djr186rt-scie-a-chantourner-sans-fil-18-v-50-ah\/\" \/>\n<meta property=\"og:locale\" content=\"fr_FR\" \/>\n<meta property=\"og:type\" content=\"article\" \/>\n<meta property=\"og:title\" content=\"Makita DJR186RT Scie \u00e0 chantourner sans fil 18 V 5,0 Ah - Wilhelm Hundt GmbH\" \/>\n<meta property=\"og:description\" content=\"Une scie de reprise puissante, adapt\u00e9e au sciage sans \u00e9tincelles et sans traces de m\u00e9tal, de bois et aux travaux de d\u00e9molition. Progression de sciage tr\u00e8s rapide gr\u00e2ce \u00e0 une grande hauteur de levage de 32 mm. La vitesse de course \u00e0 vide est r\u00e9glable de 0 \u00e0 2.800 min-1. Avec changement de lame sans [&hellip;]\" \/>\n<meta property=\"og:url\" content=\"https:\/\/hundtgroup.com\/fr\/produkt\/makita-djr186rt-scie-a-chantourner-sans-fil-18-v-50-ah\/\" \/>\n<meta property=\"og:site_name\" content=\"Wilhelm Hundt GmbH\" \/>\n<meta property=\"article:modified_time\" content=\"2025-07-28T14:36:03+00:00\" \/>\n<meta property=\"og:image\" content=\"https:\/\/hundtgroup.com\/wp-content\/uploads\/306904.jpg\" \/>\n\t<meta property=\"og:image:width\" content=\"1000\" \/>\n\t<meta property=\"og:image:height\" content=\"1000\" \/>\n\t<meta property=\"og:image:type\" content=\"image\/jpeg\" \/>\n<meta name=\"twitter:card\" content=\"summary_large_image\" \/>\n<script type=\"application\/ld+json\" class=\"yoast-schema-graph\">{\"@context\":\"https:\\\/\\\/schema.org\",\"@graph\":[{\"@type\":\"WebPage\",\"@id\":\"https:\\\/\\\/hundtgroup.com\\\/fr\\\/produkt\\\/makita-djr186rt-scie-a-chantourner-sans-fil-18-v-50-ah\\\/\",\"url\":\"https:\\\/\\\/hundtgroup.com\\\/fr\\\/produkt\\\/makita-djr186rt-scie-a-chantourner-sans-fil-18-v-50-ah\\\/\",\"name\":\"Makita DJR186RT Scie \u00e0 chantourner sans fil 18 V 5,0 Ah - Wilhelm Hundt GmbH\",\"isPartOf\":{\"@id\":\"https:\\\/\\\/hundtgroup.com\\\/fr\\\/#website\"},\"primaryImageOfPage\":{\"@id\":\"https:\\\/\\\/hundtgroup.com\\\/fr\\\/produkt\\\/makita-djr186rt-scie-a-chantourner-sans-fil-18-v-50-ah\\\/#primaryimage\"},\"image\":{\"@id\":\"https:\\\/\\\/hundtgroup.com\\\/fr\\\/produkt\\\/makita-djr186rt-scie-a-chantourner-sans-fil-18-v-50-ah\\\/#primaryimage\"},\"thumbnailUrl\":\"https:\\\/\\\/hundtgroup.com\\\/wp-content\\\/uploads\\\/306904.jpg\",\"datePublished\":\"2025-06-18T16:31:30+00:00\",\"dateModified\":\"2025-07-28T14:36:03+00:00\",\"breadcrumb\":{\"@id\":\"https:\\\/\\\/hundtgroup.com\\\/fr\\\/produkt\\\/makita-djr186rt-scie-a-chantourner-sans-fil-18-v-50-ah\\\/#breadcrumb\"},\"inLanguage\":\"fr-FR\",\"potentialAction\":[{\"@type\":\"ReadAction\",\"target\":[\"https:\\\/\\\/hundtgroup.com\\\/fr\\\/produkt\\\/makita-djr186rt-scie-a-chantourner-sans-fil-18-v-50-ah\\\/\"]}]},{\"@type\":\"ImageObject\",\"inLanguage\":\"fr-FR\",\"@id\":\"https:\\\/\\\/hundtgroup.com\\\/fr\\\/produkt\\\/makita-djr186rt-scie-a-chantourner-sans-fil-18-v-50-ah\\\/#primaryimage\",\"url\":\"https:\\\/\\\/hundtgroup.com\\\/wp-content\\\/uploads\\\/306904.jpg\",\"contentUrl\":\"https:\\\/\\\/hundtgroup.com\\\/wp-content\\\/uploads\\\/306904.jpg\",\"width\":1000,\"height\":1000},{\"@type\":\"BreadcrumbList\",\"@id\":\"https:\\\/\\\/hundtgroup.com\\\/fr\\\/produkt\\\/makita-djr186rt-scie-a-chantourner-sans-fil-18-v-50-ah\\\/#breadcrumb\",\"itemListElement\":[{\"@type\":\"ListItem\",\"position\":1,\"name\":\"Startseite\",\"item\":\"https:\\\/\\\/hundtgroup.com\\\/fr\\\/accueil-nouveau\\\/\"},{\"@type\":\"ListItem\",\"position\":2,\"name\":\"Boutique\",\"item\":\"https:\\\/\\\/hundtgroup.com\\\/boutique\\\/\"},{\"@type\":\"ListItem\",\"position\":3,\"name\":\"Makita DJR186RT Scie \u00e0 chantourner sans fil 18 V 5,0 Ah\"}]},{\"@type\":\"WebSite\",\"@id\":\"https:\\\/\\\/hundtgroup.com\\\/fr\\\/#website\",\"url\":\"https:\\\/\\\/hundtgroup.com\\\/fr\\\/\",\"name\":\"Wilhelm Hundt GmbH\",\"description\":\"Votre sp\u00e9cialiste en machines et outils pour le travail de la t\u00f4le\",\"potentialAction\":[{\"@type\":\"SearchAction\",\"target\":{\"@type\":\"EntryPoint\",\"urlTemplate\":\"https:\\\/\\\/hundtgroup.com\\\/fr\\\/?s={search_term_string}\"},\"query-input\":{\"@type\":\"PropertyValueSpecification\",\"valueRequired\":true,\"valueName\":\"search_term_string\"}}],\"inLanguage\":\"fr-FR\"}]}<\/script>\n<!-- \/ Yoast SEO plugin. -->","yoast_head_json":{"title":"Makita DJR186RT Scie \u00e0 chantourner sans fil 18 V 5,0 Ah - Wilhelm Hundt GmbH","robots":{"index":"index","follow":"follow","max-snippet":"max-snippet:-1","max-image-preview":"max-image-preview:large","max-video-preview":"max-video-preview:-1"},"canonical":"https:\/\/hundtgroup.com\/fr\/produkt\/makita-djr186rt-scie-a-chantourner-sans-fil-18-v-50-ah\/","og_locale":"fr_FR","og_type":"article","og_title":"Makita DJR186RT Scie \u00e0 chantourner sans fil 18 V 5,0 Ah - Wilhelm Hundt GmbH","og_description":"Une scie de reprise puissante, adapt\u00e9e au sciage sans \u00e9tincelles et sans traces de m\u00e9tal, de bois et aux travaux de d\u00e9molition. Progression de sciage tr\u00e8s rapide gr\u00e2ce \u00e0 une grande hauteur de levage de 32 mm. La vitesse de course \u00e0 vide est r\u00e9glable de 0 \u00e0 2.800 min-1. Avec changement de lame sans [&hellip;]","og_url":"https:\/\/hundtgroup.com\/fr\/produkt\/makita-djr186rt-scie-a-chantourner-sans-fil-18-v-50-ah\/","og_site_name":"Wilhelm Hundt GmbH","article_modified_time":"2025-07-28T14:36:03+00:00","og_image":[{"width":1000,"height":1000,"url":"https:\/\/hundtgroup.com\/wp-content\/uploads\/306904.jpg","type":"image\/jpeg"}],"twitter_card":"summary_large_image","schema":{"@context":"https:\/\/schema.org","@graph":[{"@type":"WebPage","@id":"https:\/\/hundtgroup.com\/fr\/produkt\/makita-djr186rt-scie-a-chantourner-sans-fil-18-v-50-ah\/","url":"https:\/\/hundtgroup.com\/fr\/produkt\/makita-djr186rt-scie-a-chantourner-sans-fil-18-v-50-ah\/","name":"Makita DJR186RT Scie \u00e0 chantourner sans fil 18 V 5,0 Ah - Wilhelm Hundt GmbH","isPartOf":{"@id":"https:\/\/hundtgroup.com\/fr\/#website"},"primaryImageOfPage":{"@id":"https:\/\/hundtgroup.com\/fr\/produkt\/makita-djr186rt-scie-a-chantourner-sans-fil-18-v-50-ah\/#primaryimage"},"image":{"@id":"https:\/\/hundtgroup.com\/fr\/produkt\/makita-djr186rt-scie-a-chantourner-sans-fil-18-v-50-ah\/#primaryimage"},"thumbnailUrl":"https:\/\/hundtgroup.com\/wp-content\/uploads\/306904.jpg","datePublished":"2025-06-18T16:31:30+00:00","dateModified":"2025-07-28T14:36:03+00:00","breadcrumb":{"@id":"https:\/\/hundtgroup.com\/fr\/produkt\/makita-djr186rt-scie-a-chantourner-sans-fil-18-v-50-ah\/#breadcrumb"},"inLanguage":"fr-FR","potentialAction":[{"@type":"ReadAction","target":["https:\/\/hundtgroup.com\/fr\/produkt\/makita-djr186rt-scie-a-chantourner-sans-fil-18-v-50-ah\/"]}]},{"@type":"ImageObject","inLanguage":"fr-FR","@id":"https:\/\/hundtgroup.com\/fr\/produkt\/makita-djr186rt-scie-a-chantourner-sans-fil-18-v-50-ah\/#primaryimage","url":"https:\/\/hundtgroup.com\/wp-content\/uploads\/306904.jpg","contentUrl":"https:\/\/hundtgroup.com\/wp-content\/uploads\/306904.jpg","width":1000,"height":1000},{"@type":"BreadcrumbList","@id":"https:\/\/hundtgroup.com\/fr\/produkt\/makita-djr186rt-scie-a-chantourner-sans-fil-18-v-50-ah\/#breadcrumb","itemListElement":[{"@type":"ListItem","position":1,"name":"Startseite","item":"https:\/\/hundtgroup.com\/fr\/accueil-nouveau\/"},{"@type":"ListItem","position":2,"name":"Boutique","item":"https:\/\/hundtgroup.com\/boutique\/"},{"@type":"ListItem","position":3,"name":"Makita DJR186RT Scie \u00e0 chantourner sans fil 18 V 5,0 Ah"}]},{"@type":"WebSite","@id":"https:\/\/hundtgroup.com\/fr\/#website","url":"https:\/\/hundtgroup.com\/fr\/","name":"Wilhelm Hundt GmbH","description":"Votre sp\u00e9cialiste en machines et outils pour le travail de la t\u00f4le","potentialAction":[{"@type":"SearchAction","target":{"@type":"EntryPoint","urlTemplate":"https:\/\/hundtgroup.com\/fr\/?s={search_term_string}"},"query-input":{"@type":"PropertyValueSpecification","valueRequired":true,"valueName":"search_term_string"}}],"inLanguage":"fr-FR"}]}},"_links":{"self":[{"href":"https:\/\/hundtgroup.com\/fr\/wp-json\/wp\/v2\/product\/22669","targetHints":{"allow":["GET"]}}],"collection":[{"href":"https:\/\/hundtgroup.com\/fr\/wp-json\/wp\/v2\/product"}],"about":[{"href":"https:\/\/hundtgroup.com\/fr\/wp-json\/wp\/v2\/types\/product"}],"wp:featuredmedia":[{"embeddable":true,"href":"https:\/\/hundtgroup.com\/fr\/wp-json\/wp\/v2\/media\/22659"}],"wp:attachment":[{"href":"https:\/\/hundtgroup.com\/fr\/wp-json\/wp\/v2\/media?parent=22669"}],"wp:term":[{"taxonomy":"product_cat","embeddable":true,"href":"https:\/\/hundtgroup.com\/fr\/wp-json\/wp\/v2\/product_cat?post=22669"},{"taxonomy":"product_tag","embeddable":true,"href":"https:\/\/hundtgroup.com\/fr\/wp-json\/wp\/v2\/product_tag?post=22669"}],"curies":[{"name":"wp","href":"https:\/\/api.w.org\/{rel}","templated":true}]}}