{"id":22715,"date":"2025-06-18T18:31:33","date_gmt":"2025-06-18T16:31:33","guid":{"rendered":"https:\/\/hundtgroup.com\/produkt\/cisaille-a-tole-sans-fil-gsc-18-v-16-e-bosch\/"},"modified":"2025-07-29T14:28:19","modified_gmt":"2025-07-29T12:28:19","slug":"cisaille-a-tole-sans-fil-gsc-18-v-16-e-bosch","status":"publish","type":"product","link":"https:\/\/hundtgroup.com\/fr\/produkt\/cisaille-a-tole-sans-fil-gsc-18-v-16-e-bosch\/","title":{"rendered":"Cisaille \u00e0 t\u00f4le sans fil GSC 18 V-16 E Bosch"},"content":{"rendered":"<p>Mobilit\u00e9 maximale : flexibilit\u00e9 gr\u00e2ce \u00e0 la solution sans fil, comparable \u00e0<br \/>\nune cisaille \u00e0 t\u00f4le \u00e9lectrique de 700 W, circonf\u00e9rence de la poign\u00e9e de 185 mm et \u00e9quilibre parfait<br \/>\npour une manipulation facile.<\/p>\n","protected":false},"excerpt":{"rendered":"<p>Mobilit\u00e9 maximale : flexibilit\u00e9 gr\u00e2ce \u00e0 la solution sans fil, comparable \u00e0 une cisaille \u00e0 t\u00f4le \u00e9lectrique de 700 W, circonf\u00e9rence de la poign\u00e9e de 185 mm et \u00e9quilibre parfait pour une manipulation facile.<\/p>\n","protected":false},"featured_media":22717,"template":"","meta":{"_acf_changed":false,"inline_featured_image":false},"product_cat":[712,658],"product_tag":[],"class_list":{"0":"post-22715","1":"product","2":"type-product","3":"status-publish","4":"has-post-thumbnail","6":"brand-bosch","7":"product_cat-cisaille-a-tole-fr","8":"product_cat-outils-sans-fil","10":"first","11":"instock","12":"taxable","13":"shipping-taxable","14":"purchasable","15":"product-type-simple","16":"add-to-wishlist-before_image"},"acf":[],"yoast_head":"<!-- This site is optimized with the Yoast SEO plugin v27.3 - https:\/\/yoast.com\/product\/yoast-seo-wordpress\/ -->\n<title>Cisaille \u00e0 t\u00f4le sans fil GSC 18 V-16 E Bosch - Wilhelm Hundt GmbH<\/title>\n<meta name=\"robots\" content=\"index, follow, max-snippet:-1, max-image-preview:large, max-video-preview:-1\" \/>\n<link rel=\"canonical\" href=\"https:\/\/hundtgroup.com\/fr\/produkt\/cisaille-a-tole-sans-fil-gsc-18-v-16-e-bosch\/\" \/>\n<meta property=\"og:locale\" content=\"fr_FR\" \/>\n<meta property=\"og:type\" content=\"article\" \/>\n<meta property=\"og:title\" content=\"Cisaille \u00e0 t\u00f4le sans fil GSC 18 V-16 E Bosch - Wilhelm Hundt GmbH\" \/>\n<meta property=\"og:description\" content=\"Mobilit\u00e9 maximale : flexibilit\u00e9 gr\u00e2ce \u00e0 la solution sans fil, comparable \u00e0 une cisaille \u00e0 t\u00f4le \u00e9lectrique de 700 W, circonf\u00e9rence de la poign\u00e9e de 185 mm et \u00e9quilibre parfait pour une manipulation facile.\" \/>\n<meta property=\"og:url\" content=\"https:\/\/hundtgroup.com\/fr\/produkt\/cisaille-a-tole-sans-fil-gsc-18-v-16-e-bosch\/\" \/>\n<meta property=\"og:site_name\" content=\"Wilhelm Hundt GmbH\" \/>\n<meta property=\"article:modified_time\" content=\"2025-07-29T12:28:19+00:00\" \/>\n<meta property=\"og:image\" content=\"https:\/\/hundtgroup.com\/wp-content\/uploads\/340247.jpg\" \/>\n\t<meta property=\"og:image:width\" content=\"600\" \/>\n\t<meta property=\"og:image:height\" content=\"600\" \/>\n\t<meta property=\"og:image:type\" content=\"image\/jpeg\" \/>\n<meta name=\"twitter:card\" content=\"summary_large_image\" \/>\n<script type=\"application\/ld+json\" class=\"yoast-schema-graph\">{\"@context\":\"https:\\\/\\\/schema.org\",\"@graph\":[{\"@type\":\"WebPage\",\"@id\":\"https:\\\/\\\/hundtgroup.com\\\/fr\\\/produkt\\\/cisaille-a-tole-sans-fil-gsc-18-v-16-e-bosch\\\/\",\"url\":\"https:\\\/\\\/hundtgroup.com\\\/fr\\\/produkt\\\/cisaille-a-tole-sans-fil-gsc-18-v-16-e-bosch\\\/\",\"name\":\"Cisaille \u00e0 t\u00f4le sans fil GSC 18 V-16 E Bosch - Wilhelm Hundt GmbH\",\"isPartOf\":{\"@id\":\"https:\\\/\\\/hundtgroup.com\\\/fr\\\/#website\"},\"primaryImageOfPage\":{\"@id\":\"https:\\\/\\\/hundtgroup.com\\\/fr\\\/produkt\\\/cisaille-a-tole-sans-fil-gsc-18-v-16-e-bosch\\\/#primaryimage\"},\"image\":{\"@id\":\"https:\\\/\\\/hundtgroup.com\\\/fr\\\/produkt\\\/cisaille-a-tole-sans-fil-gsc-18-v-16-e-bosch\\\/#primaryimage\"},\"thumbnailUrl\":\"https:\\\/\\\/hundtgroup.com\\\/wp-content\\\/uploads\\\/340247.jpg\",\"datePublished\":\"2025-06-18T16:31:33+00:00\",\"dateModified\":\"2025-07-29T12:28:19+00:00\",\"breadcrumb\":{\"@id\":\"https:\\\/\\\/hundtgroup.com\\\/fr\\\/produkt\\\/cisaille-a-tole-sans-fil-gsc-18-v-16-e-bosch\\\/#breadcrumb\"},\"inLanguage\":\"fr-FR\",\"potentialAction\":[{\"@type\":\"ReadAction\",\"target\":[\"https:\\\/\\\/hundtgroup.com\\\/fr\\\/produkt\\\/cisaille-a-tole-sans-fil-gsc-18-v-16-e-bosch\\\/\"]}]},{\"@type\":\"ImageObject\",\"inLanguage\":\"fr-FR\",\"@id\":\"https:\\\/\\\/hundtgroup.com\\\/fr\\\/produkt\\\/cisaille-a-tole-sans-fil-gsc-18-v-16-e-bosch\\\/#primaryimage\",\"url\":\"https:\\\/\\\/hundtgroup.com\\\/wp-content\\\/uploads\\\/340247.jpg\",\"contentUrl\":\"https:\\\/\\\/hundtgroup.com\\\/wp-content\\\/uploads\\\/340247.jpg\",\"width\":600,\"height\":600},{\"@type\":\"BreadcrumbList\",\"@id\":\"https:\\\/\\\/hundtgroup.com\\\/fr\\\/produkt\\\/cisaille-a-tole-sans-fil-gsc-18-v-16-e-bosch\\\/#breadcrumb\",\"itemListElement\":[{\"@type\":\"ListItem\",\"position\":1,\"name\":\"Startseite\",\"item\":\"https:\\\/\\\/hundtgroup.com\\\/fr\\\/accueil-nouveau\\\/\"},{\"@type\":\"ListItem\",\"position\":2,\"name\":\"Boutique\",\"item\":\"https:\\\/\\\/hundtgroup.com\\\/boutique\\\/\"},{\"@type\":\"ListItem\",\"position\":3,\"name\":\"Cisaille \u00e0 t\u00f4le sans fil GSC 18 V-16 E Bosch\"}]},{\"@type\":\"WebSite\",\"@id\":\"https:\\\/\\\/hundtgroup.com\\\/fr\\\/#website\",\"url\":\"https:\\\/\\\/hundtgroup.com\\\/fr\\\/\",\"name\":\"Wilhelm Hundt GmbH\",\"description\":\"Votre sp\u00e9cialiste en machines et outils pour le travail de la t\u00f4le\",\"potentialAction\":[{\"@type\":\"SearchAction\",\"target\":{\"@type\":\"EntryPoint\",\"urlTemplate\":\"https:\\\/\\\/hundtgroup.com\\\/fr\\\/?s={search_term_string}\"},\"query-input\":{\"@type\":\"PropertyValueSpecification\",\"valueRequired\":true,\"valueName\":\"search_term_string\"}}],\"inLanguage\":\"fr-FR\"}]}<\/script>\n<!-- \/ Yoast SEO plugin. -->","yoast_head_json":{"title":"Cisaille \u00e0 t\u00f4le sans fil GSC 18 V-16 E Bosch - Wilhelm Hundt GmbH","robots":{"index":"index","follow":"follow","max-snippet":"max-snippet:-1","max-image-preview":"max-image-preview:large","max-video-preview":"max-video-preview:-1"},"canonical":"https:\/\/hundtgroup.com\/fr\/produkt\/cisaille-a-tole-sans-fil-gsc-18-v-16-e-bosch\/","og_locale":"fr_FR","og_type":"article","og_title":"Cisaille \u00e0 t\u00f4le sans fil GSC 18 V-16 E Bosch - Wilhelm Hundt GmbH","og_description":"Mobilit\u00e9 maximale : flexibilit\u00e9 gr\u00e2ce \u00e0 la solution sans fil, comparable \u00e0 une cisaille \u00e0 t\u00f4le \u00e9lectrique de 700 W, circonf\u00e9rence de la poign\u00e9e de 185 mm et \u00e9quilibre parfait pour une manipulation facile.","og_url":"https:\/\/hundtgroup.com\/fr\/produkt\/cisaille-a-tole-sans-fil-gsc-18-v-16-e-bosch\/","og_site_name":"Wilhelm Hundt GmbH","article_modified_time":"2025-07-29T12:28:19+00:00","og_image":[{"width":600,"height":600,"url":"https:\/\/hundtgroup.com\/wp-content\/uploads\/340247.jpg","type":"image\/jpeg"}],"twitter_card":"summary_large_image","schema":{"@context":"https:\/\/schema.org","@graph":[{"@type":"WebPage","@id":"https:\/\/hundtgroup.com\/fr\/produkt\/cisaille-a-tole-sans-fil-gsc-18-v-16-e-bosch\/","url":"https:\/\/hundtgroup.com\/fr\/produkt\/cisaille-a-tole-sans-fil-gsc-18-v-16-e-bosch\/","name":"Cisaille \u00e0 t\u00f4le sans fil GSC 18 V-16 E Bosch - Wilhelm Hundt GmbH","isPartOf":{"@id":"https:\/\/hundtgroup.com\/fr\/#website"},"primaryImageOfPage":{"@id":"https:\/\/hundtgroup.com\/fr\/produkt\/cisaille-a-tole-sans-fil-gsc-18-v-16-e-bosch\/#primaryimage"},"image":{"@id":"https:\/\/hundtgroup.com\/fr\/produkt\/cisaille-a-tole-sans-fil-gsc-18-v-16-e-bosch\/#primaryimage"},"thumbnailUrl":"https:\/\/hundtgroup.com\/wp-content\/uploads\/340247.jpg","datePublished":"2025-06-18T16:31:33+00:00","dateModified":"2025-07-29T12:28:19+00:00","breadcrumb":{"@id":"https:\/\/hundtgroup.com\/fr\/produkt\/cisaille-a-tole-sans-fil-gsc-18-v-16-e-bosch\/#breadcrumb"},"inLanguage":"fr-FR","potentialAction":[{"@type":"ReadAction","target":["https:\/\/hundtgroup.com\/fr\/produkt\/cisaille-a-tole-sans-fil-gsc-18-v-16-e-bosch\/"]}]},{"@type":"ImageObject","inLanguage":"fr-FR","@id":"https:\/\/hundtgroup.com\/fr\/produkt\/cisaille-a-tole-sans-fil-gsc-18-v-16-e-bosch\/#primaryimage","url":"https:\/\/hundtgroup.com\/wp-content\/uploads\/340247.jpg","contentUrl":"https:\/\/hundtgroup.com\/wp-content\/uploads\/340247.jpg","width":600,"height":600},{"@type":"BreadcrumbList","@id":"https:\/\/hundtgroup.com\/fr\/produkt\/cisaille-a-tole-sans-fil-gsc-18-v-16-e-bosch\/#breadcrumb","itemListElement":[{"@type":"ListItem","position":1,"name":"Startseite","item":"https:\/\/hundtgroup.com\/fr\/accueil-nouveau\/"},{"@type":"ListItem","position":2,"name":"Boutique","item":"https:\/\/hundtgroup.com\/boutique\/"},{"@type":"ListItem","position":3,"name":"Cisaille \u00e0 t\u00f4le sans fil GSC 18 V-16 E Bosch"}]},{"@type":"WebSite","@id":"https:\/\/hundtgroup.com\/fr\/#website","url":"https:\/\/hundtgroup.com\/fr\/","name":"Wilhelm Hundt GmbH","description":"Votre sp\u00e9cialiste en machines et outils pour le travail de la t\u00f4le","potentialAction":[{"@type":"SearchAction","target":{"@type":"EntryPoint","urlTemplate":"https:\/\/hundtgroup.com\/fr\/?s={search_term_string}"},"query-input":{"@type":"PropertyValueSpecification","valueRequired":true,"valueName":"search_term_string"}}],"inLanguage":"fr-FR"}]}},"_links":{"self":[{"href":"https:\/\/hundtgroup.com\/fr\/wp-json\/wp\/v2\/product\/22715","targetHints":{"allow":["GET"]}}],"collection":[{"href":"https:\/\/hundtgroup.com\/fr\/wp-json\/wp\/v2\/product"}],"about":[{"href":"https:\/\/hundtgroup.com\/fr\/wp-json\/wp\/v2\/types\/product"}],"wp:featuredmedia":[{"embeddable":true,"href":"https:\/\/hundtgroup.com\/fr\/wp-json\/wp\/v2\/media\/22717"}],"wp:attachment":[{"href":"https:\/\/hundtgroup.com\/fr\/wp-json\/wp\/v2\/media?parent=22715"}],"wp:term":[{"taxonomy":"product_cat","embeddable":true,"href":"https:\/\/hundtgroup.com\/fr\/wp-json\/wp\/v2\/product_cat?post=22715"},{"taxonomy":"product_tag","embeddable":true,"href":"https:\/\/hundtgroup.com\/fr\/wp-json\/wp\/v2\/product_tag?post=22715"}],"curies":[{"name":"wp","href":"https:\/\/api.w.org\/{rel}","templated":true}]}}