{"id":22790,"date":"2025-06-18T18:31:33","date_gmt":"2025-06-18T16:31:33","guid":{"rendered":"https:\/\/hundtgroup.com\/produkt\/bosch-gws-12-v-76-meuleuse-angulaire-sans-fil-30-ah\/"},"modified":"2025-07-29T14:26:31","modified_gmt":"2025-07-29T12:26:31","slug":"bosch-gws-12-v-76-meuleuse-angulaire-sans-fil-30-ah","status":"publish","type":"product","link":"https:\/\/hundtgroup.com\/fr\/produkt\/bosch-gws-12-v-76-meuleuse-angulaire-sans-fil-30-ah\/","title":{"rendered":"Bosch GWS 12 V-76 Meuleuse angulaire sans fil 3,0 Ah"},"content":{"rendered":"<p>La plus maniable des petites meuleuses d&rsquo;angle, extr\u00eamement compacte et ergonomique pour un tron\u00e7onnage rapide sur le chantier, utilisation polyvalente dans diff\u00e9rents mat\u00e9riaux, changement de disque facile gr\u00e2ce au nouveau blocage de l&rsquo;arbre, r\u00e9glage simple du capot de protection sans outils, freinage rapide du disque.<\/p>\n","protected":false},"excerpt":{"rendered":"<p>La plus maniable des petites meuleuses d&rsquo;angle, extr\u00eamement compacte et ergonomique pour un tron\u00e7onnage rapide sur le chantier, utilisation polyvalente dans diff\u00e9rents mat\u00e9riaux, changement de disque facile gr\u00e2ce au nouveau blocage de l&rsquo;arbre, r\u00e9glage simple du capot de protection sans outils, freinage rapide du disque.<\/p>\n","protected":false},"featured_media":22792,"template":"","meta":{"_acf_changed":false,"inline_featured_image":false},"product_cat":[658,1306],"product_tag":[],"class_list":{"0":"post-22790","1":"product","2":"type-product","3":"status-publish","4":"has-post-thumbnail","6":"brand-bosch","7":"product_cat-outils-sans-fil","8":"product_cat-meuleuse-dangle","10":"first","11":"instock","12":"taxable","13":"shipping-taxable","14":"purchasable","15":"product-type-simple","16":"add-to-wishlist-before_image"},"acf":[],"yoast_head":"<!-- This site is optimized with the Yoast SEO plugin v27.3 - https:\/\/yoast.com\/product\/yoast-seo-wordpress\/ -->\n<title>Bosch GWS 12 V-76 Meuleuse angulaire sans fil 3,0 Ah - Wilhelm Hundt GmbH<\/title>\n<meta name=\"robots\" content=\"index, follow, max-snippet:-1, max-image-preview:large, max-video-preview:-1\" \/>\n<link rel=\"canonical\" href=\"https:\/\/hundtgroup.com\/fr\/produkt\/bosch-gws-12-v-76-meuleuse-angulaire-sans-fil-30-ah\/\" \/>\n<meta property=\"og:locale\" content=\"fr_FR\" \/>\n<meta property=\"og:type\" content=\"article\" \/>\n<meta property=\"og:title\" content=\"Bosch GWS 12 V-76 Meuleuse angulaire sans fil 3,0 Ah - Wilhelm Hundt GmbH\" \/>\n<meta property=\"og:description\" content=\"La plus maniable des petites meuleuses d&rsquo;angle, extr\u00eamement compacte et ergonomique pour un tron\u00e7onnage rapide sur le chantier, utilisation polyvalente dans diff\u00e9rents mat\u00e9riaux, changement de disque facile gr\u00e2ce au nouveau blocage de l&rsquo;arbre, r\u00e9glage simple du capot de protection sans outils, freinage rapide du disque.\" \/>\n<meta property=\"og:url\" content=\"https:\/\/hundtgroup.com\/fr\/produkt\/bosch-gws-12-v-76-meuleuse-angulaire-sans-fil-30-ah\/\" \/>\n<meta property=\"og:site_name\" content=\"Wilhelm Hundt GmbH\" \/>\n<meta property=\"article:modified_time\" content=\"2025-07-29T12:26:31+00:00\" \/>\n<meta property=\"og:image\" content=\"https:\/\/hundtgroup.com\/wp-content\/uploads\/350104.jpg\" \/>\n\t<meta property=\"og:image:width\" content=\"628\" \/>\n\t<meta property=\"og:image:height\" content=\"600\" \/>\n\t<meta property=\"og:image:type\" content=\"image\/jpeg\" \/>\n<meta name=\"twitter:card\" content=\"summary_large_image\" \/>\n<script type=\"application\/ld+json\" class=\"yoast-schema-graph\">{\"@context\":\"https:\\\/\\\/schema.org\",\"@graph\":[{\"@type\":\"WebPage\",\"@id\":\"https:\\\/\\\/hundtgroup.com\\\/fr\\\/produkt\\\/bosch-gws-12-v-76-meuleuse-angulaire-sans-fil-30-ah\\\/\",\"url\":\"https:\\\/\\\/hundtgroup.com\\\/fr\\\/produkt\\\/bosch-gws-12-v-76-meuleuse-angulaire-sans-fil-30-ah\\\/\",\"name\":\"Bosch GWS 12 V-76 Meuleuse angulaire sans fil 3,0 Ah - Wilhelm Hundt GmbH\",\"isPartOf\":{\"@id\":\"https:\\\/\\\/hundtgroup.com\\\/fr\\\/#website\"},\"primaryImageOfPage\":{\"@id\":\"https:\\\/\\\/hundtgroup.com\\\/fr\\\/produkt\\\/bosch-gws-12-v-76-meuleuse-angulaire-sans-fil-30-ah\\\/#primaryimage\"},\"image\":{\"@id\":\"https:\\\/\\\/hundtgroup.com\\\/fr\\\/produkt\\\/bosch-gws-12-v-76-meuleuse-angulaire-sans-fil-30-ah\\\/#primaryimage\"},\"thumbnailUrl\":\"https:\\\/\\\/hundtgroup.com\\\/wp-content\\\/uploads\\\/350104.jpg\",\"datePublished\":\"2025-06-18T16:31:33+00:00\",\"dateModified\":\"2025-07-29T12:26:31+00:00\",\"breadcrumb\":{\"@id\":\"https:\\\/\\\/hundtgroup.com\\\/fr\\\/produkt\\\/bosch-gws-12-v-76-meuleuse-angulaire-sans-fil-30-ah\\\/#breadcrumb\"},\"inLanguage\":\"fr-FR\",\"potentialAction\":[{\"@type\":\"ReadAction\",\"target\":[\"https:\\\/\\\/hundtgroup.com\\\/fr\\\/produkt\\\/bosch-gws-12-v-76-meuleuse-angulaire-sans-fil-30-ah\\\/\"]}]},{\"@type\":\"ImageObject\",\"inLanguage\":\"fr-FR\",\"@id\":\"https:\\\/\\\/hundtgroup.com\\\/fr\\\/produkt\\\/bosch-gws-12-v-76-meuleuse-angulaire-sans-fil-30-ah\\\/#primaryimage\",\"url\":\"https:\\\/\\\/hundtgroup.com\\\/wp-content\\\/uploads\\\/350104.jpg\",\"contentUrl\":\"https:\\\/\\\/hundtgroup.com\\\/wp-content\\\/uploads\\\/350104.jpg\",\"width\":628,\"height\":600},{\"@type\":\"BreadcrumbList\",\"@id\":\"https:\\\/\\\/hundtgroup.com\\\/fr\\\/produkt\\\/bosch-gws-12-v-76-meuleuse-angulaire-sans-fil-30-ah\\\/#breadcrumb\",\"itemListElement\":[{\"@type\":\"ListItem\",\"position\":1,\"name\":\"Startseite\",\"item\":\"https:\\\/\\\/hundtgroup.com\\\/fr\\\/accueil-nouveau\\\/\"},{\"@type\":\"ListItem\",\"position\":2,\"name\":\"Boutique\",\"item\":\"https:\\\/\\\/hundtgroup.com\\\/boutique\\\/\"},{\"@type\":\"ListItem\",\"position\":3,\"name\":\"Bosch GWS 12 V-76 Meuleuse angulaire sans fil 3,0 Ah\"}]},{\"@type\":\"WebSite\",\"@id\":\"https:\\\/\\\/hundtgroup.com\\\/fr\\\/#website\",\"url\":\"https:\\\/\\\/hundtgroup.com\\\/fr\\\/\",\"name\":\"Wilhelm Hundt GmbH\",\"description\":\"Votre sp\u00e9cialiste en machines et outils pour le travail de la t\u00f4le\",\"potentialAction\":[{\"@type\":\"SearchAction\",\"target\":{\"@type\":\"EntryPoint\",\"urlTemplate\":\"https:\\\/\\\/hundtgroup.com\\\/fr\\\/?s={search_term_string}\"},\"query-input\":{\"@type\":\"PropertyValueSpecification\",\"valueRequired\":true,\"valueName\":\"search_term_string\"}}],\"inLanguage\":\"fr-FR\"}]}<\/script>\n<!-- \/ Yoast SEO plugin. -->","yoast_head_json":{"title":"Bosch GWS 12 V-76 Meuleuse angulaire sans fil 3,0 Ah - Wilhelm Hundt GmbH","robots":{"index":"index","follow":"follow","max-snippet":"max-snippet:-1","max-image-preview":"max-image-preview:large","max-video-preview":"max-video-preview:-1"},"canonical":"https:\/\/hundtgroup.com\/fr\/produkt\/bosch-gws-12-v-76-meuleuse-angulaire-sans-fil-30-ah\/","og_locale":"fr_FR","og_type":"article","og_title":"Bosch GWS 12 V-76 Meuleuse angulaire sans fil 3,0 Ah - Wilhelm Hundt GmbH","og_description":"La plus maniable des petites meuleuses d&rsquo;angle, extr\u00eamement compacte et ergonomique pour un tron\u00e7onnage rapide sur le chantier, utilisation polyvalente dans diff\u00e9rents mat\u00e9riaux, changement de disque facile gr\u00e2ce au nouveau blocage de l&rsquo;arbre, r\u00e9glage simple du capot de protection sans outils, freinage rapide du disque.","og_url":"https:\/\/hundtgroup.com\/fr\/produkt\/bosch-gws-12-v-76-meuleuse-angulaire-sans-fil-30-ah\/","og_site_name":"Wilhelm Hundt GmbH","article_modified_time":"2025-07-29T12:26:31+00:00","og_image":[{"width":628,"height":600,"url":"https:\/\/hundtgroup.com\/wp-content\/uploads\/350104.jpg","type":"image\/jpeg"}],"twitter_card":"summary_large_image","schema":{"@context":"https:\/\/schema.org","@graph":[{"@type":"WebPage","@id":"https:\/\/hundtgroup.com\/fr\/produkt\/bosch-gws-12-v-76-meuleuse-angulaire-sans-fil-30-ah\/","url":"https:\/\/hundtgroup.com\/fr\/produkt\/bosch-gws-12-v-76-meuleuse-angulaire-sans-fil-30-ah\/","name":"Bosch GWS 12 V-76 Meuleuse angulaire sans fil 3,0 Ah - Wilhelm Hundt GmbH","isPartOf":{"@id":"https:\/\/hundtgroup.com\/fr\/#website"},"primaryImageOfPage":{"@id":"https:\/\/hundtgroup.com\/fr\/produkt\/bosch-gws-12-v-76-meuleuse-angulaire-sans-fil-30-ah\/#primaryimage"},"image":{"@id":"https:\/\/hundtgroup.com\/fr\/produkt\/bosch-gws-12-v-76-meuleuse-angulaire-sans-fil-30-ah\/#primaryimage"},"thumbnailUrl":"https:\/\/hundtgroup.com\/wp-content\/uploads\/350104.jpg","datePublished":"2025-06-18T16:31:33+00:00","dateModified":"2025-07-29T12:26:31+00:00","breadcrumb":{"@id":"https:\/\/hundtgroup.com\/fr\/produkt\/bosch-gws-12-v-76-meuleuse-angulaire-sans-fil-30-ah\/#breadcrumb"},"inLanguage":"fr-FR","potentialAction":[{"@type":"ReadAction","target":["https:\/\/hundtgroup.com\/fr\/produkt\/bosch-gws-12-v-76-meuleuse-angulaire-sans-fil-30-ah\/"]}]},{"@type":"ImageObject","inLanguage":"fr-FR","@id":"https:\/\/hundtgroup.com\/fr\/produkt\/bosch-gws-12-v-76-meuleuse-angulaire-sans-fil-30-ah\/#primaryimage","url":"https:\/\/hundtgroup.com\/wp-content\/uploads\/350104.jpg","contentUrl":"https:\/\/hundtgroup.com\/wp-content\/uploads\/350104.jpg","width":628,"height":600},{"@type":"BreadcrumbList","@id":"https:\/\/hundtgroup.com\/fr\/produkt\/bosch-gws-12-v-76-meuleuse-angulaire-sans-fil-30-ah\/#breadcrumb","itemListElement":[{"@type":"ListItem","position":1,"name":"Startseite","item":"https:\/\/hundtgroup.com\/fr\/accueil-nouveau\/"},{"@type":"ListItem","position":2,"name":"Boutique","item":"https:\/\/hundtgroup.com\/boutique\/"},{"@type":"ListItem","position":3,"name":"Bosch GWS 12 V-76 Meuleuse angulaire sans fil 3,0 Ah"}]},{"@type":"WebSite","@id":"https:\/\/hundtgroup.com\/fr\/#website","url":"https:\/\/hundtgroup.com\/fr\/","name":"Wilhelm Hundt GmbH","description":"Votre sp\u00e9cialiste en machines et outils pour le travail de la t\u00f4le","potentialAction":[{"@type":"SearchAction","target":{"@type":"EntryPoint","urlTemplate":"https:\/\/hundtgroup.com\/fr\/?s={search_term_string}"},"query-input":{"@type":"PropertyValueSpecification","valueRequired":true,"valueName":"search_term_string"}}],"inLanguage":"fr-FR"}]}},"_links":{"self":[{"href":"https:\/\/hundtgroup.com\/fr\/wp-json\/wp\/v2\/product\/22790","targetHints":{"allow":["GET"]}}],"collection":[{"href":"https:\/\/hundtgroup.com\/fr\/wp-json\/wp\/v2\/product"}],"about":[{"href":"https:\/\/hundtgroup.com\/fr\/wp-json\/wp\/v2\/types\/product"}],"wp:featuredmedia":[{"embeddable":true,"href":"https:\/\/hundtgroup.com\/fr\/wp-json\/wp\/v2\/media\/22792"}],"wp:attachment":[{"href":"https:\/\/hundtgroup.com\/fr\/wp-json\/wp\/v2\/media?parent=22790"}],"wp:term":[{"taxonomy":"product_cat","embeddable":true,"href":"https:\/\/hundtgroup.com\/fr\/wp-json\/wp\/v2\/product_cat?post=22790"},{"taxonomy":"product_tag","embeddable":true,"href":"https:\/\/hundtgroup.com\/fr\/wp-json\/wp\/v2\/product_tag?post=22790"}],"curies":[{"name":"wp","href":"https:\/\/api.w.org\/{rel}","templated":true}]}}