{"id":23149,"date":"2025-06-18T18:31:00","date_gmt":"2025-06-18T16:31:00","guid":{"rendered":"https:\/\/hundtgroup.com\/produkt\/stylo-feutre-hundt-10mm\/"},"modified":"2025-08-01T13:15:41","modified_gmt":"2025-08-01T11:15:41","slug":"stylo-feutre-hundt-10mm","status":"publish","type":"product","link":"https:\/\/hundtgroup.com\/fr\/produkt\/stylo-feutre-hundt-10mm\/","title":{"rendered":"Stylo feutre Hundt 1,0mm"},"content":{"rendered":"<p>Marqueur permanent, sec en quelques secondes, r\u00e9sistant \u00e0 la lumi\u00e8re et aux intemp\u00e9ries, pour \u00e9crire et marquer sur papier, carton, film, feuille (de r\u00e9troprojection), plastique, m\u00e9tal, polystyr\u00e8ne, verre, porcelaine, bois, cuir et pierre, couleurs intenses, faible odeur, sans xyl\u00e8ne, avec clip, r\u00e9sistant \u00e0 l&rsquo;eau et \u00e0 l&rsquo;effacement sur presque toutes les surfaces, avec pointe ogive (env. 1 mm)<\/p>\n","protected":false},"excerpt":{"rendered":"<p>Marqueur permanent, sec en quelques secondes, r\u00e9sistant \u00e0 la lumi\u00e8re et aux intemp\u00e9ries, pour \u00e9crire et marquer sur papier, carton, film, feuille (de r\u00e9troprojection), plastique, m\u00e9tal, polystyr\u00e8ne, verre, porcelaine, bois, cuir et pierre, couleurs intenses, faible odeur, sans xyl\u00e8ne, avec clip, r\u00e9sistant \u00e0 l&rsquo;eau et \u00e0 l&rsquo;effacement sur presque toutes les surfaces, avec pointe ogive [&hellip;]<\/p>\n","protected":false},"featured_media":23151,"template":"","meta":{"_acf_changed":false,"inline_featured_image":false},"product_cat":[1158,1157],"product_tag":[],"class_list":{"0":"post-23149","1":"product","2":"type-product","3":"status-publish","4":"has-post-thumbnail","6":"brand-hundt","7":"product_cat-marquage","8":"product_cat-equipement-de-chantier","10":"first","11":"instock","12":"taxable","13":"shipping-taxable","14":"purchasable","15":"product-type-simple","16":"add-to-wishlist-before_image"},"acf":[],"yoast_head":"<!-- This site is optimized with the Yoast SEO plugin v27.3 - https:\/\/yoast.com\/product\/yoast-seo-wordpress\/ -->\n<title>Stylo feutre Hundt 1,0mm - Wilhelm Hundt GmbH<\/title>\n<meta name=\"robots\" content=\"index, follow, max-snippet:-1, max-image-preview:large, max-video-preview:-1\" \/>\n<link rel=\"canonical\" href=\"https:\/\/hundtgroup.com\/fr\/produkt\/stylo-feutre-hundt-10mm\/\" \/>\n<meta property=\"og:locale\" content=\"fr_FR\" \/>\n<meta property=\"og:type\" content=\"article\" \/>\n<meta property=\"og:title\" content=\"Stylo feutre Hundt 1,0mm - Wilhelm Hundt GmbH\" \/>\n<meta property=\"og:description\" content=\"Marqueur permanent, sec en quelques secondes, r\u00e9sistant \u00e0 la lumi\u00e8re et aux intemp\u00e9ries, pour \u00e9crire et marquer sur papier, carton, film, feuille (de r\u00e9troprojection), plastique, m\u00e9tal, polystyr\u00e8ne, verre, porcelaine, bois, cuir et pierre, couleurs intenses, faible odeur, sans xyl\u00e8ne, avec clip, r\u00e9sistant \u00e0 l&rsquo;eau et \u00e0 l&rsquo;effacement sur presque toutes les surfaces, avec pointe ogive [&hellip;]\" \/>\n<meta property=\"og:url\" content=\"https:\/\/hundtgroup.com\/fr\/produkt\/stylo-feutre-hundt-10mm\/\" \/>\n<meta property=\"og:site_name\" content=\"Wilhelm Hundt GmbH\" \/>\n<meta property=\"article:modified_time\" content=\"2025-08-01T11:15:41+00:00\" \/>\n<meta property=\"og:image\" content=\"https:\/\/hundtgroup.com\/wp-content\/uploads\/280010.png\" \/>\n\t<meta property=\"og:image:width\" content=\"815\" \/>\n\t<meta property=\"og:image:height\" content=\"150\" \/>\n\t<meta property=\"og:image:type\" content=\"image\/png\" \/>\n<meta name=\"twitter:card\" content=\"summary_large_image\" \/>\n<script type=\"application\/ld+json\" class=\"yoast-schema-graph\">{\"@context\":\"https:\\\/\\\/schema.org\",\"@graph\":[{\"@type\":\"WebPage\",\"@id\":\"https:\\\/\\\/hundtgroup.com\\\/fr\\\/produkt\\\/stylo-feutre-hundt-10mm\\\/\",\"url\":\"https:\\\/\\\/hundtgroup.com\\\/fr\\\/produkt\\\/stylo-feutre-hundt-10mm\\\/\",\"name\":\"Stylo feutre Hundt 1,0mm - Wilhelm Hundt GmbH\",\"isPartOf\":{\"@id\":\"https:\\\/\\\/hundtgroup.com\\\/fr\\\/#website\"},\"primaryImageOfPage\":{\"@id\":\"https:\\\/\\\/hundtgroup.com\\\/fr\\\/produkt\\\/stylo-feutre-hundt-10mm\\\/#primaryimage\"},\"image\":{\"@id\":\"https:\\\/\\\/hundtgroup.com\\\/fr\\\/produkt\\\/stylo-feutre-hundt-10mm\\\/#primaryimage\"},\"thumbnailUrl\":\"https:\\\/\\\/hundtgroup.com\\\/wp-content\\\/uploads\\\/280010.png\",\"datePublished\":\"2025-06-18T16:31:00+00:00\",\"dateModified\":\"2025-08-01T11:15:41+00:00\",\"breadcrumb\":{\"@id\":\"https:\\\/\\\/hundtgroup.com\\\/fr\\\/produkt\\\/stylo-feutre-hundt-10mm\\\/#breadcrumb\"},\"inLanguage\":\"fr-FR\",\"potentialAction\":[{\"@type\":\"ReadAction\",\"target\":[\"https:\\\/\\\/hundtgroup.com\\\/fr\\\/produkt\\\/stylo-feutre-hundt-10mm\\\/\"]}]},{\"@type\":\"ImageObject\",\"inLanguage\":\"fr-FR\",\"@id\":\"https:\\\/\\\/hundtgroup.com\\\/fr\\\/produkt\\\/stylo-feutre-hundt-10mm\\\/#primaryimage\",\"url\":\"https:\\\/\\\/hundtgroup.com\\\/wp-content\\\/uploads\\\/280010.png\",\"contentUrl\":\"https:\\\/\\\/hundtgroup.com\\\/wp-content\\\/uploads\\\/280010.png\",\"width\":815,\"height\":150},{\"@type\":\"BreadcrumbList\",\"@id\":\"https:\\\/\\\/hundtgroup.com\\\/fr\\\/produkt\\\/stylo-feutre-hundt-10mm\\\/#breadcrumb\",\"itemListElement\":[{\"@type\":\"ListItem\",\"position\":1,\"name\":\"Startseite\",\"item\":\"https:\\\/\\\/hundtgroup.com\\\/fr\\\/accueil-nouveau\\\/\"},{\"@type\":\"ListItem\",\"position\":2,\"name\":\"Boutique\",\"item\":\"https:\\\/\\\/hundtgroup.com\\\/boutique\\\/\"},{\"@type\":\"ListItem\",\"position\":3,\"name\":\"Stylo feutre Hundt 1,0mm\"}]},{\"@type\":\"WebSite\",\"@id\":\"https:\\\/\\\/hundtgroup.com\\\/fr\\\/#website\",\"url\":\"https:\\\/\\\/hundtgroup.com\\\/fr\\\/\",\"name\":\"Wilhelm Hundt GmbH\",\"description\":\"Votre sp\u00e9cialiste en machines et outils pour le travail de la t\u00f4le\",\"potentialAction\":[{\"@type\":\"SearchAction\",\"target\":{\"@type\":\"EntryPoint\",\"urlTemplate\":\"https:\\\/\\\/hundtgroup.com\\\/fr\\\/?s={search_term_string}\"},\"query-input\":{\"@type\":\"PropertyValueSpecification\",\"valueRequired\":true,\"valueName\":\"search_term_string\"}}],\"inLanguage\":\"fr-FR\"}]}<\/script>\n<!-- \/ Yoast SEO plugin. -->","yoast_head_json":{"title":"Stylo feutre Hundt 1,0mm - Wilhelm Hundt GmbH","robots":{"index":"index","follow":"follow","max-snippet":"max-snippet:-1","max-image-preview":"max-image-preview:large","max-video-preview":"max-video-preview:-1"},"canonical":"https:\/\/hundtgroup.com\/fr\/produkt\/stylo-feutre-hundt-10mm\/","og_locale":"fr_FR","og_type":"article","og_title":"Stylo feutre Hundt 1,0mm - Wilhelm Hundt GmbH","og_description":"Marqueur permanent, sec en quelques secondes, r\u00e9sistant \u00e0 la lumi\u00e8re et aux intemp\u00e9ries, pour \u00e9crire et marquer sur papier, carton, film, feuille (de r\u00e9troprojection), plastique, m\u00e9tal, polystyr\u00e8ne, verre, porcelaine, bois, cuir et pierre, couleurs intenses, faible odeur, sans xyl\u00e8ne, avec clip, r\u00e9sistant \u00e0 l&rsquo;eau et \u00e0 l&rsquo;effacement sur presque toutes les surfaces, avec pointe ogive [&hellip;]","og_url":"https:\/\/hundtgroup.com\/fr\/produkt\/stylo-feutre-hundt-10mm\/","og_site_name":"Wilhelm Hundt GmbH","article_modified_time":"2025-08-01T11:15:41+00:00","og_image":[{"width":815,"height":150,"url":"https:\/\/hundtgroup.com\/wp-content\/uploads\/280010.png","type":"image\/png"}],"twitter_card":"summary_large_image","schema":{"@context":"https:\/\/schema.org","@graph":[{"@type":"WebPage","@id":"https:\/\/hundtgroup.com\/fr\/produkt\/stylo-feutre-hundt-10mm\/","url":"https:\/\/hundtgroup.com\/fr\/produkt\/stylo-feutre-hundt-10mm\/","name":"Stylo feutre Hundt 1,0mm - Wilhelm Hundt GmbH","isPartOf":{"@id":"https:\/\/hundtgroup.com\/fr\/#website"},"primaryImageOfPage":{"@id":"https:\/\/hundtgroup.com\/fr\/produkt\/stylo-feutre-hundt-10mm\/#primaryimage"},"image":{"@id":"https:\/\/hundtgroup.com\/fr\/produkt\/stylo-feutre-hundt-10mm\/#primaryimage"},"thumbnailUrl":"https:\/\/hundtgroup.com\/wp-content\/uploads\/280010.png","datePublished":"2025-06-18T16:31:00+00:00","dateModified":"2025-08-01T11:15:41+00:00","breadcrumb":{"@id":"https:\/\/hundtgroup.com\/fr\/produkt\/stylo-feutre-hundt-10mm\/#breadcrumb"},"inLanguage":"fr-FR","potentialAction":[{"@type":"ReadAction","target":["https:\/\/hundtgroup.com\/fr\/produkt\/stylo-feutre-hundt-10mm\/"]}]},{"@type":"ImageObject","inLanguage":"fr-FR","@id":"https:\/\/hundtgroup.com\/fr\/produkt\/stylo-feutre-hundt-10mm\/#primaryimage","url":"https:\/\/hundtgroup.com\/wp-content\/uploads\/280010.png","contentUrl":"https:\/\/hundtgroup.com\/wp-content\/uploads\/280010.png","width":815,"height":150},{"@type":"BreadcrumbList","@id":"https:\/\/hundtgroup.com\/fr\/produkt\/stylo-feutre-hundt-10mm\/#breadcrumb","itemListElement":[{"@type":"ListItem","position":1,"name":"Startseite","item":"https:\/\/hundtgroup.com\/fr\/accueil-nouveau\/"},{"@type":"ListItem","position":2,"name":"Boutique","item":"https:\/\/hundtgroup.com\/boutique\/"},{"@type":"ListItem","position":3,"name":"Stylo feutre Hundt 1,0mm"}]},{"@type":"WebSite","@id":"https:\/\/hundtgroup.com\/fr\/#website","url":"https:\/\/hundtgroup.com\/fr\/","name":"Wilhelm Hundt GmbH","description":"Votre sp\u00e9cialiste en machines et outils pour le travail de la t\u00f4le","potentialAction":[{"@type":"SearchAction","target":{"@type":"EntryPoint","urlTemplate":"https:\/\/hundtgroup.com\/fr\/?s={search_term_string}"},"query-input":{"@type":"PropertyValueSpecification","valueRequired":true,"valueName":"search_term_string"}}],"inLanguage":"fr-FR"}]}},"_links":{"self":[{"href":"https:\/\/hundtgroup.com\/fr\/wp-json\/wp\/v2\/product\/23149","targetHints":{"allow":["GET"]}}],"collection":[{"href":"https:\/\/hundtgroup.com\/fr\/wp-json\/wp\/v2\/product"}],"about":[{"href":"https:\/\/hundtgroup.com\/fr\/wp-json\/wp\/v2\/types\/product"}],"wp:featuredmedia":[{"embeddable":true,"href":"https:\/\/hundtgroup.com\/fr\/wp-json\/wp\/v2\/media\/23151"}],"wp:attachment":[{"href":"https:\/\/hundtgroup.com\/fr\/wp-json\/wp\/v2\/media?parent=23149"}],"wp:term":[{"taxonomy":"product_cat","embeddable":true,"href":"https:\/\/hundtgroup.com\/fr\/wp-json\/wp\/v2\/product_cat?post=23149"},{"taxonomy":"product_tag","embeddable":true,"href":"https:\/\/hundtgroup.com\/fr\/wp-json\/wp\/v2\/product_tag?post=23149"}],"curies":[{"name":"wp","href":"https:\/\/api.w.org\/{rel}","templated":true}]}}