{"id":23247,"date":"2025-06-18T18:31:24","date_gmt":"2025-06-18T16:31:24","guid":{"rendered":"https:\/\/hundtgroup.com\/produkt\/metabo-machine-a-moulurer-sans-fil-18-v-40-ah\/"},"modified":"2025-07-31T15:37:07","modified_gmt":"2025-07-31T13:37:07","slug":"metabo-machine-a-moulurer-sans-fil-18-v-40-ah","status":"publish","type":"product","link":"https:\/\/hundtgroup.com\/fr\/produkt\/metabo-machine-a-moulurer-sans-fil-18-v-40-ah\/","title":{"rendered":"Metabo Machine \u00e0 moulurer sans fil 18 V 4,0 Ah"},"content":{"rendered":"<p>Convient pour l&rsquo;atelier et le chantier, tr\u00e8s flexible dans son utilisation, unit\u00e9 sans entretien, livraison avec 2 paires de rouleaux \u00e0 moulures, autres rouleaux \u00e0 moulures en option. <\/p>\n","protected":false},"excerpt":{"rendered":"<p>Convient pour l&rsquo;atelier et le chantier, tr\u00e8s flexible dans son utilisation, unit\u00e9 sans entretien, livraison avec 2 paires de rouleaux \u00e0 moulures, autres rouleaux \u00e0 moulures en option.<\/p>\n","protected":false},"featured_media":23249,"template":"","meta":{"_acf_changed":false,"inline_featured_image":false},"product_cat":[658,1264],"product_tag":[],"class_list":{"0":"post-23247","1":"product","2":"type-product","3":"status-publish","4":"has-post-thumbnail","6":"brand-metabo","7":"product_cat-outils-sans-fil","8":"product_cat-machine-a-moulurer","10":"first","11":"instock","12":"taxable","13":"shipping-taxable","14":"product-type-simple","15":"add-to-wishlist-before_image"},"acf":[],"yoast_head":"<!-- This site is optimized with the Yoast SEO plugin v27.3 - https:\/\/yoast.com\/product\/yoast-seo-wordpress\/ -->\n<title>Metabo Machine \u00e0 moulurer sans fil 18 V 4,0 Ah - Wilhelm Hundt GmbH<\/title>\n<meta name=\"robots\" content=\"index, follow, max-snippet:-1, max-image-preview:large, max-video-preview:-1\" \/>\n<link rel=\"canonical\" href=\"https:\/\/hundtgroup.com\/fr\/produkt\/metabo-machine-a-moulurer-sans-fil-18-v-40-ah\/\" \/>\n<meta property=\"og:locale\" content=\"fr_FR\" \/>\n<meta property=\"og:type\" content=\"article\" \/>\n<meta property=\"og:title\" content=\"Metabo Machine \u00e0 moulurer sans fil 18 V 4,0 Ah - Wilhelm Hundt GmbH\" \/>\n<meta property=\"og:description\" content=\"Convient pour l&rsquo;atelier et le chantier, tr\u00e8s flexible dans son utilisation, unit\u00e9 sans entretien, livraison avec 2 paires de rouleaux \u00e0 moulures, autres rouleaux \u00e0 moulures en option.\" \/>\n<meta property=\"og:url\" content=\"https:\/\/hundtgroup.com\/fr\/produkt\/metabo-machine-a-moulurer-sans-fil-18-v-40-ah\/\" \/>\n<meta property=\"og:site_name\" content=\"Wilhelm Hundt GmbH\" \/>\n<meta property=\"article:modified_time\" content=\"2025-07-31T13:37:07+00:00\" \/>\n<meta property=\"og:image\" content=\"https:\/\/hundtgroup.com\/wp-content\/uploads\/340060-982x1030.png\" \/>\n\t<meta property=\"og:image:width\" content=\"982\" \/>\n\t<meta property=\"og:image:height\" content=\"1030\" \/>\n\t<meta property=\"og:image:type\" content=\"image\/png\" \/>\n<meta name=\"twitter:card\" content=\"summary_large_image\" \/>\n<script type=\"application\/ld+json\" class=\"yoast-schema-graph\">{\"@context\":\"https:\\\/\\\/schema.org\",\"@graph\":[{\"@type\":\"WebPage\",\"@id\":\"https:\\\/\\\/hundtgroup.com\\\/fr\\\/produkt\\\/metabo-machine-a-moulurer-sans-fil-18-v-40-ah\\\/\",\"url\":\"https:\\\/\\\/hundtgroup.com\\\/fr\\\/produkt\\\/metabo-machine-a-moulurer-sans-fil-18-v-40-ah\\\/\",\"name\":\"Metabo Machine \u00e0 moulurer sans fil 18 V 4,0 Ah - Wilhelm Hundt GmbH\",\"isPartOf\":{\"@id\":\"https:\\\/\\\/hundtgroup.com\\\/fr\\\/#website\"},\"primaryImageOfPage\":{\"@id\":\"https:\\\/\\\/hundtgroup.com\\\/fr\\\/produkt\\\/metabo-machine-a-moulurer-sans-fil-18-v-40-ah\\\/#primaryimage\"},\"image\":{\"@id\":\"https:\\\/\\\/hundtgroup.com\\\/fr\\\/produkt\\\/metabo-machine-a-moulurer-sans-fil-18-v-40-ah\\\/#primaryimage\"},\"thumbnailUrl\":\"https:\\\/\\\/hundtgroup.com\\\/wp-content\\\/uploads\\\/340060-scaled.png\",\"datePublished\":\"2025-06-18T16:31:24+00:00\",\"dateModified\":\"2025-07-31T13:37:07+00:00\",\"breadcrumb\":{\"@id\":\"https:\\\/\\\/hundtgroup.com\\\/fr\\\/produkt\\\/metabo-machine-a-moulurer-sans-fil-18-v-40-ah\\\/#breadcrumb\"},\"inLanguage\":\"fr-FR\",\"potentialAction\":[{\"@type\":\"ReadAction\",\"target\":[\"https:\\\/\\\/hundtgroup.com\\\/fr\\\/produkt\\\/metabo-machine-a-moulurer-sans-fil-18-v-40-ah\\\/\"]}]},{\"@type\":\"ImageObject\",\"inLanguage\":\"fr-FR\",\"@id\":\"https:\\\/\\\/hundtgroup.com\\\/fr\\\/produkt\\\/metabo-machine-a-moulurer-sans-fil-18-v-40-ah\\\/#primaryimage\",\"url\":\"https:\\\/\\\/hundtgroup.com\\\/wp-content\\\/uploads\\\/340060-scaled.png\",\"contentUrl\":\"https:\\\/\\\/hundtgroup.com\\\/wp-content\\\/uploads\\\/340060-scaled.png\",\"width\":2442,\"height\":2560},{\"@type\":\"BreadcrumbList\",\"@id\":\"https:\\\/\\\/hundtgroup.com\\\/fr\\\/produkt\\\/metabo-machine-a-moulurer-sans-fil-18-v-40-ah\\\/#breadcrumb\",\"itemListElement\":[{\"@type\":\"ListItem\",\"position\":1,\"name\":\"Startseite\",\"item\":\"https:\\\/\\\/hundtgroup.com\\\/fr\\\/accueil-nouveau\\\/\"},{\"@type\":\"ListItem\",\"position\":2,\"name\":\"Boutique\",\"item\":\"https:\\\/\\\/hundtgroup.com\\\/boutique\\\/\"},{\"@type\":\"ListItem\",\"position\":3,\"name\":\"Metabo Machine \u00e0 moulurer sans fil 18 V 4,0 Ah\"}]},{\"@type\":\"WebSite\",\"@id\":\"https:\\\/\\\/hundtgroup.com\\\/fr\\\/#website\",\"url\":\"https:\\\/\\\/hundtgroup.com\\\/fr\\\/\",\"name\":\"Wilhelm Hundt GmbH\",\"description\":\"Votre sp\u00e9cialiste en machines et outils pour le travail de la t\u00f4le\",\"potentialAction\":[{\"@type\":\"SearchAction\",\"target\":{\"@type\":\"EntryPoint\",\"urlTemplate\":\"https:\\\/\\\/hundtgroup.com\\\/fr\\\/?s={search_term_string}\"},\"query-input\":{\"@type\":\"PropertyValueSpecification\",\"valueRequired\":true,\"valueName\":\"search_term_string\"}}],\"inLanguage\":\"fr-FR\"}]}<\/script>\n<!-- \/ Yoast SEO plugin. -->","yoast_head_json":{"title":"Metabo Machine \u00e0 moulurer sans fil 18 V 4,0 Ah - Wilhelm Hundt GmbH","robots":{"index":"index","follow":"follow","max-snippet":"max-snippet:-1","max-image-preview":"max-image-preview:large","max-video-preview":"max-video-preview:-1"},"canonical":"https:\/\/hundtgroup.com\/fr\/produkt\/metabo-machine-a-moulurer-sans-fil-18-v-40-ah\/","og_locale":"fr_FR","og_type":"article","og_title":"Metabo Machine \u00e0 moulurer sans fil 18 V 4,0 Ah - Wilhelm Hundt GmbH","og_description":"Convient pour l&rsquo;atelier et le chantier, tr\u00e8s flexible dans son utilisation, unit\u00e9 sans entretien, livraison avec 2 paires de rouleaux \u00e0 moulures, autres rouleaux \u00e0 moulures en option.","og_url":"https:\/\/hundtgroup.com\/fr\/produkt\/metabo-machine-a-moulurer-sans-fil-18-v-40-ah\/","og_site_name":"Wilhelm Hundt GmbH","article_modified_time":"2025-07-31T13:37:07+00:00","og_image":[{"width":982,"height":1030,"url":"https:\/\/hundtgroup.com\/wp-content\/uploads\/340060-982x1030.png","type":"image\/png"}],"twitter_card":"summary_large_image","schema":{"@context":"https:\/\/schema.org","@graph":[{"@type":"WebPage","@id":"https:\/\/hundtgroup.com\/fr\/produkt\/metabo-machine-a-moulurer-sans-fil-18-v-40-ah\/","url":"https:\/\/hundtgroup.com\/fr\/produkt\/metabo-machine-a-moulurer-sans-fil-18-v-40-ah\/","name":"Metabo Machine \u00e0 moulurer sans fil 18 V 4,0 Ah - Wilhelm Hundt GmbH","isPartOf":{"@id":"https:\/\/hundtgroup.com\/fr\/#website"},"primaryImageOfPage":{"@id":"https:\/\/hundtgroup.com\/fr\/produkt\/metabo-machine-a-moulurer-sans-fil-18-v-40-ah\/#primaryimage"},"image":{"@id":"https:\/\/hundtgroup.com\/fr\/produkt\/metabo-machine-a-moulurer-sans-fil-18-v-40-ah\/#primaryimage"},"thumbnailUrl":"https:\/\/hundtgroup.com\/wp-content\/uploads\/340060-scaled.png","datePublished":"2025-06-18T16:31:24+00:00","dateModified":"2025-07-31T13:37:07+00:00","breadcrumb":{"@id":"https:\/\/hundtgroup.com\/fr\/produkt\/metabo-machine-a-moulurer-sans-fil-18-v-40-ah\/#breadcrumb"},"inLanguage":"fr-FR","potentialAction":[{"@type":"ReadAction","target":["https:\/\/hundtgroup.com\/fr\/produkt\/metabo-machine-a-moulurer-sans-fil-18-v-40-ah\/"]}]},{"@type":"ImageObject","inLanguage":"fr-FR","@id":"https:\/\/hundtgroup.com\/fr\/produkt\/metabo-machine-a-moulurer-sans-fil-18-v-40-ah\/#primaryimage","url":"https:\/\/hundtgroup.com\/wp-content\/uploads\/340060-scaled.png","contentUrl":"https:\/\/hundtgroup.com\/wp-content\/uploads\/340060-scaled.png","width":2442,"height":2560},{"@type":"BreadcrumbList","@id":"https:\/\/hundtgroup.com\/fr\/produkt\/metabo-machine-a-moulurer-sans-fil-18-v-40-ah\/#breadcrumb","itemListElement":[{"@type":"ListItem","position":1,"name":"Startseite","item":"https:\/\/hundtgroup.com\/fr\/accueil-nouveau\/"},{"@type":"ListItem","position":2,"name":"Boutique","item":"https:\/\/hundtgroup.com\/boutique\/"},{"@type":"ListItem","position":3,"name":"Metabo Machine \u00e0 moulurer sans fil 18 V 4,0 Ah"}]},{"@type":"WebSite","@id":"https:\/\/hundtgroup.com\/fr\/#website","url":"https:\/\/hundtgroup.com\/fr\/","name":"Wilhelm Hundt GmbH","description":"Votre sp\u00e9cialiste en machines et outils pour le travail de la t\u00f4le","potentialAction":[{"@type":"SearchAction","target":{"@type":"EntryPoint","urlTemplate":"https:\/\/hundtgroup.com\/fr\/?s={search_term_string}"},"query-input":{"@type":"PropertyValueSpecification","valueRequired":true,"valueName":"search_term_string"}}],"inLanguage":"fr-FR"}]}},"_links":{"self":[{"href":"https:\/\/hundtgroup.com\/fr\/wp-json\/wp\/v2\/product\/23247","targetHints":{"allow":["GET"]}}],"collection":[{"href":"https:\/\/hundtgroup.com\/fr\/wp-json\/wp\/v2\/product"}],"about":[{"href":"https:\/\/hundtgroup.com\/fr\/wp-json\/wp\/v2\/types\/product"}],"wp:featuredmedia":[{"embeddable":true,"href":"https:\/\/hundtgroup.com\/fr\/wp-json\/wp\/v2\/media\/23249"}],"wp:attachment":[{"href":"https:\/\/hundtgroup.com\/fr\/wp-json\/wp\/v2\/media?parent=23247"}],"wp:term":[{"taxonomy":"product_cat","embeddable":true,"href":"https:\/\/hundtgroup.com\/fr\/wp-json\/wp\/v2\/product_cat?post=23247"},{"taxonomy":"product_tag","embeddable":true,"href":"https:\/\/hundtgroup.com\/fr\/wp-json\/wp\/v2\/product_tag?post=23247"}],"curies":[{"name":"wp","href":"https:\/\/api.w.org\/{rel}","templated":true}]}}