{"id":24216,"date":"2022-10-26T15:59:34","date_gmt":"2022-10-26T13:59:34","guid":{"rendered":"https:\/\/hundtgroup.com\/produkt\/rallonge-cee-de-25-m-400v-16a\/"},"modified":"2025-08-05T18:05:12","modified_gmt":"2025-08-05T16:05:12","slug":"rallonge-cee-de-25-m-400v-16a","status":"publish","type":"product","link":"https:\/\/hundtgroup.com\/fr\/produkt\/rallonge-cee-de-25-m-400v-16a\/","title":{"rendered":"Rallonge CEE de 25 m 400V 16A"},"content":{"rendered":"<p>Rallonge pour courant fort.<br \/>\nC\u00e2ble en caoutchouc lourd autoris\u00e9 sur les chantiers et dans les exploitations agricoles.<br \/>\nAvec fiche CEE de haute qualit\u00e9 et prise CEE.<br \/>\nTest\u00e9 selon IEC 60309, DIN VDE 0282-5<\/p>\n","protected":false},"excerpt":{"rendered":"<p>Rallonge pour courant fort. C\u00e2ble en caoutchouc lourd autoris\u00e9 sur les chantiers et dans les exploitations agricoles. Avec fiche CEE de haute qualit\u00e9 et prise CEE. Test\u00e9 selon IEC 60309, DIN VDE 0282-5<\/p>\n","protected":false},"featured_media":24218,"template":"","meta":{"_acf_changed":false,"inline_featured_image":false},"product_cat":[1230,1142],"product_tag":[],"class_list":{"0":"post-24216","1":"product","2":"type-product","3":"status-publish","4":"has-post-thumbnail","6":"product_cat-prolongations","7":"product_cat-electricite","9":"first","10":"instock","11":"taxable","12":"shipping-taxable","13":"purchasable","14":"product-type-simple","15":"add-to-wishlist-before_image"},"acf":[],"yoast_head":"<!-- This site is optimized with the Yoast SEO plugin v27.3 - https:\/\/yoast.com\/product\/yoast-seo-wordpress\/ -->\n<title>Rallonge CEE de 25 m 400V 16A - Wilhelm Hundt GmbH<\/title>\n<meta name=\"robots\" content=\"index, follow, max-snippet:-1, max-image-preview:large, max-video-preview:-1\" \/>\n<link rel=\"canonical\" href=\"https:\/\/hundtgroup.com\/fr\/produkt\/rallonge-cee-de-25-m-400v-16a\/\" \/>\n<meta property=\"og:locale\" content=\"fr_FR\" \/>\n<meta property=\"og:type\" content=\"article\" \/>\n<meta property=\"og:title\" content=\"Rallonge CEE de 25 m 400V 16A - Wilhelm Hundt GmbH\" \/>\n<meta property=\"og:description\" content=\"Rallonge pour courant fort. C\u00e2ble en caoutchouc lourd autoris\u00e9 sur les chantiers et dans les exploitations agricoles. Avec fiche CEE de haute qualit\u00e9 et prise CEE. Test\u00e9 selon IEC 60309, DIN VDE 0282-5\" \/>\n<meta property=\"og:url\" content=\"https:\/\/hundtgroup.com\/fr\/produkt\/rallonge-cee-de-25-m-400v-16a\/\" \/>\n<meta property=\"og:site_name\" content=\"Wilhelm Hundt GmbH\" \/>\n<meta property=\"article:modified_time\" content=\"2025-08-05T16:05:12+00:00\" \/>\n<meta property=\"og:image\" content=\"https:\/\/hundtgroup.com\/wp-content\/uploads\/230049.png\" \/>\n\t<meta property=\"og:image:width\" content=\"788\" \/>\n\t<meta property=\"og:image:height\" content=\"567\" \/>\n\t<meta property=\"og:image:type\" content=\"image\/png\" \/>\n<meta name=\"twitter:card\" content=\"summary_large_image\" \/>\n<script type=\"application\/ld+json\" class=\"yoast-schema-graph\">{\"@context\":\"https:\\\/\\\/schema.org\",\"@graph\":[{\"@type\":\"WebPage\",\"@id\":\"https:\\\/\\\/hundtgroup.com\\\/fr\\\/produkt\\\/rallonge-cee-de-25-m-400v-16a\\\/\",\"url\":\"https:\\\/\\\/hundtgroup.com\\\/fr\\\/produkt\\\/rallonge-cee-de-25-m-400v-16a\\\/\",\"name\":\"Rallonge CEE de 25 m 400V 16A - Wilhelm Hundt GmbH\",\"isPartOf\":{\"@id\":\"https:\\\/\\\/hundtgroup.com\\\/fr\\\/#website\"},\"primaryImageOfPage\":{\"@id\":\"https:\\\/\\\/hundtgroup.com\\\/fr\\\/produkt\\\/rallonge-cee-de-25-m-400v-16a\\\/#primaryimage\"},\"image\":{\"@id\":\"https:\\\/\\\/hundtgroup.com\\\/fr\\\/produkt\\\/rallonge-cee-de-25-m-400v-16a\\\/#primaryimage\"},\"thumbnailUrl\":\"https:\\\/\\\/hundtgroup.com\\\/wp-content\\\/uploads\\\/230049.png\",\"datePublished\":\"2022-10-26T13:59:34+00:00\",\"dateModified\":\"2025-08-05T16:05:12+00:00\",\"breadcrumb\":{\"@id\":\"https:\\\/\\\/hundtgroup.com\\\/fr\\\/produkt\\\/rallonge-cee-de-25-m-400v-16a\\\/#breadcrumb\"},\"inLanguage\":\"fr-FR\",\"potentialAction\":[{\"@type\":\"ReadAction\",\"target\":[\"https:\\\/\\\/hundtgroup.com\\\/fr\\\/produkt\\\/rallonge-cee-de-25-m-400v-16a\\\/\"]}]},{\"@type\":\"ImageObject\",\"inLanguage\":\"fr-FR\",\"@id\":\"https:\\\/\\\/hundtgroup.com\\\/fr\\\/produkt\\\/rallonge-cee-de-25-m-400v-16a\\\/#primaryimage\",\"url\":\"https:\\\/\\\/hundtgroup.com\\\/wp-content\\\/uploads\\\/230049.png\",\"contentUrl\":\"https:\\\/\\\/hundtgroup.com\\\/wp-content\\\/uploads\\\/230049.png\",\"width\":788,\"height\":567},{\"@type\":\"BreadcrumbList\",\"@id\":\"https:\\\/\\\/hundtgroup.com\\\/fr\\\/produkt\\\/rallonge-cee-de-25-m-400v-16a\\\/#breadcrumb\",\"itemListElement\":[{\"@type\":\"ListItem\",\"position\":1,\"name\":\"Startseite\",\"item\":\"https:\\\/\\\/hundtgroup.com\\\/fr\\\/accueil-nouveau\\\/\"},{\"@type\":\"ListItem\",\"position\":2,\"name\":\"Boutique\",\"item\":\"https:\\\/\\\/hundtgroup.com\\\/boutique\\\/\"},{\"@type\":\"ListItem\",\"position\":3,\"name\":\"Rallonge CEE de 25 m 400V 16A\"}]},{\"@type\":\"WebSite\",\"@id\":\"https:\\\/\\\/hundtgroup.com\\\/fr\\\/#website\",\"url\":\"https:\\\/\\\/hundtgroup.com\\\/fr\\\/\",\"name\":\"Wilhelm Hundt GmbH\",\"description\":\"Votre sp\u00e9cialiste en machines et outils pour le travail de la t\u00f4le\",\"potentialAction\":[{\"@type\":\"SearchAction\",\"target\":{\"@type\":\"EntryPoint\",\"urlTemplate\":\"https:\\\/\\\/hundtgroup.com\\\/fr\\\/?s={search_term_string}\"},\"query-input\":{\"@type\":\"PropertyValueSpecification\",\"valueRequired\":true,\"valueName\":\"search_term_string\"}}],\"inLanguage\":\"fr-FR\"}]}<\/script>\n<!-- \/ Yoast SEO plugin. -->","yoast_head_json":{"title":"Rallonge CEE de 25 m 400V 16A - Wilhelm Hundt GmbH","robots":{"index":"index","follow":"follow","max-snippet":"max-snippet:-1","max-image-preview":"max-image-preview:large","max-video-preview":"max-video-preview:-1"},"canonical":"https:\/\/hundtgroup.com\/fr\/produkt\/rallonge-cee-de-25-m-400v-16a\/","og_locale":"fr_FR","og_type":"article","og_title":"Rallonge CEE de 25 m 400V 16A - Wilhelm Hundt GmbH","og_description":"Rallonge pour courant fort. C\u00e2ble en caoutchouc lourd autoris\u00e9 sur les chantiers et dans les exploitations agricoles. Avec fiche CEE de haute qualit\u00e9 et prise CEE. Test\u00e9 selon IEC 60309, DIN VDE 0282-5","og_url":"https:\/\/hundtgroup.com\/fr\/produkt\/rallonge-cee-de-25-m-400v-16a\/","og_site_name":"Wilhelm Hundt GmbH","article_modified_time":"2025-08-05T16:05:12+00:00","og_image":[{"width":788,"height":567,"url":"https:\/\/hundtgroup.com\/wp-content\/uploads\/230049.png","type":"image\/png"}],"twitter_card":"summary_large_image","schema":{"@context":"https:\/\/schema.org","@graph":[{"@type":"WebPage","@id":"https:\/\/hundtgroup.com\/fr\/produkt\/rallonge-cee-de-25-m-400v-16a\/","url":"https:\/\/hundtgroup.com\/fr\/produkt\/rallonge-cee-de-25-m-400v-16a\/","name":"Rallonge CEE de 25 m 400V 16A - Wilhelm Hundt GmbH","isPartOf":{"@id":"https:\/\/hundtgroup.com\/fr\/#website"},"primaryImageOfPage":{"@id":"https:\/\/hundtgroup.com\/fr\/produkt\/rallonge-cee-de-25-m-400v-16a\/#primaryimage"},"image":{"@id":"https:\/\/hundtgroup.com\/fr\/produkt\/rallonge-cee-de-25-m-400v-16a\/#primaryimage"},"thumbnailUrl":"https:\/\/hundtgroup.com\/wp-content\/uploads\/230049.png","datePublished":"2022-10-26T13:59:34+00:00","dateModified":"2025-08-05T16:05:12+00:00","breadcrumb":{"@id":"https:\/\/hundtgroup.com\/fr\/produkt\/rallonge-cee-de-25-m-400v-16a\/#breadcrumb"},"inLanguage":"fr-FR","potentialAction":[{"@type":"ReadAction","target":["https:\/\/hundtgroup.com\/fr\/produkt\/rallonge-cee-de-25-m-400v-16a\/"]}]},{"@type":"ImageObject","inLanguage":"fr-FR","@id":"https:\/\/hundtgroup.com\/fr\/produkt\/rallonge-cee-de-25-m-400v-16a\/#primaryimage","url":"https:\/\/hundtgroup.com\/wp-content\/uploads\/230049.png","contentUrl":"https:\/\/hundtgroup.com\/wp-content\/uploads\/230049.png","width":788,"height":567},{"@type":"BreadcrumbList","@id":"https:\/\/hundtgroup.com\/fr\/produkt\/rallonge-cee-de-25-m-400v-16a\/#breadcrumb","itemListElement":[{"@type":"ListItem","position":1,"name":"Startseite","item":"https:\/\/hundtgroup.com\/fr\/accueil-nouveau\/"},{"@type":"ListItem","position":2,"name":"Boutique","item":"https:\/\/hundtgroup.com\/boutique\/"},{"@type":"ListItem","position":3,"name":"Rallonge CEE de 25 m 400V 16A"}]},{"@type":"WebSite","@id":"https:\/\/hundtgroup.com\/fr\/#website","url":"https:\/\/hundtgroup.com\/fr\/","name":"Wilhelm Hundt GmbH","description":"Votre sp\u00e9cialiste en machines et outils pour le travail de la t\u00f4le","potentialAction":[{"@type":"SearchAction","target":{"@type":"EntryPoint","urlTemplate":"https:\/\/hundtgroup.com\/fr\/?s={search_term_string}"},"query-input":{"@type":"PropertyValueSpecification","valueRequired":true,"valueName":"search_term_string"}}],"inLanguage":"fr-FR"}]}},"_links":{"self":[{"href":"https:\/\/hundtgroup.com\/fr\/wp-json\/wp\/v2\/product\/24216","targetHints":{"allow":["GET"]}}],"collection":[{"href":"https:\/\/hundtgroup.com\/fr\/wp-json\/wp\/v2\/product"}],"about":[{"href":"https:\/\/hundtgroup.com\/fr\/wp-json\/wp\/v2\/types\/product"}],"wp:featuredmedia":[{"embeddable":true,"href":"https:\/\/hundtgroup.com\/fr\/wp-json\/wp\/v2\/media\/24218"}],"wp:attachment":[{"href":"https:\/\/hundtgroup.com\/fr\/wp-json\/wp\/v2\/media?parent=24216"}],"wp:term":[{"taxonomy":"product_cat","embeddable":true,"href":"https:\/\/hundtgroup.com\/fr\/wp-json\/wp\/v2\/product_cat?post=24216"},{"taxonomy":"product_tag","embeddable":true,"href":"https:\/\/hundtgroup.com\/fr\/wp-json\/wp\/v2\/product_tag?post=24216"}],"curies":[{"name":"wp","href":"https:\/\/api.w.org\/{rel}","templated":true}]}}