{"id":24299,"date":"2022-10-26T15:59:34","date_gmt":"2022-10-26T13:59:34","guid":{"rendered":"https:\/\/hundtgroup.com\/produkt\/enrouleur-de-cable-en-plastique-de-25-m\/"},"modified":"2025-08-05T18:04:45","modified_gmt":"2025-08-05T16:04:45","slug":"enrouleur-de-cable-en-plastique-de-25-m","status":"publish","type":"product","link":"https:\/\/hundtgroup.com\/fr\/produkt\/enrouleur-de-cable-en-plastique-de-25-m\/","title":{"rendered":"Enrouleur de c\u00e2ble en plastique de 25 m"},"content":{"rendered":"<p>Convient \u00e0 l&rsquo;utilisation sur les chantiers.<br \/>\nCorps du tambour en plastique sp\u00e9cial hautement r\u00e9sistant \u00e0 la rupture.<br \/>\nPied galvanis\u00e9 stable et amortissant les chocs avec frein de blocage.<br \/>\nDisjoncteur thermique VDE \u00e0 fonctionnement automatique comme protection contre la surchauffe.<br \/>\n3 prises de courant \u00e0 contact de protection avec couvercles rabattables de s\u00e9curit\u00e9 et symbole de marteau.<br \/>\nAvec guidage des c\u00e2bles brevet\u00e9.<br \/>\nConforme \u00e0 BGI 608<\/p>\n","protected":false},"excerpt":{"rendered":"<p>Convient \u00e0 l&rsquo;utilisation sur les chantiers. Corps du tambour en plastique sp\u00e9cial hautement r\u00e9sistant \u00e0 la rupture. Pied galvanis\u00e9 stable et amortissant les chocs avec frein de blocage. Disjoncteur thermique VDE \u00e0 fonctionnement automatique comme protection contre la surchauffe. 3 prises de courant \u00e0 contact de protection avec couvercles rabattables de s\u00e9curit\u00e9 et symbole de [&hellip;]<\/p>\n","protected":false},"featured_media":24301,"template":"","meta":{"_acf_changed":false,"inline_featured_image":false},"product_cat":[1229,1142],"product_tag":[],"class_list":{"0":"post-24299","1":"product","2":"type-product","3":"status-publish","4":"has-post-thumbnail","6":"brand-hundt","7":"product_cat-enrouleurs-de-cable","8":"product_cat-electricite","10":"first","11":"instock","12":"taxable","13":"shipping-taxable","14":"purchasable","15":"product-type-simple","16":"add-to-wishlist-before_image"},"acf":[],"yoast_head":"<!-- This site is optimized with the Yoast SEO plugin v27.3 - https:\/\/yoast.com\/product\/yoast-seo-wordpress\/ -->\n<title>Enrouleur de c\u00e2ble en plastique de 25 m - Wilhelm Hundt GmbH<\/title>\n<meta name=\"robots\" content=\"index, follow, max-snippet:-1, max-image-preview:large, max-video-preview:-1\" \/>\n<link rel=\"canonical\" href=\"https:\/\/hundtgroup.com\/fr\/produkt\/enrouleur-de-cable-en-plastique-de-25-m\/\" \/>\n<meta property=\"og:locale\" content=\"fr_FR\" \/>\n<meta property=\"og:type\" content=\"article\" \/>\n<meta property=\"og:title\" content=\"Enrouleur de c\u00e2ble en plastique de 25 m - Wilhelm Hundt GmbH\" \/>\n<meta property=\"og:description\" content=\"Convient \u00e0 l&rsquo;utilisation sur les chantiers. Corps du tambour en plastique sp\u00e9cial hautement r\u00e9sistant \u00e0 la rupture. Pied galvanis\u00e9 stable et amortissant les chocs avec frein de blocage. Disjoncteur thermique VDE \u00e0 fonctionnement automatique comme protection contre la surchauffe. 3 prises de courant \u00e0 contact de protection avec couvercles rabattables de s\u00e9curit\u00e9 et symbole de [&hellip;]\" \/>\n<meta property=\"og:url\" content=\"https:\/\/hundtgroup.com\/fr\/produkt\/enrouleur-de-cable-en-plastique-de-25-m\/\" \/>\n<meta property=\"og:site_name\" content=\"Wilhelm Hundt GmbH\" \/>\n<meta property=\"article:modified_time\" content=\"2025-08-05T16:04:45+00:00\" \/>\n<meta property=\"og:image\" content=\"https:\/\/hundtgroup.com\/wp-content\/uploads\/230003.png\" \/>\n\t<meta property=\"og:image:width\" content=\"524\" \/>\n\t<meta property=\"og:image:height\" content=\"591\" \/>\n\t<meta property=\"og:image:type\" content=\"image\/png\" \/>\n<meta name=\"twitter:card\" content=\"summary_large_image\" \/>\n<script type=\"application\/ld+json\" class=\"yoast-schema-graph\">{\"@context\":\"https:\\\/\\\/schema.org\",\"@graph\":[{\"@type\":\"WebPage\",\"@id\":\"https:\\\/\\\/hundtgroup.com\\\/fr\\\/produkt\\\/enrouleur-de-cable-en-plastique-de-25-m\\\/\",\"url\":\"https:\\\/\\\/hundtgroup.com\\\/fr\\\/produkt\\\/enrouleur-de-cable-en-plastique-de-25-m\\\/\",\"name\":\"Enrouleur de c\u00e2ble en plastique de 25 m - Wilhelm Hundt GmbH\",\"isPartOf\":{\"@id\":\"https:\\\/\\\/hundtgroup.com\\\/fr\\\/#website\"},\"primaryImageOfPage\":{\"@id\":\"https:\\\/\\\/hundtgroup.com\\\/fr\\\/produkt\\\/enrouleur-de-cable-en-plastique-de-25-m\\\/#primaryimage\"},\"image\":{\"@id\":\"https:\\\/\\\/hundtgroup.com\\\/fr\\\/produkt\\\/enrouleur-de-cable-en-plastique-de-25-m\\\/#primaryimage\"},\"thumbnailUrl\":\"https:\\\/\\\/hundtgroup.com\\\/wp-content\\\/uploads\\\/230003.png\",\"datePublished\":\"2022-10-26T13:59:34+00:00\",\"dateModified\":\"2025-08-05T16:04:45+00:00\",\"breadcrumb\":{\"@id\":\"https:\\\/\\\/hundtgroup.com\\\/fr\\\/produkt\\\/enrouleur-de-cable-en-plastique-de-25-m\\\/#breadcrumb\"},\"inLanguage\":\"fr-FR\",\"potentialAction\":[{\"@type\":\"ReadAction\",\"target\":[\"https:\\\/\\\/hundtgroup.com\\\/fr\\\/produkt\\\/enrouleur-de-cable-en-plastique-de-25-m\\\/\"]}]},{\"@type\":\"ImageObject\",\"inLanguage\":\"fr-FR\",\"@id\":\"https:\\\/\\\/hundtgroup.com\\\/fr\\\/produkt\\\/enrouleur-de-cable-en-plastique-de-25-m\\\/#primaryimage\",\"url\":\"https:\\\/\\\/hundtgroup.com\\\/wp-content\\\/uploads\\\/230003.png\",\"contentUrl\":\"https:\\\/\\\/hundtgroup.com\\\/wp-content\\\/uploads\\\/230003.png\",\"width\":524,\"height\":591},{\"@type\":\"BreadcrumbList\",\"@id\":\"https:\\\/\\\/hundtgroup.com\\\/fr\\\/produkt\\\/enrouleur-de-cable-en-plastique-de-25-m\\\/#breadcrumb\",\"itemListElement\":[{\"@type\":\"ListItem\",\"position\":1,\"name\":\"Startseite\",\"item\":\"https:\\\/\\\/hundtgroup.com\\\/fr\\\/accueil-nouveau\\\/\"},{\"@type\":\"ListItem\",\"position\":2,\"name\":\"Boutique\",\"item\":\"https:\\\/\\\/hundtgroup.com\\\/boutique\\\/\"},{\"@type\":\"ListItem\",\"position\":3,\"name\":\"Enrouleur de c\u00e2ble en plastique de 25 m\"}]},{\"@type\":\"WebSite\",\"@id\":\"https:\\\/\\\/hundtgroup.com\\\/fr\\\/#website\",\"url\":\"https:\\\/\\\/hundtgroup.com\\\/fr\\\/\",\"name\":\"Wilhelm Hundt GmbH\",\"description\":\"Votre sp\u00e9cialiste en machines et outils pour le travail de la t\u00f4le\",\"potentialAction\":[{\"@type\":\"SearchAction\",\"target\":{\"@type\":\"EntryPoint\",\"urlTemplate\":\"https:\\\/\\\/hundtgroup.com\\\/fr\\\/?s={search_term_string}\"},\"query-input\":{\"@type\":\"PropertyValueSpecification\",\"valueRequired\":true,\"valueName\":\"search_term_string\"}}],\"inLanguage\":\"fr-FR\"}]}<\/script>\n<!-- \/ Yoast SEO plugin. -->","yoast_head_json":{"title":"Enrouleur de c\u00e2ble en plastique de 25 m - Wilhelm Hundt GmbH","robots":{"index":"index","follow":"follow","max-snippet":"max-snippet:-1","max-image-preview":"max-image-preview:large","max-video-preview":"max-video-preview:-1"},"canonical":"https:\/\/hundtgroup.com\/fr\/produkt\/enrouleur-de-cable-en-plastique-de-25-m\/","og_locale":"fr_FR","og_type":"article","og_title":"Enrouleur de c\u00e2ble en plastique de 25 m - Wilhelm Hundt GmbH","og_description":"Convient \u00e0 l&rsquo;utilisation sur les chantiers. Corps du tambour en plastique sp\u00e9cial hautement r\u00e9sistant \u00e0 la rupture. Pied galvanis\u00e9 stable et amortissant les chocs avec frein de blocage. Disjoncteur thermique VDE \u00e0 fonctionnement automatique comme protection contre la surchauffe. 3 prises de courant \u00e0 contact de protection avec couvercles rabattables de s\u00e9curit\u00e9 et symbole de [&hellip;]","og_url":"https:\/\/hundtgroup.com\/fr\/produkt\/enrouleur-de-cable-en-plastique-de-25-m\/","og_site_name":"Wilhelm Hundt GmbH","article_modified_time":"2025-08-05T16:04:45+00:00","og_image":[{"width":524,"height":591,"url":"https:\/\/hundtgroup.com\/wp-content\/uploads\/230003.png","type":"image\/png"}],"twitter_card":"summary_large_image","schema":{"@context":"https:\/\/schema.org","@graph":[{"@type":"WebPage","@id":"https:\/\/hundtgroup.com\/fr\/produkt\/enrouleur-de-cable-en-plastique-de-25-m\/","url":"https:\/\/hundtgroup.com\/fr\/produkt\/enrouleur-de-cable-en-plastique-de-25-m\/","name":"Enrouleur de c\u00e2ble en plastique de 25 m - Wilhelm Hundt GmbH","isPartOf":{"@id":"https:\/\/hundtgroup.com\/fr\/#website"},"primaryImageOfPage":{"@id":"https:\/\/hundtgroup.com\/fr\/produkt\/enrouleur-de-cable-en-plastique-de-25-m\/#primaryimage"},"image":{"@id":"https:\/\/hundtgroup.com\/fr\/produkt\/enrouleur-de-cable-en-plastique-de-25-m\/#primaryimage"},"thumbnailUrl":"https:\/\/hundtgroup.com\/wp-content\/uploads\/230003.png","datePublished":"2022-10-26T13:59:34+00:00","dateModified":"2025-08-05T16:04:45+00:00","breadcrumb":{"@id":"https:\/\/hundtgroup.com\/fr\/produkt\/enrouleur-de-cable-en-plastique-de-25-m\/#breadcrumb"},"inLanguage":"fr-FR","potentialAction":[{"@type":"ReadAction","target":["https:\/\/hundtgroup.com\/fr\/produkt\/enrouleur-de-cable-en-plastique-de-25-m\/"]}]},{"@type":"ImageObject","inLanguage":"fr-FR","@id":"https:\/\/hundtgroup.com\/fr\/produkt\/enrouleur-de-cable-en-plastique-de-25-m\/#primaryimage","url":"https:\/\/hundtgroup.com\/wp-content\/uploads\/230003.png","contentUrl":"https:\/\/hundtgroup.com\/wp-content\/uploads\/230003.png","width":524,"height":591},{"@type":"BreadcrumbList","@id":"https:\/\/hundtgroup.com\/fr\/produkt\/enrouleur-de-cable-en-plastique-de-25-m\/#breadcrumb","itemListElement":[{"@type":"ListItem","position":1,"name":"Startseite","item":"https:\/\/hundtgroup.com\/fr\/accueil-nouveau\/"},{"@type":"ListItem","position":2,"name":"Boutique","item":"https:\/\/hundtgroup.com\/boutique\/"},{"@type":"ListItem","position":3,"name":"Enrouleur de c\u00e2ble en plastique de 25 m"}]},{"@type":"WebSite","@id":"https:\/\/hundtgroup.com\/fr\/#website","url":"https:\/\/hundtgroup.com\/fr\/","name":"Wilhelm Hundt GmbH","description":"Votre sp\u00e9cialiste en machines et outils pour le travail de la t\u00f4le","potentialAction":[{"@type":"SearchAction","target":{"@type":"EntryPoint","urlTemplate":"https:\/\/hundtgroup.com\/fr\/?s={search_term_string}"},"query-input":{"@type":"PropertyValueSpecification","valueRequired":true,"valueName":"search_term_string"}}],"inLanguage":"fr-FR"}]}},"_links":{"self":[{"href":"https:\/\/hundtgroup.com\/fr\/wp-json\/wp\/v2\/product\/24299","targetHints":{"allow":["GET"]}}],"collection":[{"href":"https:\/\/hundtgroup.com\/fr\/wp-json\/wp\/v2\/product"}],"about":[{"href":"https:\/\/hundtgroup.com\/fr\/wp-json\/wp\/v2\/types\/product"}],"wp:featuredmedia":[{"embeddable":true,"href":"https:\/\/hundtgroup.com\/fr\/wp-json\/wp\/v2\/media\/24301"}],"wp:attachment":[{"href":"https:\/\/hundtgroup.com\/fr\/wp-json\/wp\/v2\/media?parent=24299"}],"wp:term":[{"taxonomy":"product_cat","embeddable":true,"href":"https:\/\/hundtgroup.com\/fr\/wp-json\/wp\/v2\/product_cat?post=24299"},{"taxonomy":"product_tag","embeddable":true,"href":"https:\/\/hundtgroup.com\/fr\/wp-json\/wp\/v2\/product_tag?post=24299"}],"curies":[{"name":"wp","href":"https:\/\/api.w.org\/{rel}","templated":true}]}}