{"id":24427,"date":"2022-10-26T15:59:34","date_gmt":"2022-10-26T13:59:34","guid":{"rendered":"https:\/\/hundtgroup.com\/produkt\/soudeuse-de-goujons-bolte-isofix\/"},"modified":"2025-08-05T18:04:21","modified_gmt":"2025-08-05T16:04:21","slug":"soudeuse-de-goujons-bolte-isofix","status":"publish","type":"product","link":"https:\/\/hundtgroup.com\/fr\/produkt\/soudeuse-de-goujons-bolte-isofix\/","title":{"rendered":"Soudeuse de goujons Bolte ISOFIX"},"content":{"rendered":"<p>Pour le soudage de pointes et de clous isolants, avec un poids de 7 kg seulement<br \/>\n, il est particuli\u00e8rement l\u00e9ger et tr\u00e8s compact, les platines de charge \u00e0 inverseur \u00e0 synchronisation \u00e9lectronique permettent des temps de charge courts et des s\u00e9quences de soudage rapides,<br \/>\naffichage clair des fonctions par LED, tension de charge r\u00e9glable en continu<br \/>\npar bouton rotatif frontal, IP21<\/p>\n","protected":false},"excerpt":{"rendered":"<p>Pour le soudage de pointes et de clous isolants, avec un poids de 7 kg seulement , il est particuli\u00e8rement l\u00e9ger et tr\u00e8s compact, les platines de charge \u00e0 inverseur \u00e0 synchronisation \u00e9lectronique permettent des temps de charge courts et des s\u00e9quences de soudage rapides, affichage clair des fonctions par LED, tension de charge r\u00e9glable [&hellip;]<\/p>\n","protected":false},"featured_media":24428,"template":"","meta":{"_acf_changed":false,"inline_featured_image":false},"product_cat":[1228],"product_tag":[],"class_list":{"0":"post-24427","1":"product","2":"type-product","3":"status-publish","4":"has-post-thumbnail","6":"brand-bolte","7":"product_cat-outils-de-soudage","9":"first","10":"instock","11":"taxable","12":"shipping-taxable","13":"purchasable","14":"product-type-simple","15":"add-to-wishlist-before_image"},"acf":[],"yoast_head":"<!-- This site is optimized with the Yoast SEO plugin v27.3 - https:\/\/yoast.com\/product\/yoast-seo-wordpress\/ -->\n<title>Soudeuse de goujons Bolte ISOFIX - Wilhelm Hundt GmbH<\/title>\n<meta name=\"robots\" content=\"index, follow, max-snippet:-1, max-image-preview:large, max-video-preview:-1\" \/>\n<link rel=\"canonical\" href=\"https:\/\/hundtgroup.com\/fr\/produkt\/soudeuse-de-goujons-bolte-isofix\/\" \/>\n<meta property=\"og:locale\" content=\"fr_FR\" \/>\n<meta property=\"og:type\" content=\"article\" \/>\n<meta property=\"og:title\" content=\"Soudeuse de goujons Bolte ISOFIX - Wilhelm Hundt GmbH\" \/>\n<meta property=\"og:description\" content=\"Pour le soudage de pointes et de clous isolants, avec un poids de 7 kg seulement , il est particuli\u00e8rement l\u00e9ger et tr\u00e8s compact, les platines de charge \u00e0 inverseur \u00e0 synchronisation \u00e9lectronique permettent des temps de charge courts et des s\u00e9quences de soudage rapides, affichage clair des fonctions par LED, tension de charge r\u00e9glable [&hellip;]\" \/>\n<meta property=\"og:url\" content=\"https:\/\/hundtgroup.com\/fr\/produkt\/soudeuse-de-goujons-bolte-isofix\/\" \/>\n<meta property=\"og:site_name\" content=\"Wilhelm Hundt GmbH\" \/>\n<meta property=\"article:modified_time\" content=\"2025-08-05T16:04:21+00:00\" \/>\n<meta property=\"og:image\" content=\"https:\/\/hundtgroup.com\/wp-content\/uploads\/380303.png\" \/>\n\t<meta property=\"og:image:width\" content=\"508\" \/>\n\t<meta property=\"og:image:height\" content=\"590\" \/>\n\t<meta property=\"og:image:type\" content=\"image\/png\" \/>\n<meta name=\"twitter:card\" content=\"summary_large_image\" \/>\n<script type=\"application\/ld+json\" class=\"yoast-schema-graph\">{\"@context\":\"https:\\\/\\\/schema.org\",\"@graph\":[{\"@type\":\"WebPage\",\"@id\":\"https:\\\/\\\/hundtgroup.com\\\/fr\\\/produkt\\\/soudeuse-de-goujons-bolte-isofix\\\/\",\"url\":\"https:\\\/\\\/hundtgroup.com\\\/fr\\\/produkt\\\/soudeuse-de-goujons-bolte-isofix\\\/\",\"name\":\"Soudeuse de goujons Bolte ISOFIX - Wilhelm Hundt GmbH\",\"isPartOf\":{\"@id\":\"https:\\\/\\\/hundtgroup.com\\\/fr\\\/#website\"},\"primaryImageOfPage\":{\"@id\":\"https:\\\/\\\/hundtgroup.com\\\/fr\\\/produkt\\\/soudeuse-de-goujons-bolte-isofix\\\/#primaryimage\"},\"image\":{\"@id\":\"https:\\\/\\\/hundtgroup.com\\\/fr\\\/produkt\\\/soudeuse-de-goujons-bolte-isofix\\\/#primaryimage\"},\"thumbnailUrl\":\"https:\\\/\\\/hundtgroup.com\\\/wp-content\\\/uploads\\\/380303.png\",\"datePublished\":\"2022-10-26T13:59:34+00:00\",\"dateModified\":\"2025-08-05T16:04:21+00:00\",\"breadcrumb\":{\"@id\":\"https:\\\/\\\/hundtgroup.com\\\/fr\\\/produkt\\\/soudeuse-de-goujons-bolte-isofix\\\/#breadcrumb\"},\"inLanguage\":\"fr-FR\",\"potentialAction\":[{\"@type\":\"ReadAction\",\"target\":[\"https:\\\/\\\/hundtgroup.com\\\/fr\\\/produkt\\\/soudeuse-de-goujons-bolte-isofix\\\/\"]}]},{\"@type\":\"ImageObject\",\"inLanguage\":\"fr-FR\",\"@id\":\"https:\\\/\\\/hundtgroup.com\\\/fr\\\/produkt\\\/soudeuse-de-goujons-bolte-isofix\\\/#primaryimage\",\"url\":\"https:\\\/\\\/hundtgroup.com\\\/wp-content\\\/uploads\\\/380303.png\",\"contentUrl\":\"https:\\\/\\\/hundtgroup.com\\\/wp-content\\\/uploads\\\/380303.png\",\"width\":508,\"height\":590},{\"@type\":\"BreadcrumbList\",\"@id\":\"https:\\\/\\\/hundtgroup.com\\\/fr\\\/produkt\\\/soudeuse-de-goujons-bolte-isofix\\\/#breadcrumb\",\"itemListElement\":[{\"@type\":\"ListItem\",\"position\":1,\"name\":\"Startseite\",\"item\":\"https:\\\/\\\/hundtgroup.com\\\/fr\\\/accueil-nouveau\\\/\"},{\"@type\":\"ListItem\",\"position\":2,\"name\":\"Boutique\",\"item\":\"https:\\\/\\\/hundtgroup.com\\\/boutique\\\/\"},{\"@type\":\"ListItem\",\"position\":3,\"name\":\"Soudeuse de goujons Bolte ISOFIX\"}]},{\"@type\":\"WebSite\",\"@id\":\"https:\\\/\\\/hundtgroup.com\\\/fr\\\/#website\",\"url\":\"https:\\\/\\\/hundtgroup.com\\\/fr\\\/\",\"name\":\"Wilhelm Hundt GmbH\",\"description\":\"Votre sp\u00e9cialiste en machines et outils pour le travail de la t\u00f4le\",\"potentialAction\":[{\"@type\":\"SearchAction\",\"target\":{\"@type\":\"EntryPoint\",\"urlTemplate\":\"https:\\\/\\\/hundtgroup.com\\\/fr\\\/?s={search_term_string}\"},\"query-input\":{\"@type\":\"PropertyValueSpecification\",\"valueRequired\":true,\"valueName\":\"search_term_string\"}}],\"inLanguage\":\"fr-FR\"}]}<\/script>\n<!-- \/ Yoast SEO plugin. -->","yoast_head_json":{"title":"Soudeuse de goujons Bolte ISOFIX - Wilhelm Hundt GmbH","robots":{"index":"index","follow":"follow","max-snippet":"max-snippet:-1","max-image-preview":"max-image-preview:large","max-video-preview":"max-video-preview:-1"},"canonical":"https:\/\/hundtgroup.com\/fr\/produkt\/soudeuse-de-goujons-bolte-isofix\/","og_locale":"fr_FR","og_type":"article","og_title":"Soudeuse de goujons Bolte ISOFIX - Wilhelm Hundt GmbH","og_description":"Pour le soudage de pointes et de clous isolants, avec un poids de 7 kg seulement , il est particuli\u00e8rement l\u00e9ger et tr\u00e8s compact, les platines de charge \u00e0 inverseur \u00e0 synchronisation \u00e9lectronique permettent des temps de charge courts et des s\u00e9quences de soudage rapides, affichage clair des fonctions par LED, tension de charge r\u00e9glable [&hellip;]","og_url":"https:\/\/hundtgroup.com\/fr\/produkt\/soudeuse-de-goujons-bolte-isofix\/","og_site_name":"Wilhelm Hundt GmbH","article_modified_time":"2025-08-05T16:04:21+00:00","og_image":[{"width":508,"height":590,"url":"https:\/\/hundtgroup.com\/wp-content\/uploads\/380303.png","type":"image\/png"}],"twitter_card":"summary_large_image","schema":{"@context":"https:\/\/schema.org","@graph":[{"@type":"WebPage","@id":"https:\/\/hundtgroup.com\/fr\/produkt\/soudeuse-de-goujons-bolte-isofix\/","url":"https:\/\/hundtgroup.com\/fr\/produkt\/soudeuse-de-goujons-bolte-isofix\/","name":"Soudeuse de goujons Bolte ISOFIX - Wilhelm Hundt GmbH","isPartOf":{"@id":"https:\/\/hundtgroup.com\/fr\/#website"},"primaryImageOfPage":{"@id":"https:\/\/hundtgroup.com\/fr\/produkt\/soudeuse-de-goujons-bolte-isofix\/#primaryimage"},"image":{"@id":"https:\/\/hundtgroup.com\/fr\/produkt\/soudeuse-de-goujons-bolte-isofix\/#primaryimage"},"thumbnailUrl":"https:\/\/hundtgroup.com\/wp-content\/uploads\/380303.png","datePublished":"2022-10-26T13:59:34+00:00","dateModified":"2025-08-05T16:04:21+00:00","breadcrumb":{"@id":"https:\/\/hundtgroup.com\/fr\/produkt\/soudeuse-de-goujons-bolte-isofix\/#breadcrumb"},"inLanguage":"fr-FR","potentialAction":[{"@type":"ReadAction","target":["https:\/\/hundtgroup.com\/fr\/produkt\/soudeuse-de-goujons-bolte-isofix\/"]}]},{"@type":"ImageObject","inLanguage":"fr-FR","@id":"https:\/\/hundtgroup.com\/fr\/produkt\/soudeuse-de-goujons-bolte-isofix\/#primaryimage","url":"https:\/\/hundtgroup.com\/wp-content\/uploads\/380303.png","contentUrl":"https:\/\/hundtgroup.com\/wp-content\/uploads\/380303.png","width":508,"height":590},{"@type":"BreadcrumbList","@id":"https:\/\/hundtgroup.com\/fr\/produkt\/soudeuse-de-goujons-bolte-isofix\/#breadcrumb","itemListElement":[{"@type":"ListItem","position":1,"name":"Startseite","item":"https:\/\/hundtgroup.com\/fr\/accueil-nouveau\/"},{"@type":"ListItem","position":2,"name":"Boutique","item":"https:\/\/hundtgroup.com\/boutique\/"},{"@type":"ListItem","position":3,"name":"Soudeuse de goujons Bolte ISOFIX"}]},{"@type":"WebSite","@id":"https:\/\/hundtgroup.com\/fr\/#website","url":"https:\/\/hundtgroup.com\/fr\/","name":"Wilhelm Hundt GmbH","description":"Votre sp\u00e9cialiste en machines et outils pour le travail de la t\u00f4le","potentialAction":[{"@type":"SearchAction","target":{"@type":"EntryPoint","urlTemplate":"https:\/\/hundtgroup.com\/fr\/?s={search_term_string}"},"query-input":{"@type":"PropertyValueSpecification","valueRequired":true,"valueName":"search_term_string"}}],"inLanguage":"fr-FR"}]}},"_links":{"self":[{"href":"https:\/\/hundtgroup.com\/fr\/wp-json\/wp\/v2\/product\/24427","targetHints":{"allow":["GET"]}}],"collection":[{"href":"https:\/\/hundtgroup.com\/fr\/wp-json\/wp\/v2\/product"}],"about":[{"href":"https:\/\/hundtgroup.com\/fr\/wp-json\/wp\/v2\/types\/product"}],"wp:featuredmedia":[{"embeddable":true,"href":"https:\/\/hundtgroup.com\/fr\/wp-json\/wp\/v2\/media\/24428"}],"wp:attachment":[{"href":"https:\/\/hundtgroup.com\/fr\/wp-json\/wp\/v2\/media?parent=24427"}],"wp:term":[{"taxonomy":"product_cat","embeddable":true,"href":"https:\/\/hundtgroup.com\/fr\/wp-json\/wp\/v2\/product_cat?post=24427"},{"taxonomy":"product_tag","embeddable":true,"href":"https:\/\/hundtgroup.com\/fr\/wp-json\/wp\/v2\/product_tag?post=24427"}],"curies":[{"name":"wp","href":"https:\/\/api.w.org\/{rel}","templated":true}]}}