{"id":24661,"date":"2022-10-26T15:59:24","date_gmt":"2022-10-26T13:59:24","guid":{"rendered":"https:\/\/hundtgroup.com\/produkt\/foret-de-percage-hss-gs-hundt-o30-mm\/"},"modified":"2025-07-29T13:22:15","modified_gmt":"2025-07-29T11:22:15","slug":"foret-de-percage-hss-gs-hundt-o30-mm","status":"publish","type":"product","link":"https:\/\/hundtgroup.com\/fr\/produkt\/foret-de-percage-hss-gs-hundt-o30-mm\/","title":{"rendered":"Foret de per\u00e7age HSS-GS Hundt \u00d83,0 mm"},"content":{"rendered":"<p>Similaire \u00e0 DIN 1897 Type N, droite, avec queue cylindrique, qualit\u00e9<br \/>\nnue, rectifi\u00e9e par profilage, avec aff\u00fbtage en croix, particuli\u00e8rement adapt\u00e9e \u00e0 l&rsquo;utilisation dans les perceuses manuelles, pour le per\u00e7age de mat\u00e9riaux \u00e0 paroi mince comme la t\u00f4le d&rsquo;acier, la t\u00f4le de laiton<br \/>\n, la t\u00f4le d&rsquo;aluminium, les plaques en plastique, convient pour la construction de carrosseries et la construction m\u00e9tallique<\/p>\n<p>UE= 10 pces.<br \/>\n(quantit\u00e9 command\u00e9e par ex. : 10, 20, 30, etc.)<\/p>\n","protected":false},"excerpt":{"rendered":"<p>Similaire \u00e0 DIN 1897 Type N, droite, avec queue cylindrique, qualit\u00e9 nue, rectifi\u00e9e par profilage, avec aff\u00fbtage en croix, particuli\u00e8rement adapt\u00e9e \u00e0 l&rsquo;utilisation dans les perceuses manuelles, pour le per\u00e7age de mat\u00e9riaux \u00e0 paroi mince comme la t\u00f4le d&rsquo;acier, la t\u00f4le de laiton , la t\u00f4le d&rsquo;aluminium, les plaques en plastique, convient pour la construction [&hellip;]<\/p>\n","protected":false},"featured_media":24037,"template":"","meta":{"_acf_changed":false,"inline_featured_image":false},"product_cat":[1227,1144,1272],"product_tag":[],"class_list":{"0":"post-24661","1":"product","2":"type-product","3":"status-publish","4":"has-post-thumbnail","6":"brand-hundt","7":"product_cat-missions","8":"product_cat-accessoires-batterie-electrique","9":"product_cat-forets-hss-gs","11":"first","12":"instock","13":"taxable","14":"shipping-taxable","15":"purchasable","16":"product-type-simple","17":"add-to-wishlist-before_image"},"acf":[],"yoast_head":"<!-- This site is optimized with the Yoast SEO plugin v27.3 - https:\/\/yoast.com\/product\/yoast-seo-wordpress\/ -->\n<title>Foret de per\u00e7age HSS-GS Hundt \u00d83,0 mm - Wilhelm Hundt GmbH<\/title>\n<meta name=\"robots\" content=\"index, follow, max-snippet:-1, max-image-preview:large, max-video-preview:-1\" \/>\n<link rel=\"canonical\" href=\"https:\/\/hundtgroup.com\/fr\/produkt\/foret-de-percage-hss-gs-hundt-o30-mm\/\" \/>\n<meta property=\"og:locale\" content=\"fr_FR\" \/>\n<meta property=\"og:type\" content=\"article\" \/>\n<meta property=\"og:title\" content=\"Foret de per\u00e7age HSS-GS Hundt \u00d83,0 mm - Wilhelm Hundt GmbH\" \/>\n<meta property=\"og:description\" content=\"Similaire \u00e0 DIN 1897 Type N, droite, avec queue cylindrique, qualit\u00e9 nue, rectifi\u00e9e par profilage, avec aff\u00fbtage en croix, particuli\u00e8rement adapt\u00e9e \u00e0 l&rsquo;utilisation dans les perceuses manuelles, pour le per\u00e7age de mat\u00e9riaux \u00e0 paroi mince comme la t\u00f4le d&rsquo;acier, la t\u00f4le de laiton , la t\u00f4le d&rsquo;aluminium, les plaques en plastique, convient pour la construction [&hellip;]\" \/>\n<meta property=\"og:url\" content=\"https:\/\/hundtgroup.com\/fr\/produkt\/foret-de-percage-hss-gs-hundt-o30-mm\/\" \/>\n<meta property=\"og:site_name\" content=\"Wilhelm Hundt GmbH\" \/>\n<meta property=\"article:modified_time\" content=\"2025-07-29T11:22:15+00:00\" \/>\n<meta property=\"og:image\" content=\"https:\/\/hundtgroup.com\/wp-content\/uploads\/451300.png\" \/>\n\t<meta property=\"og:image:width\" content=\"827\" \/>\n\t<meta property=\"og:image:height\" content=\"186\" \/>\n\t<meta property=\"og:image:type\" content=\"image\/png\" \/>\n<meta name=\"twitter:card\" content=\"summary_large_image\" \/>\n<script type=\"application\/ld+json\" class=\"yoast-schema-graph\">{\"@context\":\"https:\\\/\\\/schema.org\",\"@graph\":[{\"@type\":\"WebPage\",\"@id\":\"https:\\\/\\\/hundtgroup.com\\\/fr\\\/produkt\\\/foret-de-percage-hss-gs-hundt-o30-mm\\\/\",\"url\":\"https:\\\/\\\/hundtgroup.com\\\/fr\\\/produkt\\\/foret-de-percage-hss-gs-hundt-o30-mm\\\/\",\"name\":\"Foret de per\u00e7age HSS-GS Hundt \u00d83,0 mm - Wilhelm Hundt GmbH\",\"isPartOf\":{\"@id\":\"https:\\\/\\\/hundtgroup.com\\\/fr\\\/#website\"},\"primaryImageOfPage\":{\"@id\":\"https:\\\/\\\/hundtgroup.com\\\/fr\\\/produkt\\\/foret-de-percage-hss-gs-hundt-o30-mm\\\/#primaryimage\"},\"image\":{\"@id\":\"https:\\\/\\\/hundtgroup.com\\\/fr\\\/produkt\\\/foret-de-percage-hss-gs-hundt-o30-mm\\\/#primaryimage\"},\"thumbnailUrl\":\"https:\\\/\\\/hundtgroup.com\\\/wp-content\\\/uploads\\\/451300.png\",\"datePublished\":\"2022-10-26T13:59:24+00:00\",\"dateModified\":\"2025-07-29T11:22:15+00:00\",\"breadcrumb\":{\"@id\":\"https:\\\/\\\/hundtgroup.com\\\/fr\\\/produkt\\\/foret-de-percage-hss-gs-hundt-o30-mm\\\/#breadcrumb\"},\"inLanguage\":\"fr-FR\",\"potentialAction\":[{\"@type\":\"ReadAction\",\"target\":[\"https:\\\/\\\/hundtgroup.com\\\/fr\\\/produkt\\\/foret-de-percage-hss-gs-hundt-o30-mm\\\/\"]}]},{\"@type\":\"ImageObject\",\"inLanguage\":\"fr-FR\",\"@id\":\"https:\\\/\\\/hundtgroup.com\\\/fr\\\/produkt\\\/foret-de-percage-hss-gs-hundt-o30-mm\\\/#primaryimage\",\"url\":\"https:\\\/\\\/hundtgroup.com\\\/wp-content\\\/uploads\\\/451300.png\",\"contentUrl\":\"https:\\\/\\\/hundtgroup.com\\\/wp-content\\\/uploads\\\/451300.png\",\"width\":827,\"height\":186},{\"@type\":\"BreadcrumbList\",\"@id\":\"https:\\\/\\\/hundtgroup.com\\\/fr\\\/produkt\\\/foret-de-percage-hss-gs-hundt-o30-mm\\\/#breadcrumb\",\"itemListElement\":[{\"@type\":\"ListItem\",\"position\":1,\"name\":\"Startseite\",\"item\":\"https:\\\/\\\/hundtgroup.com\\\/fr\\\/accueil-nouveau\\\/\"},{\"@type\":\"ListItem\",\"position\":2,\"name\":\"Boutique\",\"item\":\"https:\\\/\\\/hundtgroup.com\\\/boutique\\\/\"},{\"@type\":\"ListItem\",\"position\":3,\"name\":\"Foret de per\u00e7age HSS-GS Hundt \u00d83,0 mm\"}]},{\"@type\":\"WebSite\",\"@id\":\"https:\\\/\\\/hundtgroup.com\\\/fr\\\/#website\",\"url\":\"https:\\\/\\\/hundtgroup.com\\\/fr\\\/\",\"name\":\"Wilhelm Hundt GmbH\",\"description\":\"Votre sp\u00e9cialiste en machines et outils pour le travail de la t\u00f4le\",\"potentialAction\":[{\"@type\":\"SearchAction\",\"target\":{\"@type\":\"EntryPoint\",\"urlTemplate\":\"https:\\\/\\\/hundtgroup.com\\\/fr\\\/?s={search_term_string}\"},\"query-input\":{\"@type\":\"PropertyValueSpecification\",\"valueRequired\":true,\"valueName\":\"search_term_string\"}}],\"inLanguage\":\"fr-FR\"}]}<\/script>\n<!-- \/ Yoast SEO plugin. -->","yoast_head_json":{"title":"Foret de per\u00e7age HSS-GS Hundt \u00d83,0 mm - Wilhelm Hundt GmbH","robots":{"index":"index","follow":"follow","max-snippet":"max-snippet:-1","max-image-preview":"max-image-preview:large","max-video-preview":"max-video-preview:-1"},"canonical":"https:\/\/hundtgroup.com\/fr\/produkt\/foret-de-percage-hss-gs-hundt-o30-mm\/","og_locale":"fr_FR","og_type":"article","og_title":"Foret de per\u00e7age HSS-GS Hundt \u00d83,0 mm - Wilhelm Hundt GmbH","og_description":"Similaire \u00e0 DIN 1897 Type N, droite, avec queue cylindrique, qualit\u00e9 nue, rectifi\u00e9e par profilage, avec aff\u00fbtage en croix, particuli\u00e8rement adapt\u00e9e \u00e0 l&rsquo;utilisation dans les perceuses manuelles, pour le per\u00e7age de mat\u00e9riaux \u00e0 paroi mince comme la t\u00f4le d&rsquo;acier, la t\u00f4le de laiton , la t\u00f4le d&rsquo;aluminium, les plaques en plastique, convient pour la construction [&hellip;]","og_url":"https:\/\/hundtgroup.com\/fr\/produkt\/foret-de-percage-hss-gs-hundt-o30-mm\/","og_site_name":"Wilhelm Hundt GmbH","article_modified_time":"2025-07-29T11:22:15+00:00","og_image":[{"width":827,"height":186,"url":"https:\/\/hundtgroup.com\/wp-content\/uploads\/451300.png","type":"image\/png"}],"twitter_card":"summary_large_image","schema":{"@context":"https:\/\/schema.org","@graph":[{"@type":"WebPage","@id":"https:\/\/hundtgroup.com\/fr\/produkt\/foret-de-percage-hss-gs-hundt-o30-mm\/","url":"https:\/\/hundtgroup.com\/fr\/produkt\/foret-de-percage-hss-gs-hundt-o30-mm\/","name":"Foret de per\u00e7age HSS-GS Hundt \u00d83,0 mm - Wilhelm Hundt GmbH","isPartOf":{"@id":"https:\/\/hundtgroup.com\/fr\/#website"},"primaryImageOfPage":{"@id":"https:\/\/hundtgroup.com\/fr\/produkt\/foret-de-percage-hss-gs-hundt-o30-mm\/#primaryimage"},"image":{"@id":"https:\/\/hundtgroup.com\/fr\/produkt\/foret-de-percage-hss-gs-hundt-o30-mm\/#primaryimage"},"thumbnailUrl":"https:\/\/hundtgroup.com\/wp-content\/uploads\/451300.png","datePublished":"2022-10-26T13:59:24+00:00","dateModified":"2025-07-29T11:22:15+00:00","breadcrumb":{"@id":"https:\/\/hundtgroup.com\/fr\/produkt\/foret-de-percage-hss-gs-hundt-o30-mm\/#breadcrumb"},"inLanguage":"fr-FR","potentialAction":[{"@type":"ReadAction","target":["https:\/\/hundtgroup.com\/fr\/produkt\/foret-de-percage-hss-gs-hundt-o30-mm\/"]}]},{"@type":"ImageObject","inLanguage":"fr-FR","@id":"https:\/\/hundtgroup.com\/fr\/produkt\/foret-de-percage-hss-gs-hundt-o30-mm\/#primaryimage","url":"https:\/\/hundtgroup.com\/wp-content\/uploads\/451300.png","contentUrl":"https:\/\/hundtgroup.com\/wp-content\/uploads\/451300.png","width":827,"height":186},{"@type":"BreadcrumbList","@id":"https:\/\/hundtgroup.com\/fr\/produkt\/foret-de-percage-hss-gs-hundt-o30-mm\/#breadcrumb","itemListElement":[{"@type":"ListItem","position":1,"name":"Startseite","item":"https:\/\/hundtgroup.com\/fr\/accueil-nouveau\/"},{"@type":"ListItem","position":2,"name":"Boutique","item":"https:\/\/hundtgroup.com\/boutique\/"},{"@type":"ListItem","position":3,"name":"Foret de per\u00e7age HSS-GS Hundt \u00d83,0 mm"}]},{"@type":"WebSite","@id":"https:\/\/hundtgroup.com\/fr\/#website","url":"https:\/\/hundtgroup.com\/fr\/","name":"Wilhelm Hundt GmbH","description":"Votre sp\u00e9cialiste en machines et outils pour le travail de la t\u00f4le","potentialAction":[{"@type":"SearchAction","target":{"@type":"EntryPoint","urlTemplate":"https:\/\/hundtgroup.com\/fr\/?s={search_term_string}"},"query-input":{"@type":"PropertyValueSpecification","valueRequired":true,"valueName":"search_term_string"}}],"inLanguage":"fr-FR"}]}},"_links":{"self":[{"href":"https:\/\/hundtgroup.com\/fr\/wp-json\/wp\/v2\/product\/24661","targetHints":{"allow":["GET"]}}],"collection":[{"href":"https:\/\/hundtgroup.com\/fr\/wp-json\/wp\/v2\/product"}],"about":[{"href":"https:\/\/hundtgroup.com\/fr\/wp-json\/wp\/v2\/types\/product"}],"wp:featuredmedia":[{"embeddable":true,"href":"https:\/\/hundtgroup.com\/fr\/wp-json\/wp\/v2\/media\/24037"}],"wp:attachment":[{"href":"https:\/\/hundtgroup.com\/fr\/wp-json\/wp\/v2\/media?parent=24661"}],"wp:term":[{"taxonomy":"product_cat","embeddable":true,"href":"https:\/\/hundtgroup.com\/fr\/wp-json\/wp\/v2\/product_cat?post=24661"},{"taxonomy":"product_tag","embeddable":true,"href":"https:\/\/hundtgroup.com\/fr\/wp-json\/wp\/v2\/product_tag?post=24661"}],"curies":[{"name":"wp","href":"https:\/\/api.w.org\/{rel}","templated":true}]}}