{"id":24755,"date":"2022-10-26T15:59:24","date_gmt":"2022-10-26T13:59:24","guid":{"rendered":"https:\/\/hundtgroup.com\/produkt\/cle-a-douille-hundt-avec-securite-a-billes-sw-10\/"},"modified":"2025-07-29T13:18:26","modified_gmt":"2025-07-29T11:18:26","slug":"cle-a-douille-hundt-avec-securite-a-billes-sw-10","status":"publish","type":"product","link":"https:\/\/hundtgroup.com\/fr\/produkt\/cle-a-douille-hundt-avec-securite-a-billes-sw-10\/","title":{"rendered":"Cl\u00e9 \u00e0 douille Hundt avec s\u00e9curit\u00e9 \u00e0 billes SW 10"},"content":{"rendered":"<p>Pour vis non magn\u00e9tiques, entra\u00eenement DIN 3126 &#8211; E6.3, les vis en acier inoxydable sont bloqu\u00e9es et ne tombent pas de la cl\u00e9 \u00e0 douille, dur\u00e9e de vie \u00e9lev\u00e9e<br \/>\n, pas de perte du ressort<\/p>\n","protected":false},"excerpt":{"rendered":"<p>Pour vis non magn\u00e9tiques, entra\u00eenement DIN 3126 &#8211; E6.3, les vis en acier inoxydable sont bloqu\u00e9es et ne tombent pas de la cl\u00e9 \u00e0 douille, dur\u00e9e de vie \u00e9lev\u00e9e , pas de perte du ressort<\/p>\n","protected":false},"featured_media":24509,"template":"","meta":{"_acf_changed":false,"inline_featured_image":false},"product_cat":[1227,1269,1144],"product_tag":[],"class_list":{"0":"post-24755","1":"product","2":"type-product","3":"status-publish","4":"has-post-thumbnail","6":"brand-hundt","7":"product_cat-missions","8":"product_cat-cle-a-douille-securite-a-billes","9":"product_cat-accessoires-batterie-electrique","11":"first","12":"instock","13":"taxable","14":"shipping-taxable","15":"purchasable","16":"product-type-simple","17":"add-to-wishlist-before_image"},"acf":[],"yoast_head":"<!-- This site is optimized with the Yoast SEO plugin v27.3 - https:\/\/yoast.com\/product\/yoast-seo-wordpress\/ -->\n<title>Cl\u00e9 \u00e0 douille Hundt avec s\u00e9curit\u00e9 \u00e0 billes SW 10 - Wilhelm Hundt GmbH<\/title>\n<meta name=\"robots\" content=\"index, follow, max-snippet:-1, max-image-preview:large, max-video-preview:-1\" \/>\n<link rel=\"canonical\" href=\"https:\/\/hundtgroup.com\/fr\/produkt\/cle-a-douille-hundt-avec-securite-a-billes-sw-10\/\" \/>\n<meta property=\"og:locale\" content=\"fr_FR\" \/>\n<meta property=\"og:type\" content=\"article\" \/>\n<meta property=\"og:title\" content=\"Cl\u00e9 \u00e0 douille Hundt avec s\u00e9curit\u00e9 \u00e0 billes SW 10 - Wilhelm Hundt GmbH\" \/>\n<meta property=\"og:description\" content=\"Pour vis non magn\u00e9tiques, entra\u00eenement DIN 3126 &#8211; E6.3, les vis en acier inoxydable sont bloqu\u00e9es et ne tombent pas de la cl\u00e9 \u00e0 douille, dur\u00e9e de vie \u00e9lev\u00e9e , pas de perte du ressort\" \/>\n<meta property=\"og:url\" content=\"https:\/\/hundtgroup.com\/fr\/produkt\/cle-a-douille-hundt-avec-securite-a-billes-sw-10\/\" \/>\n<meta property=\"og:site_name\" content=\"Wilhelm Hundt GmbH\" \/>\n<meta property=\"article:modified_time\" content=\"2025-07-29T11:18:26+00:00\" \/>\n<meta property=\"og:image\" content=\"https:\/\/hundtgroup.com\/wp-content\/uploads\/355042.png\" \/>\n\t<meta property=\"og:image:width\" content=\"551\" \/>\n\t<meta property=\"og:image:height\" content=\"173\" \/>\n\t<meta property=\"og:image:type\" content=\"image\/png\" \/>\n<meta name=\"twitter:card\" content=\"summary_large_image\" \/>\n<script type=\"application\/ld+json\" class=\"yoast-schema-graph\">{\"@context\":\"https:\\\/\\\/schema.org\",\"@graph\":[{\"@type\":\"WebPage\",\"@id\":\"https:\\\/\\\/hundtgroup.com\\\/fr\\\/produkt\\\/cle-a-douille-hundt-avec-securite-a-billes-sw-10\\\/\",\"url\":\"https:\\\/\\\/hundtgroup.com\\\/fr\\\/produkt\\\/cle-a-douille-hundt-avec-securite-a-billes-sw-10\\\/\",\"name\":\"Cl\u00e9 \u00e0 douille Hundt avec s\u00e9curit\u00e9 \u00e0 billes SW 10 - Wilhelm Hundt GmbH\",\"isPartOf\":{\"@id\":\"https:\\\/\\\/hundtgroup.com\\\/fr\\\/#website\"},\"primaryImageOfPage\":{\"@id\":\"https:\\\/\\\/hundtgroup.com\\\/fr\\\/produkt\\\/cle-a-douille-hundt-avec-securite-a-billes-sw-10\\\/#primaryimage\"},\"image\":{\"@id\":\"https:\\\/\\\/hundtgroup.com\\\/fr\\\/produkt\\\/cle-a-douille-hundt-avec-securite-a-billes-sw-10\\\/#primaryimage\"},\"thumbnailUrl\":\"https:\\\/\\\/hundtgroup.com\\\/wp-content\\\/uploads\\\/355042.png\",\"datePublished\":\"2022-10-26T13:59:24+00:00\",\"dateModified\":\"2025-07-29T11:18:26+00:00\",\"breadcrumb\":{\"@id\":\"https:\\\/\\\/hundtgroup.com\\\/fr\\\/produkt\\\/cle-a-douille-hundt-avec-securite-a-billes-sw-10\\\/#breadcrumb\"},\"inLanguage\":\"fr-FR\",\"potentialAction\":[{\"@type\":\"ReadAction\",\"target\":[\"https:\\\/\\\/hundtgroup.com\\\/fr\\\/produkt\\\/cle-a-douille-hundt-avec-securite-a-billes-sw-10\\\/\"]}]},{\"@type\":\"ImageObject\",\"inLanguage\":\"fr-FR\",\"@id\":\"https:\\\/\\\/hundtgroup.com\\\/fr\\\/produkt\\\/cle-a-douille-hundt-avec-securite-a-billes-sw-10\\\/#primaryimage\",\"url\":\"https:\\\/\\\/hundtgroup.com\\\/wp-content\\\/uploads\\\/355042.png\",\"contentUrl\":\"https:\\\/\\\/hundtgroup.com\\\/wp-content\\\/uploads\\\/355042.png\",\"width\":551,\"height\":173},{\"@type\":\"BreadcrumbList\",\"@id\":\"https:\\\/\\\/hundtgroup.com\\\/fr\\\/produkt\\\/cle-a-douille-hundt-avec-securite-a-billes-sw-10\\\/#breadcrumb\",\"itemListElement\":[{\"@type\":\"ListItem\",\"position\":1,\"name\":\"Startseite\",\"item\":\"https:\\\/\\\/hundtgroup.com\\\/fr\\\/accueil-nouveau\\\/\"},{\"@type\":\"ListItem\",\"position\":2,\"name\":\"Boutique\",\"item\":\"https:\\\/\\\/hundtgroup.com\\\/boutique\\\/\"},{\"@type\":\"ListItem\",\"position\":3,\"name\":\"Cl\u00e9 \u00e0 douille Hundt avec s\u00e9curit\u00e9 \u00e0 billes SW 10\"}]},{\"@type\":\"WebSite\",\"@id\":\"https:\\\/\\\/hundtgroup.com\\\/fr\\\/#website\",\"url\":\"https:\\\/\\\/hundtgroup.com\\\/fr\\\/\",\"name\":\"Wilhelm Hundt GmbH\",\"description\":\"Votre sp\u00e9cialiste en machines et outils pour le travail de la t\u00f4le\",\"potentialAction\":[{\"@type\":\"SearchAction\",\"target\":{\"@type\":\"EntryPoint\",\"urlTemplate\":\"https:\\\/\\\/hundtgroup.com\\\/fr\\\/?s={search_term_string}\"},\"query-input\":{\"@type\":\"PropertyValueSpecification\",\"valueRequired\":true,\"valueName\":\"search_term_string\"}}],\"inLanguage\":\"fr-FR\"}]}<\/script>\n<!-- \/ Yoast SEO plugin. -->","yoast_head_json":{"title":"Cl\u00e9 \u00e0 douille Hundt avec s\u00e9curit\u00e9 \u00e0 billes SW 10 - Wilhelm Hundt GmbH","robots":{"index":"index","follow":"follow","max-snippet":"max-snippet:-1","max-image-preview":"max-image-preview:large","max-video-preview":"max-video-preview:-1"},"canonical":"https:\/\/hundtgroup.com\/fr\/produkt\/cle-a-douille-hundt-avec-securite-a-billes-sw-10\/","og_locale":"fr_FR","og_type":"article","og_title":"Cl\u00e9 \u00e0 douille Hundt avec s\u00e9curit\u00e9 \u00e0 billes SW 10 - Wilhelm Hundt GmbH","og_description":"Pour vis non magn\u00e9tiques, entra\u00eenement DIN 3126 &#8211; E6.3, les vis en acier inoxydable sont bloqu\u00e9es et ne tombent pas de la cl\u00e9 \u00e0 douille, dur\u00e9e de vie \u00e9lev\u00e9e , pas de perte du ressort","og_url":"https:\/\/hundtgroup.com\/fr\/produkt\/cle-a-douille-hundt-avec-securite-a-billes-sw-10\/","og_site_name":"Wilhelm Hundt GmbH","article_modified_time":"2025-07-29T11:18:26+00:00","og_image":[{"width":551,"height":173,"url":"https:\/\/hundtgroup.com\/wp-content\/uploads\/355042.png","type":"image\/png"}],"twitter_card":"summary_large_image","schema":{"@context":"https:\/\/schema.org","@graph":[{"@type":"WebPage","@id":"https:\/\/hundtgroup.com\/fr\/produkt\/cle-a-douille-hundt-avec-securite-a-billes-sw-10\/","url":"https:\/\/hundtgroup.com\/fr\/produkt\/cle-a-douille-hundt-avec-securite-a-billes-sw-10\/","name":"Cl\u00e9 \u00e0 douille Hundt avec s\u00e9curit\u00e9 \u00e0 billes SW 10 - Wilhelm Hundt GmbH","isPartOf":{"@id":"https:\/\/hundtgroup.com\/fr\/#website"},"primaryImageOfPage":{"@id":"https:\/\/hundtgroup.com\/fr\/produkt\/cle-a-douille-hundt-avec-securite-a-billes-sw-10\/#primaryimage"},"image":{"@id":"https:\/\/hundtgroup.com\/fr\/produkt\/cle-a-douille-hundt-avec-securite-a-billes-sw-10\/#primaryimage"},"thumbnailUrl":"https:\/\/hundtgroup.com\/wp-content\/uploads\/355042.png","datePublished":"2022-10-26T13:59:24+00:00","dateModified":"2025-07-29T11:18:26+00:00","breadcrumb":{"@id":"https:\/\/hundtgroup.com\/fr\/produkt\/cle-a-douille-hundt-avec-securite-a-billes-sw-10\/#breadcrumb"},"inLanguage":"fr-FR","potentialAction":[{"@type":"ReadAction","target":["https:\/\/hundtgroup.com\/fr\/produkt\/cle-a-douille-hundt-avec-securite-a-billes-sw-10\/"]}]},{"@type":"ImageObject","inLanguage":"fr-FR","@id":"https:\/\/hundtgroup.com\/fr\/produkt\/cle-a-douille-hundt-avec-securite-a-billes-sw-10\/#primaryimage","url":"https:\/\/hundtgroup.com\/wp-content\/uploads\/355042.png","contentUrl":"https:\/\/hundtgroup.com\/wp-content\/uploads\/355042.png","width":551,"height":173},{"@type":"BreadcrumbList","@id":"https:\/\/hundtgroup.com\/fr\/produkt\/cle-a-douille-hundt-avec-securite-a-billes-sw-10\/#breadcrumb","itemListElement":[{"@type":"ListItem","position":1,"name":"Startseite","item":"https:\/\/hundtgroup.com\/fr\/accueil-nouveau\/"},{"@type":"ListItem","position":2,"name":"Boutique","item":"https:\/\/hundtgroup.com\/boutique\/"},{"@type":"ListItem","position":3,"name":"Cl\u00e9 \u00e0 douille Hundt avec s\u00e9curit\u00e9 \u00e0 billes SW 10"}]},{"@type":"WebSite","@id":"https:\/\/hundtgroup.com\/fr\/#website","url":"https:\/\/hundtgroup.com\/fr\/","name":"Wilhelm Hundt GmbH","description":"Votre sp\u00e9cialiste en machines et outils pour le travail de la t\u00f4le","potentialAction":[{"@type":"SearchAction","target":{"@type":"EntryPoint","urlTemplate":"https:\/\/hundtgroup.com\/fr\/?s={search_term_string}"},"query-input":{"@type":"PropertyValueSpecification","valueRequired":true,"valueName":"search_term_string"}}],"inLanguage":"fr-FR"}]}},"_links":{"self":[{"href":"https:\/\/hundtgroup.com\/fr\/wp-json\/wp\/v2\/product\/24755","targetHints":{"allow":["GET"]}}],"collection":[{"href":"https:\/\/hundtgroup.com\/fr\/wp-json\/wp\/v2\/product"}],"about":[{"href":"https:\/\/hundtgroup.com\/fr\/wp-json\/wp\/v2\/types\/product"}],"wp:featuredmedia":[{"embeddable":true,"href":"https:\/\/hundtgroup.com\/fr\/wp-json\/wp\/v2\/media\/24509"}],"wp:attachment":[{"href":"https:\/\/hundtgroup.com\/fr\/wp-json\/wp\/v2\/media?parent=24755"}],"wp:term":[{"taxonomy":"product_cat","embeddable":true,"href":"https:\/\/hundtgroup.com\/fr\/wp-json\/wp\/v2\/product_cat?post=24755"},{"taxonomy":"product_tag","embeddable":true,"href":"https:\/\/hundtgroup.com\/fr\/wp-json\/wp\/v2\/product_tag?post=24755"}],"curies":[{"name":"wp","href":"https:\/\/api.w.org\/{rel}","templated":true}]}}