{"id":24830,"date":"2022-10-26T15:59:34","date_gmt":"2022-10-26T13:59:34","guid":{"rendered":"https:\/\/hundtgroup.com\/produkt\/tambour-de-cable-metallique-de-25-m-chantier\/"},"modified":"2025-08-05T18:12:22","modified_gmt":"2025-08-05T16:12:22","slug":"tambour-de-cable-metallique-de-25-m-chantier","status":"publish","type":"product","link":"https:\/\/hundtgroup.com\/fr\/produkt\/tambour-de-cable-metallique-de-25-m-chantier\/","title":{"rendered":"Tambour de c\u00e2ble m\u00e9tallique de 25 m chantier"},"content":{"rendered":"<p>Convient \u00e0 l&rsquo;utilisation sur les chantiers.<br \/>\nCorps du tambour en t\u00f4le d&rsquo;acier galvanis\u00e9e \u00e0 chaud avec isolation de protection sp\u00e9ciale pour \u00e9viter les chocs \u00e9lectriques dus \u00e0 des faisceaux de c\u00e2bles d\u00e9fectueux lorsque le c\u00e2ble est enroul\u00e9.<br \/>\nPied stable, galvanis\u00e9 et amortissant les chocs avec frein de blocage.<br \/>\nDisjoncteur thermique VDE \u00e0 fonctionnement automatique pour \u00e9viter la surchauffe.<br \/>\n3 prises de courant de s\u00e9curit\u00e9 avec couvercles rabattables de s\u00e9curit\u00e9 et marteaux.<br \/>\nAvec guide-c\u00e2ble brevet\u00e9.<br \/>\nEnrouleur de c\u00e2ble test\u00e9 par la DGUV. Conforme \u00e0 la norme BGI 608 <\/p>\n","protected":false},"excerpt":{"rendered":"<p>Convient \u00e0 l&rsquo;utilisation sur les chantiers. Corps du tambour en t\u00f4le d&rsquo;acier galvanis\u00e9e \u00e0 chaud avec isolation de protection sp\u00e9ciale pour \u00e9viter les chocs \u00e9lectriques dus \u00e0 des faisceaux de c\u00e2bles d\u00e9fectueux lorsque le c\u00e2ble est enroul\u00e9. Pied stable, galvanis\u00e9 et amortissant les chocs avec frein de blocage. Disjoncteur thermique VDE \u00e0 fonctionnement automatique pour [&hellip;]<\/p>\n","protected":false},"featured_media":24286,"template":"","meta":{"_acf_changed":false,"inline_featured_image":false},"product_cat":[1229,1142],"product_tag":[],"class_list":{"0":"post-24830","1":"product","2":"type-product","3":"status-publish","4":"has-post-thumbnail","6":"brand-hundt","7":"product_cat-enrouleurs-de-cable","8":"product_cat-electricite","10":"first","11":"instock","12":"taxable","13":"shipping-taxable","14":"purchasable","15":"product-type-simple","16":"add-to-wishlist-before_image"},"acf":[],"yoast_head":"<!-- This site is optimized with the Yoast SEO plugin v27.3 - https:\/\/yoast.com\/product\/yoast-seo-wordpress\/ -->\n<title>Tambour de c\u00e2ble m\u00e9tallique de 25 m chantier - Wilhelm Hundt GmbH<\/title>\n<meta name=\"robots\" content=\"index, follow, max-snippet:-1, max-image-preview:large, max-video-preview:-1\" \/>\n<link rel=\"canonical\" href=\"https:\/\/hundtgroup.com\/fr\/produkt\/tambour-de-cable-metallique-de-25-m-chantier\/\" \/>\n<meta property=\"og:locale\" content=\"fr_FR\" \/>\n<meta property=\"og:type\" content=\"article\" \/>\n<meta property=\"og:title\" content=\"Tambour de c\u00e2ble m\u00e9tallique de 25 m chantier - Wilhelm Hundt GmbH\" \/>\n<meta property=\"og:description\" content=\"Convient \u00e0 l&rsquo;utilisation sur les chantiers. Corps du tambour en t\u00f4le d&rsquo;acier galvanis\u00e9e \u00e0 chaud avec isolation de protection sp\u00e9ciale pour \u00e9viter les chocs \u00e9lectriques dus \u00e0 des faisceaux de c\u00e2bles d\u00e9fectueux lorsque le c\u00e2ble est enroul\u00e9. Pied stable, galvanis\u00e9 et amortissant les chocs avec frein de blocage. Disjoncteur thermique VDE \u00e0 fonctionnement automatique pour [&hellip;]\" \/>\n<meta property=\"og:url\" content=\"https:\/\/hundtgroup.com\/fr\/produkt\/tambour-de-cable-metallique-de-25-m-chantier\/\" \/>\n<meta property=\"og:site_name\" content=\"Wilhelm Hundt GmbH\" \/>\n<meta property=\"article:modified_time\" content=\"2025-08-05T16:12:22+00:00\" \/>\n<meta property=\"og:image\" content=\"https:\/\/hundtgroup.com\/wp-content\/uploads\/230014.png\" \/>\n\t<meta property=\"og:image:width\" content=\"442\" \/>\n\t<meta property=\"og:image:height\" content=\"591\" \/>\n\t<meta property=\"og:image:type\" content=\"image\/png\" \/>\n<meta name=\"twitter:card\" content=\"summary_large_image\" \/>\n<script type=\"application\/ld+json\" class=\"yoast-schema-graph\">{\"@context\":\"https:\\\/\\\/schema.org\",\"@graph\":[{\"@type\":\"WebPage\",\"@id\":\"https:\\\/\\\/hundtgroup.com\\\/fr\\\/produkt\\\/tambour-de-cable-metallique-de-25-m-chantier\\\/\",\"url\":\"https:\\\/\\\/hundtgroup.com\\\/fr\\\/produkt\\\/tambour-de-cable-metallique-de-25-m-chantier\\\/\",\"name\":\"Tambour de c\u00e2ble m\u00e9tallique de 25 m chantier - Wilhelm Hundt GmbH\",\"isPartOf\":{\"@id\":\"https:\\\/\\\/hundtgroup.com\\\/fr\\\/#website\"},\"primaryImageOfPage\":{\"@id\":\"https:\\\/\\\/hundtgroup.com\\\/fr\\\/produkt\\\/tambour-de-cable-metallique-de-25-m-chantier\\\/#primaryimage\"},\"image\":{\"@id\":\"https:\\\/\\\/hundtgroup.com\\\/fr\\\/produkt\\\/tambour-de-cable-metallique-de-25-m-chantier\\\/#primaryimage\"},\"thumbnailUrl\":\"https:\\\/\\\/hundtgroup.com\\\/wp-content\\\/uploads\\\/230014.png\",\"datePublished\":\"2022-10-26T13:59:34+00:00\",\"dateModified\":\"2025-08-05T16:12:22+00:00\",\"breadcrumb\":{\"@id\":\"https:\\\/\\\/hundtgroup.com\\\/fr\\\/produkt\\\/tambour-de-cable-metallique-de-25-m-chantier\\\/#breadcrumb\"},\"inLanguage\":\"fr-FR\",\"potentialAction\":[{\"@type\":\"ReadAction\",\"target\":[\"https:\\\/\\\/hundtgroup.com\\\/fr\\\/produkt\\\/tambour-de-cable-metallique-de-25-m-chantier\\\/\"]}]},{\"@type\":\"ImageObject\",\"inLanguage\":\"fr-FR\",\"@id\":\"https:\\\/\\\/hundtgroup.com\\\/fr\\\/produkt\\\/tambour-de-cable-metallique-de-25-m-chantier\\\/#primaryimage\",\"url\":\"https:\\\/\\\/hundtgroup.com\\\/wp-content\\\/uploads\\\/230014.png\",\"contentUrl\":\"https:\\\/\\\/hundtgroup.com\\\/wp-content\\\/uploads\\\/230014.png\",\"width\":442,\"height\":591},{\"@type\":\"BreadcrumbList\",\"@id\":\"https:\\\/\\\/hundtgroup.com\\\/fr\\\/produkt\\\/tambour-de-cable-metallique-de-25-m-chantier\\\/#breadcrumb\",\"itemListElement\":[{\"@type\":\"ListItem\",\"position\":1,\"name\":\"Startseite\",\"item\":\"https:\\\/\\\/hundtgroup.com\\\/fr\\\/accueil-nouveau\\\/\"},{\"@type\":\"ListItem\",\"position\":2,\"name\":\"Boutique\",\"item\":\"https:\\\/\\\/hundtgroup.com\\\/boutique\\\/\"},{\"@type\":\"ListItem\",\"position\":3,\"name\":\"Tambour de c\u00e2ble m\u00e9tallique de 25 m chantier\"}]},{\"@type\":\"WebSite\",\"@id\":\"https:\\\/\\\/hundtgroup.com\\\/fr\\\/#website\",\"url\":\"https:\\\/\\\/hundtgroup.com\\\/fr\\\/\",\"name\":\"Wilhelm Hundt GmbH\",\"description\":\"Votre sp\u00e9cialiste en machines et outils pour le travail de la t\u00f4le\",\"potentialAction\":[{\"@type\":\"SearchAction\",\"target\":{\"@type\":\"EntryPoint\",\"urlTemplate\":\"https:\\\/\\\/hundtgroup.com\\\/fr\\\/?s={search_term_string}\"},\"query-input\":{\"@type\":\"PropertyValueSpecification\",\"valueRequired\":true,\"valueName\":\"search_term_string\"}}],\"inLanguage\":\"fr-FR\"}]}<\/script>\n<!-- \/ Yoast SEO plugin. -->","yoast_head_json":{"title":"Tambour de c\u00e2ble m\u00e9tallique de 25 m chantier - Wilhelm Hundt GmbH","robots":{"index":"index","follow":"follow","max-snippet":"max-snippet:-1","max-image-preview":"max-image-preview:large","max-video-preview":"max-video-preview:-1"},"canonical":"https:\/\/hundtgroup.com\/fr\/produkt\/tambour-de-cable-metallique-de-25-m-chantier\/","og_locale":"fr_FR","og_type":"article","og_title":"Tambour de c\u00e2ble m\u00e9tallique de 25 m chantier - Wilhelm Hundt GmbH","og_description":"Convient \u00e0 l&rsquo;utilisation sur les chantiers. Corps du tambour en t\u00f4le d&rsquo;acier galvanis\u00e9e \u00e0 chaud avec isolation de protection sp\u00e9ciale pour \u00e9viter les chocs \u00e9lectriques dus \u00e0 des faisceaux de c\u00e2bles d\u00e9fectueux lorsque le c\u00e2ble est enroul\u00e9. Pied stable, galvanis\u00e9 et amortissant les chocs avec frein de blocage. Disjoncteur thermique VDE \u00e0 fonctionnement automatique pour [&hellip;]","og_url":"https:\/\/hundtgroup.com\/fr\/produkt\/tambour-de-cable-metallique-de-25-m-chantier\/","og_site_name":"Wilhelm Hundt GmbH","article_modified_time":"2025-08-05T16:12:22+00:00","og_image":[{"width":442,"height":591,"url":"https:\/\/hundtgroup.com\/wp-content\/uploads\/230014.png","type":"image\/png"}],"twitter_card":"summary_large_image","schema":{"@context":"https:\/\/schema.org","@graph":[{"@type":"WebPage","@id":"https:\/\/hundtgroup.com\/fr\/produkt\/tambour-de-cable-metallique-de-25-m-chantier\/","url":"https:\/\/hundtgroup.com\/fr\/produkt\/tambour-de-cable-metallique-de-25-m-chantier\/","name":"Tambour de c\u00e2ble m\u00e9tallique de 25 m chantier - Wilhelm Hundt GmbH","isPartOf":{"@id":"https:\/\/hundtgroup.com\/fr\/#website"},"primaryImageOfPage":{"@id":"https:\/\/hundtgroup.com\/fr\/produkt\/tambour-de-cable-metallique-de-25-m-chantier\/#primaryimage"},"image":{"@id":"https:\/\/hundtgroup.com\/fr\/produkt\/tambour-de-cable-metallique-de-25-m-chantier\/#primaryimage"},"thumbnailUrl":"https:\/\/hundtgroup.com\/wp-content\/uploads\/230014.png","datePublished":"2022-10-26T13:59:34+00:00","dateModified":"2025-08-05T16:12:22+00:00","breadcrumb":{"@id":"https:\/\/hundtgroup.com\/fr\/produkt\/tambour-de-cable-metallique-de-25-m-chantier\/#breadcrumb"},"inLanguage":"fr-FR","potentialAction":[{"@type":"ReadAction","target":["https:\/\/hundtgroup.com\/fr\/produkt\/tambour-de-cable-metallique-de-25-m-chantier\/"]}]},{"@type":"ImageObject","inLanguage":"fr-FR","@id":"https:\/\/hundtgroup.com\/fr\/produkt\/tambour-de-cable-metallique-de-25-m-chantier\/#primaryimage","url":"https:\/\/hundtgroup.com\/wp-content\/uploads\/230014.png","contentUrl":"https:\/\/hundtgroup.com\/wp-content\/uploads\/230014.png","width":442,"height":591},{"@type":"BreadcrumbList","@id":"https:\/\/hundtgroup.com\/fr\/produkt\/tambour-de-cable-metallique-de-25-m-chantier\/#breadcrumb","itemListElement":[{"@type":"ListItem","position":1,"name":"Startseite","item":"https:\/\/hundtgroup.com\/fr\/accueil-nouveau\/"},{"@type":"ListItem","position":2,"name":"Boutique","item":"https:\/\/hundtgroup.com\/boutique\/"},{"@type":"ListItem","position":3,"name":"Tambour de c\u00e2ble m\u00e9tallique de 25 m chantier"}]},{"@type":"WebSite","@id":"https:\/\/hundtgroup.com\/fr\/#website","url":"https:\/\/hundtgroup.com\/fr\/","name":"Wilhelm Hundt GmbH","description":"Votre sp\u00e9cialiste en machines et outils pour le travail de la t\u00f4le","potentialAction":[{"@type":"SearchAction","target":{"@type":"EntryPoint","urlTemplate":"https:\/\/hundtgroup.com\/fr\/?s={search_term_string}"},"query-input":{"@type":"PropertyValueSpecification","valueRequired":true,"valueName":"search_term_string"}}],"inLanguage":"fr-FR"}]}},"_links":{"self":[{"href":"https:\/\/hundtgroup.com\/fr\/wp-json\/wp\/v2\/product\/24830","targetHints":{"allow":["GET"]}}],"collection":[{"href":"https:\/\/hundtgroup.com\/fr\/wp-json\/wp\/v2\/product"}],"about":[{"href":"https:\/\/hundtgroup.com\/fr\/wp-json\/wp\/v2\/types\/product"}],"wp:featuredmedia":[{"embeddable":true,"href":"https:\/\/hundtgroup.com\/fr\/wp-json\/wp\/v2\/media\/24286"}],"wp:attachment":[{"href":"https:\/\/hundtgroup.com\/fr\/wp-json\/wp\/v2\/media?parent=24830"}],"wp:term":[{"taxonomy":"product_cat","embeddable":true,"href":"https:\/\/hundtgroup.com\/fr\/wp-json\/wp\/v2\/product_cat?post=24830"},{"taxonomy":"product_tag","embeddable":true,"href":"https:\/\/hundtgroup.com\/fr\/wp-json\/wp\/v2\/product_tag?post=24830"}],"curies":[{"name":"wp","href":"https:\/\/api.w.org\/{rel}","templated":true}]}}