{"id":25014,"date":"2022-10-26T15:59:39","date_gmt":"2022-10-26T13:59:39","guid":{"rendered":"https:\/\/hundtgroup.com\/produkt\/gants-de-travail-cygnomont-22-taille-9\/"},"modified":"2025-08-05T18:05:58","modified_gmt":"2025-08-05T16:05:58","slug":"gants-de-travail-cygnomont-22-taille-9","status":"publish","type":"product","link":"https:\/\/hundtgroup.com\/fr\/produkt\/gants-de-travail-cygnomont-22-taille-9\/","title":{"rendered":"Gants de travail Cygnomont 22 taille 9"},"content":{"rendered":"<p>Gant en nylon tricot\u00e9 fin avec enduction PU noire et tricot circulaire sans couture pour une excellente sensibilit\u00e9 tactile et un ajustement parfait.<br \/>\nRespirant gr\u00e2ce \u00e0 son dos ouvert<br \/>\nEnduction PU pour une prise en main s\u00fbre et une r\u00e9sistance \u00e0 l&rsquo;abrasion extra \u00e9lev\u00e9e<\/p>\n<p>Utilisation principale : pour les travaux de pr\u00e9cision, les travaux de finition, les travaux g\u00e9n\u00e9raux ainsi que les contr\u00f4les de la qualit\u00e9.<\/p>\n","protected":false},"excerpt":{"rendered":"<p>Gant en nylon tricot\u00e9 fin avec enduction PU noire et tricot circulaire sans couture pour une excellente sensibilit\u00e9 tactile et un ajustement parfait. Respirant gr\u00e2ce \u00e0 son dos ouvert Enduction PU pour une prise en main s\u00fbre et une r\u00e9sistance \u00e0 l&rsquo;abrasion extra \u00e9lev\u00e9e Utilisation principale : pour les travaux de pr\u00e9cision, les travaux de [&hellip;]<\/p>\n","protected":false},"featured_media":24450,"template":"","meta":{"_acf_changed":false,"inline_featured_image":false},"product_cat":[1233,1141],"product_tag":[],"class_list":{"0":"post-25014","1":"product","2":"type-product","3":"status-publish","4":"has-post-thumbnail","6":"brand-hundt","7":"product_cat-gants-de-travail","8":"product_cat-sante-et-securite-au-travail","10":"first","11":"instock","12":"taxable","13":"shipping-taxable","14":"purchasable","15":"product-type-simple","16":"add-to-wishlist-before_image"},"acf":[],"yoast_head":"<!-- This site is optimized with the Yoast SEO plugin v27.3 - https:\/\/yoast.com\/product\/yoast-seo-wordpress\/ -->\n<title>Gants de travail Cygnomont 22 taille 9 - Wilhelm Hundt GmbH<\/title>\n<meta name=\"robots\" content=\"index, follow, max-snippet:-1, max-image-preview:large, max-video-preview:-1\" \/>\n<link rel=\"canonical\" href=\"https:\/\/hundtgroup.com\/fr\/produkt\/gants-de-travail-cygnomont-22-taille-9\/\" \/>\n<meta property=\"og:locale\" content=\"fr_FR\" \/>\n<meta property=\"og:type\" content=\"article\" \/>\n<meta property=\"og:title\" content=\"Gants de travail Cygnomont 22 taille 9 - Wilhelm Hundt GmbH\" \/>\n<meta property=\"og:description\" content=\"Gant en nylon tricot\u00e9 fin avec enduction PU noire et tricot circulaire sans couture pour une excellente sensibilit\u00e9 tactile et un ajustement parfait. Respirant gr\u00e2ce \u00e0 son dos ouvert Enduction PU pour une prise en main s\u00fbre et une r\u00e9sistance \u00e0 l&rsquo;abrasion extra \u00e9lev\u00e9e Utilisation principale : pour les travaux de pr\u00e9cision, les travaux de [&hellip;]\" \/>\n<meta property=\"og:url\" content=\"https:\/\/hundtgroup.com\/fr\/produkt\/gants-de-travail-cygnomont-22-taille-9\/\" \/>\n<meta property=\"og:site_name\" content=\"Wilhelm Hundt GmbH\" \/>\n<meta property=\"article:modified_time\" content=\"2025-08-05T16:05:58+00:00\" \/>\n<meta property=\"og:image\" content=\"https:\/\/hundtgroup.com\/wp-content\/uploads\/290179.png\" \/>\n\t<meta property=\"og:image:width\" content=\"517\" \/>\n\t<meta property=\"og:image:height\" content=\"472\" \/>\n\t<meta property=\"og:image:type\" content=\"image\/png\" \/>\n<meta name=\"twitter:card\" content=\"summary_large_image\" \/>\n<script type=\"application\/ld+json\" class=\"yoast-schema-graph\">{\"@context\":\"https:\\\/\\\/schema.org\",\"@graph\":[{\"@type\":\"WebPage\",\"@id\":\"https:\\\/\\\/hundtgroup.com\\\/fr\\\/produkt\\\/gants-de-travail-cygnomont-22-taille-9\\\/\",\"url\":\"https:\\\/\\\/hundtgroup.com\\\/fr\\\/produkt\\\/gants-de-travail-cygnomont-22-taille-9\\\/\",\"name\":\"Gants de travail Cygnomont 22 taille 9 - Wilhelm Hundt GmbH\",\"isPartOf\":{\"@id\":\"https:\\\/\\\/hundtgroup.com\\\/fr\\\/#website\"},\"primaryImageOfPage\":{\"@id\":\"https:\\\/\\\/hundtgroup.com\\\/fr\\\/produkt\\\/gants-de-travail-cygnomont-22-taille-9\\\/#primaryimage\"},\"image\":{\"@id\":\"https:\\\/\\\/hundtgroup.com\\\/fr\\\/produkt\\\/gants-de-travail-cygnomont-22-taille-9\\\/#primaryimage\"},\"thumbnailUrl\":\"https:\\\/\\\/hundtgroup.com\\\/wp-content\\\/uploads\\\/290179.png\",\"datePublished\":\"2022-10-26T13:59:39+00:00\",\"dateModified\":\"2025-08-05T16:05:58+00:00\",\"breadcrumb\":{\"@id\":\"https:\\\/\\\/hundtgroup.com\\\/fr\\\/produkt\\\/gants-de-travail-cygnomont-22-taille-9\\\/#breadcrumb\"},\"inLanguage\":\"fr-FR\",\"potentialAction\":[{\"@type\":\"ReadAction\",\"target\":[\"https:\\\/\\\/hundtgroup.com\\\/fr\\\/produkt\\\/gants-de-travail-cygnomont-22-taille-9\\\/\"]}]},{\"@type\":\"ImageObject\",\"inLanguage\":\"fr-FR\",\"@id\":\"https:\\\/\\\/hundtgroup.com\\\/fr\\\/produkt\\\/gants-de-travail-cygnomont-22-taille-9\\\/#primaryimage\",\"url\":\"https:\\\/\\\/hundtgroup.com\\\/wp-content\\\/uploads\\\/290179.png\",\"contentUrl\":\"https:\\\/\\\/hundtgroup.com\\\/wp-content\\\/uploads\\\/290179.png\",\"width\":517,\"height\":472},{\"@type\":\"BreadcrumbList\",\"@id\":\"https:\\\/\\\/hundtgroup.com\\\/fr\\\/produkt\\\/gants-de-travail-cygnomont-22-taille-9\\\/#breadcrumb\",\"itemListElement\":[{\"@type\":\"ListItem\",\"position\":1,\"name\":\"Startseite\",\"item\":\"https:\\\/\\\/hundtgroup.com\\\/fr\\\/accueil-nouveau\\\/\"},{\"@type\":\"ListItem\",\"position\":2,\"name\":\"Boutique\",\"item\":\"https:\\\/\\\/hundtgroup.com\\\/boutique\\\/\"},{\"@type\":\"ListItem\",\"position\":3,\"name\":\"Gants de travail Cygnomont 22 taille 9\"}]},{\"@type\":\"WebSite\",\"@id\":\"https:\\\/\\\/hundtgroup.com\\\/fr\\\/#website\",\"url\":\"https:\\\/\\\/hundtgroup.com\\\/fr\\\/\",\"name\":\"Wilhelm Hundt GmbH\",\"description\":\"Votre sp\u00e9cialiste en machines et outils pour le travail de la t\u00f4le\",\"potentialAction\":[{\"@type\":\"SearchAction\",\"target\":{\"@type\":\"EntryPoint\",\"urlTemplate\":\"https:\\\/\\\/hundtgroup.com\\\/fr\\\/?s={search_term_string}\"},\"query-input\":{\"@type\":\"PropertyValueSpecification\",\"valueRequired\":true,\"valueName\":\"search_term_string\"}}],\"inLanguage\":\"fr-FR\"}]}<\/script>\n<!-- \/ Yoast SEO plugin. -->","yoast_head_json":{"title":"Gants de travail Cygnomont 22 taille 9 - Wilhelm Hundt GmbH","robots":{"index":"index","follow":"follow","max-snippet":"max-snippet:-1","max-image-preview":"max-image-preview:large","max-video-preview":"max-video-preview:-1"},"canonical":"https:\/\/hundtgroup.com\/fr\/produkt\/gants-de-travail-cygnomont-22-taille-9\/","og_locale":"fr_FR","og_type":"article","og_title":"Gants de travail Cygnomont 22 taille 9 - Wilhelm Hundt GmbH","og_description":"Gant en nylon tricot\u00e9 fin avec enduction PU noire et tricot circulaire sans couture pour une excellente sensibilit\u00e9 tactile et un ajustement parfait. Respirant gr\u00e2ce \u00e0 son dos ouvert Enduction PU pour une prise en main s\u00fbre et une r\u00e9sistance \u00e0 l&rsquo;abrasion extra \u00e9lev\u00e9e Utilisation principale : pour les travaux de pr\u00e9cision, les travaux de [&hellip;]","og_url":"https:\/\/hundtgroup.com\/fr\/produkt\/gants-de-travail-cygnomont-22-taille-9\/","og_site_name":"Wilhelm Hundt GmbH","article_modified_time":"2025-08-05T16:05:58+00:00","og_image":[{"width":517,"height":472,"url":"https:\/\/hundtgroup.com\/wp-content\/uploads\/290179.png","type":"image\/png"}],"twitter_card":"summary_large_image","schema":{"@context":"https:\/\/schema.org","@graph":[{"@type":"WebPage","@id":"https:\/\/hundtgroup.com\/fr\/produkt\/gants-de-travail-cygnomont-22-taille-9\/","url":"https:\/\/hundtgroup.com\/fr\/produkt\/gants-de-travail-cygnomont-22-taille-9\/","name":"Gants de travail Cygnomont 22 taille 9 - Wilhelm Hundt GmbH","isPartOf":{"@id":"https:\/\/hundtgroup.com\/fr\/#website"},"primaryImageOfPage":{"@id":"https:\/\/hundtgroup.com\/fr\/produkt\/gants-de-travail-cygnomont-22-taille-9\/#primaryimage"},"image":{"@id":"https:\/\/hundtgroup.com\/fr\/produkt\/gants-de-travail-cygnomont-22-taille-9\/#primaryimage"},"thumbnailUrl":"https:\/\/hundtgroup.com\/wp-content\/uploads\/290179.png","datePublished":"2022-10-26T13:59:39+00:00","dateModified":"2025-08-05T16:05:58+00:00","breadcrumb":{"@id":"https:\/\/hundtgroup.com\/fr\/produkt\/gants-de-travail-cygnomont-22-taille-9\/#breadcrumb"},"inLanguage":"fr-FR","potentialAction":[{"@type":"ReadAction","target":["https:\/\/hundtgroup.com\/fr\/produkt\/gants-de-travail-cygnomont-22-taille-9\/"]}]},{"@type":"ImageObject","inLanguage":"fr-FR","@id":"https:\/\/hundtgroup.com\/fr\/produkt\/gants-de-travail-cygnomont-22-taille-9\/#primaryimage","url":"https:\/\/hundtgroup.com\/wp-content\/uploads\/290179.png","contentUrl":"https:\/\/hundtgroup.com\/wp-content\/uploads\/290179.png","width":517,"height":472},{"@type":"BreadcrumbList","@id":"https:\/\/hundtgroup.com\/fr\/produkt\/gants-de-travail-cygnomont-22-taille-9\/#breadcrumb","itemListElement":[{"@type":"ListItem","position":1,"name":"Startseite","item":"https:\/\/hundtgroup.com\/fr\/accueil-nouveau\/"},{"@type":"ListItem","position":2,"name":"Boutique","item":"https:\/\/hundtgroup.com\/boutique\/"},{"@type":"ListItem","position":3,"name":"Gants de travail Cygnomont 22 taille 9"}]},{"@type":"WebSite","@id":"https:\/\/hundtgroup.com\/fr\/#website","url":"https:\/\/hundtgroup.com\/fr\/","name":"Wilhelm Hundt GmbH","description":"Votre sp\u00e9cialiste en machines et outils pour le travail de la t\u00f4le","potentialAction":[{"@type":"SearchAction","target":{"@type":"EntryPoint","urlTemplate":"https:\/\/hundtgroup.com\/fr\/?s={search_term_string}"},"query-input":{"@type":"PropertyValueSpecification","valueRequired":true,"valueName":"search_term_string"}}],"inLanguage":"fr-FR"}]}},"_links":{"self":[{"href":"https:\/\/hundtgroup.com\/fr\/wp-json\/wp\/v2\/product\/25014","targetHints":{"allow":["GET"]}}],"collection":[{"href":"https:\/\/hundtgroup.com\/fr\/wp-json\/wp\/v2\/product"}],"about":[{"href":"https:\/\/hundtgroup.com\/fr\/wp-json\/wp\/v2\/types\/product"}],"wp:featuredmedia":[{"embeddable":true,"href":"https:\/\/hundtgroup.com\/fr\/wp-json\/wp\/v2\/media\/24450"}],"wp:attachment":[{"href":"https:\/\/hundtgroup.com\/fr\/wp-json\/wp\/v2\/media?parent=25014"}],"wp:term":[{"taxonomy":"product_cat","embeddable":true,"href":"https:\/\/hundtgroup.com\/fr\/wp-json\/wp\/v2\/product_cat?post=25014"},{"taxonomy":"product_tag","embeddable":true,"href":"https:\/\/hundtgroup.com\/fr\/wp-json\/wp\/v2\/product_tag?post=25014"}],"curies":[{"name":"wp","href":"https:\/\/api.w.org\/{rel}","templated":true}]}}