{"id":25085,"date":"2022-10-26T15:59:13","date_gmt":"2022-10-26T13:59:13","guid":{"rendered":"https:\/\/hundtgroup.com\/produkt\/pince-a-riveter-manuelle-pour-rivets-aveugles-tios-4\/"},"modified":"2025-07-29T13:02:06","modified_gmt":"2025-07-29T11:02:06","slug":"pince-a-riveter-manuelle-pour-rivets-aveugles-tios-4","status":"publish","type":"product","link":"https:\/\/hundtgroup.com\/fr\/produkt\/pince-a-riveter-manuelle-pour-rivets-aveugles-tios-4\/","title":{"rendered":"Pince \u00e0 riveter manuelle pour rivets aveugles TIOS 4"},"content":{"rendered":"<p>Pince manuelle pour rivets aveugles TIOS 4 avec ressort d&rsquo;ouverture<br \/>\nBo\u00eetier en fonte d&rsquo;alliage l\u00e9ger sp\u00e9cial avec insert en acier moul\u00e9 pour recevoir l&#8217;embout<br \/>\nPoign\u00e9e de levier et int\u00e9rieur en acier de haute qualit\u00e9<br \/>\nPince manuelle pour rivets (avec embout correspondant) pour la pose de rivets aveugles de diam\u00e8tre 2,4 \/ 2,8 \/ 3,0 \/ 3,2 \/ 4,0 mm en aluminium, acier, cuivre ou Monel ainsi que pour les rivets aveugles \u00e0 coupelle de diam\u00e8tre 3,2 mm en aluminium et cuivre<\/p>\n","protected":false},"excerpt":{"rendered":"<p>Pince manuelle pour rivets aveugles TIOS 4 avec ressort d&rsquo;ouverture Bo\u00eetier en fonte d&rsquo;alliage l\u00e9ger sp\u00e9cial avec insert en acier moul\u00e9 pour recevoir l&#8217;embout Poign\u00e9e de levier et int\u00e9rieur en acier de haute qualit\u00e9 Pince manuelle pour rivets (avec embout correspondant) pour la pose de rivets aveugles de diam\u00e8tre 2,4 \/ 2,8 \/ 3,0 \/ [&hellip;]<\/p>\n","protected":false},"featured_media":25086,"template":"","meta":{"_acf_changed":false,"inline_featured_image":false},"product_cat":[1222,1221],"product_tag":[],"class_list":{"0":"post-25085","1":"product","2":"type-product","3":"status-publish","4":"has-post-thumbnail","6":"brand-titgemeyer","7":"product_cat-manuel","8":"product_cat-outils-de-rivetage","10":"first","11":"instock","12":"taxable","13":"shipping-taxable","14":"purchasable","15":"product-type-simple","16":"add-to-wishlist-before_image"},"acf":[],"yoast_head":"<!-- This site is optimized with the Yoast SEO plugin v27.3 - https:\/\/yoast.com\/product\/yoast-seo-wordpress\/ -->\n<title>Pince \u00e0 riveter manuelle pour rivets aveugles TIOS 4 - Wilhelm Hundt GmbH<\/title>\n<meta name=\"robots\" content=\"index, follow, max-snippet:-1, max-image-preview:large, max-video-preview:-1\" \/>\n<link rel=\"canonical\" href=\"https:\/\/hundtgroup.com\/fr\/produkt\/pince-a-riveter-manuelle-pour-rivets-aveugles-tios-4\/\" \/>\n<meta property=\"og:locale\" content=\"fr_FR\" \/>\n<meta property=\"og:type\" content=\"article\" \/>\n<meta property=\"og:title\" content=\"Pince \u00e0 riveter manuelle pour rivets aveugles TIOS 4 - Wilhelm Hundt GmbH\" \/>\n<meta property=\"og:description\" content=\"Pince manuelle pour rivets aveugles TIOS 4 avec ressort d&rsquo;ouverture Bo\u00eetier en fonte d&rsquo;alliage l\u00e9ger sp\u00e9cial avec insert en acier moul\u00e9 pour recevoir l&#8217;embout Poign\u00e9e de levier et int\u00e9rieur en acier de haute qualit\u00e9 Pince manuelle pour rivets (avec embout correspondant) pour la pose de rivets aveugles de diam\u00e8tre 2,4 \/ 2,8 \/ 3,0 \/ [&hellip;]\" \/>\n<meta property=\"og:url\" content=\"https:\/\/hundtgroup.com\/fr\/produkt\/pince-a-riveter-manuelle-pour-rivets-aveugles-tios-4\/\" \/>\n<meta property=\"og:site_name\" content=\"Wilhelm Hundt GmbH\" \/>\n<meta property=\"article:modified_time\" content=\"2025-07-29T11:02:06+00:00\" \/>\n<meta property=\"og:image\" content=\"https:\/\/hundtgroup.com\/wp-content\/uploads\/500450.png\" \/>\n\t<meta property=\"og:image:width\" content=\"758\" \/>\n\t<meta property=\"og:image:height\" content=\"369\" \/>\n\t<meta property=\"og:image:type\" content=\"image\/png\" \/>\n<meta name=\"twitter:card\" content=\"summary_large_image\" \/>\n<script type=\"application\/ld+json\" class=\"yoast-schema-graph\">{\"@context\":\"https:\\\/\\\/schema.org\",\"@graph\":[{\"@type\":\"WebPage\",\"@id\":\"https:\\\/\\\/hundtgroup.com\\\/fr\\\/produkt\\\/pince-a-riveter-manuelle-pour-rivets-aveugles-tios-4\\\/\",\"url\":\"https:\\\/\\\/hundtgroup.com\\\/fr\\\/produkt\\\/pince-a-riveter-manuelle-pour-rivets-aveugles-tios-4\\\/\",\"name\":\"Pince \u00e0 riveter manuelle pour rivets aveugles TIOS 4 - Wilhelm Hundt GmbH\",\"isPartOf\":{\"@id\":\"https:\\\/\\\/hundtgroup.com\\\/fr\\\/#website\"},\"primaryImageOfPage\":{\"@id\":\"https:\\\/\\\/hundtgroup.com\\\/fr\\\/produkt\\\/pince-a-riveter-manuelle-pour-rivets-aveugles-tios-4\\\/#primaryimage\"},\"image\":{\"@id\":\"https:\\\/\\\/hundtgroup.com\\\/fr\\\/produkt\\\/pince-a-riveter-manuelle-pour-rivets-aveugles-tios-4\\\/#primaryimage\"},\"thumbnailUrl\":\"https:\\\/\\\/hundtgroup.com\\\/wp-content\\\/uploads\\\/500450.png\",\"datePublished\":\"2022-10-26T13:59:13+00:00\",\"dateModified\":\"2025-07-29T11:02:06+00:00\",\"breadcrumb\":{\"@id\":\"https:\\\/\\\/hundtgroup.com\\\/fr\\\/produkt\\\/pince-a-riveter-manuelle-pour-rivets-aveugles-tios-4\\\/#breadcrumb\"},\"inLanguage\":\"fr-FR\",\"potentialAction\":[{\"@type\":\"ReadAction\",\"target\":[\"https:\\\/\\\/hundtgroup.com\\\/fr\\\/produkt\\\/pince-a-riveter-manuelle-pour-rivets-aveugles-tios-4\\\/\"]}]},{\"@type\":\"ImageObject\",\"inLanguage\":\"fr-FR\",\"@id\":\"https:\\\/\\\/hundtgroup.com\\\/fr\\\/produkt\\\/pince-a-riveter-manuelle-pour-rivets-aveugles-tios-4\\\/#primaryimage\",\"url\":\"https:\\\/\\\/hundtgroup.com\\\/wp-content\\\/uploads\\\/500450.png\",\"contentUrl\":\"https:\\\/\\\/hundtgroup.com\\\/wp-content\\\/uploads\\\/500450.png\",\"width\":758,\"height\":369},{\"@type\":\"BreadcrumbList\",\"@id\":\"https:\\\/\\\/hundtgroup.com\\\/fr\\\/produkt\\\/pince-a-riveter-manuelle-pour-rivets-aveugles-tios-4\\\/#breadcrumb\",\"itemListElement\":[{\"@type\":\"ListItem\",\"position\":1,\"name\":\"Startseite\",\"item\":\"https:\\\/\\\/hundtgroup.com\\\/fr\\\/accueil-nouveau\\\/\"},{\"@type\":\"ListItem\",\"position\":2,\"name\":\"Boutique\",\"item\":\"https:\\\/\\\/hundtgroup.com\\\/boutique\\\/\"},{\"@type\":\"ListItem\",\"position\":3,\"name\":\"Pince \u00e0 riveter manuelle pour rivets aveugles TIOS 4\"}]},{\"@type\":\"WebSite\",\"@id\":\"https:\\\/\\\/hundtgroup.com\\\/fr\\\/#website\",\"url\":\"https:\\\/\\\/hundtgroup.com\\\/fr\\\/\",\"name\":\"Wilhelm Hundt GmbH\",\"description\":\"Votre sp\u00e9cialiste en machines et outils pour le travail de la t\u00f4le\",\"potentialAction\":[{\"@type\":\"SearchAction\",\"target\":{\"@type\":\"EntryPoint\",\"urlTemplate\":\"https:\\\/\\\/hundtgroup.com\\\/fr\\\/?s={search_term_string}\"},\"query-input\":{\"@type\":\"PropertyValueSpecification\",\"valueRequired\":true,\"valueName\":\"search_term_string\"}}],\"inLanguage\":\"fr-FR\"}]}<\/script>\n<!-- \/ Yoast SEO plugin. -->","yoast_head_json":{"title":"Pince \u00e0 riveter manuelle pour rivets aveugles TIOS 4 - Wilhelm Hundt GmbH","robots":{"index":"index","follow":"follow","max-snippet":"max-snippet:-1","max-image-preview":"max-image-preview:large","max-video-preview":"max-video-preview:-1"},"canonical":"https:\/\/hundtgroup.com\/fr\/produkt\/pince-a-riveter-manuelle-pour-rivets-aveugles-tios-4\/","og_locale":"fr_FR","og_type":"article","og_title":"Pince \u00e0 riveter manuelle pour rivets aveugles TIOS 4 - Wilhelm Hundt GmbH","og_description":"Pince manuelle pour rivets aveugles TIOS 4 avec ressort d&rsquo;ouverture Bo\u00eetier en fonte d&rsquo;alliage l\u00e9ger sp\u00e9cial avec insert en acier moul\u00e9 pour recevoir l&#8217;embout Poign\u00e9e de levier et int\u00e9rieur en acier de haute qualit\u00e9 Pince manuelle pour rivets (avec embout correspondant) pour la pose de rivets aveugles de diam\u00e8tre 2,4 \/ 2,8 \/ 3,0 \/ [&hellip;]","og_url":"https:\/\/hundtgroup.com\/fr\/produkt\/pince-a-riveter-manuelle-pour-rivets-aveugles-tios-4\/","og_site_name":"Wilhelm Hundt GmbH","article_modified_time":"2025-07-29T11:02:06+00:00","og_image":[{"width":758,"height":369,"url":"https:\/\/hundtgroup.com\/wp-content\/uploads\/500450.png","type":"image\/png"}],"twitter_card":"summary_large_image","schema":{"@context":"https:\/\/schema.org","@graph":[{"@type":"WebPage","@id":"https:\/\/hundtgroup.com\/fr\/produkt\/pince-a-riveter-manuelle-pour-rivets-aveugles-tios-4\/","url":"https:\/\/hundtgroup.com\/fr\/produkt\/pince-a-riveter-manuelle-pour-rivets-aveugles-tios-4\/","name":"Pince \u00e0 riveter manuelle pour rivets aveugles TIOS 4 - Wilhelm Hundt GmbH","isPartOf":{"@id":"https:\/\/hundtgroup.com\/fr\/#website"},"primaryImageOfPage":{"@id":"https:\/\/hundtgroup.com\/fr\/produkt\/pince-a-riveter-manuelle-pour-rivets-aveugles-tios-4\/#primaryimage"},"image":{"@id":"https:\/\/hundtgroup.com\/fr\/produkt\/pince-a-riveter-manuelle-pour-rivets-aveugles-tios-4\/#primaryimage"},"thumbnailUrl":"https:\/\/hundtgroup.com\/wp-content\/uploads\/500450.png","datePublished":"2022-10-26T13:59:13+00:00","dateModified":"2025-07-29T11:02:06+00:00","breadcrumb":{"@id":"https:\/\/hundtgroup.com\/fr\/produkt\/pince-a-riveter-manuelle-pour-rivets-aveugles-tios-4\/#breadcrumb"},"inLanguage":"fr-FR","potentialAction":[{"@type":"ReadAction","target":["https:\/\/hundtgroup.com\/fr\/produkt\/pince-a-riveter-manuelle-pour-rivets-aveugles-tios-4\/"]}]},{"@type":"ImageObject","inLanguage":"fr-FR","@id":"https:\/\/hundtgroup.com\/fr\/produkt\/pince-a-riveter-manuelle-pour-rivets-aveugles-tios-4\/#primaryimage","url":"https:\/\/hundtgroup.com\/wp-content\/uploads\/500450.png","contentUrl":"https:\/\/hundtgroup.com\/wp-content\/uploads\/500450.png","width":758,"height":369},{"@type":"BreadcrumbList","@id":"https:\/\/hundtgroup.com\/fr\/produkt\/pince-a-riveter-manuelle-pour-rivets-aveugles-tios-4\/#breadcrumb","itemListElement":[{"@type":"ListItem","position":1,"name":"Startseite","item":"https:\/\/hundtgroup.com\/fr\/accueil-nouveau\/"},{"@type":"ListItem","position":2,"name":"Boutique","item":"https:\/\/hundtgroup.com\/boutique\/"},{"@type":"ListItem","position":3,"name":"Pince \u00e0 riveter manuelle pour rivets aveugles TIOS 4"}]},{"@type":"WebSite","@id":"https:\/\/hundtgroup.com\/fr\/#website","url":"https:\/\/hundtgroup.com\/fr\/","name":"Wilhelm Hundt GmbH","description":"Votre sp\u00e9cialiste en machines et outils pour le travail de la t\u00f4le","potentialAction":[{"@type":"SearchAction","target":{"@type":"EntryPoint","urlTemplate":"https:\/\/hundtgroup.com\/fr\/?s={search_term_string}"},"query-input":{"@type":"PropertyValueSpecification","valueRequired":true,"valueName":"search_term_string"}}],"inLanguage":"fr-FR"}]}},"_links":{"self":[{"href":"https:\/\/hundtgroup.com\/fr\/wp-json\/wp\/v2\/product\/25085","targetHints":{"allow":["GET"]}}],"collection":[{"href":"https:\/\/hundtgroup.com\/fr\/wp-json\/wp\/v2\/product"}],"about":[{"href":"https:\/\/hundtgroup.com\/fr\/wp-json\/wp\/v2\/types\/product"}],"wp:featuredmedia":[{"embeddable":true,"href":"https:\/\/hundtgroup.com\/fr\/wp-json\/wp\/v2\/media\/25086"}],"wp:attachment":[{"href":"https:\/\/hundtgroup.com\/fr\/wp-json\/wp\/v2\/media?parent=25085"}],"wp:term":[{"taxonomy":"product_cat","embeddable":true,"href":"https:\/\/hundtgroup.com\/fr\/wp-json\/wp\/v2\/product_cat?post=25085"},{"taxonomy":"product_tag","embeddable":true,"href":"https:\/\/hundtgroup.com\/fr\/wp-json\/wp\/v2\/product_tag?post=25085"}],"curies":[{"name":"wp","href":"https:\/\/api.w.org\/{rel}","templated":true}]}}