{"id":25238,"date":"2022-10-26T15:59:16","date_gmt":"2022-10-26T13:59:16","guid":{"rendered":"https:\/\/hundtgroup.com\/produkt\/makita-df333dsae-perceuse-visseuse-sans-fil-12-v-20-ah\/"},"modified":"2025-07-29T13:10:10","modified_gmt":"2025-07-29T11:10:10","slug":"makita-df333dsae-perceuse-visseuse-sans-fil-12-v-20-ah","status":"publish","type":"product","link":"https:\/\/hundtgroup.com\/fr\/produkt\/makita-df333dsae-perceuse-visseuse-sans-fil-12-v-20-ah\/","title":{"rendered":"Makita DF333DSAE Perceuse-visseuse sans fil 12 V 2,0 Ah"},"content":{"rendered":"<p>Moteur puissant pour une vitesse de travail et un couple \u00e9lev\u00e9s,<br \/>\nIndicateur de capacit\u00e9 de la batterie, 18 positions de r\u00e9glage du couple plus une position de per\u00e7age,<br \/>\nContr\u00f4le de temp\u00e9rature int\u00e9gr\u00e9, protection contre les surcharges et les d\u00e9charges profondes<\/p>\n","protected":false},"excerpt":{"rendered":"<p>Moteur puissant pour une vitesse de travail et un couple \u00e9lev\u00e9s, Indicateur de capacit\u00e9 de la batterie, 18 positions de r\u00e9glage du couple plus une position de per\u00e7age, Contr\u00f4le de temp\u00e9rature int\u00e9gr\u00e9, protection contre les surcharges et les d\u00e9charges profondes<\/p>\n","protected":false},"featured_media":25240,"template":"","meta":{"_acf_changed":false,"inline_featured_image":false},"product_cat":[658,1226],"product_tag":[],"class_list":{"0":"post-25238","1":"product","2":"type-product","3":"status-publish","4":"has-post-thumbnail","6":"brand-makita","7":"product_cat-outils-sans-fil","8":"product_cat-perceuse-visseuse","10":"first","11":"instock","12":"taxable","13":"shipping-taxable","14":"purchasable","15":"product-type-simple","16":"add-to-wishlist-before_image"},"acf":[],"yoast_head":"<!-- This site is optimized with the Yoast SEO plugin v27.3 - https:\/\/yoast.com\/product\/yoast-seo-wordpress\/ -->\n<title>Makita DF333DSAE Perceuse-visseuse sans fil 12 V 2,0 Ah - Wilhelm Hundt GmbH<\/title>\n<meta name=\"robots\" content=\"index, follow, max-snippet:-1, max-image-preview:large, max-video-preview:-1\" \/>\n<link rel=\"canonical\" href=\"https:\/\/hundtgroup.com\/fr\/produkt\/makita-df333dsae-perceuse-visseuse-sans-fil-12-v-20-ah\/\" \/>\n<meta property=\"og:locale\" content=\"fr_FR\" \/>\n<meta property=\"og:type\" content=\"article\" \/>\n<meta property=\"og:title\" content=\"Makita DF333DSAE Perceuse-visseuse sans fil 12 V 2,0 Ah - Wilhelm Hundt GmbH\" \/>\n<meta property=\"og:description\" content=\"Moteur puissant pour une vitesse de travail et un couple \u00e9lev\u00e9s, Indicateur de capacit\u00e9 de la batterie, 18 positions de r\u00e9glage du couple plus une position de per\u00e7age, Contr\u00f4le de temp\u00e9rature int\u00e9gr\u00e9, protection contre les surcharges et les d\u00e9charges profondes\" \/>\n<meta property=\"og:url\" content=\"https:\/\/hundtgroup.com\/fr\/produkt\/makita-df333dsae-perceuse-visseuse-sans-fil-12-v-20-ah\/\" \/>\n<meta property=\"og:site_name\" content=\"Wilhelm Hundt GmbH\" \/>\n<meta property=\"article:modified_time\" content=\"2025-07-29T11:10:10+00:00\" \/>\n<meta property=\"og:image\" content=\"https:\/\/hundtgroup.com\/wp-content\/uploads\/300015-1-scaled.jpg\" \/>\n\t<meta property=\"og:image:width\" content=\"1839\" \/>\n\t<meta property=\"og:image:height\" content=\"2560\" \/>\n\t<meta property=\"og:image:type\" content=\"image\/jpeg\" \/>\n<meta name=\"twitter:card\" content=\"summary_large_image\" \/>\n<script type=\"application\/ld+json\" class=\"yoast-schema-graph\">{\"@context\":\"https:\\\/\\\/schema.org\",\"@graph\":[{\"@type\":\"WebPage\",\"@id\":\"https:\\\/\\\/hundtgroup.com\\\/fr\\\/produkt\\\/makita-df333dsae-perceuse-visseuse-sans-fil-12-v-20-ah\\\/\",\"url\":\"https:\\\/\\\/hundtgroup.com\\\/fr\\\/produkt\\\/makita-df333dsae-perceuse-visseuse-sans-fil-12-v-20-ah\\\/\",\"name\":\"Makita DF333DSAE Perceuse-visseuse sans fil 12 V 2,0 Ah - Wilhelm Hundt GmbH\",\"isPartOf\":{\"@id\":\"https:\\\/\\\/hundtgroup.com\\\/fr\\\/#website\"},\"primaryImageOfPage\":{\"@id\":\"https:\\\/\\\/hundtgroup.com\\\/fr\\\/produkt\\\/makita-df333dsae-perceuse-visseuse-sans-fil-12-v-20-ah\\\/#primaryimage\"},\"image\":{\"@id\":\"https:\\\/\\\/hundtgroup.com\\\/fr\\\/produkt\\\/makita-df333dsae-perceuse-visseuse-sans-fil-12-v-20-ah\\\/#primaryimage\"},\"thumbnailUrl\":\"https:\\\/\\\/hundtgroup.com\\\/wp-content\\\/uploads\\\/300015-1-scaled.jpg\",\"datePublished\":\"2022-10-26T13:59:16+00:00\",\"dateModified\":\"2025-07-29T11:10:10+00:00\",\"breadcrumb\":{\"@id\":\"https:\\\/\\\/hundtgroup.com\\\/fr\\\/produkt\\\/makita-df333dsae-perceuse-visseuse-sans-fil-12-v-20-ah\\\/#breadcrumb\"},\"inLanguage\":\"fr-FR\",\"potentialAction\":[{\"@type\":\"ReadAction\",\"target\":[\"https:\\\/\\\/hundtgroup.com\\\/fr\\\/produkt\\\/makita-df333dsae-perceuse-visseuse-sans-fil-12-v-20-ah\\\/\"]}]},{\"@type\":\"ImageObject\",\"inLanguage\":\"fr-FR\",\"@id\":\"https:\\\/\\\/hundtgroup.com\\\/fr\\\/produkt\\\/makita-df333dsae-perceuse-visseuse-sans-fil-12-v-20-ah\\\/#primaryimage\",\"url\":\"https:\\\/\\\/hundtgroup.com\\\/wp-content\\\/uploads\\\/300015-1-scaled.jpg\",\"contentUrl\":\"https:\\\/\\\/hundtgroup.com\\\/wp-content\\\/uploads\\\/300015-1-scaled.jpg\",\"width\":1839,\"height\":2560},{\"@type\":\"BreadcrumbList\",\"@id\":\"https:\\\/\\\/hundtgroup.com\\\/fr\\\/produkt\\\/makita-df333dsae-perceuse-visseuse-sans-fil-12-v-20-ah\\\/#breadcrumb\",\"itemListElement\":[{\"@type\":\"ListItem\",\"position\":1,\"name\":\"Startseite\",\"item\":\"https:\\\/\\\/hundtgroup.com\\\/fr\\\/accueil-nouveau\\\/\"},{\"@type\":\"ListItem\",\"position\":2,\"name\":\"Boutique\",\"item\":\"https:\\\/\\\/hundtgroup.com\\\/boutique\\\/\"},{\"@type\":\"ListItem\",\"position\":3,\"name\":\"Makita DF333DSAE Perceuse-visseuse sans fil 12 V 2,0 Ah\"}]},{\"@type\":\"WebSite\",\"@id\":\"https:\\\/\\\/hundtgroup.com\\\/fr\\\/#website\",\"url\":\"https:\\\/\\\/hundtgroup.com\\\/fr\\\/\",\"name\":\"Wilhelm Hundt GmbH\",\"description\":\"Votre sp\u00e9cialiste en machines et outils pour le travail de la t\u00f4le\",\"potentialAction\":[{\"@type\":\"SearchAction\",\"target\":{\"@type\":\"EntryPoint\",\"urlTemplate\":\"https:\\\/\\\/hundtgroup.com\\\/fr\\\/?s={search_term_string}\"},\"query-input\":{\"@type\":\"PropertyValueSpecification\",\"valueRequired\":true,\"valueName\":\"search_term_string\"}}],\"inLanguage\":\"fr-FR\"}]}<\/script>\n<!-- \/ Yoast SEO plugin. -->","yoast_head_json":{"title":"Makita DF333DSAE Perceuse-visseuse sans fil 12 V 2,0 Ah - Wilhelm Hundt GmbH","robots":{"index":"index","follow":"follow","max-snippet":"max-snippet:-1","max-image-preview":"max-image-preview:large","max-video-preview":"max-video-preview:-1"},"canonical":"https:\/\/hundtgroup.com\/fr\/produkt\/makita-df333dsae-perceuse-visseuse-sans-fil-12-v-20-ah\/","og_locale":"fr_FR","og_type":"article","og_title":"Makita DF333DSAE Perceuse-visseuse sans fil 12 V 2,0 Ah - Wilhelm Hundt GmbH","og_description":"Moteur puissant pour une vitesse de travail et un couple \u00e9lev\u00e9s, Indicateur de capacit\u00e9 de la batterie, 18 positions de r\u00e9glage du couple plus une position de per\u00e7age, Contr\u00f4le de temp\u00e9rature int\u00e9gr\u00e9, protection contre les surcharges et les d\u00e9charges profondes","og_url":"https:\/\/hundtgroup.com\/fr\/produkt\/makita-df333dsae-perceuse-visseuse-sans-fil-12-v-20-ah\/","og_site_name":"Wilhelm Hundt GmbH","article_modified_time":"2025-07-29T11:10:10+00:00","og_image":[{"width":1839,"height":2560,"url":"https:\/\/hundtgroup.com\/wp-content\/uploads\/300015-1-scaled.jpg","type":"image\/jpeg"}],"twitter_card":"summary_large_image","schema":{"@context":"https:\/\/schema.org","@graph":[{"@type":"WebPage","@id":"https:\/\/hundtgroup.com\/fr\/produkt\/makita-df333dsae-perceuse-visseuse-sans-fil-12-v-20-ah\/","url":"https:\/\/hundtgroup.com\/fr\/produkt\/makita-df333dsae-perceuse-visseuse-sans-fil-12-v-20-ah\/","name":"Makita DF333DSAE Perceuse-visseuse sans fil 12 V 2,0 Ah - Wilhelm Hundt GmbH","isPartOf":{"@id":"https:\/\/hundtgroup.com\/fr\/#website"},"primaryImageOfPage":{"@id":"https:\/\/hundtgroup.com\/fr\/produkt\/makita-df333dsae-perceuse-visseuse-sans-fil-12-v-20-ah\/#primaryimage"},"image":{"@id":"https:\/\/hundtgroup.com\/fr\/produkt\/makita-df333dsae-perceuse-visseuse-sans-fil-12-v-20-ah\/#primaryimage"},"thumbnailUrl":"https:\/\/hundtgroup.com\/wp-content\/uploads\/300015-1-scaled.jpg","datePublished":"2022-10-26T13:59:16+00:00","dateModified":"2025-07-29T11:10:10+00:00","breadcrumb":{"@id":"https:\/\/hundtgroup.com\/fr\/produkt\/makita-df333dsae-perceuse-visseuse-sans-fil-12-v-20-ah\/#breadcrumb"},"inLanguage":"fr-FR","potentialAction":[{"@type":"ReadAction","target":["https:\/\/hundtgroup.com\/fr\/produkt\/makita-df333dsae-perceuse-visseuse-sans-fil-12-v-20-ah\/"]}]},{"@type":"ImageObject","inLanguage":"fr-FR","@id":"https:\/\/hundtgroup.com\/fr\/produkt\/makita-df333dsae-perceuse-visseuse-sans-fil-12-v-20-ah\/#primaryimage","url":"https:\/\/hundtgroup.com\/wp-content\/uploads\/300015-1-scaled.jpg","contentUrl":"https:\/\/hundtgroup.com\/wp-content\/uploads\/300015-1-scaled.jpg","width":1839,"height":2560},{"@type":"BreadcrumbList","@id":"https:\/\/hundtgroup.com\/fr\/produkt\/makita-df333dsae-perceuse-visseuse-sans-fil-12-v-20-ah\/#breadcrumb","itemListElement":[{"@type":"ListItem","position":1,"name":"Startseite","item":"https:\/\/hundtgroup.com\/fr\/accueil-nouveau\/"},{"@type":"ListItem","position":2,"name":"Boutique","item":"https:\/\/hundtgroup.com\/boutique\/"},{"@type":"ListItem","position":3,"name":"Makita DF333DSAE Perceuse-visseuse sans fil 12 V 2,0 Ah"}]},{"@type":"WebSite","@id":"https:\/\/hundtgroup.com\/fr\/#website","url":"https:\/\/hundtgroup.com\/fr\/","name":"Wilhelm Hundt GmbH","description":"Votre sp\u00e9cialiste en machines et outils pour le travail de la t\u00f4le","potentialAction":[{"@type":"SearchAction","target":{"@type":"EntryPoint","urlTemplate":"https:\/\/hundtgroup.com\/fr\/?s={search_term_string}"},"query-input":{"@type":"PropertyValueSpecification","valueRequired":true,"valueName":"search_term_string"}}],"inLanguage":"fr-FR"}]}},"_links":{"self":[{"href":"https:\/\/hundtgroup.com\/fr\/wp-json\/wp\/v2\/product\/25238","targetHints":{"allow":["GET"]}}],"collection":[{"href":"https:\/\/hundtgroup.com\/fr\/wp-json\/wp\/v2\/product"}],"about":[{"href":"https:\/\/hundtgroup.com\/fr\/wp-json\/wp\/v2\/types\/product"}],"wp:featuredmedia":[{"embeddable":true,"href":"https:\/\/hundtgroup.com\/fr\/wp-json\/wp\/v2\/media\/25240"}],"wp:attachment":[{"href":"https:\/\/hundtgroup.com\/fr\/wp-json\/wp\/v2\/media?parent=25238"}],"wp:term":[{"taxonomy":"product_cat","embeddable":true,"href":"https:\/\/hundtgroup.com\/fr\/wp-json\/wp\/v2\/product_cat?post=25238"},{"taxonomy":"product_tag","embeddable":true,"href":"https:\/\/hundtgroup.com\/fr\/wp-json\/wp\/v2\/product_tag?post=25238"}],"curies":[{"name":"wp","href":"https:\/\/api.w.org\/{rel}","templated":true}]}}