{"id":25293,"date":"2022-10-26T15:59:16","date_gmt":"2022-10-26T13:59:16","guid":{"rendered":"https:\/\/hundtgroup.com\/produkt\/bz-123-a-appareil-de-pose-de-rivets-aveugles\/"},"modified":"2025-07-29T13:08:27","modified_gmt":"2025-07-29T11:08:27","slug":"bz-123-a-appareil-de-pose-de-rivets-aveugles","status":"publish","type":"product","link":"https:\/\/hundtgroup.com\/fr\/produkt\/bz-123-a-appareil-de-pose-de-rivets-aveugles\/","title":{"rendered":"BZ 123 A Appareil de pose de rivets aveugles"},"content":{"rendered":"<p>L&rsquo;outil puissant &#8211; convient \u00e9galement pour le rivetage aveugle \u00e0 haute r\u00e9sistance<br \/>\nAvec aspiration permanente et intermittente<br \/>\nAvec une ergonomie am\u00e9lior\u00e9e<br \/>\nRaccord de flexible pouvant \u00eatre mont\u00e9 au choix \u00e0 droite ou \u00e0 gauche<br \/>\nR\u00e9duction du bruit<\/p>\n<p>Plage de travail:\u00d8 de rivetage 4,0 &#8211; 8,0 mm Aluminium et acier<br \/>\n\u00d8 de rivetage 4,0 &#8211; 6,4 mm Acier inoxydable<br \/>\n\u00d8 de rivetage 4,0 &#8211; 6,0 mm Cuivre<\/p>\n","protected":false},"excerpt":{"rendered":"<p>L&rsquo;outil puissant &#8211; convient \u00e9galement pour le rivetage aveugle \u00e0 haute r\u00e9sistance Avec aspiration permanente et intermittente Avec une ergonomie am\u00e9lior\u00e9e Raccord de flexible pouvant \u00eatre mont\u00e9 au choix \u00e0 droite ou \u00e0 gauche R\u00e9duction du bruit Plage de travail:\u00d8 de rivetage 4,0 &#8211; 8,0 mm Aluminium et acier \u00d8 de rivetage 4,0 &#8211; 6,4 [&hellip;]<\/p>\n","protected":false},"featured_media":25295,"template":"","meta":{"_acf_changed":false,"inline_featured_image":false},"product_cat":[1221,1224],"product_tag":[],"class_list":{"0":"post-25293","1":"product","2":"type-product","3":"status-publish","4":"has-post-thumbnail","6":"brand-honsel","7":"product_cat-outils-de-rivetage","8":"product_cat-air-comprime","10":"first","11":"instock","12":"taxable","13":"shipping-taxable","14":"purchasable","15":"product-type-simple","16":"add-to-wishlist-before_image"},"acf":[],"yoast_head":"<!-- This site is optimized with the Yoast SEO plugin v27.3 - https:\/\/yoast.com\/product\/yoast-seo-wordpress\/ -->\n<title>BZ 123 A Appareil de pose de rivets aveugles - Wilhelm Hundt GmbH<\/title>\n<meta name=\"robots\" content=\"index, follow, max-snippet:-1, max-image-preview:large, max-video-preview:-1\" \/>\n<link rel=\"canonical\" href=\"https:\/\/hundtgroup.com\/fr\/produkt\/bz-123-a-appareil-de-pose-de-rivets-aveugles\/\" \/>\n<meta property=\"og:locale\" content=\"fr_FR\" \/>\n<meta property=\"og:type\" content=\"article\" \/>\n<meta property=\"og:title\" content=\"BZ 123 A Appareil de pose de rivets aveugles - Wilhelm Hundt GmbH\" \/>\n<meta property=\"og:description\" content=\"L&rsquo;outil puissant &#8211; convient \u00e9galement pour le rivetage aveugle \u00e0 haute r\u00e9sistance Avec aspiration permanente et intermittente Avec une ergonomie am\u00e9lior\u00e9e Raccord de flexible pouvant \u00eatre mont\u00e9 au choix \u00e0 droite ou \u00e0 gauche R\u00e9duction du bruit Plage de travail:\u00d8 de rivetage 4,0 &#8211; 8,0 mm Aluminium et acier \u00d8 de rivetage 4,0 &#8211; 6,4 [&hellip;]\" \/>\n<meta property=\"og:url\" content=\"https:\/\/hundtgroup.com\/fr\/produkt\/bz-123-a-appareil-de-pose-de-rivets-aveugles\/\" \/>\n<meta property=\"og:site_name\" content=\"Wilhelm Hundt GmbH\" \/>\n<meta property=\"article:modified_time\" content=\"2025-07-29T11:08:27+00:00\" \/>\n<meta property=\"og:image\" content=\"https:\/\/hundtgroup.com\/wp-content\/uploads\/500112.jpg\" \/>\n\t<meta property=\"og:image:width\" content=\"1016\" \/>\n\t<meta property=\"og:image:height\" content=\"1200\" \/>\n\t<meta property=\"og:image:type\" content=\"image\/jpeg\" \/>\n<meta name=\"twitter:card\" content=\"summary_large_image\" \/>\n<script type=\"application\/ld+json\" class=\"yoast-schema-graph\">{\"@context\":\"https:\\\/\\\/schema.org\",\"@graph\":[{\"@type\":\"WebPage\",\"@id\":\"https:\\\/\\\/hundtgroup.com\\\/fr\\\/produkt\\\/bz-123-a-appareil-de-pose-de-rivets-aveugles\\\/\",\"url\":\"https:\\\/\\\/hundtgroup.com\\\/fr\\\/produkt\\\/bz-123-a-appareil-de-pose-de-rivets-aveugles\\\/\",\"name\":\"BZ 123 A Appareil de pose de rivets aveugles - Wilhelm Hundt GmbH\",\"isPartOf\":{\"@id\":\"https:\\\/\\\/hundtgroup.com\\\/fr\\\/#website\"},\"primaryImageOfPage\":{\"@id\":\"https:\\\/\\\/hundtgroup.com\\\/fr\\\/produkt\\\/bz-123-a-appareil-de-pose-de-rivets-aveugles\\\/#primaryimage\"},\"image\":{\"@id\":\"https:\\\/\\\/hundtgroup.com\\\/fr\\\/produkt\\\/bz-123-a-appareil-de-pose-de-rivets-aveugles\\\/#primaryimage\"},\"thumbnailUrl\":\"https:\\\/\\\/hundtgroup.com\\\/wp-content\\\/uploads\\\/500112.jpg\",\"datePublished\":\"2022-10-26T13:59:16+00:00\",\"dateModified\":\"2025-07-29T11:08:27+00:00\",\"breadcrumb\":{\"@id\":\"https:\\\/\\\/hundtgroup.com\\\/fr\\\/produkt\\\/bz-123-a-appareil-de-pose-de-rivets-aveugles\\\/#breadcrumb\"},\"inLanguage\":\"fr-FR\",\"potentialAction\":[{\"@type\":\"ReadAction\",\"target\":[\"https:\\\/\\\/hundtgroup.com\\\/fr\\\/produkt\\\/bz-123-a-appareil-de-pose-de-rivets-aveugles\\\/\"]}]},{\"@type\":\"ImageObject\",\"inLanguage\":\"fr-FR\",\"@id\":\"https:\\\/\\\/hundtgroup.com\\\/fr\\\/produkt\\\/bz-123-a-appareil-de-pose-de-rivets-aveugles\\\/#primaryimage\",\"url\":\"https:\\\/\\\/hundtgroup.com\\\/wp-content\\\/uploads\\\/500112.jpg\",\"contentUrl\":\"https:\\\/\\\/hundtgroup.com\\\/wp-content\\\/uploads\\\/500112.jpg\",\"width\":1016,\"height\":1200},{\"@type\":\"BreadcrumbList\",\"@id\":\"https:\\\/\\\/hundtgroup.com\\\/fr\\\/produkt\\\/bz-123-a-appareil-de-pose-de-rivets-aveugles\\\/#breadcrumb\",\"itemListElement\":[{\"@type\":\"ListItem\",\"position\":1,\"name\":\"Startseite\",\"item\":\"https:\\\/\\\/hundtgroup.com\\\/fr\\\/accueil-nouveau\\\/\"},{\"@type\":\"ListItem\",\"position\":2,\"name\":\"Boutique\",\"item\":\"https:\\\/\\\/hundtgroup.com\\\/boutique\\\/\"},{\"@type\":\"ListItem\",\"position\":3,\"name\":\"BZ 123 A Appareil de pose de rivets aveugles\"}]},{\"@type\":\"WebSite\",\"@id\":\"https:\\\/\\\/hundtgroup.com\\\/fr\\\/#website\",\"url\":\"https:\\\/\\\/hundtgroup.com\\\/fr\\\/\",\"name\":\"Wilhelm Hundt GmbH\",\"description\":\"Votre sp\u00e9cialiste en machines et outils pour le travail de la t\u00f4le\",\"potentialAction\":[{\"@type\":\"SearchAction\",\"target\":{\"@type\":\"EntryPoint\",\"urlTemplate\":\"https:\\\/\\\/hundtgroup.com\\\/fr\\\/?s={search_term_string}\"},\"query-input\":{\"@type\":\"PropertyValueSpecification\",\"valueRequired\":true,\"valueName\":\"search_term_string\"}}],\"inLanguage\":\"fr-FR\"}]}<\/script>\n<!-- \/ Yoast SEO plugin. -->","yoast_head_json":{"title":"BZ 123 A Appareil de pose de rivets aveugles - Wilhelm Hundt GmbH","robots":{"index":"index","follow":"follow","max-snippet":"max-snippet:-1","max-image-preview":"max-image-preview:large","max-video-preview":"max-video-preview:-1"},"canonical":"https:\/\/hundtgroup.com\/fr\/produkt\/bz-123-a-appareil-de-pose-de-rivets-aveugles\/","og_locale":"fr_FR","og_type":"article","og_title":"BZ 123 A Appareil de pose de rivets aveugles - Wilhelm Hundt GmbH","og_description":"L&rsquo;outil puissant &#8211; convient \u00e9galement pour le rivetage aveugle \u00e0 haute r\u00e9sistance Avec aspiration permanente et intermittente Avec une ergonomie am\u00e9lior\u00e9e Raccord de flexible pouvant \u00eatre mont\u00e9 au choix \u00e0 droite ou \u00e0 gauche R\u00e9duction du bruit Plage de travail:\u00d8 de rivetage 4,0 &#8211; 8,0 mm Aluminium et acier \u00d8 de rivetage 4,0 &#8211; 6,4 [&hellip;]","og_url":"https:\/\/hundtgroup.com\/fr\/produkt\/bz-123-a-appareil-de-pose-de-rivets-aveugles\/","og_site_name":"Wilhelm Hundt GmbH","article_modified_time":"2025-07-29T11:08:27+00:00","og_image":[{"width":1016,"height":1200,"url":"https:\/\/hundtgroup.com\/wp-content\/uploads\/500112.jpg","type":"image\/jpeg"}],"twitter_card":"summary_large_image","schema":{"@context":"https:\/\/schema.org","@graph":[{"@type":"WebPage","@id":"https:\/\/hundtgroup.com\/fr\/produkt\/bz-123-a-appareil-de-pose-de-rivets-aveugles\/","url":"https:\/\/hundtgroup.com\/fr\/produkt\/bz-123-a-appareil-de-pose-de-rivets-aveugles\/","name":"BZ 123 A Appareil de pose de rivets aveugles - Wilhelm Hundt GmbH","isPartOf":{"@id":"https:\/\/hundtgroup.com\/fr\/#website"},"primaryImageOfPage":{"@id":"https:\/\/hundtgroup.com\/fr\/produkt\/bz-123-a-appareil-de-pose-de-rivets-aveugles\/#primaryimage"},"image":{"@id":"https:\/\/hundtgroup.com\/fr\/produkt\/bz-123-a-appareil-de-pose-de-rivets-aveugles\/#primaryimage"},"thumbnailUrl":"https:\/\/hundtgroup.com\/wp-content\/uploads\/500112.jpg","datePublished":"2022-10-26T13:59:16+00:00","dateModified":"2025-07-29T11:08:27+00:00","breadcrumb":{"@id":"https:\/\/hundtgroup.com\/fr\/produkt\/bz-123-a-appareil-de-pose-de-rivets-aveugles\/#breadcrumb"},"inLanguage":"fr-FR","potentialAction":[{"@type":"ReadAction","target":["https:\/\/hundtgroup.com\/fr\/produkt\/bz-123-a-appareil-de-pose-de-rivets-aveugles\/"]}]},{"@type":"ImageObject","inLanguage":"fr-FR","@id":"https:\/\/hundtgroup.com\/fr\/produkt\/bz-123-a-appareil-de-pose-de-rivets-aveugles\/#primaryimage","url":"https:\/\/hundtgroup.com\/wp-content\/uploads\/500112.jpg","contentUrl":"https:\/\/hundtgroup.com\/wp-content\/uploads\/500112.jpg","width":1016,"height":1200},{"@type":"BreadcrumbList","@id":"https:\/\/hundtgroup.com\/fr\/produkt\/bz-123-a-appareil-de-pose-de-rivets-aveugles\/#breadcrumb","itemListElement":[{"@type":"ListItem","position":1,"name":"Startseite","item":"https:\/\/hundtgroup.com\/fr\/accueil-nouveau\/"},{"@type":"ListItem","position":2,"name":"Boutique","item":"https:\/\/hundtgroup.com\/boutique\/"},{"@type":"ListItem","position":3,"name":"BZ 123 A Appareil de pose de rivets aveugles"}]},{"@type":"WebSite","@id":"https:\/\/hundtgroup.com\/fr\/#website","url":"https:\/\/hundtgroup.com\/fr\/","name":"Wilhelm Hundt GmbH","description":"Votre sp\u00e9cialiste en machines et outils pour le travail de la t\u00f4le","potentialAction":[{"@type":"SearchAction","target":{"@type":"EntryPoint","urlTemplate":"https:\/\/hundtgroup.com\/fr\/?s={search_term_string}"},"query-input":{"@type":"PropertyValueSpecification","valueRequired":true,"valueName":"search_term_string"}}],"inLanguage":"fr-FR"}]}},"_links":{"self":[{"href":"https:\/\/hundtgroup.com\/fr\/wp-json\/wp\/v2\/product\/25293","targetHints":{"allow":["GET"]}}],"collection":[{"href":"https:\/\/hundtgroup.com\/fr\/wp-json\/wp\/v2\/product"}],"about":[{"href":"https:\/\/hundtgroup.com\/fr\/wp-json\/wp\/v2\/types\/product"}],"wp:featuredmedia":[{"embeddable":true,"href":"https:\/\/hundtgroup.com\/fr\/wp-json\/wp\/v2\/media\/25295"}],"wp:attachment":[{"href":"https:\/\/hundtgroup.com\/fr\/wp-json\/wp\/v2\/media?parent=25293"}],"wp:term":[{"taxonomy":"product_cat","embeddable":true,"href":"https:\/\/hundtgroup.com\/fr\/wp-json\/wp\/v2\/product_cat?post=25293"},{"taxonomy":"product_tag","embeddable":true,"href":"https:\/\/hundtgroup.com\/fr\/wp-json\/wp\/v2\/product_tag?post=25293"}],"curies":[{"name":"wp","href":"https:\/\/api.w.org\/{rel}","templated":true}]}}