{"id":25384,"date":"2022-10-26T15:59:16","date_gmt":"2022-10-26T13:59:16","guid":{"rendered":"https:\/\/hundtgroup.com\/produkt\/rr1000-outil-de-pose-de-rivets-a-air-comprime\/"},"modified":"2025-07-29T13:05:53","modified_gmt":"2025-07-29T11:05:53","slug":"rr1000-outil-de-pose-de-rivets-a-air-comprime","status":"publish","type":"product","link":"https:\/\/hundtgroup.com\/fr\/produkt\/rr1000-outil-de-pose-de-rivets-a-air-comprime\/","title":{"rendered":"RR1000 Outil de pose de rivets \u00e0 air comprim\u00e9"},"content":{"rendered":"<p>Le RR1000 est un outil pneumatique moderne &#8211; con\u00e7u pour la pose fiable de rivets aveugles dans les ateliers et chez les artisans.<br \/>\nManiement confortable et \u00e9quipement complet dans une mallette de haute qualit\u00e9.<br \/>\nPose des rivets aveugles de 2,4 mm \u00d8 &#8211; 5,0 mm \u00d8 ( tous mat\u00e9riaux ).<\/p>\n","protected":false},"excerpt":{"rendered":"<p>Le RR1000 est un outil pneumatique moderne &#8211; con\u00e7u pour la pose fiable de rivets aveugles dans les ateliers et chez les artisans. Maniement confortable et \u00e9quipement complet dans une mallette de haute qualit\u00e9. Pose des rivets aveugles de 2,4 mm \u00d8 &#8211; 5,0 mm \u00d8 ( tous mat\u00e9riaux ).<\/p>\n","protected":false},"featured_media":25386,"template":"","meta":{"_acf_changed":false,"inline_featured_image":false},"product_cat":[1221,1224],"product_tag":[],"class_list":{"0":"post-25384","1":"product","2":"type-product","3":"status-publish","4":"has-post-thumbnail","6":"brand-honsel","7":"product_cat-outils-de-rivetage","8":"product_cat-air-comprime","10":"first","11":"instock","12":"taxable","13":"shipping-taxable","14":"purchasable","15":"product-type-simple","16":"add-to-wishlist-before_image"},"acf":[],"yoast_head":"<!-- This site is optimized with the Yoast SEO plugin v27.3 - https:\/\/yoast.com\/product\/yoast-seo-wordpress\/ -->\n<title>RR1000 Outil de pose de rivets \u00e0 air comprim\u00e9 - Wilhelm Hundt GmbH<\/title>\n<meta name=\"robots\" content=\"index, follow, max-snippet:-1, max-image-preview:large, max-video-preview:-1\" \/>\n<link rel=\"canonical\" href=\"https:\/\/hundtgroup.com\/fr\/produkt\/rr1000-outil-de-pose-de-rivets-a-air-comprime\/\" \/>\n<meta property=\"og:locale\" content=\"fr_FR\" \/>\n<meta property=\"og:type\" content=\"article\" \/>\n<meta property=\"og:title\" content=\"RR1000 Outil de pose de rivets \u00e0 air comprim\u00e9 - Wilhelm Hundt GmbH\" \/>\n<meta property=\"og:description\" content=\"Le RR1000 est un outil pneumatique moderne &#8211; con\u00e7u pour la pose fiable de rivets aveugles dans les ateliers et chez les artisans. Maniement confortable et \u00e9quipement complet dans une mallette de haute qualit\u00e9. Pose des rivets aveugles de 2,4 mm \u00d8 &#8211; 5,0 mm \u00d8 ( tous mat\u00e9riaux ).\" \/>\n<meta property=\"og:url\" content=\"https:\/\/hundtgroup.com\/fr\/produkt\/rr1000-outil-de-pose-de-rivets-a-air-comprime\/\" \/>\n<meta property=\"og:site_name\" content=\"Wilhelm Hundt GmbH\" \/>\n<meta property=\"article:modified_time\" content=\"2025-07-29T11:05:53+00:00\" \/>\n<meta property=\"og:image\" content=\"https:\/\/hundtgroup.com\/wp-content\/uploads\/500109.jpg\" \/>\n\t<meta property=\"og:image:width\" content=\"400\" \/>\n\t<meta property=\"og:image:height\" content=\"667\" \/>\n\t<meta property=\"og:image:type\" content=\"image\/jpeg\" \/>\n<meta name=\"twitter:card\" content=\"summary_large_image\" \/>\n<script type=\"application\/ld+json\" class=\"yoast-schema-graph\">{\"@context\":\"https:\\\/\\\/schema.org\",\"@graph\":[{\"@type\":\"WebPage\",\"@id\":\"https:\\\/\\\/hundtgroup.com\\\/fr\\\/produkt\\\/rr1000-outil-de-pose-de-rivets-a-air-comprime\\\/\",\"url\":\"https:\\\/\\\/hundtgroup.com\\\/fr\\\/produkt\\\/rr1000-outil-de-pose-de-rivets-a-air-comprime\\\/\",\"name\":\"RR1000 Outil de pose de rivets \u00e0 air comprim\u00e9 - Wilhelm Hundt GmbH\",\"isPartOf\":{\"@id\":\"https:\\\/\\\/hundtgroup.com\\\/fr\\\/#website\"},\"primaryImageOfPage\":{\"@id\":\"https:\\\/\\\/hundtgroup.com\\\/fr\\\/produkt\\\/rr1000-outil-de-pose-de-rivets-a-air-comprime\\\/#primaryimage\"},\"image\":{\"@id\":\"https:\\\/\\\/hundtgroup.com\\\/fr\\\/produkt\\\/rr1000-outil-de-pose-de-rivets-a-air-comprime\\\/#primaryimage\"},\"thumbnailUrl\":\"https:\\\/\\\/hundtgroup.com\\\/wp-content\\\/uploads\\\/500109.jpg\",\"datePublished\":\"2022-10-26T13:59:16+00:00\",\"dateModified\":\"2025-07-29T11:05:53+00:00\",\"breadcrumb\":{\"@id\":\"https:\\\/\\\/hundtgroup.com\\\/fr\\\/produkt\\\/rr1000-outil-de-pose-de-rivets-a-air-comprime\\\/#breadcrumb\"},\"inLanguage\":\"fr-FR\",\"potentialAction\":[{\"@type\":\"ReadAction\",\"target\":[\"https:\\\/\\\/hundtgroup.com\\\/fr\\\/produkt\\\/rr1000-outil-de-pose-de-rivets-a-air-comprime\\\/\"]}]},{\"@type\":\"ImageObject\",\"inLanguage\":\"fr-FR\",\"@id\":\"https:\\\/\\\/hundtgroup.com\\\/fr\\\/produkt\\\/rr1000-outil-de-pose-de-rivets-a-air-comprime\\\/#primaryimage\",\"url\":\"https:\\\/\\\/hundtgroup.com\\\/wp-content\\\/uploads\\\/500109.jpg\",\"contentUrl\":\"https:\\\/\\\/hundtgroup.com\\\/wp-content\\\/uploads\\\/500109.jpg\",\"width\":400,\"height\":667},{\"@type\":\"BreadcrumbList\",\"@id\":\"https:\\\/\\\/hundtgroup.com\\\/fr\\\/produkt\\\/rr1000-outil-de-pose-de-rivets-a-air-comprime\\\/#breadcrumb\",\"itemListElement\":[{\"@type\":\"ListItem\",\"position\":1,\"name\":\"Startseite\",\"item\":\"https:\\\/\\\/hundtgroup.com\\\/fr\\\/accueil-nouveau\\\/\"},{\"@type\":\"ListItem\",\"position\":2,\"name\":\"Boutique\",\"item\":\"https:\\\/\\\/hundtgroup.com\\\/boutique\\\/\"},{\"@type\":\"ListItem\",\"position\":3,\"name\":\"RR1000 Outil de pose de rivets \u00e0 air comprim\u00e9\"}]},{\"@type\":\"WebSite\",\"@id\":\"https:\\\/\\\/hundtgroup.com\\\/fr\\\/#website\",\"url\":\"https:\\\/\\\/hundtgroup.com\\\/fr\\\/\",\"name\":\"Wilhelm Hundt GmbH\",\"description\":\"Votre sp\u00e9cialiste en machines et outils pour le travail de la t\u00f4le\",\"potentialAction\":[{\"@type\":\"SearchAction\",\"target\":{\"@type\":\"EntryPoint\",\"urlTemplate\":\"https:\\\/\\\/hundtgroup.com\\\/fr\\\/?s={search_term_string}\"},\"query-input\":{\"@type\":\"PropertyValueSpecification\",\"valueRequired\":true,\"valueName\":\"search_term_string\"}}],\"inLanguage\":\"fr-FR\"}]}<\/script>\n<!-- \/ Yoast SEO plugin. -->","yoast_head_json":{"title":"RR1000 Outil de pose de rivets \u00e0 air comprim\u00e9 - Wilhelm Hundt GmbH","robots":{"index":"index","follow":"follow","max-snippet":"max-snippet:-1","max-image-preview":"max-image-preview:large","max-video-preview":"max-video-preview:-1"},"canonical":"https:\/\/hundtgroup.com\/fr\/produkt\/rr1000-outil-de-pose-de-rivets-a-air-comprime\/","og_locale":"fr_FR","og_type":"article","og_title":"RR1000 Outil de pose de rivets \u00e0 air comprim\u00e9 - Wilhelm Hundt GmbH","og_description":"Le RR1000 est un outil pneumatique moderne &#8211; con\u00e7u pour la pose fiable de rivets aveugles dans les ateliers et chez les artisans. Maniement confortable et \u00e9quipement complet dans une mallette de haute qualit\u00e9. Pose des rivets aveugles de 2,4 mm \u00d8 &#8211; 5,0 mm \u00d8 ( tous mat\u00e9riaux ).","og_url":"https:\/\/hundtgroup.com\/fr\/produkt\/rr1000-outil-de-pose-de-rivets-a-air-comprime\/","og_site_name":"Wilhelm Hundt GmbH","article_modified_time":"2025-07-29T11:05:53+00:00","og_image":[{"width":400,"height":667,"url":"https:\/\/hundtgroup.com\/wp-content\/uploads\/500109.jpg","type":"image\/jpeg"}],"twitter_card":"summary_large_image","schema":{"@context":"https:\/\/schema.org","@graph":[{"@type":"WebPage","@id":"https:\/\/hundtgroup.com\/fr\/produkt\/rr1000-outil-de-pose-de-rivets-a-air-comprime\/","url":"https:\/\/hundtgroup.com\/fr\/produkt\/rr1000-outil-de-pose-de-rivets-a-air-comprime\/","name":"RR1000 Outil de pose de rivets \u00e0 air comprim\u00e9 - Wilhelm Hundt GmbH","isPartOf":{"@id":"https:\/\/hundtgroup.com\/fr\/#website"},"primaryImageOfPage":{"@id":"https:\/\/hundtgroup.com\/fr\/produkt\/rr1000-outil-de-pose-de-rivets-a-air-comprime\/#primaryimage"},"image":{"@id":"https:\/\/hundtgroup.com\/fr\/produkt\/rr1000-outil-de-pose-de-rivets-a-air-comprime\/#primaryimage"},"thumbnailUrl":"https:\/\/hundtgroup.com\/wp-content\/uploads\/500109.jpg","datePublished":"2022-10-26T13:59:16+00:00","dateModified":"2025-07-29T11:05:53+00:00","breadcrumb":{"@id":"https:\/\/hundtgroup.com\/fr\/produkt\/rr1000-outil-de-pose-de-rivets-a-air-comprime\/#breadcrumb"},"inLanguage":"fr-FR","potentialAction":[{"@type":"ReadAction","target":["https:\/\/hundtgroup.com\/fr\/produkt\/rr1000-outil-de-pose-de-rivets-a-air-comprime\/"]}]},{"@type":"ImageObject","inLanguage":"fr-FR","@id":"https:\/\/hundtgroup.com\/fr\/produkt\/rr1000-outil-de-pose-de-rivets-a-air-comprime\/#primaryimage","url":"https:\/\/hundtgroup.com\/wp-content\/uploads\/500109.jpg","contentUrl":"https:\/\/hundtgroup.com\/wp-content\/uploads\/500109.jpg","width":400,"height":667},{"@type":"BreadcrumbList","@id":"https:\/\/hundtgroup.com\/fr\/produkt\/rr1000-outil-de-pose-de-rivets-a-air-comprime\/#breadcrumb","itemListElement":[{"@type":"ListItem","position":1,"name":"Startseite","item":"https:\/\/hundtgroup.com\/fr\/accueil-nouveau\/"},{"@type":"ListItem","position":2,"name":"Boutique","item":"https:\/\/hundtgroup.com\/boutique\/"},{"@type":"ListItem","position":3,"name":"RR1000 Outil de pose de rivets \u00e0 air comprim\u00e9"}]},{"@type":"WebSite","@id":"https:\/\/hundtgroup.com\/fr\/#website","url":"https:\/\/hundtgroup.com\/fr\/","name":"Wilhelm Hundt GmbH","description":"Votre sp\u00e9cialiste en machines et outils pour le travail de la t\u00f4le","potentialAction":[{"@type":"SearchAction","target":{"@type":"EntryPoint","urlTemplate":"https:\/\/hundtgroup.com\/fr\/?s={search_term_string}"},"query-input":{"@type":"PropertyValueSpecification","valueRequired":true,"valueName":"search_term_string"}}],"inLanguage":"fr-FR"}]}},"_links":{"self":[{"href":"https:\/\/hundtgroup.com\/fr\/wp-json\/wp\/v2\/product\/25384","targetHints":{"allow":["GET"]}}],"collection":[{"href":"https:\/\/hundtgroup.com\/fr\/wp-json\/wp\/v2\/product"}],"about":[{"href":"https:\/\/hundtgroup.com\/fr\/wp-json\/wp\/v2\/types\/product"}],"wp:featuredmedia":[{"embeddable":true,"href":"https:\/\/hundtgroup.com\/fr\/wp-json\/wp\/v2\/media\/25386"}],"wp:attachment":[{"href":"https:\/\/hundtgroup.com\/fr\/wp-json\/wp\/v2\/media?parent=25384"}],"wp:term":[{"taxonomy":"product_cat","embeddable":true,"href":"https:\/\/hundtgroup.com\/fr\/wp-json\/wp\/v2\/product_cat?post=25384"},{"taxonomy":"product_tag","embeddable":true,"href":"https:\/\/hundtgroup.com\/fr\/wp-json\/wp\/v2\/product_tag?post=25384"}],"curies":[{"name":"wp","href":"https:\/\/api.w.org\/{rel}","templated":true}]}}