{"id":25626,"date":"2022-10-26T15:58:20","date_gmt":"2022-10-26T13:58:20","guid":{"rendered":"https:\/\/hundtgroup.com\/produkt\/ruban-de-marquage-talmeter-tm-2m\/"},"modified":"2025-07-29T12:07:34","modified_gmt":"2025-07-29T10:07:34","slug":"ruban-de-marquage-talmeter-tm-2m","status":"publish","type":"product","link":"https:\/\/hundtgroup.com\/fr\/produkt\/ruban-de-marquage-talmeter-tm-2m\/","title":{"rendered":"Ruban de marquage Talmeter TM 2m"},"content":{"rendered":"<p>M\u00e8tre \u00e0 ruban Talmeter TM.<br \/>\nRuban en acier blanc robuste, graduation en millim\u00e8tres, bo\u00eetier en plastique ABS.<br \/>\nLes ar\u00eates de marquage et de mesure combin\u00e9es permettent de mesurer et de marquer rapidement et facilement les longueurs ext\u00e9rieures et int\u00e9rieures.<br \/>\nMesure ext\u00e9rieure et int\u00e9rieure avec fonction de tra\u00e7age.<br \/>\nFonction circulaire pour marquer les formes rondes.<br \/>\nMesure du diam\u00e8tre<br \/>\nBlocage de la graduation en position normale<\/p>\n","protected":false},"excerpt":{"rendered":"<p>M\u00e8tre \u00e0 ruban Talmeter TM. Ruban en acier blanc robuste, graduation en millim\u00e8tres, bo\u00eetier en plastique ABS. Les ar\u00eates de marquage et de mesure combin\u00e9es permettent de mesurer et de marquer rapidement et facilement les longueurs ext\u00e9rieures et int\u00e9rieures. Mesure ext\u00e9rieure et int\u00e9rieure avec fonction de tra\u00e7age. Fonction circulaire pour marquer les formes rondes. Mesure [&hellip;]<\/p>\n","protected":false},"featured_media":25617,"template":"","meta":{"_acf_changed":false,"inline_featured_image":false},"product_cat":[1143,2766,1156],"product_tag":[],"class_list":{"0":"post-25626","1":"product","2":"type-product","3":"status-publish","4":"has-post-thumbnail","6":"brand-hundt","7":"product_cat-outils-a-main","8":"product_cat-metre-ruban","9":"product_cat-outils-de-mesure","11":"first","12":"instock","13":"taxable","14":"shipping-taxable","15":"purchasable","16":"product-type-simple","17":"add-to-wishlist-before_image"},"acf":[],"yoast_head":"<!-- This site is optimized with the Yoast SEO plugin v27.3 - https:\/\/yoast.com\/product\/yoast-seo-wordpress\/ -->\n<title>Ruban de marquage Talmeter TM 2m - Wilhelm Hundt GmbH<\/title>\n<meta name=\"robots\" content=\"index, follow, max-snippet:-1, max-image-preview:large, max-video-preview:-1\" \/>\n<link rel=\"canonical\" href=\"https:\/\/hundtgroup.com\/fr\/produkt\/ruban-de-marquage-talmeter-tm-2m\/\" \/>\n<meta property=\"og:locale\" content=\"fr_FR\" \/>\n<meta property=\"og:type\" content=\"article\" \/>\n<meta property=\"og:title\" content=\"Ruban de marquage Talmeter TM 2m - Wilhelm Hundt GmbH\" \/>\n<meta property=\"og:description\" content=\"M\u00e8tre \u00e0 ruban Talmeter TM. Ruban en acier blanc robuste, graduation en millim\u00e8tres, bo\u00eetier en plastique ABS. Les ar\u00eates de marquage et de mesure combin\u00e9es permettent de mesurer et de marquer rapidement et facilement les longueurs ext\u00e9rieures et int\u00e9rieures. Mesure ext\u00e9rieure et int\u00e9rieure avec fonction de tra\u00e7age. Fonction circulaire pour marquer les formes rondes. Mesure [&hellip;]\" \/>\n<meta property=\"og:url\" content=\"https:\/\/hundtgroup.com\/fr\/produkt\/ruban-de-marquage-talmeter-tm-2m\/\" \/>\n<meta property=\"og:site_name\" content=\"Wilhelm Hundt GmbH\" \/>\n<meta property=\"article:modified_time\" content=\"2025-07-29T10:07:34+00:00\" \/>\n<meta property=\"og:image\" content=\"https:\/\/hundtgroup.com\/wp-content\/uploads\/420203.png\" \/>\n\t<meta property=\"og:image:width\" content=\"399\" \/>\n\t<meta property=\"og:image:height\" content=\"260\" \/>\n\t<meta property=\"og:image:type\" content=\"image\/png\" \/>\n<meta name=\"twitter:card\" content=\"summary_large_image\" \/>\n<script type=\"application\/ld+json\" class=\"yoast-schema-graph\">{\"@context\":\"https:\\\/\\\/schema.org\",\"@graph\":[{\"@type\":\"WebPage\",\"@id\":\"https:\\\/\\\/hundtgroup.com\\\/fr\\\/produkt\\\/ruban-de-marquage-talmeter-tm-2m\\\/\",\"url\":\"https:\\\/\\\/hundtgroup.com\\\/fr\\\/produkt\\\/ruban-de-marquage-talmeter-tm-2m\\\/\",\"name\":\"Ruban de marquage Talmeter TM 2m - Wilhelm Hundt GmbH\",\"isPartOf\":{\"@id\":\"https:\\\/\\\/hundtgroup.com\\\/fr\\\/#website\"},\"primaryImageOfPage\":{\"@id\":\"https:\\\/\\\/hundtgroup.com\\\/fr\\\/produkt\\\/ruban-de-marquage-talmeter-tm-2m\\\/#primaryimage\"},\"image\":{\"@id\":\"https:\\\/\\\/hundtgroup.com\\\/fr\\\/produkt\\\/ruban-de-marquage-talmeter-tm-2m\\\/#primaryimage\"},\"thumbnailUrl\":\"https:\\\/\\\/hundtgroup.com\\\/wp-content\\\/uploads\\\/420203.png\",\"datePublished\":\"2022-10-26T13:58:20+00:00\",\"dateModified\":\"2025-07-29T10:07:34+00:00\",\"breadcrumb\":{\"@id\":\"https:\\\/\\\/hundtgroup.com\\\/fr\\\/produkt\\\/ruban-de-marquage-talmeter-tm-2m\\\/#breadcrumb\"},\"inLanguage\":\"fr-FR\",\"potentialAction\":[{\"@type\":\"ReadAction\",\"target\":[\"https:\\\/\\\/hundtgroup.com\\\/fr\\\/produkt\\\/ruban-de-marquage-talmeter-tm-2m\\\/\"]}]},{\"@type\":\"ImageObject\",\"inLanguage\":\"fr-FR\",\"@id\":\"https:\\\/\\\/hundtgroup.com\\\/fr\\\/produkt\\\/ruban-de-marquage-talmeter-tm-2m\\\/#primaryimage\",\"url\":\"https:\\\/\\\/hundtgroup.com\\\/wp-content\\\/uploads\\\/420203.png\",\"contentUrl\":\"https:\\\/\\\/hundtgroup.com\\\/wp-content\\\/uploads\\\/420203.png\",\"width\":399,\"height\":260},{\"@type\":\"BreadcrumbList\",\"@id\":\"https:\\\/\\\/hundtgroup.com\\\/fr\\\/produkt\\\/ruban-de-marquage-talmeter-tm-2m\\\/#breadcrumb\",\"itemListElement\":[{\"@type\":\"ListItem\",\"position\":1,\"name\":\"Startseite\",\"item\":\"https:\\\/\\\/hundtgroup.com\\\/fr\\\/accueil-nouveau\\\/\"},{\"@type\":\"ListItem\",\"position\":2,\"name\":\"Boutique\",\"item\":\"https:\\\/\\\/hundtgroup.com\\\/boutique\\\/\"},{\"@type\":\"ListItem\",\"position\":3,\"name\":\"Ruban de marquage Talmeter TM 2m\"}]},{\"@type\":\"WebSite\",\"@id\":\"https:\\\/\\\/hundtgroup.com\\\/fr\\\/#website\",\"url\":\"https:\\\/\\\/hundtgroup.com\\\/fr\\\/\",\"name\":\"Wilhelm Hundt GmbH\",\"description\":\"Votre sp\u00e9cialiste en machines et outils pour le travail de la t\u00f4le\",\"potentialAction\":[{\"@type\":\"SearchAction\",\"target\":{\"@type\":\"EntryPoint\",\"urlTemplate\":\"https:\\\/\\\/hundtgroup.com\\\/fr\\\/?s={search_term_string}\"},\"query-input\":{\"@type\":\"PropertyValueSpecification\",\"valueRequired\":true,\"valueName\":\"search_term_string\"}}],\"inLanguage\":\"fr-FR\"}]}<\/script>\n<!-- \/ Yoast SEO plugin. -->","yoast_head_json":{"title":"Ruban de marquage Talmeter TM 2m - Wilhelm Hundt GmbH","robots":{"index":"index","follow":"follow","max-snippet":"max-snippet:-1","max-image-preview":"max-image-preview:large","max-video-preview":"max-video-preview:-1"},"canonical":"https:\/\/hundtgroup.com\/fr\/produkt\/ruban-de-marquage-talmeter-tm-2m\/","og_locale":"fr_FR","og_type":"article","og_title":"Ruban de marquage Talmeter TM 2m - Wilhelm Hundt GmbH","og_description":"M\u00e8tre \u00e0 ruban Talmeter TM. Ruban en acier blanc robuste, graduation en millim\u00e8tres, bo\u00eetier en plastique ABS. Les ar\u00eates de marquage et de mesure combin\u00e9es permettent de mesurer et de marquer rapidement et facilement les longueurs ext\u00e9rieures et int\u00e9rieures. Mesure ext\u00e9rieure et int\u00e9rieure avec fonction de tra\u00e7age. Fonction circulaire pour marquer les formes rondes. Mesure [&hellip;]","og_url":"https:\/\/hundtgroup.com\/fr\/produkt\/ruban-de-marquage-talmeter-tm-2m\/","og_site_name":"Wilhelm Hundt GmbH","article_modified_time":"2025-07-29T10:07:34+00:00","og_image":[{"width":399,"height":260,"url":"https:\/\/hundtgroup.com\/wp-content\/uploads\/420203.png","type":"image\/png"}],"twitter_card":"summary_large_image","schema":{"@context":"https:\/\/schema.org","@graph":[{"@type":"WebPage","@id":"https:\/\/hundtgroup.com\/fr\/produkt\/ruban-de-marquage-talmeter-tm-2m\/","url":"https:\/\/hundtgroup.com\/fr\/produkt\/ruban-de-marquage-talmeter-tm-2m\/","name":"Ruban de marquage Talmeter TM 2m - Wilhelm Hundt GmbH","isPartOf":{"@id":"https:\/\/hundtgroup.com\/fr\/#website"},"primaryImageOfPage":{"@id":"https:\/\/hundtgroup.com\/fr\/produkt\/ruban-de-marquage-talmeter-tm-2m\/#primaryimage"},"image":{"@id":"https:\/\/hundtgroup.com\/fr\/produkt\/ruban-de-marquage-talmeter-tm-2m\/#primaryimage"},"thumbnailUrl":"https:\/\/hundtgroup.com\/wp-content\/uploads\/420203.png","datePublished":"2022-10-26T13:58:20+00:00","dateModified":"2025-07-29T10:07:34+00:00","breadcrumb":{"@id":"https:\/\/hundtgroup.com\/fr\/produkt\/ruban-de-marquage-talmeter-tm-2m\/#breadcrumb"},"inLanguage":"fr-FR","potentialAction":[{"@type":"ReadAction","target":["https:\/\/hundtgroup.com\/fr\/produkt\/ruban-de-marquage-talmeter-tm-2m\/"]}]},{"@type":"ImageObject","inLanguage":"fr-FR","@id":"https:\/\/hundtgroup.com\/fr\/produkt\/ruban-de-marquage-talmeter-tm-2m\/#primaryimage","url":"https:\/\/hundtgroup.com\/wp-content\/uploads\/420203.png","contentUrl":"https:\/\/hundtgroup.com\/wp-content\/uploads\/420203.png","width":399,"height":260},{"@type":"BreadcrumbList","@id":"https:\/\/hundtgroup.com\/fr\/produkt\/ruban-de-marquage-talmeter-tm-2m\/#breadcrumb","itemListElement":[{"@type":"ListItem","position":1,"name":"Startseite","item":"https:\/\/hundtgroup.com\/fr\/accueil-nouveau\/"},{"@type":"ListItem","position":2,"name":"Boutique","item":"https:\/\/hundtgroup.com\/boutique\/"},{"@type":"ListItem","position":3,"name":"Ruban de marquage Talmeter TM 2m"}]},{"@type":"WebSite","@id":"https:\/\/hundtgroup.com\/fr\/#website","url":"https:\/\/hundtgroup.com\/fr\/","name":"Wilhelm Hundt GmbH","description":"Votre sp\u00e9cialiste en machines et outils pour le travail de la t\u00f4le","potentialAction":[{"@type":"SearchAction","target":{"@type":"EntryPoint","urlTemplate":"https:\/\/hundtgroup.com\/fr\/?s={search_term_string}"},"query-input":{"@type":"PropertyValueSpecification","valueRequired":true,"valueName":"search_term_string"}}],"inLanguage":"fr-FR"}]}},"_links":{"self":[{"href":"https:\/\/hundtgroup.com\/fr\/wp-json\/wp\/v2\/product\/25626","targetHints":{"allow":["GET"]}}],"collection":[{"href":"https:\/\/hundtgroup.com\/fr\/wp-json\/wp\/v2\/product"}],"about":[{"href":"https:\/\/hundtgroup.com\/fr\/wp-json\/wp\/v2\/types\/product"}],"wp:featuredmedia":[{"embeddable":true,"href":"https:\/\/hundtgroup.com\/fr\/wp-json\/wp\/v2\/media\/25617"}],"wp:attachment":[{"href":"https:\/\/hundtgroup.com\/fr\/wp-json\/wp\/v2\/media?parent=25626"}],"wp:term":[{"taxonomy":"product_cat","embeddable":true,"href":"https:\/\/hundtgroup.com\/fr\/wp-json\/wp\/v2\/product_cat?post=25626"},{"taxonomy":"product_tag","embeddable":true,"href":"https:\/\/hundtgroup.com\/fr\/wp-json\/wp\/v2\/product_tag?post=25626"}],"curies":[{"name":"wp","href":"https:\/\/api.w.org\/{rel}","templated":true}]}}