{"id":26061,"date":"2022-08-23T16:02:52","date_gmt":"2022-08-23T14:02:52","guid":{"rendered":"https:\/\/hundtgroup.com\/produkt\/metre-pliant-en-bois-2-m-avec-echelle-de-circonference\/"},"modified":"2025-07-29T12:10:21","modified_gmt":"2025-07-29T10:10:21","slug":"metre-pliant-en-bois-2-m-avec-echelle-de-circonference","status":"publish","type":"product","link":"https:\/\/hundtgroup.com\/fr\/produkt\/metre-pliant-en-bois-2-m-avec-echelle-de-circonference\/","title":{"rendered":"M\u00e8tre pliant en bois 2 m avec \u00e9chelle de circonf\u00e9rence"},"content":{"rendered":"<p>Articulations avec ressorts de pr\u00e9cision internes en acier tremp\u00e9 pour une suspension durable et sans usure. L&rsquo;articulation reste toujours facile \u00e0 man\u0153uvrer et peut \u00eatre bloqu\u00e9e avec pr\u00e9cision. Sans fraisage lat\u00e9ral, ce qui permet de tracer une ligne droite. De s\u00e9rie, avec un aper\u00e7u de l&rsquo;angle sur la face int\u00e9rieure du premier maillon. Avec graduation de la circonf\u00e9rence : permet une lecture directe de la circonf\u00e9rence en mesurant le diam\u00e8tre .    <\/p>\n","protected":false},"excerpt":{"rendered":"<p>Articulations avec ressorts de pr\u00e9cision internes en acier tremp\u00e9 pour une suspension durable et sans usure. L&rsquo;articulation reste toujours facile \u00e0 man\u0153uvrer et peut \u00eatre bloqu\u00e9e avec pr\u00e9cision. Sans fraisage lat\u00e9ral, ce qui permet de tracer une ligne droite. De s\u00e9rie, avec un aper\u00e7u de l&rsquo;angle sur la face int\u00e9rieure du premier maillon. Avec graduation [&hellip;]<\/p>\n","protected":false},"featured_media":26052,"template":"","meta":{"_acf_changed":false,"inline_featured_image":false},"product_cat":[1143,1156,2806],"product_tag":[],"class_list":{"0":"post-26061","1":"product","2":"type-product","3":"status-publish","4":"has-post-thumbnail","6":"brand-hundt","7":"product_cat-outils-a-main","8":"product_cat-outils-de-mesure","9":"product_cat-metre-pliant","11":"first","12":"instock","13":"taxable","14":"shipping-taxable","15":"purchasable","16":"product-type-simple","17":"add-to-wishlist-before_image"},"acf":[],"yoast_head":"<!-- This site is optimized with the Yoast SEO plugin v27.3 - https:\/\/yoast.com\/product\/yoast-seo-wordpress\/ -->\n<title>M\u00e8tre pliant en bois 2 m avec \u00e9chelle de circonf\u00e9rence - Wilhelm Hundt GmbH<\/title>\n<meta name=\"robots\" content=\"index, follow, max-snippet:-1, max-image-preview:large, max-video-preview:-1\" \/>\n<link rel=\"canonical\" href=\"https:\/\/hundtgroup.com\/fr\/produkt\/metre-pliant-en-bois-2-m-avec-echelle-de-circonference\/\" \/>\n<meta property=\"og:locale\" content=\"fr_FR\" \/>\n<meta property=\"og:type\" content=\"article\" \/>\n<meta property=\"og:title\" content=\"M\u00e8tre pliant en bois 2 m avec \u00e9chelle de circonf\u00e9rence - Wilhelm Hundt GmbH\" \/>\n<meta property=\"og:description\" content=\"Articulations avec ressorts de pr\u00e9cision internes en acier tremp\u00e9 pour une suspension durable et sans usure. L&rsquo;articulation reste toujours facile \u00e0 man\u0153uvrer et peut \u00eatre bloqu\u00e9e avec pr\u00e9cision. Sans fraisage lat\u00e9ral, ce qui permet de tracer une ligne droite. De s\u00e9rie, avec un aper\u00e7u de l&rsquo;angle sur la face int\u00e9rieure du premier maillon. Avec graduation [&hellip;]\" \/>\n<meta property=\"og:url\" content=\"https:\/\/hundtgroup.com\/fr\/produkt\/metre-pliant-en-bois-2-m-avec-echelle-de-circonference\/\" \/>\n<meta property=\"og:site_name\" content=\"Wilhelm Hundt GmbH\" \/>\n<meta property=\"article:modified_time\" content=\"2025-07-29T10:10:21+00:00\" \/>\n<meta property=\"og:image\" content=\"https:\/\/hundtgroup.com\/wp-content\/uploads\/420202.png\" \/>\n\t<meta property=\"og:image:width\" content=\"561\" \/>\n\t<meta property=\"og:image:height\" content=\"207\" \/>\n\t<meta property=\"og:image:type\" content=\"image\/png\" \/>\n<meta name=\"twitter:card\" content=\"summary_large_image\" \/>\n<script type=\"application\/ld+json\" class=\"yoast-schema-graph\">{\"@context\":\"https:\\\/\\\/schema.org\",\"@graph\":[{\"@type\":\"WebPage\",\"@id\":\"https:\\\/\\\/hundtgroup.com\\\/fr\\\/produkt\\\/metre-pliant-en-bois-2-m-avec-echelle-de-circonference\\\/\",\"url\":\"https:\\\/\\\/hundtgroup.com\\\/fr\\\/produkt\\\/metre-pliant-en-bois-2-m-avec-echelle-de-circonference\\\/\",\"name\":\"M\u00e8tre pliant en bois 2 m avec \u00e9chelle de circonf\u00e9rence - Wilhelm Hundt GmbH\",\"isPartOf\":{\"@id\":\"https:\\\/\\\/hundtgroup.com\\\/fr\\\/#website\"},\"primaryImageOfPage\":{\"@id\":\"https:\\\/\\\/hundtgroup.com\\\/fr\\\/produkt\\\/metre-pliant-en-bois-2-m-avec-echelle-de-circonference\\\/#primaryimage\"},\"image\":{\"@id\":\"https:\\\/\\\/hundtgroup.com\\\/fr\\\/produkt\\\/metre-pliant-en-bois-2-m-avec-echelle-de-circonference\\\/#primaryimage\"},\"thumbnailUrl\":\"https:\\\/\\\/hundtgroup.com\\\/wp-content\\\/uploads\\\/420202.png\",\"datePublished\":\"2022-08-23T14:02:52+00:00\",\"dateModified\":\"2025-07-29T10:10:21+00:00\",\"breadcrumb\":{\"@id\":\"https:\\\/\\\/hundtgroup.com\\\/fr\\\/produkt\\\/metre-pliant-en-bois-2-m-avec-echelle-de-circonference\\\/#breadcrumb\"},\"inLanguage\":\"fr-FR\",\"potentialAction\":[{\"@type\":\"ReadAction\",\"target\":[\"https:\\\/\\\/hundtgroup.com\\\/fr\\\/produkt\\\/metre-pliant-en-bois-2-m-avec-echelle-de-circonference\\\/\"]}]},{\"@type\":\"ImageObject\",\"inLanguage\":\"fr-FR\",\"@id\":\"https:\\\/\\\/hundtgroup.com\\\/fr\\\/produkt\\\/metre-pliant-en-bois-2-m-avec-echelle-de-circonference\\\/#primaryimage\",\"url\":\"https:\\\/\\\/hundtgroup.com\\\/wp-content\\\/uploads\\\/420202.png\",\"contentUrl\":\"https:\\\/\\\/hundtgroup.com\\\/wp-content\\\/uploads\\\/420202.png\",\"width\":561,\"height\":207},{\"@type\":\"BreadcrumbList\",\"@id\":\"https:\\\/\\\/hundtgroup.com\\\/fr\\\/produkt\\\/metre-pliant-en-bois-2-m-avec-echelle-de-circonference\\\/#breadcrumb\",\"itemListElement\":[{\"@type\":\"ListItem\",\"position\":1,\"name\":\"Startseite\",\"item\":\"https:\\\/\\\/hundtgroup.com\\\/fr\\\/accueil-nouveau\\\/\"},{\"@type\":\"ListItem\",\"position\":2,\"name\":\"Boutique\",\"item\":\"https:\\\/\\\/hundtgroup.com\\\/boutique\\\/\"},{\"@type\":\"ListItem\",\"position\":3,\"name\":\"M\u00e8tre pliant en bois 2 m avec \u00e9chelle de circonf\u00e9rence\"}]},{\"@type\":\"WebSite\",\"@id\":\"https:\\\/\\\/hundtgroup.com\\\/fr\\\/#website\",\"url\":\"https:\\\/\\\/hundtgroup.com\\\/fr\\\/\",\"name\":\"Wilhelm Hundt GmbH\",\"description\":\"Votre sp\u00e9cialiste en machines et outils pour le travail de la t\u00f4le\",\"potentialAction\":[{\"@type\":\"SearchAction\",\"target\":{\"@type\":\"EntryPoint\",\"urlTemplate\":\"https:\\\/\\\/hundtgroup.com\\\/fr\\\/?s={search_term_string}\"},\"query-input\":{\"@type\":\"PropertyValueSpecification\",\"valueRequired\":true,\"valueName\":\"search_term_string\"}}],\"inLanguage\":\"fr-FR\"}]}<\/script>\n<!-- \/ Yoast SEO plugin. -->","yoast_head_json":{"title":"M\u00e8tre pliant en bois 2 m avec \u00e9chelle de circonf\u00e9rence - Wilhelm Hundt GmbH","robots":{"index":"index","follow":"follow","max-snippet":"max-snippet:-1","max-image-preview":"max-image-preview:large","max-video-preview":"max-video-preview:-1"},"canonical":"https:\/\/hundtgroup.com\/fr\/produkt\/metre-pliant-en-bois-2-m-avec-echelle-de-circonference\/","og_locale":"fr_FR","og_type":"article","og_title":"M\u00e8tre pliant en bois 2 m avec \u00e9chelle de circonf\u00e9rence - Wilhelm Hundt GmbH","og_description":"Articulations avec ressorts de pr\u00e9cision internes en acier tremp\u00e9 pour une suspension durable et sans usure. L&rsquo;articulation reste toujours facile \u00e0 man\u0153uvrer et peut \u00eatre bloqu\u00e9e avec pr\u00e9cision. Sans fraisage lat\u00e9ral, ce qui permet de tracer une ligne droite. De s\u00e9rie, avec un aper\u00e7u de l&rsquo;angle sur la face int\u00e9rieure du premier maillon. Avec graduation [&hellip;]","og_url":"https:\/\/hundtgroup.com\/fr\/produkt\/metre-pliant-en-bois-2-m-avec-echelle-de-circonference\/","og_site_name":"Wilhelm Hundt GmbH","article_modified_time":"2025-07-29T10:10:21+00:00","og_image":[{"width":561,"height":207,"url":"https:\/\/hundtgroup.com\/wp-content\/uploads\/420202.png","type":"image\/png"}],"twitter_card":"summary_large_image","schema":{"@context":"https:\/\/schema.org","@graph":[{"@type":"WebPage","@id":"https:\/\/hundtgroup.com\/fr\/produkt\/metre-pliant-en-bois-2-m-avec-echelle-de-circonference\/","url":"https:\/\/hundtgroup.com\/fr\/produkt\/metre-pliant-en-bois-2-m-avec-echelle-de-circonference\/","name":"M\u00e8tre pliant en bois 2 m avec \u00e9chelle de circonf\u00e9rence - Wilhelm Hundt GmbH","isPartOf":{"@id":"https:\/\/hundtgroup.com\/fr\/#website"},"primaryImageOfPage":{"@id":"https:\/\/hundtgroup.com\/fr\/produkt\/metre-pliant-en-bois-2-m-avec-echelle-de-circonference\/#primaryimage"},"image":{"@id":"https:\/\/hundtgroup.com\/fr\/produkt\/metre-pliant-en-bois-2-m-avec-echelle-de-circonference\/#primaryimage"},"thumbnailUrl":"https:\/\/hundtgroup.com\/wp-content\/uploads\/420202.png","datePublished":"2022-08-23T14:02:52+00:00","dateModified":"2025-07-29T10:10:21+00:00","breadcrumb":{"@id":"https:\/\/hundtgroup.com\/fr\/produkt\/metre-pliant-en-bois-2-m-avec-echelle-de-circonference\/#breadcrumb"},"inLanguage":"fr-FR","potentialAction":[{"@type":"ReadAction","target":["https:\/\/hundtgroup.com\/fr\/produkt\/metre-pliant-en-bois-2-m-avec-echelle-de-circonference\/"]}]},{"@type":"ImageObject","inLanguage":"fr-FR","@id":"https:\/\/hundtgroup.com\/fr\/produkt\/metre-pliant-en-bois-2-m-avec-echelle-de-circonference\/#primaryimage","url":"https:\/\/hundtgroup.com\/wp-content\/uploads\/420202.png","contentUrl":"https:\/\/hundtgroup.com\/wp-content\/uploads\/420202.png","width":561,"height":207},{"@type":"BreadcrumbList","@id":"https:\/\/hundtgroup.com\/fr\/produkt\/metre-pliant-en-bois-2-m-avec-echelle-de-circonference\/#breadcrumb","itemListElement":[{"@type":"ListItem","position":1,"name":"Startseite","item":"https:\/\/hundtgroup.com\/fr\/accueil-nouveau\/"},{"@type":"ListItem","position":2,"name":"Boutique","item":"https:\/\/hundtgroup.com\/boutique\/"},{"@type":"ListItem","position":3,"name":"M\u00e8tre pliant en bois 2 m avec \u00e9chelle de circonf\u00e9rence"}]},{"@type":"WebSite","@id":"https:\/\/hundtgroup.com\/fr\/#website","url":"https:\/\/hundtgroup.com\/fr\/","name":"Wilhelm Hundt GmbH","description":"Votre sp\u00e9cialiste en machines et outils pour le travail de la t\u00f4le","potentialAction":[{"@type":"SearchAction","target":{"@type":"EntryPoint","urlTemplate":"https:\/\/hundtgroup.com\/fr\/?s={search_term_string}"},"query-input":{"@type":"PropertyValueSpecification","valueRequired":true,"valueName":"search_term_string"}}],"inLanguage":"fr-FR"}]}},"_links":{"self":[{"href":"https:\/\/hundtgroup.com\/fr\/wp-json\/wp\/v2\/product\/26061","targetHints":{"allow":["GET"]}}],"collection":[{"href":"https:\/\/hundtgroup.com\/fr\/wp-json\/wp\/v2\/product"}],"about":[{"href":"https:\/\/hundtgroup.com\/fr\/wp-json\/wp\/v2\/types\/product"}],"wp:featuredmedia":[{"embeddable":true,"href":"https:\/\/hundtgroup.com\/fr\/wp-json\/wp\/v2\/media\/26052"}],"wp:attachment":[{"href":"https:\/\/hundtgroup.com\/fr\/wp-json\/wp\/v2\/media?parent=26061"}],"wp:term":[{"taxonomy":"product_cat","embeddable":true,"href":"https:\/\/hundtgroup.com\/fr\/wp-json\/wp\/v2\/product_cat?post=26061"},{"taxonomy":"product_tag","embeddable":true,"href":"https:\/\/hundtgroup.com\/fr\/wp-json\/wp\/v2\/product_tag?post=26061"}],"curies":[{"name":"wp","href":"https:\/\/api.w.org\/{rel}","templated":true}]}}