{"id":27006,"date":"2022-08-23T15:58:25","date_gmt":"2022-08-23T13:58:25","guid":{"rendered":"https:\/\/hundtgroup.com\/produkt\/trumpf-rail-de-guidage-pour-trutool-tpc-165\/"},"modified":"2025-07-29T10:45:42","modified_gmt":"2025-07-29T08:45:42","slug":"trumpf-rail-de-guidage-pour-trutool-tpc-165","status":"publish","type":"product","link":"https:\/\/hundtgroup.com\/fr\/produkt\/trumpf-rail-de-guidage-pour-trutool-tpc-165\/","title":{"rendered":"TRUMPF Rail de guidage pour TruTool TPC 165"},"content":{"rendered":"<p>Accessoires pour le Panel Cutter TPC 165 de TRUMPF<br \/>\nLe rail de guidage est id\u00e9al pour des coupes pr\u00e9cises et droites et permet un guidage ais\u00e9 de la machine<br \/>\nInd\u00e9pendamment de la surface des panneaux sandwich et m\u00eame lorsque la distance entre les diff\u00e9rents segments est tr\u00e8s grande.<br \/>\nPlusieurs rails de guidage peuvent \u00eatre reli\u00e9s entre eux au moyen d&rsquo;une pi\u00e8ce de jonction<br \/>\nL&rsquo;utilisation du rail de guidage \u00e9vite compl\u00e8tement de rayer la surface<\/p>\n","protected":false},"excerpt":{"rendered":"<p>Accessoires pour le Panel Cutter TPC 165 de TRUMPF Le rail de guidage est id\u00e9al pour des coupes pr\u00e9cises et droites et permet un guidage ais\u00e9 de la machine Ind\u00e9pendamment de la surface des panneaux sandwich et m\u00eame lorsque la distance entre les diff\u00e9rents segments est tr\u00e8s grande. Plusieurs rails de guidage peuvent \u00eatre reli\u00e9s [&hellip;]<\/p>\n","protected":false},"featured_media":27007,"template":"","meta":{"_acf_changed":false,"inline_featured_image":false},"product_cat":[1174,1147,1144],"product_tag":[],"class_list":{"0":"post-27006","1":"product","2":"type-product","3":"status-publish","4":"has-post-thumbnail","6":"brand-trumpf","7":"product_cat-trutool-tpc-165-fr","8":"product_cat-cutter-de-panneau","9":"product_cat-accessoires-batterie-electrique","11":"first","12":"instock","13":"taxable","14":"shipping-taxable","15":"purchasable","16":"product-type-simple","17":"add-to-wishlist-before_image"},"acf":[],"yoast_head":"<!-- This site is optimized with the Yoast SEO plugin v27.3 - https:\/\/yoast.com\/product\/yoast-seo-wordpress\/ -->\n<title>TRUMPF Rail de guidage pour TruTool TPC 165 - Wilhelm Hundt GmbH<\/title>\n<meta name=\"robots\" content=\"index, follow, max-snippet:-1, max-image-preview:large, max-video-preview:-1\" \/>\n<link rel=\"canonical\" href=\"https:\/\/hundtgroup.com\/fr\/produkt\/trumpf-rail-de-guidage-pour-trutool-tpc-165\/\" \/>\n<meta property=\"og:locale\" content=\"fr_FR\" \/>\n<meta property=\"og:type\" content=\"article\" \/>\n<meta property=\"og:title\" content=\"TRUMPF Rail de guidage pour TruTool TPC 165 - Wilhelm Hundt GmbH\" \/>\n<meta property=\"og:description\" content=\"Accessoires pour le Panel Cutter TPC 165 de TRUMPF Le rail de guidage est id\u00e9al pour des coupes pr\u00e9cises et droites et permet un guidage ais\u00e9 de la machine Ind\u00e9pendamment de la surface des panneaux sandwich et m\u00eame lorsque la distance entre les diff\u00e9rents segments est tr\u00e8s grande. Plusieurs rails de guidage peuvent \u00eatre reli\u00e9s [&hellip;]\" \/>\n<meta property=\"og:url\" content=\"https:\/\/hundtgroup.com\/fr\/produkt\/trumpf-rail-de-guidage-pour-trutool-tpc-165\/\" \/>\n<meta property=\"og:site_name\" content=\"Wilhelm Hundt GmbH\" \/>\n<meta property=\"article:modified_time\" content=\"2025-07-29T08:45:42+00:00\" \/>\n<meta property=\"og:image\" content=\"https:\/\/hundtgroup.com\/wp-content\/uploads\/346131.png\" \/>\n\t<meta property=\"og:image:width\" content=\"827\" \/>\n\t<meta property=\"og:image:height\" content=\"324\" \/>\n\t<meta property=\"og:image:type\" content=\"image\/png\" \/>\n<meta name=\"twitter:card\" content=\"summary_large_image\" \/>\n<script type=\"application\/ld+json\" class=\"yoast-schema-graph\">{\"@context\":\"https:\\\/\\\/schema.org\",\"@graph\":[{\"@type\":\"WebPage\",\"@id\":\"https:\\\/\\\/hundtgroup.com\\\/fr\\\/produkt\\\/trumpf-rail-de-guidage-pour-trutool-tpc-165\\\/\",\"url\":\"https:\\\/\\\/hundtgroup.com\\\/fr\\\/produkt\\\/trumpf-rail-de-guidage-pour-trutool-tpc-165\\\/\",\"name\":\"TRUMPF Rail de guidage pour TruTool TPC 165 - Wilhelm Hundt GmbH\",\"isPartOf\":{\"@id\":\"https:\\\/\\\/hundtgroup.com\\\/fr\\\/#website\"},\"primaryImageOfPage\":{\"@id\":\"https:\\\/\\\/hundtgroup.com\\\/fr\\\/produkt\\\/trumpf-rail-de-guidage-pour-trutool-tpc-165\\\/#primaryimage\"},\"image\":{\"@id\":\"https:\\\/\\\/hundtgroup.com\\\/fr\\\/produkt\\\/trumpf-rail-de-guidage-pour-trutool-tpc-165\\\/#primaryimage\"},\"thumbnailUrl\":\"https:\\\/\\\/hundtgroup.com\\\/wp-content\\\/uploads\\\/346131.png\",\"datePublished\":\"2022-08-23T13:58:25+00:00\",\"dateModified\":\"2025-07-29T08:45:42+00:00\",\"breadcrumb\":{\"@id\":\"https:\\\/\\\/hundtgroup.com\\\/fr\\\/produkt\\\/trumpf-rail-de-guidage-pour-trutool-tpc-165\\\/#breadcrumb\"},\"inLanguage\":\"fr-FR\",\"potentialAction\":[{\"@type\":\"ReadAction\",\"target\":[\"https:\\\/\\\/hundtgroup.com\\\/fr\\\/produkt\\\/trumpf-rail-de-guidage-pour-trutool-tpc-165\\\/\"]}]},{\"@type\":\"ImageObject\",\"inLanguage\":\"fr-FR\",\"@id\":\"https:\\\/\\\/hundtgroup.com\\\/fr\\\/produkt\\\/trumpf-rail-de-guidage-pour-trutool-tpc-165\\\/#primaryimage\",\"url\":\"https:\\\/\\\/hundtgroup.com\\\/wp-content\\\/uploads\\\/346131.png\",\"contentUrl\":\"https:\\\/\\\/hundtgroup.com\\\/wp-content\\\/uploads\\\/346131.png\",\"width\":827,\"height\":324},{\"@type\":\"BreadcrumbList\",\"@id\":\"https:\\\/\\\/hundtgroup.com\\\/fr\\\/produkt\\\/trumpf-rail-de-guidage-pour-trutool-tpc-165\\\/#breadcrumb\",\"itemListElement\":[{\"@type\":\"ListItem\",\"position\":1,\"name\":\"Startseite\",\"item\":\"https:\\\/\\\/hundtgroup.com\\\/fr\\\/accueil-nouveau\\\/\"},{\"@type\":\"ListItem\",\"position\":2,\"name\":\"Boutique\",\"item\":\"https:\\\/\\\/hundtgroup.com\\\/boutique\\\/\"},{\"@type\":\"ListItem\",\"position\":3,\"name\":\"TRUMPF Rail de guidage pour TruTool TPC 165\"}]},{\"@type\":\"WebSite\",\"@id\":\"https:\\\/\\\/hundtgroup.com\\\/fr\\\/#website\",\"url\":\"https:\\\/\\\/hundtgroup.com\\\/fr\\\/\",\"name\":\"Wilhelm Hundt GmbH\",\"description\":\"Votre sp\u00e9cialiste en machines et outils pour le travail de la t\u00f4le\",\"potentialAction\":[{\"@type\":\"SearchAction\",\"target\":{\"@type\":\"EntryPoint\",\"urlTemplate\":\"https:\\\/\\\/hundtgroup.com\\\/fr\\\/?s={search_term_string}\"},\"query-input\":{\"@type\":\"PropertyValueSpecification\",\"valueRequired\":true,\"valueName\":\"search_term_string\"}}],\"inLanguage\":\"fr-FR\"}]}<\/script>\n<!-- \/ Yoast SEO plugin. -->","yoast_head_json":{"title":"TRUMPF Rail de guidage pour TruTool TPC 165 - Wilhelm Hundt GmbH","robots":{"index":"index","follow":"follow","max-snippet":"max-snippet:-1","max-image-preview":"max-image-preview:large","max-video-preview":"max-video-preview:-1"},"canonical":"https:\/\/hundtgroup.com\/fr\/produkt\/trumpf-rail-de-guidage-pour-trutool-tpc-165\/","og_locale":"fr_FR","og_type":"article","og_title":"TRUMPF Rail de guidage pour TruTool TPC 165 - Wilhelm Hundt GmbH","og_description":"Accessoires pour le Panel Cutter TPC 165 de TRUMPF Le rail de guidage est id\u00e9al pour des coupes pr\u00e9cises et droites et permet un guidage ais\u00e9 de la machine Ind\u00e9pendamment de la surface des panneaux sandwich et m\u00eame lorsque la distance entre les diff\u00e9rents segments est tr\u00e8s grande. Plusieurs rails de guidage peuvent \u00eatre reli\u00e9s [&hellip;]","og_url":"https:\/\/hundtgroup.com\/fr\/produkt\/trumpf-rail-de-guidage-pour-trutool-tpc-165\/","og_site_name":"Wilhelm Hundt GmbH","article_modified_time":"2025-07-29T08:45:42+00:00","og_image":[{"width":827,"height":324,"url":"https:\/\/hundtgroup.com\/wp-content\/uploads\/346131.png","type":"image\/png"}],"twitter_card":"summary_large_image","schema":{"@context":"https:\/\/schema.org","@graph":[{"@type":"WebPage","@id":"https:\/\/hundtgroup.com\/fr\/produkt\/trumpf-rail-de-guidage-pour-trutool-tpc-165\/","url":"https:\/\/hundtgroup.com\/fr\/produkt\/trumpf-rail-de-guidage-pour-trutool-tpc-165\/","name":"TRUMPF Rail de guidage pour TruTool TPC 165 - Wilhelm Hundt GmbH","isPartOf":{"@id":"https:\/\/hundtgroup.com\/fr\/#website"},"primaryImageOfPage":{"@id":"https:\/\/hundtgroup.com\/fr\/produkt\/trumpf-rail-de-guidage-pour-trutool-tpc-165\/#primaryimage"},"image":{"@id":"https:\/\/hundtgroup.com\/fr\/produkt\/trumpf-rail-de-guidage-pour-trutool-tpc-165\/#primaryimage"},"thumbnailUrl":"https:\/\/hundtgroup.com\/wp-content\/uploads\/346131.png","datePublished":"2022-08-23T13:58:25+00:00","dateModified":"2025-07-29T08:45:42+00:00","breadcrumb":{"@id":"https:\/\/hundtgroup.com\/fr\/produkt\/trumpf-rail-de-guidage-pour-trutool-tpc-165\/#breadcrumb"},"inLanguage":"fr-FR","potentialAction":[{"@type":"ReadAction","target":["https:\/\/hundtgroup.com\/fr\/produkt\/trumpf-rail-de-guidage-pour-trutool-tpc-165\/"]}]},{"@type":"ImageObject","inLanguage":"fr-FR","@id":"https:\/\/hundtgroup.com\/fr\/produkt\/trumpf-rail-de-guidage-pour-trutool-tpc-165\/#primaryimage","url":"https:\/\/hundtgroup.com\/wp-content\/uploads\/346131.png","contentUrl":"https:\/\/hundtgroup.com\/wp-content\/uploads\/346131.png","width":827,"height":324},{"@type":"BreadcrumbList","@id":"https:\/\/hundtgroup.com\/fr\/produkt\/trumpf-rail-de-guidage-pour-trutool-tpc-165\/#breadcrumb","itemListElement":[{"@type":"ListItem","position":1,"name":"Startseite","item":"https:\/\/hundtgroup.com\/fr\/accueil-nouveau\/"},{"@type":"ListItem","position":2,"name":"Boutique","item":"https:\/\/hundtgroup.com\/boutique\/"},{"@type":"ListItem","position":3,"name":"TRUMPF Rail de guidage pour TruTool TPC 165"}]},{"@type":"WebSite","@id":"https:\/\/hundtgroup.com\/fr\/#website","url":"https:\/\/hundtgroup.com\/fr\/","name":"Wilhelm Hundt GmbH","description":"Votre sp\u00e9cialiste en machines et outils pour le travail de la t\u00f4le","potentialAction":[{"@type":"SearchAction","target":{"@type":"EntryPoint","urlTemplate":"https:\/\/hundtgroup.com\/fr\/?s={search_term_string}"},"query-input":{"@type":"PropertyValueSpecification","valueRequired":true,"valueName":"search_term_string"}}],"inLanguage":"fr-FR"}]}},"_links":{"self":[{"href":"https:\/\/hundtgroup.com\/fr\/wp-json\/wp\/v2\/product\/27006","targetHints":{"allow":["GET"]}}],"collection":[{"href":"https:\/\/hundtgroup.com\/fr\/wp-json\/wp\/v2\/product"}],"about":[{"href":"https:\/\/hundtgroup.com\/fr\/wp-json\/wp\/v2\/types\/product"}],"wp:featuredmedia":[{"embeddable":true,"href":"https:\/\/hundtgroup.com\/fr\/wp-json\/wp\/v2\/media\/27007"}],"wp:attachment":[{"href":"https:\/\/hundtgroup.com\/fr\/wp-json\/wp\/v2\/media?parent=27006"}],"wp:term":[{"taxonomy":"product_cat","embeddable":true,"href":"https:\/\/hundtgroup.com\/fr\/wp-json\/wp\/v2\/product_cat?post=27006"},{"taxonomy":"product_tag","embeddable":true,"href":"https:\/\/hundtgroup.com\/fr\/wp-json\/wp\/v2\/product_tag?post=27006"}],"curies":[{"name":"wp","href":"https:\/\/api.w.org\/{rel}","templated":true}]}}