{"id":27259,"date":"2022-08-23T15:57:28","date_gmt":"2022-08-23T13:57:28","guid":{"rendered":"https:\/\/hundtgroup.com\/produkt\/poincon-trumpf-5-p5-pour-n-500\/"},"modified":"2025-07-29T10:36:37","modified_gmt":"2025-07-29T08:36:37","slug":"poincon-trumpf-5-p5-pour-n-500","status":"publish","type":"product","link":"https:\/\/hundtgroup.com\/fr\/produkt\/poincon-trumpf-5-p5-pour-n-500\/","title":{"rendered":"Poin\u00e7on Trumpf 5\/P5 pour N 500"},"content":{"rendered":"<p>Poin\u00e7on de type 5\/P5 adapt\u00e9 \u00e0 la grignoteuse Trumpf N 500, versions r\u00e9centes et anciennes, \u00e9galement aux appareils pneumatiques.<\/p>\n","protected":false},"excerpt":{"rendered":"<p>Poin\u00e7on de type 5\/P5 adapt\u00e9 \u00e0 la grignoteuse Trumpf N 500, versions r\u00e9centes et anciennes, \u00e9galement aux appareils pneumatiques.<\/p>\n","protected":false},"featured_media":27261,"template":"","meta":{"_acf_changed":false,"inline_featured_image":false},"product_cat":[1146,1144,1171],"product_tag":[],"class_list":{"0":"post-27259","1":"product","2":"type-product","3":"status-publish","4":"has-post-thumbnail","6":"brand-trumpf","7":"product_cat-grignoteuse-fr-2","8":"product_cat-accessoires-batterie-electrique","9":"product_cat-trutool-n-500-fr","11":"first","12":"instock","13":"taxable","14":"shipping-taxable","15":"purchasable","16":"product-type-simple","17":"add-to-wishlist-before_image"},"acf":[],"yoast_head":"<!-- This site is optimized with the Yoast SEO plugin v27.3 - https:\/\/yoast.com\/product\/yoast-seo-wordpress\/ -->\n<title>Poin\u00e7on Trumpf 5\/P5 pour N 500 - Wilhelm Hundt GmbH<\/title>\n<meta name=\"robots\" content=\"index, follow, max-snippet:-1, max-image-preview:large, max-video-preview:-1\" \/>\n<link rel=\"canonical\" href=\"https:\/\/hundtgroup.com\/fr\/produkt\/poincon-trumpf-5-p5-pour-n-500\/\" \/>\n<meta property=\"og:locale\" content=\"fr_FR\" \/>\n<meta property=\"og:type\" content=\"article\" \/>\n<meta property=\"og:title\" content=\"Poin\u00e7on Trumpf 5\/P5 pour N 500 - Wilhelm Hundt GmbH\" \/>\n<meta property=\"og:description\" content=\"Poin\u00e7on de type 5\/P5 adapt\u00e9 \u00e0 la grignoteuse Trumpf N 500, versions r\u00e9centes et anciennes, \u00e9galement aux appareils pneumatiques.\" \/>\n<meta property=\"og:url\" content=\"https:\/\/hundtgroup.com\/fr\/produkt\/poincon-trumpf-5-p5-pour-n-500\/\" \/>\n<meta property=\"og:site_name\" content=\"Wilhelm Hundt GmbH\" \/>\n<meta property=\"article:modified_time\" content=\"2025-07-29T08:36:37+00:00\" \/>\n<meta property=\"og:image\" content=\"https:\/\/hundtgroup.com\/wp-content\/uploads\/345037.png\" \/>\n\t<meta property=\"og:image:width\" content=\"800\" \/>\n\t<meta property=\"og:image:height\" content=\"571\" \/>\n\t<meta property=\"og:image:type\" content=\"image\/png\" \/>\n<meta name=\"twitter:card\" content=\"summary_large_image\" \/>\n<script type=\"application\/ld+json\" class=\"yoast-schema-graph\">{\"@context\":\"https:\\\/\\\/schema.org\",\"@graph\":[{\"@type\":\"WebPage\",\"@id\":\"https:\\\/\\\/hundtgroup.com\\\/fr\\\/produkt\\\/poincon-trumpf-5-p5-pour-n-500\\\/\",\"url\":\"https:\\\/\\\/hundtgroup.com\\\/fr\\\/produkt\\\/poincon-trumpf-5-p5-pour-n-500\\\/\",\"name\":\"Poin\u00e7on Trumpf 5\\\/P5 pour N 500 - Wilhelm Hundt GmbH\",\"isPartOf\":{\"@id\":\"https:\\\/\\\/hundtgroup.com\\\/fr\\\/#website\"},\"primaryImageOfPage\":{\"@id\":\"https:\\\/\\\/hundtgroup.com\\\/fr\\\/produkt\\\/poincon-trumpf-5-p5-pour-n-500\\\/#primaryimage\"},\"image\":{\"@id\":\"https:\\\/\\\/hundtgroup.com\\\/fr\\\/produkt\\\/poincon-trumpf-5-p5-pour-n-500\\\/#primaryimage\"},\"thumbnailUrl\":\"https:\\\/\\\/hundtgroup.com\\\/wp-content\\\/uploads\\\/345037.png\",\"datePublished\":\"2022-08-23T13:57:28+00:00\",\"dateModified\":\"2025-07-29T08:36:37+00:00\",\"breadcrumb\":{\"@id\":\"https:\\\/\\\/hundtgroup.com\\\/fr\\\/produkt\\\/poincon-trumpf-5-p5-pour-n-500\\\/#breadcrumb\"},\"inLanguage\":\"fr-FR\",\"potentialAction\":[{\"@type\":\"ReadAction\",\"target\":[\"https:\\\/\\\/hundtgroup.com\\\/fr\\\/produkt\\\/poincon-trumpf-5-p5-pour-n-500\\\/\"]}]},{\"@type\":\"ImageObject\",\"inLanguage\":\"fr-FR\",\"@id\":\"https:\\\/\\\/hundtgroup.com\\\/fr\\\/produkt\\\/poincon-trumpf-5-p5-pour-n-500\\\/#primaryimage\",\"url\":\"https:\\\/\\\/hundtgroup.com\\\/wp-content\\\/uploads\\\/345037.png\",\"contentUrl\":\"https:\\\/\\\/hundtgroup.com\\\/wp-content\\\/uploads\\\/345037.png\",\"width\":800,\"height\":571},{\"@type\":\"BreadcrumbList\",\"@id\":\"https:\\\/\\\/hundtgroup.com\\\/fr\\\/produkt\\\/poincon-trumpf-5-p5-pour-n-500\\\/#breadcrumb\",\"itemListElement\":[{\"@type\":\"ListItem\",\"position\":1,\"name\":\"Startseite\",\"item\":\"https:\\\/\\\/hundtgroup.com\\\/fr\\\/accueil-nouveau\\\/\"},{\"@type\":\"ListItem\",\"position\":2,\"name\":\"Boutique\",\"item\":\"https:\\\/\\\/hundtgroup.com\\\/boutique\\\/\"},{\"@type\":\"ListItem\",\"position\":3,\"name\":\"Poin\u00e7on Trumpf 5\\\/P5 pour N 500\"}]},{\"@type\":\"WebSite\",\"@id\":\"https:\\\/\\\/hundtgroup.com\\\/fr\\\/#website\",\"url\":\"https:\\\/\\\/hundtgroup.com\\\/fr\\\/\",\"name\":\"Wilhelm Hundt GmbH\",\"description\":\"Votre sp\u00e9cialiste en machines et outils pour le travail de la t\u00f4le\",\"potentialAction\":[{\"@type\":\"SearchAction\",\"target\":{\"@type\":\"EntryPoint\",\"urlTemplate\":\"https:\\\/\\\/hundtgroup.com\\\/fr\\\/?s={search_term_string}\"},\"query-input\":{\"@type\":\"PropertyValueSpecification\",\"valueRequired\":true,\"valueName\":\"search_term_string\"}}],\"inLanguage\":\"fr-FR\"}]}<\/script>\n<!-- \/ Yoast SEO plugin. -->","yoast_head_json":{"title":"Poin\u00e7on Trumpf 5\/P5 pour N 500 - Wilhelm Hundt GmbH","robots":{"index":"index","follow":"follow","max-snippet":"max-snippet:-1","max-image-preview":"max-image-preview:large","max-video-preview":"max-video-preview:-1"},"canonical":"https:\/\/hundtgroup.com\/fr\/produkt\/poincon-trumpf-5-p5-pour-n-500\/","og_locale":"fr_FR","og_type":"article","og_title":"Poin\u00e7on Trumpf 5\/P5 pour N 500 - Wilhelm Hundt GmbH","og_description":"Poin\u00e7on de type 5\/P5 adapt\u00e9 \u00e0 la grignoteuse Trumpf N 500, versions r\u00e9centes et anciennes, \u00e9galement aux appareils pneumatiques.","og_url":"https:\/\/hundtgroup.com\/fr\/produkt\/poincon-trumpf-5-p5-pour-n-500\/","og_site_name":"Wilhelm Hundt GmbH","article_modified_time":"2025-07-29T08:36:37+00:00","og_image":[{"width":800,"height":571,"url":"https:\/\/hundtgroup.com\/wp-content\/uploads\/345037.png","type":"image\/png"}],"twitter_card":"summary_large_image","schema":{"@context":"https:\/\/schema.org","@graph":[{"@type":"WebPage","@id":"https:\/\/hundtgroup.com\/fr\/produkt\/poincon-trumpf-5-p5-pour-n-500\/","url":"https:\/\/hundtgroup.com\/fr\/produkt\/poincon-trumpf-5-p5-pour-n-500\/","name":"Poin\u00e7on Trumpf 5\/P5 pour N 500 - Wilhelm Hundt GmbH","isPartOf":{"@id":"https:\/\/hundtgroup.com\/fr\/#website"},"primaryImageOfPage":{"@id":"https:\/\/hundtgroup.com\/fr\/produkt\/poincon-trumpf-5-p5-pour-n-500\/#primaryimage"},"image":{"@id":"https:\/\/hundtgroup.com\/fr\/produkt\/poincon-trumpf-5-p5-pour-n-500\/#primaryimage"},"thumbnailUrl":"https:\/\/hundtgroup.com\/wp-content\/uploads\/345037.png","datePublished":"2022-08-23T13:57:28+00:00","dateModified":"2025-07-29T08:36:37+00:00","breadcrumb":{"@id":"https:\/\/hundtgroup.com\/fr\/produkt\/poincon-trumpf-5-p5-pour-n-500\/#breadcrumb"},"inLanguage":"fr-FR","potentialAction":[{"@type":"ReadAction","target":["https:\/\/hundtgroup.com\/fr\/produkt\/poincon-trumpf-5-p5-pour-n-500\/"]}]},{"@type":"ImageObject","inLanguage":"fr-FR","@id":"https:\/\/hundtgroup.com\/fr\/produkt\/poincon-trumpf-5-p5-pour-n-500\/#primaryimage","url":"https:\/\/hundtgroup.com\/wp-content\/uploads\/345037.png","contentUrl":"https:\/\/hundtgroup.com\/wp-content\/uploads\/345037.png","width":800,"height":571},{"@type":"BreadcrumbList","@id":"https:\/\/hundtgroup.com\/fr\/produkt\/poincon-trumpf-5-p5-pour-n-500\/#breadcrumb","itemListElement":[{"@type":"ListItem","position":1,"name":"Startseite","item":"https:\/\/hundtgroup.com\/fr\/accueil-nouveau\/"},{"@type":"ListItem","position":2,"name":"Boutique","item":"https:\/\/hundtgroup.com\/boutique\/"},{"@type":"ListItem","position":3,"name":"Poin\u00e7on Trumpf 5\/P5 pour N 500"}]},{"@type":"WebSite","@id":"https:\/\/hundtgroup.com\/fr\/#website","url":"https:\/\/hundtgroup.com\/fr\/","name":"Wilhelm Hundt GmbH","description":"Votre sp\u00e9cialiste en machines et outils pour le travail de la t\u00f4le","potentialAction":[{"@type":"SearchAction","target":{"@type":"EntryPoint","urlTemplate":"https:\/\/hundtgroup.com\/fr\/?s={search_term_string}"},"query-input":{"@type":"PropertyValueSpecification","valueRequired":true,"valueName":"search_term_string"}}],"inLanguage":"fr-FR"}]}},"_links":{"self":[{"href":"https:\/\/hundtgroup.com\/fr\/wp-json\/wp\/v2\/product\/27259","targetHints":{"allow":["GET"]}}],"collection":[{"href":"https:\/\/hundtgroup.com\/fr\/wp-json\/wp\/v2\/product"}],"about":[{"href":"https:\/\/hundtgroup.com\/fr\/wp-json\/wp\/v2\/types\/product"}],"wp:featuredmedia":[{"embeddable":true,"href":"https:\/\/hundtgroup.com\/fr\/wp-json\/wp\/v2\/media\/27261"}],"wp:attachment":[{"href":"https:\/\/hundtgroup.com\/fr\/wp-json\/wp\/v2\/media?parent=27259"}],"wp:term":[{"taxonomy":"product_cat","embeddable":true,"href":"https:\/\/hundtgroup.com\/fr\/wp-json\/wp\/v2\/product_cat?post=27259"},{"taxonomy":"product_tag","embeddable":true,"href":"https:\/\/hundtgroup.com\/fr\/wp-json\/wp\/v2\/product_tag?post=27259"}],"curies":[{"name":"wp","href":"https:\/\/api.w.org\/{rel}","templated":true}]}}