{"id":27710,"date":"2022-08-23T15:56:03","date_gmt":"2022-08-23T13:56:03","guid":{"rendered":"https:\/\/hundtgroup.com\/produkt\/trumpf-grignoteuse-sans-fil-trutool-pn-201-18v-40ah\/"},"modified":"2025-07-29T10:21:04","modified_gmt":"2025-07-29T08:21:04","slug":"trumpf-grignoteuse-sans-fil-trutool-pn-201-18v-40ah","status":"publish","type":"product","link":"https:\/\/hundtgroup.com\/fr\/produkt\/trumpf-grignoteuse-sans-fil-trutool-pn-201-18v-40ah\/","title":{"rendered":"TRUMPF Grignoteuse sans fil TruTool PN 201 18V 4,0Ah"},"content":{"rendered":"<p>S\u00e9pare les t\u00f4les jusqu&rsquo;\u00e0 2 mm<br \/>\nMachine avec outil long pour l&rsquo;usinage de profil\u00e9s d&rsquo;une profondeur allant jusqu&rsquo;\u00e0 162 mm et de profil\u00e9s en C, L et U. Accessible aux profil\u00e9s en acier. Convient \u00e9galement pour les t\u00f4les ondul\u00e9es.<br \/>\nId\u00e9al pour les endroits difficiles d&rsquo;acc\u00e8s.<br \/>\nChangement de sens de coupe en quelques secondes &#8211; rotation \u00e0 360\u00b0.<br \/>\nCapacit\u00e9 de virage illimit\u00e9e gr\u00e2ce au poin\u00e7on rond creux.<br \/>\nFaible force d&rsquo;avance, sans d\u00e9formation, ni \u00e9mission ni \u00e9tincelle.<br \/>\nChangement sans outil du poin\u00e7on et de la matrice.<br \/>\nJusqu&rsquo;\u00e0 60% d&rsquo;autonomie en plus gr\u00e2ce \u00e0 la technologie PowerHead et au moteur sans balais.<br \/>\nPoign\u00e9e souple pour un travail sans vibrations. <\/p>\n<p>Rendement en m\u00e8tres par charge de batterie (acier de construction 400 N\/mm\u00b2) :<br \/>\n2 mm : avec 4 Ah : 26 m\u00e8tres<br \/>\n1 mm : avec 4 Ah : 54 m\u00e8tres<\/p>\n","protected":false},"excerpt":{"rendered":"<p>S\u00e9pare les t\u00f4les jusqu&rsquo;\u00e0 2 mm Machine avec outil long pour l&rsquo;usinage de profil\u00e9s d&rsquo;une profondeur allant jusqu&rsquo;\u00e0 162 mm et de profil\u00e9s en C, L et U. Accessible aux profil\u00e9s en acier. Convient \u00e9galement pour les t\u00f4les ondul\u00e9es. Id\u00e9al pour les endroits difficiles d&rsquo;acc\u00e8s. Changement de sens de coupe en quelques secondes &#8211; rotation [&hellip;]<\/p>\n","protected":false},"featured_media":27716,"template":"","meta":{"_acf_changed":false,"inline_featured_image":false},"product_cat":[659,658],"product_tag":[],"class_list":{"0":"post-27710","1":"product","2":"type-product","3":"status-publish","4":"has-post-thumbnail","6":"brand-trumpf","7":"product_cat-grignoteuse-de-profil","8":"product_cat-outils-sans-fil","10":"first","11":"instock","12":"sale","13":"taxable","14":"shipping-taxable","15":"purchasable","16":"product-type-simple","17":"add-to-wishlist-before_image"},"acf":[],"yoast_head":"<!-- This site is optimized with the Yoast SEO plugin v27.3 - https:\/\/yoast.com\/product\/yoast-seo-wordpress\/ -->\n<title>TRUMPF Grignoteuse sans fil TruTool PN 201 18V 4,0Ah - Wilhelm Hundt GmbH<\/title>\n<meta name=\"robots\" content=\"index, follow, max-snippet:-1, max-image-preview:large, max-video-preview:-1\" \/>\n<link rel=\"canonical\" href=\"https:\/\/hundtgroup.com\/fr\/produkt\/trumpf-grignoteuse-sans-fil-trutool-pn-201-18v-40ah\/\" \/>\n<meta property=\"og:locale\" content=\"fr_FR\" \/>\n<meta property=\"og:type\" content=\"article\" \/>\n<meta property=\"og:title\" content=\"TRUMPF Grignoteuse sans fil TruTool PN 201 18V 4,0Ah - Wilhelm Hundt GmbH\" \/>\n<meta property=\"og:description\" content=\"S\u00e9pare les t\u00f4les jusqu&rsquo;\u00e0 2 mm Machine avec outil long pour l&rsquo;usinage de profil\u00e9s d&rsquo;une profondeur allant jusqu&rsquo;\u00e0 162 mm et de profil\u00e9s en C, L et U. Accessible aux profil\u00e9s en acier. Convient \u00e9galement pour les t\u00f4les ondul\u00e9es. Id\u00e9al pour les endroits difficiles d&rsquo;acc\u00e8s. Changement de sens de coupe en quelques secondes &#8211; rotation [&hellip;]\" \/>\n<meta property=\"og:url\" content=\"https:\/\/hundtgroup.com\/fr\/produkt\/trumpf-grignoteuse-sans-fil-trutool-pn-201-18v-40ah\/\" \/>\n<meta property=\"og:site_name\" content=\"Wilhelm Hundt GmbH\" \/>\n<meta property=\"article:modified_time\" content=\"2025-07-29T08:21:04+00:00\" \/>\n<meta property=\"og:image\" content=\"https:\/\/hundtgroup.com\/wp-content\/uploads\/352012.png\" \/>\n\t<meta property=\"og:image:width\" content=\"467\" \/>\n\t<meta property=\"og:image:height\" content=\"600\" \/>\n\t<meta property=\"og:image:type\" content=\"image\/png\" \/>\n<meta name=\"twitter:card\" content=\"summary_large_image\" \/>\n<meta name=\"twitter:label1\" content=\"Dur\u00e9e de lecture estim\u00e9e\" \/>\n\t<meta name=\"twitter:data1\" content=\"1 minute\" \/>\n<script type=\"application\/ld+json\" class=\"yoast-schema-graph\">{\"@context\":\"https:\\\/\\\/schema.org\",\"@graph\":[{\"@type\":\"WebPage\",\"@id\":\"https:\\\/\\\/hundtgroup.com\\\/fr\\\/produkt\\\/trumpf-grignoteuse-sans-fil-trutool-pn-201-18v-40ah\\\/\",\"url\":\"https:\\\/\\\/hundtgroup.com\\\/fr\\\/produkt\\\/trumpf-grignoteuse-sans-fil-trutool-pn-201-18v-40ah\\\/\",\"name\":\"TRUMPF Grignoteuse sans fil TruTool PN 201 18V 4,0Ah - Wilhelm Hundt GmbH\",\"isPartOf\":{\"@id\":\"https:\\\/\\\/hundtgroup.com\\\/fr\\\/#website\"},\"primaryImageOfPage\":{\"@id\":\"https:\\\/\\\/hundtgroup.com\\\/fr\\\/produkt\\\/trumpf-grignoteuse-sans-fil-trutool-pn-201-18v-40ah\\\/#primaryimage\"},\"image\":{\"@id\":\"https:\\\/\\\/hundtgroup.com\\\/fr\\\/produkt\\\/trumpf-grignoteuse-sans-fil-trutool-pn-201-18v-40ah\\\/#primaryimage\"},\"thumbnailUrl\":\"https:\\\/\\\/hundtgroup.com\\\/wp-content\\\/uploads\\\/352012.png\",\"datePublished\":\"2022-08-23T13:56:03+00:00\",\"dateModified\":\"2025-07-29T08:21:04+00:00\",\"breadcrumb\":{\"@id\":\"https:\\\/\\\/hundtgroup.com\\\/fr\\\/produkt\\\/trumpf-grignoteuse-sans-fil-trutool-pn-201-18v-40ah\\\/#breadcrumb\"},\"inLanguage\":\"fr-FR\",\"potentialAction\":[{\"@type\":\"ReadAction\",\"target\":[\"https:\\\/\\\/hundtgroup.com\\\/fr\\\/produkt\\\/trumpf-grignoteuse-sans-fil-trutool-pn-201-18v-40ah\\\/\"]}]},{\"@type\":\"ImageObject\",\"inLanguage\":\"fr-FR\",\"@id\":\"https:\\\/\\\/hundtgroup.com\\\/fr\\\/produkt\\\/trumpf-grignoteuse-sans-fil-trutool-pn-201-18v-40ah\\\/#primaryimage\",\"url\":\"https:\\\/\\\/hundtgroup.com\\\/wp-content\\\/uploads\\\/352012.png\",\"contentUrl\":\"https:\\\/\\\/hundtgroup.com\\\/wp-content\\\/uploads\\\/352012.png\",\"width\":467,\"height\":600},{\"@type\":\"BreadcrumbList\",\"@id\":\"https:\\\/\\\/hundtgroup.com\\\/fr\\\/produkt\\\/trumpf-grignoteuse-sans-fil-trutool-pn-201-18v-40ah\\\/#breadcrumb\",\"itemListElement\":[{\"@type\":\"ListItem\",\"position\":1,\"name\":\"Startseite\",\"item\":\"https:\\\/\\\/hundtgroup.com\\\/fr\\\/accueil-nouveau\\\/\"},{\"@type\":\"ListItem\",\"position\":2,\"name\":\"Boutique\",\"item\":\"https:\\\/\\\/hundtgroup.com\\\/boutique\\\/\"},{\"@type\":\"ListItem\",\"position\":3,\"name\":\"TRUMPF Grignoteuse sans fil TruTool PN 201 18V 4,0Ah\"}]},{\"@type\":\"WebSite\",\"@id\":\"https:\\\/\\\/hundtgroup.com\\\/fr\\\/#website\",\"url\":\"https:\\\/\\\/hundtgroup.com\\\/fr\\\/\",\"name\":\"Wilhelm Hundt GmbH\",\"description\":\"Votre sp\u00e9cialiste en machines et outils pour le travail de la t\u00f4le\",\"potentialAction\":[{\"@type\":\"SearchAction\",\"target\":{\"@type\":\"EntryPoint\",\"urlTemplate\":\"https:\\\/\\\/hundtgroup.com\\\/fr\\\/?s={search_term_string}\"},\"query-input\":{\"@type\":\"PropertyValueSpecification\",\"valueRequired\":true,\"valueName\":\"search_term_string\"}}],\"inLanguage\":\"fr-FR\"}]}<\/script>\n<!-- \/ Yoast SEO plugin. -->","yoast_head_json":{"title":"TRUMPF Grignoteuse sans fil TruTool PN 201 18V 4,0Ah - Wilhelm Hundt GmbH","robots":{"index":"index","follow":"follow","max-snippet":"max-snippet:-1","max-image-preview":"max-image-preview:large","max-video-preview":"max-video-preview:-1"},"canonical":"https:\/\/hundtgroup.com\/fr\/produkt\/trumpf-grignoteuse-sans-fil-trutool-pn-201-18v-40ah\/","og_locale":"fr_FR","og_type":"article","og_title":"TRUMPF Grignoteuse sans fil TruTool PN 201 18V 4,0Ah - Wilhelm Hundt GmbH","og_description":"S\u00e9pare les t\u00f4les jusqu&rsquo;\u00e0 2 mm Machine avec outil long pour l&rsquo;usinage de profil\u00e9s d&rsquo;une profondeur allant jusqu&rsquo;\u00e0 162 mm et de profil\u00e9s en C, L et U. Accessible aux profil\u00e9s en acier. Convient \u00e9galement pour les t\u00f4les ondul\u00e9es. Id\u00e9al pour les endroits difficiles d&rsquo;acc\u00e8s. Changement de sens de coupe en quelques secondes &#8211; rotation [&hellip;]","og_url":"https:\/\/hundtgroup.com\/fr\/produkt\/trumpf-grignoteuse-sans-fil-trutool-pn-201-18v-40ah\/","og_site_name":"Wilhelm Hundt GmbH","article_modified_time":"2025-07-29T08:21:04+00:00","og_image":[{"width":467,"height":600,"url":"https:\/\/hundtgroup.com\/wp-content\/uploads\/352012.png","type":"image\/png"}],"twitter_card":"summary_large_image","twitter_misc":{"Dur\u00e9e de lecture estim\u00e9e":"1 minute"},"schema":{"@context":"https:\/\/schema.org","@graph":[{"@type":"WebPage","@id":"https:\/\/hundtgroup.com\/fr\/produkt\/trumpf-grignoteuse-sans-fil-trutool-pn-201-18v-40ah\/","url":"https:\/\/hundtgroup.com\/fr\/produkt\/trumpf-grignoteuse-sans-fil-trutool-pn-201-18v-40ah\/","name":"TRUMPF Grignoteuse sans fil TruTool PN 201 18V 4,0Ah - Wilhelm Hundt GmbH","isPartOf":{"@id":"https:\/\/hundtgroup.com\/fr\/#website"},"primaryImageOfPage":{"@id":"https:\/\/hundtgroup.com\/fr\/produkt\/trumpf-grignoteuse-sans-fil-trutool-pn-201-18v-40ah\/#primaryimage"},"image":{"@id":"https:\/\/hundtgroup.com\/fr\/produkt\/trumpf-grignoteuse-sans-fil-trutool-pn-201-18v-40ah\/#primaryimage"},"thumbnailUrl":"https:\/\/hundtgroup.com\/wp-content\/uploads\/352012.png","datePublished":"2022-08-23T13:56:03+00:00","dateModified":"2025-07-29T08:21:04+00:00","breadcrumb":{"@id":"https:\/\/hundtgroup.com\/fr\/produkt\/trumpf-grignoteuse-sans-fil-trutool-pn-201-18v-40ah\/#breadcrumb"},"inLanguage":"fr-FR","potentialAction":[{"@type":"ReadAction","target":["https:\/\/hundtgroup.com\/fr\/produkt\/trumpf-grignoteuse-sans-fil-trutool-pn-201-18v-40ah\/"]}]},{"@type":"ImageObject","inLanguage":"fr-FR","@id":"https:\/\/hundtgroup.com\/fr\/produkt\/trumpf-grignoteuse-sans-fil-trutool-pn-201-18v-40ah\/#primaryimage","url":"https:\/\/hundtgroup.com\/wp-content\/uploads\/352012.png","contentUrl":"https:\/\/hundtgroup.com\/wp-content\/uploads\/352012.png","width":467,"height":600},{"@type":"BreadcrumbList","@id":"https:\/\/hundtgroup.com\/fr\/produkt\/trumpf-grignoteuse-sans-fil-trutool-pn-201-18v-40ah\/#breadcrumb","itemListElement":[{"@type":"ListItem","position":1,"name":"Startseite","item":"https:\/\/hundtgroup.com\/fr\/accueil-nouveau\/"},{"@type":"ListItem","position":2,"name":"Boutique","item":"https:\/\/hundtgroup.com\/boutique\/"},{"@type":"ListItem","position":3,"name":"TRUMPF Grignoteuse sans fil TruTool PN 201 18V 4,0Ah"}]},{"@type":"WebSite","@id":"https:\/\/hundtgroup.com\/fr\/#website","url":"https:\/\/hundtgroup.com\/fr\/","name":"Wilhelm Hundt GmbH","description":"Votre sp\u00e9cialiste en machines et outils pour le travail de la t\u00f4le","potentialAction":[{"@type":"SearchAction","target":{"@type":"EntryPoint","urlTemplate":"https:\/\/hundtgroup.com\/fr\/?s={search_term_string}"},"query-input":{"@type":"PropertyValueSpecification","valueRequired":true,"valueName":"search_term_string"}}],"inLanguage":"fr-FR"}]}},"_links":{"self":[{"href":"https:\/\/hundtgroup.com\/fr\/wp-json\/wp\/v2\/product\/27710","targetHints":{"allow":["GET"]}}],"collection":[{"href":"https:\/\/hundtgroup.com\/fr\/wp-json\/wp\/v2\/product"}],"about":[{"href":"https:\/\/hundtgroup.com\/fr\/wp-json\/wp\/v2\/types\/product"}],"wp:featuredmedia":[{"embeddable":true,"href":"https:\/\/hundtgroup.com\/fr\/wp-json\/wp\/v2\/media\/27716"}],"wp:attachment":[{"href":"https:\/\/hundtgroup.com\/fr\/wp-json\/wp\/v2\/media?parent=27710"}],"wp:term":[{"taxonomy":"product_cat","embeddable":true,"href":"https:\/\/hundtgroup.com\/fr\/wp-json\/wp\/v2\/product_cat?post=27710"},{"taxonomy":"product_tag","embeddable":true,"href":"https:\/\/hundtgroup.com\/fr\/wp-json\/wp\/v2\/product_tag?post=27710"}],"curies":[{"name":"wp","href":"https:\/\/api.w.org\/{rel}","templated":true}]}}