{"id":27944,"date":"2022-08-23T15:56:29","date_gmt":"2022-08-23T13:56:29","guid":{"rendered":"https:\/\/hundtgroup.com\/produkt\/formeuse-de-bords-de-soudure-trutool-tkf-1500-2600w-2-vitesses\/"},"modified":"2025-07-29T10:17:32","modified_gmt":"2025-07-29T08:17:32","slug":"formeuse-de-bords-de-soudure-trutool-tkf-1500-2600w-2-vitesses","status":"publish","type":"product","link":"https:\/\/hundtgroup.com\/fr\/produkt\/formeuse-de-bords-de-soudure-trutool-tkf-1500-2600w-2-vitesses\/","title":{"rendered":"Formeuse de bords de soudure TruTool TKF 1500 2600W 2 vitesses"},"content":{"rendered":"<p>Angle d&rsquo;inclinaison r\u00e9glable en continu (20\u00b0 \u00e0 55\u00b0).<br \/>\nPour les pr\u00e9parations de soudure mobiles et stationnaires.<br \/>\nConvient pour la r\u00e9alisation de bords en K, V, X ou Y.<br \/>\nSurface toujours uniforme et exempte d&rsquo;oxyde avec une faible profondeur de rugosit\u00e9.<br \/>\nUsinage de tubes \u00e0 partir d&rsquo;un diam\u00e8tre int\u00e9rieur de 30 mm, d\u00e9coupes int\u00e9rieures \u00e0 partir d&rsquo;un diam\u00e8tre de 130 mm, usinage de poutres en T et de poutres en double T.<br \/>\nTemps de pr\u00e9paration minimal gr\u00e2ce aux fermetures rapides des outils et dur\u00e9e de vie \u00e9lev\u00e9e des outils.<br \/>\nLa nouvelle poign\u00e9e Softgrip r\u00e9duit les vibrations lors du travail et assure un guidage confortable de la machine.<\/p>\n","protected":false},"excerpt":{"rendered":"<p>Angle d&rsquo;inclinaison r\u00e9glable en continu (20\u00b0 \u00e0 55\u00b0). Pour les pr\u00e9parations de soudure mobiles et stationnaires. Convient pour la r\u00e9alisation de bords en K, V, X ou Y. Surface toujours uniforme et exempte d&rsquo;oxyde avec une faible profondeur de rugosit\u00e9. Usinage de tubes \u00e0 partir d&rsquo;un diam\u00e8tre int\u00e9rieur de 30 mm, d\u00e9coupes int\u00e9rieures \u00e0 partir [&hellip;]<\/p>\n","protected":false},"featured_media":27945,"template":"","meta":{"_acf_changed":false,"inline_featured_image":false},"product_cat":[670,1258],"product_tag":[],"class_list":{"0":"post-27944","1":"product","2":"type-product","3":"status-publish","4":"has-post-thumbnail","6":"brand-trumpf","7":"product_cat-outils-electriques","8":"product_cat-formeur-daretes-de-soudure-fr","10":"first","11":"instock","12":"sale","13":"taxable","14":"shipping-taxable","15":"purchasable","16":"product-type-simple","17":"add-to-wishlist-before_image"},"acf":[],"yoast_head":"<!-- This site is optimized with the Yoast SEO plugin v27.3 - https:\/\/yoast.com\/product\/yoast-seo-wordpress\/ -->\n<title>Formeuse de bords de soudure TruTool TKF 1500 2600W 2 vitesses - Wilhelm Hundt GmbH<\/title>\n<meta name=\"robots\" content=\"index, follow, max-snippet:-1, max-image-preview:large, max-video-preview:-1\" \/>\n<link rel=\"canonical\" href=\"https:\/\/hundtgroup.com\/fr\/produkt\/formeuse-de-bords-de-soudure-trutool-tkf-1500-2600w-2-vitesses\/\" \/>\n<meta property=\"og:locale\" content=\"fr_FR\" \/>\n<meta property=\"og:type\" content=\"article\" \/>\n<meta property=\"og:title\" content=\"Formeuse de bords de soudure TruTool TKF 1500 2600W 2 vitesses - Wilhelm Hundt GmbH\" \/>\n<meta property=\"og:description\" content=\"Angle d&rsquo;inclinaison r\u00e9glable en continu (20\u00b0 \u00e0 55\u00b0). Pour les pr\u00e9parations de soudure mobiles et stationnaires. Convient pour la r\u00e9alisation de bords en K, V, X ou Y. Surface toujours uniforme et exempte d&rsquo;oxyde avec une faible profondeur de rugosit\u00e9. Usinage de tubes \u00e0 partir d&rsquo;un diam\u00e8tre int\u00e9rieur de 30 mm, d\u00e9coupes int\u00e9rieures \u00e0 partir [&hellip;]\" \/>\n<meta property=\"og:url\" content=\"https:\/\/hundtgroup.com\/fr\/produkt\/formeuse-de-bords-de-soudure-trutool-tkf-1500-2600w-2-vitesses\/\" \/>\n<meta property=\"og:site_name\" content=\"Wilhelm Hundt GmbH\" \/>\n<meta property=\"article:modified_time\" content=\"2025-07-29T08:17:32+00:00\" \/>\n<meta property=\"og:image\" content=\"https:\/\/hundtgroup.com\/wp-content\/uploads\/351607.jpg\" \/>\n\t<meta property=\"og:image:width\" content=\"1820\" \/>\n\t<meta property=\"og:image:height\" content=\"1820\" \/>\n\t<meta property=\"og:image:type\" content=\"image\/jpeg\" \/>\n<meta name=\"twitter:card\" content=\"summary_large_image\" \/>\n<meta name=\"twitter:label1\" content=\"Dur\u00e9e de lecture estim\u00e9e\" \/>\n\t<meta name=\"twitter:data1\" content=\"1 minute\" \/>\n<script type=\"application\/ld+json\" class=\"yoast-schema-graph\">{\"@context\":\"https:\\\/\\\/schema.org\",\"@graph\":[{\"@type\":\"WebPage\",\"@id\":\"https:\\\/\\\/hundtgroup.com\\\/fr\\\/produkt\\\/formeuse-de-bords-de-soudure-trutool-tkf-1500-2600w-2-vitesses\\\/\",\"url\":\"https:\\\/\\\/hundtgroup.com\\\/fr\\\/produkt\\\/formeuse-de-bords-de-soudure-trutool-tkf-1500-2600w-2-vitesses\\\/\",\"name\":\"Formeuse de bords de soudure TruTool TKF 1500 2600W 2 vitesses - Wilhelm Hundt GmbH\",\"isPartOf\":{\"@id\":\"https:\\\/\\\/hundtgroup.com\\\/fr\\\/#website\"},\"primaryImageOfPage\":{\"@id\":\"https:\\\/\\\/hundtgroup.com\\\/fr\\\/produkt\\\/formeuse-de-bords-de-soudure-trutool-tkf-1500-2600w-2-vitesses\\\/#primaryimage\"},\"image\":{\"@id\":\"https:\\\/\\\/hundtgroup.com\\\/fr\\\/produkt\\\/formeuse-de-bords-de-soudure-trutool-tkf-1500-2600w-2-vitesses\\\/#primaryimage\"},\"thumbnailUrl\":\"https:\\\/\\\/hundtgroup.com\\\/wp-content\\\/uploads\\\/351607.jpg\",\"datePublished\":\"2022-08-23T13:56:29+00:00\",\"dateModified\":\"2025-07-29T08:17:32+00:00\",\"breadcrumb\":{\"@id\":\"https:\\\/\\\/hundtgroup.com\\\/fr\\\/produkt\\\/formeuse-de-bords-de-soudure-trutool-tkf-1500-2600w-2-vitesses\\\/#breadcrumb\"},\"inLanguage\":\"fr-FR\",\"potentialAction\":[{\"@type\":\"ReadAction\",\"target\":[\"https:\\\/\\\/hundtgroup.com\\\/fr\\\/produkt\\\/formeuse-de-bords-de-soudure-trutool-tkf-1500-2600w-2-vitesses\\\/\"]}]},{\"@type\":\"ImageObject\",\"inLanguage\":\"fr-FR\",\"@id\":\"https:\\\/\\\/hundtgroup.com\\\/fr\\\/produkt\\\/formeuse-de-bords-de-soudure-trutool-tkf-1500-2600w-2-vitesses\\\/#primaryimage\",\"url\":\"https:\\\/\\\/hundtgroup.com\\\/wp-content\\\/uploads\\\/351607.jpg\",\"contentUrl\":\"https:\\\/\\\/hundtgroup.com\\\/wp-content\\\/uploads\\\/351607.jpg\",\"width\":1820,\"height\":1820},{\"@type\":\"BreadcrumbList\",\"@id\":\"https:\\\/\\\/hundtgroup.com\\\/fr\\\/produkt\\\/formeuse-de-bords-de-soudure-trutool-tkf-1500-2600w-2-vitesses\\\/#breadcrumb\",\"itemListElement\":[{\"@type\":\"ListItem\",\"position\":1,\"name\":\"Startseite\",\"item\":\"https:\\\/\\\/hundtgroup.com\\\/fr\\\/accueil-nouveau\\\/\"},{\"@type\":\"ListItem\",\"position\":2,\"name\":\"Boutique\",\"item\":\"https:\\\/\\\/hundtgroup.com\\\/boutique\\\/\"},{\"@type\":\"ListItem\",\"position\":3,\"name\":\"Formeuse de bords de soudure TruTool TKF 1500 2600W 2 vitesses\"}]},{\"@type\":\"WebSite\",\"@id\":\"https:\\\/\\\/hundtgroup.com\\\/fr\\\/#website\",\"url\":\"https:\\\/\\\/hundtgroup.com\\\/fr\\\/\",\"name\":\"Wilhelm Hundt GmbH\",\"description\":\"Votre sp\u00e9cialiste en machines et outils pour le travail de la t\u00f4le\",\"potentialAction\":[{\"@type\":\"SearchAction\",\"target\":{\"@type\":\"EntryPoint\",\"urlTemplate\":\"https:\\\/\\\/hundtgroup.com\\\/fr\\\/?s={search_term_string}\"},\"query-input\":{\"@type\":\"PropertyValueSpecification\",\"valueRequired\":true,\"valueName\":\"search_term_string\"}}],\"inLanguage\":\"fr-FR\"}]}<\/script>\n<!-- \/ Yoast SEO plugin. -->","yoast_head_json":{"title":"Formeuse de bords de soudure TruTool TKF 1500 2600W 2 vitesses - Wilhelm Hundt GmbH","robots":{"index":"index","follow":"follow","max-snippet":"max-snippet:-1","max-image-preview":"max-image-preview:large","max-video-preview":"max-video-preview:-1"},"canonical":"https:\/\/hundtgroup.com\/fr\/produkt\/formeuse-de-bords-de-soudure-trutool-tkf-1500-2600w-2-vitesses\/","og_locale":"fr_FR","og_type":"article","og_title":"Formeuse de bords de soudure TruTool TKF 1500 2600W 2 vitesses - Wilhelm Hundt GmbH","og_description":"Angle d&rsquo;inclinaison r\u00e9glable en continu (20\u00b0 \u00e0 55\u00b0). Pour les pr\u00e9parations de soudure mobiles et stationnaires. Convient pour la r\u00e9alisation de bords en K, V, X ou Y. Surface toujours uniforme et exempte d&rsquo;oxyde avec une faible profondeur de rugosit\u00e9. Usinage de tubes \u00e0 partir d&rsquo;un diam\u00e8tre int\u00e9rieur de 30 mm, d\u00e9coupes int\u00e9rieures \u00e0 partir [&hellip;]","og_url":"https:\/\/hundtgroup.com\/fr\/produkt\/formeuse-de-bords-de-soudure-trutool-tkf-1500-2600w-2-vitesses\/","og_site_name":"Wilhelm Hundt GmbH","article_modified_time":"2025-07-29T08:17:32+00:00","og_image":[{"width":1820,"height":1820,"url":"https:\/\/hundtgroup.com\/wp-content\/uploads\/351607.jpg","type":"image\/jpeg"}],"twitter_card":"summary_large_image","twitter_misc":{"Dur\u00e9e de lecture estim\u00e9e":"1 minute"},"schema":{"@context":"https:\/\/schema.org","@graph":[{"@type":"WebPage","@id":"https:\/\/hundtgroup.com\/fr\/produkt\/formeuse-de-bords-de-soudure-trutool-tkf-1500-2600w-2-vitesses\/","url":"https:\/\/hundtgroup.com\/fr\/produkt\/formeuse-de-bords-de-soudure-trutool-tkf-1500-2600w-2-vitesses\/","name":"Formeuse de bords de soudure TruTool TKF 1500 2600W 2 vitesses - Wilhelm Hundt GmbH","isPartOf":{"@id":"https:\/\/hundtgroup.com\/fr\/#website"},"primaryImageOfPage":{"@id":"https:\/\/hundtgroup.com\/fr\/produkt\/formeuse-de-bords-de-soudure-trutool-tkf-1500-2600w-2-vitesses\/#primaryimage"},"image":{"@id":"https:\/\/hundtgroup.com\/fr\/produkt\/formeuse-de-bords-de-soudure-trutool-tkf-1500-2600w-2-vitesses\/#primaryimage"},"thumbnailUrl":"https:\/\/hundtgroup.com\/wp-content\/uploads\/351607.jpg","datePublished":"2022-08-23T13:56:29+00:00","dateModified":"2025-07-29T08:17:32+00:00","breadcrumb":{"@id":"https:\/\/hundtgroup.com\/fr\/produkt\/formeuse-de-bords-de-soudure-trutool-tkf-1500-2600w-2-vitesses\/#breadcrumb"},"inLanguage":"fr-FR","potentialAction":[{"@type":"ReadAction","target":["https:\/\/hundtgroup.com\/fr\/produkt\/formeuse-de-bords-de-soudure-trutool-tkf-1500-2600w-2-vitesses\/"]}]},{"@type":"ImageObject","inLanguage":"fr-FR","@id":"https:\/\/hundtgroup.com\/fr\/produkt\/formeuse-de-bords-de-soudure-trutool-tkf-1500-2600w-2-vitesses\/#primaryimage","url":"https:\/\/hundtgroup.com\/wp-content\/uploads\/351607.jpg","contentUrl":"https:\/\/hundtgroup.com\/wp-content\/uploads\/351607.jpg","width":1820,"height":1820},{"@type":"BreadcrumbList","@id":"https:\/\/hundtgroup.com\/fr\/produkt\/formeuse-de-bords-de-soudure-trutool-tkf-1500-2600w-2-vitesses\/#breadcrumb","itemListElement":[{"@type":"ListItem","position":1,"name":"Startseite","item":"https:\/\/hundtgroup.com\/fr\/accueil-nouveau\/"},{"@type":"ListItem","position":2,"name":"Boutique","item":"https:\/\/hundtgroup.com\/boutique\/"},{"@type":"ListItem","position":3,"name":"Formeuse de bords de soudure TruTool TKF 1500 2600W 2 vitesses"}]},{"@type":"WebSite","@id":"https:\/\/hundtgroup.com\/fr\/#website","url":"https:\/\/hundtgroup.com\/fr\/","name":"Wilhelm Hundt GmbH","description":"Votre sp\u00e9cialiste en machines et outils pour le travail de la t\u00f4le","potentialAction":[{"@type":"SearchAction","target":{"@type":"EntryPoint","urlTemplate":"https:\/\/hundtgroup.com\/fr\/?s={search_term_string}"},"query-input":{"@type":"PropertyValueSpecification","valueRequired":true,"valueName":"search_term_string"}}],"inLanguage":"fr-FR"}]}},"_links":{"self":[{"href":"https:\/\/hundtgroup.com\/fr\/wp-json\/wp\/v2\/product\/27944","targetHints":{"allow":["GET"]}}],"collection":[{"href":"https:\/\/hundtgroup.com\/fr\/wp-json\/wp\/v2\/product"}],"about":[{"href":"https:\/\/hundtgroup.com\/fr\/wp-json\/wp\/v2\/types\/product"}],"wp:featuredmedia":[{"embeddable":true,"href":"https:\/\/hundtgroup.com\/fr\/wp-json\/wp\/v2\/media\/27945"}],"wp:attachment":[{"href":"https:\/\/hundtgroup.com\/fr\/wp-json\/wp\/v2\/media?parent=27944"}],"wp:term":[{"taxonomy":"product_cat","embeddable":true,"href":"https:\/\/hundtgroup.com\/fr\/wp-json\/wp\/v2\/product_cat?post=27944"},{"taxonomy":"product_tag","embeddable":true,"href":"https:\/\/hundtgroup.com\/fr\/wp-json\/wp\/v2\/product_tag?post=27944"}],"curies":[{"name":"wp","href":"https:\/\/api.w.org\/{rel}","templated":true}]}}